{"id":1604,"date":"2021-04-28T18:12:41","date_gmt":"2021-04-28T18:12:41","guid":{"rendered":"http:\/\/www.tourismcartoon.org\/?page_id=1604"},"modified":"2024-07-11T18:22:12","modified_gmt":"2024-07-11T18:22:12","slug":"on-ikinci-uluslararasi-turizm-karikaturleri-yarismasi-2020","status":"publish","type":"page","link":"http:\/\/www.tourismcartoon.org\/ar\/on-ikinci-uluslararasi-turizm-karikaturleri-yarismasi-2020\/","title":{"rendered":"\u0627\u0644\u0645\u0633\u0627\u0628\u0642\u0629 \u0627\u0644\u062f\u0648\u0644\u064a\u0629 \u0627\u0644\u062b\u0627\u0646\u064a\u0629 \u0639\u0634\u0631 \u0644\u0644\u0631\u0633\u0648\u0645 \u0627\u0644\u0633\u064a\u0627\u062d\u064a\u0629 2020"},"content":{"rendered":"<p><strong>\u0631\u0642\u0645 \u0627\u0644\u0645\u0633\u0627\u0628\u0642\u0629<\/strong>:12<\/p>\n<p><strong>\u0627\u0644\u0633\u0646\u0629<\/strong>: 2020<\/p>\n<p><strong>\u0627\u0644\u0645\u0648\u0636\u0648\u0639<\/strong>: \u0643\u0648\u0641\u064a\u062f 19 \u0648\u0627\u0644\u0633\u064a\u0627\u062d\u0629<\/p>\n<p><strong>\u0644\u0641\u0626\u0627\u062a<\/strong>: \u0627\u0644\u0628\u0627\u0644\u063a\u064a\u0646 \u0648\u0627\u0644\u0635\u063a\u0627\u0631<\/p>\n<p><strong>:\u0645\u0639\u0644\u0648\u0645\u0627\u062a \u0627\u0644\u0631\u0633\u0648\u0645 \u0627\u0644\u0645\u0642\u062f\u0645\u0629<\/strong><\/p>\n<p>\u0639\u062f\u062f \u0627\u0644\u0631\u0633\u0648\u0645\u0627\u0644\u0645\u0642\u062f\u0645\u0629: 704<\/p>\n<p>4\u0639\u062f\u062f \u0627\u0644\u062f\u0648\u0644: 64<\/p>\n<p>\u0639\u062f\u062f \u0627\u0644\u0631\u0633\u0627\u0645\u064a\u0646:1324<\/p>\n<p><strong>\u0642\u0627\u0626\u0645\u0629 \u0627\u0644\u0631\u0633\u0648\u0645 \u0627\u0644\u0645\u0642\u062f\u0645\u0629:<\/strong><\/p>\n<p><strong>\u0627\u0644\u0628\u0627\u0644\u063a\u064a\u0646<\/strong><span style=\"color: #993300;\"><a style=\"color: #993300;\" href=\"https:\/\/anatoliajournal.com\/cartoon\/2020adult.pdf\" target=\"_blank\" rel=\"noopener noreferrer\">(\u0627\u0636\u063a\u0637 \u0647\u0646\u0627)<\/a><\/span><\/p>\n<p><strong>\u0627\u0644\u0635\u063a\u0627\u0631<\/strong><span style=\"color: #993300;\"><a style=\"color: #993300;\" href=\"https:\/\/anatoliajournal.com\/cartoon\/2020youth.pdf\" target=\"_blank\" rel=\"noopener noreferrer\">( \u0627\u0636\u063a\u0637 \u0647\u0646\u0627)<\/a><\/span><\/p>\n<p><strong>\u0645\u0643\u0627\u0646 \u062d\u0641\u0644 \u062a\u0648\u0632\u064a\u0639 \u0627\u0644\u062c\u0648\u0627\u0626\u0632<\/strong>: 26 \u0646\u0648\u0641\u0645\u0628\u0631 2021, \u0641\u0646\u062f\u0642 \u0634\u064a\u0631\u0627\u062a\u0648\u0646 \u0643\u0627\u062c\u064a\u062b\u0627\u0646\u0647 ,\u0627\u0633\u0637\u0646\u0628\u0648\u0644, \u062a\u0631\u0643\u064a\u0627<\/p>\n<p><strong>\u0627\u0639\u0636\u0627\u0621 \u0644\u062c\u0646\u0629 \u0627\u0644\u0627\u062e\u062a\u064a\u0627\u0631:<\/strong> Bernard BOUTON (\u0641\u0631\u0646\u0633\u0627), Fehmi K\u00d6FTEO\u011eLU (\u062a\u0631\u0643\u064a\u0627), Ferzan \u00c7EL\u0130KKANAT (\u062a\u0631\u0643\u064a\u0627), Halit KURTULMU\u015e AYDOSLU (\u062a\u0631\u0643\u064a\u0627), Jitet KUSTANA (\u0625\u0646\u062f\u0648\u0646\u064a\u0633\u064a\u0627), Jordan POP-ILL\u0130EV (\u0645\u0642\u062f\u0648\u0646\u064a\u0627), Kamil YAVUZ (\u062a\u0631\u0643\u064a\u0627y), Leila ALA\u0130Y (\u0625\u064a\u0631\u0627\u0646), Lous POL (\u0623\u0633\u062a\u0631\u0627\u0644\u064a\u0627), Mehmet KAHRAMAN (\u062a\u0631\u0643\u064a\u0627), Muhittin K\u00d6RO\u011eLU (\u062a\u0631\u0643\u064a\u0627), Musa AL\u0130O\u011eLU (\u062a\u0631\u0643\u064a\u0627), Nazmi KOZAK (\u062a\u0631\u0643\u064a\u0627), Paolo DALPONTE (\u0625\u064a\u0637\u0627\u0644\u064a\u0627), Ra\u015fit YAKALI (\u062a\u0631\u0643\u064a\u0627), Seyran CAFERL\u0130 (\u0623\u0630\u0631\u0628\u064a\u062c\u0627\u0646), Vedat ZORLUER (\u062a\u0631\u0643\u064a\u0627); Vicdan BULUNMAZ \u00d6ZER (\u062a\u0631\u0643\u064a\u0627)<\/p>\n<p><strong>\u0643\u062a\u0627\u0628 \u0627\u0644\u0645\u0633\u0627\u0628\u0642\u0629<\/strong><span style=\"color: #993300;\"><a style=\"color: #993300;\" href=\"http:\/\/www.tourismcartoon.org\/yarisma-albumleri\/#gallery-12\" target=\"_blank\" rel=\"noopener noreferrer\">(\u0627\u0636\u063a\u0637 \u0647\u0646\u0627)<\/a><\/span><br \/>\n<strong>\u0645\u0646\u0634\u0648\u0631\u0627\u062a \u0639\u0646 \u0627\u0644\u0645\u0633\u0627\u0628\u0642\u0629<\/strong> <span style=\"color: #993300;\"><a style=\"color: #993300;\" href=\"https:\/\/photos.google.com\/share\/AF1QipOHA7fpBaP8KlHptdPF088gK4h-iL4i1NzW7yS-n7_l4m-oZuApQVywwP_hetpK5Q?key=cndRMF91d1JQV3daU1Ruc04xS0hDejRQV2JoNWVn\" target=\"_blank\" rel=\"noopener noreferrer\">(\u0627\u0636\u063a\u0637 \u0647\u0646\u0627)<\/a><\/span><br \/>\n<strong>\u0635\u0648\u0631 \u062d\u0641\u0644 \u062a\u0648\u0632\u064a\u0639 \u0627\u0644\u062c\u0648\u0627\u0626\u0632<\/strong><span style=\"color: #993300;\"><a style=\"color: #993300;\" href=\"https:\/\/photos.google.com\/share\/AF1QipPmn2WJOC5ccmBfOgFpXYQjrb_dxAzMFDk-h2okNfDSRCCd_BzZPB2rdsdXYx3Buw?key=c0xadWNGYmJXbkJVR0NySWZsNmtCbktyYWlTc2Z3\" target=\"_blank\" rel=\"noopener noreferrer\">(\u0627\u0636\u063a\u0637 \u0647\u0646\u0627)<\/a><\/span><br \/>\n<strong>\u0641\u064a\u062f\u064a\u0648<\/strong><span style=\"color: #993300;\"><a style=\"color: #993300;\" href=\"https:\/\/www.youtube.com\/watch?v=tSHn-fHHGv8\" target=\"_blank\" rel=\"noopener noreferrer\">(\u0627\u0636\u063a\u0637 \u0647\u0646\u0627)<\/a><\/span><\/p>\n<p>&nbsp;<\/p>\n<h3 style=\"text-align: center;\"><strong>\u0627\u0644\u0631\u0633\u0648\u0645 \u0627\u0644\u0643\u0627\u0631\u064a\u0643\u0627\u062a\u0648\u0631\u064a\u0629 \u0627\u0644\u0645\u0645\u0646\u0648\u062d\u0629<\/strong><\/h3>\n<h5 style=\"text-align: center;\">\u0641\u0626\u0629 \u0627\u0644\u0628\u0627\u0644\u063a\u064a\u0646<\/h5>\n<table style=\"border-collapse: collapse; width: 100%; height: 551px;\">\n<tbody>\n<tr style=\"height: 24px;\">\n<td style=\"width: 33.3333%; text-align: center; height: 24px;\"><strong>\u0627\u0644\u062c\u0627\u0626\u0632\u0629 \u0627\u0644\u0643\u0628\u0631\u0649<\/strong><\/td>\n<td style=\"width: 33.3333%; text-align: center; height: 24px;\"><strong>\u0627\u0644\u062c\u0627\u0626\u0632\u0629 \u0627\u0644\u062b\u0627\u0646\u064a\u0629<\/strong><\/td>\n<td style=\"width: 33.3333%; text-align: center; height: 24px;\"><strong>\u0627\u0644\u062c\u0627\u0626\u0632\u0629 \u0627\u0644\u062b\u0627\u0644\u062b\u0629<\/strong><\/td>\n<\/tr>\n<tr style=\"height: 262px;\">\n<td style=\"width: 33.3333%; text-align: center; height: 262px;\"><a href=\"http:\/\/www.tourismcartoon.org\/wp-content\/uploads\/2022\/06\/efat-amjadipoor-Birincilik-scaled.jpg\"><img loading=\"lazy\" decoding=\"async\" class=\"aligncenter wp-image-2484 size-medium\" src=\"http:\/\/www.tourismcartoon.org\/wp-content\/uploads\/2022\/06\/efat-amjadipoor-Birincilik-211x300.jpg\" alt=\"\" width=\"211\" height=\"300\" srcset=\"http:\/\/www.tourismcartoon.org\/wp-content\/uploads\/2022\/06\/efat-amjadipoor-Birincilik-211x300.jpg 211w, http:\/\/www.tourismcartoon.org\/wp-content\/uploads\/2022\/06\/efat-amjadipoor-Birincilik-719x1024.jpg 719w, http:\/\/www.tourismcartoon.org\/wp-content\/uploads\/2022\/06\/efat-amjadipoor-Birincilik-768x1094.jpg 768w, http:\/\/www.tourismcartoon.org\/wp-content\/uploads\/2022\/06\/efat-amjadipoor-Birincilik-1078x1536.jpg 1078w, http:\/\/www.tourismcartoon.org\/wp-content\/uploads\/2022\/06\/efat-amjadipoor-Birincilik-1437x2048.jpg 1437w, http:\/\/www.tourismcartoon.org\/wp-content\/uploads\/2022\/06\/efat-amjadipoor-Birincilik-scaled.jpg 1797w\" sizes=\"auto, (max-width: 211px) 100vw, 211px\" \/><\/a><\/p>\n<p><span style=\"color: #008080;\"><strong>Efat Amjadipoor<br \/>\n<\/strong><\/span>\u0625\u064a\u0631\u0627\u0646\u064a<\/td>\n<td style=\"width: 33.3333%; text-align: center; height: 262px;\"><a href=\"http:\/\/www.tourismcartoon.org\/wp-content\/uploads\/2022\/06\/ALI-RASTROO-\u0130kincilik-scaled.jpg\"><img loading=\"lazy\" decoding=\"async\" class=\"aligncenter wp-image-2485 size-medium\" src=\"http:\/\/www.tourismcartoon.org\/wp-content\/uploads\/2022\/06\/ALI-RASTROO-\u0130kincilik-212x300.jpg\" alt=\"\" width=\"212\" height=\"300\" srcset=\"http:\/\/www.tourismcartoon.org\/wp-content\/uploads\/2022\/06\/ALI-RASTROO-\u0130kincilik-212x300.jpg 212w, http:\/\/www.tourismcartoon.org\/wp-content\/uploads\/2022\/06\/ALI-RASTROO-\u0130kincilik-724x1024.jpg 724w, http:\/\/www.tourismcartoon.org\/wp-content\/uploads\/2022\/06\/ALI-RASTROO-\u0130kincilik-768x1087.jpg 768w, http:\/\/www.tourismcartoon.org\/wp-content\/uploads\/2022\/06\/ALI-RASTROO-\u0130kincilik-1085x1536.jpg 1085w, http:\/\/www.tourismcartoon.org\/wp-content\/uploads\/2022\/06\/ALI-RASTROO-\u0130kincilik-1447x2048.jpg 1447w, http:\/\/www.tourismcartoon.org\/wp-content\/uploads\/2022\/06\/ALI-RASTROO-\u0130kincilik-scaled.jpg 1809w\" sizes=\"auto, (max-width: 212px) 100vw, 212px\" \/><\/a><\/p>\n<p><span style=\"color: #008080;\"><strong>Ali Rastroo<br \/>\n<\/strong><\/span>\u0625\u064a\u0631\u0627\u0646\u064a<\/td>\n<td style=\"width: 33.3333%; text-align: center; height: 262px;\"><a href=\"http:\/\/www.tourismcartoon.org\/wp-content\/uploads\/2022\/06\/stefaan-provijn-3-scaled.jpg\"><img loading=\"lazy\" decoding=\"async\" class=\"aligncenter wp-image-2486 size-medium\" src=\"http:\/\/www.tourismcartoon.org\/wp-content\/uploads\/2022\/06\/stefaan-provijn-3-212x300.jpg\" alt=\"\" width=\"212\" height=\"300\" srcset=\"http:\/\/www.tourismcartoon.org\/wp-content\/uploads\/2022\/06\/stefaan-provijn-3-212x300.jpg 212w, http:\/\/www.tourismcartoon.org\/wp-content\/uploads\/2022\/06\/stefaan-provijn-3-724x1024.jpg 724w, http:\/\/www.tourismcartoon.org\/wp-content\/uploads\/2022\/06\/stefaan-provijn-3-768x1086.jpg 768w, http:\/\/www.tourismcartoon.org\/wp-content\/uploads\/2022\/06\/stefaan-provijn-3-1086x1536.jpg 1086w, http:\/\/www.tourismcartoon.org\/wp-content\/uploads\/2022\/06\/stefaan-provijn-3-1448x2048.jpg 1448w, http:\/\/www.tourismcartoon.org\/wp-content\/uploads\/2022\/06\/stefaan-provijn-3-scaled.jpg 1810w\" sizes=\"auto, (max-width: 212px) 100vw, 212px\" \/><\/a><\/p>\n<p><span style=\"color: #008080;\"><strong style=\"font-family: inherit; font-size: inherit;\">Stefaan Provijn<br \/>\n<\/strong><\/span>\u0628\u0644\u062c\u064a\u0643\u0627<\/td>\n<\/tr>\n<tr style=\"height: 24px;\">\n<td style=\"width: 33.3333%; text-align: center; height: 24px;\"><\/td>\n<td style=\"width: 33.3333%; text-align: center; height: 24px;\"><strong>\u0627\u0644\u0623\u0633\u062a\u0627\u0630. \u062c\u0627\u0626\u0632\u0629 Atila \u00d6zer \u0627\u0644\u062e\u0627\u0635\u0629<\/strong><\/td>\n<td style=\"width: 33.3333%; text-align: center; height: 24px;\"><\/td>\n<\/tr>\n<tr style=\"height: 241px;\">\n<td style=\"width: 33.3333%; text-align: center; height: 241px;\">&nbsp;<\/p>\n<p>&nbsp;<\/td>\n<td style=\"width: 33.3333%; text-align: center; height: 241px;\"><a href=\"http:\/\/www.tourismcartoon.org\/wp-content\/uploads\/2022\/06\/Javad-Takjoo-\u00d6zel-\u00f6d\u00fcl-scaled.jpg\"><img loading=\"lazy\" decoding=\"async\" class=\"aligncenter wp-image-2487 size-medium\" src=\"http:\/\/www.tourismcartoon.org\/wp-content\/uploads\/2022\/06\/Javad-Takjoo-\u00d6zel-\u00f6d\u00fcl-300x212.jpg\" alt=\"\" width=\"300\" height=\"212\" srcset=\"http:\/\/www.tourismcartoon.org\/wp-content\/uploads\/2022\/06\/Javad-Takjoo-\u00d6zel-\u00f6d\u00fcl-300x212.jpg 300w, http:\/\/www.tourismcartoon.org\/wp-content\/uploads\/2022\/06\/Javad-Takjoo-\u00d6zel-\u00f6d\u00fcl-1024x724.jpg 1024w, http:\/\/www.tourismcartoon.org\/wp-content\/uploads\/2022\/06\/Javad-Takjoo-\u00d6zel-\u00f6d\u00fcl-768x543.jpg 768w, http:\/\/www.tourismcartoon.org\/wp-content\/uploads\/2022\/06\/Javad-Takjoo-\u00d6zel-\u00f6d\u00fcl-1536x1086.jpg 1536w, http:\/\/www.tourismcartoon.org\/wp-content\/uploads\/2022\/06\/Javad-Takjoo-\u00d6zel-\u00f6d\u00fcl-2048x1448.jpg 2048w\" sizes=\"auto, (max-width: 300px) 100vw, 300px\" \/><\/a><\/p>\n<p><span style=\"color: #008080;\"><strong style=\"font-family: inherit; font-size: inherit;\"><strong>Javad Takjoo<br \/>\n<\/strong><\/strong><\/span>\u0625\u064a\u0631\u0627\u0646\u064a<\/td>\n<td style=\"width: 33.3333%; text-align: center; height: 241px;\"><\/td>\n<\/tr>\n<\/tbody>\n<\/table>\n<h5 style=\"text-align: center;\">\u0641\u0626\u0629\u0627\u0644\u0635\u063a\u0627\u0631<\/h5>\n<table style=\"border-collapse: collapse; width: 100%;\">\n<tbody>\n<tr>\n<td style=\"width: 33.3333%; text-align: center;\"><strong>\u0627\u0644\u062c\u0627\u0626\u0632\u0629 \u0627\u0644\u0643\u0628\u0631\u0649<\/strong><\/td>\n<td style=\"width: 33.3333%; text-align: center;\"><strong>\u0627\u0644\u062c\u0627\u0626\u0632\u0629 \u0627\u0644\u062b\u0627\u0646\u064a\u0629<\/strong><\/td>\n<td style=\"width: 33.3333%; text-align: center;\"><strong>\u0627\u0644\u062c\u0627\u0626\u0632\u0629 \u0627\u0644\u062b\u0627\u0644\u062b\u0629<\/strong><\/td>\n<\/tr>\n<tr>\n<td style=\"width: 33.3333%; text-align: center;\"><a href=\"http:\/\/www.tourismcartoon.org\/wp-content\/uploads\/2022\/06\/Eren-G\u00d6NC\u00dcLER-T\u00fcrkiye-Birincilik-scaled.jpg\"><img loading=\"lazy\" decoding=\"async\" class=\"aligncenter wp-image-2488 size-medium\" src=\"http:\/\/www.tourismcartoon.org\/wp-content\/uploads\/2022\/06\/Eren-G\u00d6NC\u00dcLER-T\u00fcrkiye-Birincilik-300x212.jpg\" alt=\"\" width=\"300\" height=\"212\" srcset=\"http:\/\/www.tourismcartoon.org\/wp-content\/uploads\/2022\/06\/Eren-G\u00d6NC\u00dcLER-T\u00fcrkiye-Birincilik-300x212.jpg 300w, http:\/\/www.tourismcartoon.org\/wp-content\/uploads\/2022\/06\/Eren-G\u00d6NC\u00dcLER-T\u00fcrkiye-Birincilik-1024x724.jpg 1024w, http:\/\/www.tourismcartoon.org\/wp-content\/uploads\/2022\/06\/Eren-G\u00d6NC\u00dcLER-T\u00fcrkiye-Birincilik-768x543.jpg 768w, http:\/\/www.tourismcartoon.org\/wp-content\/uploads\/2022\/06\/Eren-G\u00d6NC\u00dcLER-T\u00fcrkiye-Birincilik-1536x1086.jpg 1536w, http:\/\/www.tourismcartoon.org\/wp-content\/uploads\/2022\/06\/Eren-G\u00d6NC\u00dcLER-T\u00fcrkiye-Birincilik-2048x1448.jpg 2048w\" sizes=\"auto, (max-width: 300px) 100vw, 300px\" \/><\/a><\/p>\n<p><span style=\"color: #008080;\"><strong style=\"font-family: inherit; font-size: inherit;\">Eren G\u00f6nc\u00fcler<\/strong><\/span><\/p>\n<p>(\u0633\u0646: 13)<\/p>\n<p>\u062a\u0631\u0643\u064a\u0627<\/td>\n<td style=\"width: 33.3333%; text-align: center;\"><a href=\"http:\/\/www.tourismcartoon.org\/wp-content\/uploads\/2022\/06\/Kirill-Usachev-\u0130kincilik.jpg\"><img loading=\"lazy\" decoding=\"async\" class=\"aligncenter wp-image-2489 size-medium\" src=\"http:\/\/www.tourismcartoon.org\/wp-content\/uploads\/2022\/06\/Kirill-Usachev-\u0130kincilik-214x300.jpg\" alt=\"\" width=\"214\" height=\"300\" srcset=\"http:\/\/www.tourismcartoon.org\/wp-content\/uploads\/2022\/06\/Kirill-Usachev-\u0130kincilik-214x300.jpg 214w, http:\/\/www.tourismcartoon.org\/wp-content\/uploads\/2022\/06\/Kirill-Usachev-\u0130kincilik.jpg 681w\" sizes=\"auto, (max-width: 214px) 100vw, 214px\" \/><\/a><\/p>\n<p><span style=\"color: #008080;\"><strong>Kirill Usachev<\/strong><\/span><\/p>\n<p>(\u0633\u0646: 16)<\/p>\n<p>\u0627\u0644\u0627\u062a\u062d\u0627\u062f \u0627\u0644\u0631\u0648\u0633\u064a<\/td>\n<td style=\"width: 33.3333%; text-align: center;\"><a href=\"http:\/\/www.tourismcartoon.org\/wp-content\/uploads\/2022\/06\/\u0130REM-SATIR-11-YA\u015e-\u00dc\u00e7\u00fcnc\u00fcl\u00fck-scaled.jpg\"><img loading=\"lazy\" decoding=\"async\" class=\"aligncenter wp-image-2490 size-medium\" src=\"http:\/\/www.tourismcartoon.org\/wp-content\/uploads\/2022\/06\/\u0130REM-SATIR-11-YA\u015e-\u00dc\u00e7\u00fcnc\u00fcl\u00fck-300x218.jpg\" alt=\"\" width=\"300\" height=\"218\" srcset=\"http:\/\/www.tourismcartoon.org\/wp-content\/uploads\/2022\/06\/\u0130REM-SATIR-11-YA\u015e-\u00dc\u00e7\u00fcnc\u00fcl\u00fck-300x218.jpg 300w, http:\/\/www.tourismcartoon.org\/wp-content\/uploads\/2022\/06\/\u0130REM-SATIR-11-YA\u015e-\u00dc\u00e7\u00fcnc\u00fcl\u00fck-1024x745.jpg 1024w, http:\/\/www.tourismcartoon.org\/wp-content\/uploads\/2022\/06\/\u0130REM-SATIR-11-YA\u015e-\u00dc\u00e7\u00fcnc\u00fcl\u00fck-768x559.jpg 768w, http:\/\/www.tourismcartoon.org\/wp-content\/uploads\/2022\/06\/\u0130REM-SATIR-11-YA\u015e-\u00dc\u00e7\u00fcnc\u00fcl\u00fck-1536x1117.jpg 1536w, http:\/\/www.tourismcartoon.org\/wp-content\/uploads\/2022\/06\/\u0130REM-SATIR-11-YA\u015e-\u00dc\u00e7\u00fcnc\u00fcl\u00fck-2048x1490.jpg 2048w\" sizes=\"auto, (max-width: 300px) 100vw, 300px\" \/><\/a><\/p>\n<p><span style=\"color: #008080;\"><strong>\u0130rem Sat\u0131r<\/strong><\/span><\/p>\n<p>(\u0633\u0646: 121)<\/p>\n<p>\u062a\u0631\u0643\u064a\u0627<\/td>\n<\/tr>\n<\/tbody>\n<\/table>\n<hr \/>\n<p>&nbsp;<\/p>","protected":false},"excerpt":{"rendered":"<p>\u0631\u0642\u0645 \u0627\u0644\u0645\u0633\u0627\u0628\u0642\u0629:12 \u0627\u0644\u0633\u0646\u0629: 2020 \u0627\u0644\u0645\u0648\u0636\u0648\u0639: \u0643\u0648\u0641\u064a\u062f 19 \u0648\u0627\u0644\u0633\u064a\u0627\u062d\u0629 \u0644\u0641\u0626\u0627\u062a: \u0627\u0644\u0628\u0627\u0644\u063a\u064a\u0646 \u0648\u0627\u0644\u0635\u063a\u0627\u0631 :\u0645\u0639\u0644\u0648\u0645\u0627\u062a \u0627\u0644\u0631\u0633\u0648\u0645 \u0627\u0644\u0645\u0642\u062f\u0645\u0629 \u0639\u062f\u062f \u0627\u0644\u0631\u0633\u0648\u0645\u0627\u0644\u0645\u0642\u062f\u0645\u0629: 704 4\u0639\u062f\u062f \u0627\u0644\u062f\u0648\u0644: 64 \u0639\u062f\u062f \u0627\u0644\u0631\u0633\u0627\u0645\u064a\u0646:1324 \u0642\u0627\u0626\u0645\u0629 \u0627\u0644\u0631\u0633\u0648\u0645 \u0627\u0644\u0645\u0642\u062f\u0645\u0629: \u0627\u0644\u0628\u0627\u0644\u063a\u064a\u0646(\u0627\u0636\u063a\u0637 \u0647\u0646\u0627) \u0627\u0644\u0635\u063a\u0627\u0631( \u0627\u0636\u063a\u0637 \u0647\u0646\u0627) \u0645\u0643\u0627\u0646 \u062d\u0641\u0644 \u062a\u0648\u0632\u064a\u0639 \u0627\u0644\u062c\u0648\u0627\u0626\u0632: 26 \u0646\u0648\u0641\u0645\u0628\u0631 2021, \u0641\u0646\u062f\u0642 \u0634\u064a\u0631\u0627\u062a\u0648\u0646 \u0643\u0627\u062c\u064a\u062b\u0627\u0646\u0647 ,\u0627\u0633\u0637\u0646\u0628\u0648\u0644, \u062a\u0631\u0643\u064a\u0627 \u0627\u0639\u0636\u0627\u0621 \u0644\u062c\u0646\u0629 \u0627\u0644\u0627\u062e\u062a\u064a\u0627\u0631: Bernard BOUTON (\u0641\u0631\u0646\u0633\u0627), Fehmi K\u00d6FTEO\u011eLU (\u062a\u0631\u0643\u064a\u0627), Ferzan \u00c7EL\u0130KKANAT (\u062a\u0631\u0643\u064a\u0627), Halit&hellip;&nbsp;<a href=\"http:\/\/www.tourismcartoon.org\/ar\/on-ikinci-uluslararasi-turizm-karikaturleri-yarismasi-2020\/\" class=\"\" rel=\"bookmark\">\u0627\u0642\u0631\u0623 \u0627\u0644\u0645\u0632\u064a\u062f &raquo;<span class=\"screen-reader-text\">\u0627\u0644\u0645\u0633\u0627\u0628\u0642\u0629 \u0627\u0644\u062f\u0648\u0644\u064a\u0629 \u0627\u0644\u062b\u0627\u0646\u064a\u0629 \u0639\u0634\u0631 \u0644\u0644\u0631\u0633\u0648\u0645 \u0627\u0644\u0633\u064a\u0627\u062d\u064a\u0629 2020<\/span><\/a><\/p>\n","protected":false},"author":1,"featured_media":0,"parent":0,"menu_order":0,"comment_status":"closed","ping_status":"closed","template":"","meta":{"neve_meta_sidebar":"","neve_meta_container":"","neve_meta_enable_content_width":"off","neve_meta_content_width":100,"neve_meta_title_alignment":"","neve_meta_author_avatar":"","neve_post_elements_order":"","neve_meta_disable_header":"","neve_meta_disable_footer":"","neve_meta_disable_title":"","footnotes":""},"class_list":["post-1604","page","type-page","status-publish","hentry"],"_links":{"self":[{"href":"http:\/\/www.tourismcartoon.org\/ar\/wp-json\/wp\/v2\/pages\/1604","targetHints":{"allow":["GET"]}}],"collection":[{"href":"http:\/\/www.tourismcartoon.org\/ar\/wp-json\/wp\/v2\/pages"}],"about":[{"href":"http:\/\/www.tourismcartoon.org\/ar\/wp-json\/wp\/v2\/types\/page"}],"author":[{"embeddable":true,"href":"http:\/\/www.tourismcartoon.org\/ar\/wp-json\/wp\/v2\/users\/1"}],"replies":[{"embeddable":true,"href":"http:\/\/www.tourismcartoon.org\/ar\/wp-json\/wp\/v2\/comments?post=1604"}],"version-history":[{"count":137,"href":"http:\/\/www.tourismcartoon.org\/ar\/wp-json\/wp\/v2\/pages\/1604\/revisions"}],"predecessor-version":[{"id":3650,"href":"http:\/\/www.tourismcartoon.org\/ar\/wp-json\/wp\/v2\/pages\/1604\/revisions\/3650"}],"wp:attachment":[{"href":"http:\/\/www.tourismcartoon.org\/ar\/wp-json\/wp\/v2\/media?parent=1604"}],"curies":[{"name":"wp","href":"https:\/\/api.w.org\/{rel}","templated":true}]}}