{"id":149,"date":"2020-03-31T13:07:21","date_gmt":"2020-03-31T13:07:21","guid":{"rendered":"http:\/\/www.tourismcartoon.org\/?page_id=149"},"modified":"2024-07-10T13:01:05","modified_gmt":"2024-07-10T13:01:05","slug":"makaleler","status":"publish","type":"page","link":"http:\/\/www.tourismcartoon.org\/de\/makaleler\/","title":{"rendered":"Wissenschaftlicher Artikel"},"content":{"rendered":"<p><span style=\"font-size: 12pt; color: #008080; font-family: tahoma, arial, helvetica, sans-serif;\"><strong>Liste der Artikel, Abhandlungen und Buchkapitel, die zum Internationalen Wettbewerb f\u00fcr Tourismus-Cartoons ver\u00f6ffentlicht wurden<\/strong><\/span><\/p>\n<hr \/>\n<p><span style=\"font-family: tahoma, arial, helvetica, sans-serif; font-size: 12pt;\">Cohen, E. (2011). <strong>The People of Tourism Cartoons,<\/strong> <span style=\"color: #993300;\"><a style=\"color: #993300;\" href=\"http:\/\/www.tandfonline.com\/doi\/abs\/10.1080\/13032917.2011.624845\" target=\"_blank\" rel=\"noopener noreferrer\">Anatolia: An International Journal of Tourism and Hospitality Research<\/a>,<\/span> 22 (3):\u00a0\u00a0326-349.<\/span><\/p>\n<hr \/>\n<p><span style=\"font-family: tahoma, arial, helvetica, sans-serif; font-size: 12pt;\">Sel, S. G., Lale, C., Akta\u015f, G. (2016). <strong>Marine Tourism Through the Eyes of Cartoonists: An Investigation of Tourism Cartoons with A Semiotic Approach, <\/strong><span style=\"color: #993300;\"><a style=\"color: #993300;\" href=\"http:\/\/www.denizturizmi2016.deu.edu.tr\/0003.pdf\" target=\"_blank\" rel=\"noopener noreferrer\">III. Ulusal Deniz Turizmi Sempozyumu<\/a><strong><a style=\"color: #993300;\" href=\"http:\/\/www.denizturizmi2016.deu.edu.tr\/0003.pdf\" target=\"_blank\" rel=\"noopener noreferrer\">,<\/a><\/strong> <\/span>\u0130zmir: Dokuz Eyl\u00fcl University Faculty of Marine.<\/span><\/p>\n<hr \/>\n<p><span style=\"font-family: tahoma, arial, helvetica, sans-serif; font-size: 12pt;\">Sel, S. G., Lale, C., Akta\u015f, G. (2016). <strong>Marine Tourism Through the Eyes of Cartoonists: An Investigation of Tourism Cartoons with A Semiotic Approach<\/strong><em>, <\/em><a href=\"http:\/\/dergipark.gov.tr\/download\/article-file\/283189\" target=\"_blank\" rel=\"noopener noreferrer\"><span style=\"color: #993300;\">DE\u00dc Denizcilik Fak\u00fcltesi Dergisi<\/span>, <\/a>UDTS 2016 \u00d6zel Say\u0131 Sayfa: 65-87.<\/span><\/p>\n<hr \/>\n<p><span style=\"font-size: 12pt; font-family: tahoma, arial, helvetica, sans-serif;\">Y\u0131ld\u0131z, U., Y\u0131lmaz, M. (2017). <strong>The Impact of Caricature on Student\u2019s Drawings,<\/strong> <span style=\"color: #993300;\"><a style=\"color: #993300;\" href=\"http:\/\/www.idildergisi.com\/makale\/pdf\/1503338321.pdf\" target=\"_blank\" rel=\"noopener noreferrer\">\u0130dil: Sanat ve Dil Dergisi<\/a><\/span><em>,<\/em> 37 (6):2469-2487.<br \/>\nDOI: 10.7816\/idil-06-37-06<br \/>\n<\/span><\/p>\n<hr \/>\n<p><span style=\"font-size: 12pt; font-family: tahoma, arial, helvetica, sans-serif;\">Rodrigues, A. I. (2018). <strong>The use of visual methods in tourism classes: The case of photo essay, cartoons and videography,<\/strong> \u00a0<span style=\"color: #993300;\"><a style=\"color: #993300;\" href=\"https:\/\/www.researchgate.net\/profile\/Vahid_Ghasemi3\/publication\/328233702_Iran_as_a_destination_A_textual_and_pictorial_analysis_of_heritage_meanings\/links\/5bc083b6458515a7a9e30f29\/Iran-as-a-destination-A-textual-and-pictorial-analysis-of-heritage-meanings.pdf#page=74\" target=\"_blank\" rel=\"noopener noreferrer\">10th World Conference for Graduate Research in Tourism, Hospitality and Leisure<em> (2 \u2013 7 October 2018, Avanos, Turkey)<\/em><\/a>,<\/span> pp. 57-64.<\/span><\/p>\n<hr \/>\n<p><span style=\"font-size: 12pt; font-family: tahoma, arial, helvetica, sans-serif;\">Civelek, M., T\u00fcrkay, O.(2020). <strong>A Semiological Analysis of Space Tourism Related International Tourism Caricatures,<\/strong> <span style=\"color: #993300;\"><a style=\"color: #993300;\" href=\"https:\/\/dergipark.org.tr\/en\/download\/article-file\/818676\" target=\"_blank\" rel=\"noopener noreferrer\">Afyon Kocatepe \u00dcniversitesi Sosyal Bilimler Dergisi<\/a>,<\/span> 21 (3):960-980.<\/span><\/p>\n<hr \/>\n<p><span style=\"font-family: tahoma, arial, helvetica, sans-serif; font-size: 12pt;\">Rodrigues, A. I. (2020). <strong><span style=\"color: #000000;\">Exploring Visual Methods in Teaching Tourism,<\/span><\/strong> <span style=\"color: #993300;\"><a style=\"color: #993300;\" href=\"https:\/\/www.ingentaconnect.com\/content\/cog\/ta\/pre-prints\/content-p1-air\" target=\"_blank\" rel=\"noopener noreferrer\">Tourism Analysis,<\/a><\/span> \u00a02-3: <span class=\"pagesNum\">203-214<\/span><\/span><\/p>\n<hr \/>\n<p><span style=\"font-size: 12pt; font-family: tahoma, arial, helvetica, sans-serif;\">Ako\u011flan Kozak, M. ve \u00d6zkero\u011flu, \u00d6. (2020). <strong>Tourism Through Children&#8217;s Eyes: An Evaluation on Tourism Cartoons<\/strong><em>,<\/em> <a href=\"https:\/\/dergipark.org.tr\/en\/pub\/touraj\/issue\/58493\/614817\" target=\"_blank\" rel=\"noopener noreferrer\"><span style=\"color: #993300;\">Turizm Akademik Dergisi<\/span>,<\/a> 7 (2): 19-36.<\/span><\/p>","protected":false},"excerpt":{"rendered":"<p>Liste der Artikel, Abhandlungen und Buchkapitel, die zum Internationalen Wettbewerb f\u00fcr Tourismus-Cartoons ver\u00f6ffentlicht wurden Cohen, E. (2011). The People of Tourism Cartoons, Anatolia: An International Journal of Tourism and Hospitality Research, 22 (3):\u00a0\u00a0326-349. Sel, S. G., Lale, C., Akta\u015f, G. (2016). Marine Tourism Through the Eyes of Cartoonists: An Investigation of Tourism Cartoons with A&hellip;&nbsp;<a href=\"http:\/\/www.tourismcartoon.org\/de\/makaleler\/\" class=\"\" rel=\"bookmark\">Weiterlesen &raquo;<span class=\"screen-reader-text\">Wissenschaftlicher Artikel<\/span><\/a><\/p>\n","protected":false},"author":1,"featured_media":0,"parent":0,"menu_order":0,"comment_status":"closed","ping_status":"closed","template":"","meta":{"neve_meta_sidebar":"full-width","neve_meta_container":"","neve_meta_enable_content_width":"on","neve_meta_content_width":100,"neve_meta_title_alignment":"","neve_meta_author_avatar":"","neve_post_elements_order":"","neve_meta_disable_header":"","neve_meta_disable_footer":"","neve_meta_disable_title":"","footnotes":""},"class_list":["post-149","page","type-page","status-publish","hentry"],"_links":{"self":[{"href":"http:\/\/www.tourismcartoon.org\/de\/wp-json\/wp\/v2\/pages\/149","targetHints":{"allow":["GET"]}}],"collection":[{"href":"http:\/\/www.tourismcartoon.org\/de\/wp-json\/wp\/v2\/pages"}],"about":[{"href":"http:\/\/www.tourismcartoon.org\/de\/wp-json\/wp\/v2\/types\/page"}],"author":[{"embeddable":true,"href":"http:\/\/www.tourismcartoon.org\/de\/wp-json\/wp\/v2\/users\/1"}],"replies":[{"embeddable":true,"href":"http:\/\/www.tourismcartoon.org\/de\/wp-json\/wp\/v2\/comments?post=149"}],"version-history":[{"count":69,"href":"http:\/\/www.tourismcartoon.org\/de\/wp-json\/wp\/v2\/pages\/149\/revisions"}],"predecessor-version":[{"id":3610,"href":"http:\/\/www.tourismcartoon.org\/de\/wp-json\/wp\/v2\/pages\/149\/revisions\/3610"}],"wp:attachment":[{"href":"http:\/\/www.tourismcartoon.org\/de\/wp-json\/wp\/v2\/media?parent=149"}],"curies":[{"name":"wp","href":"https:\/\/api.w.org\/{rel}","templated":true}]}}