{"id":169,"date":"2020-03-31T13:10:53","date_gmt":"2020-03-31T13:10:53","guid":{"rendered":"http:\/\/www.tourismcartoon.org\/?page_id=169"},"modified":"2024-07-11T14:18:32","modified_gmt":"2024-07-11T14:18:32","slug":"yonerge","status":"publish","type":"page","link":"http:\/\/www.tourismcartoon.org\/de\/simdiki-yarisma\/yonerge\/","title":{"rendered":"Richtlinien"},"content":{"rendered":"<p><\/p>\n<div style=\"text-align: center;\"><strong>RICHTLINIEN DES INTERNATIONALER WETTBEWERBS F\u00dcR KARIKATUREN IM BEREICH \u201cTOURISMUS\u201d<\/strong><\/div>\n<div><\/div>\n<div><strong>1. VERANSTALTER<\/strong><\/div>\n<p>a) Der Wettbewerb wird von der \u201cAnatolia: Zeitschrift f\u00fcr Tourismusforschung\u201d und dem Verein der Reisejournalisten und \u2013Schriftsteller organisiert.<\/p>\n<div><\/div>\n<div><strong>2. ANMELDUNGSDATUM<\/strong><\/div>\n<p>a) Soweit keine \u00c4nderungen im Voraus bekannt gegeben werden, ist der Sendeabschluss der \u00a0Werke \u00a0zum Wettbewerb 31. Dezember jedes Jahres.<\/p>\n<div><\/div>\n<div><strong>3. THEMA<\/strong><\/div>\n<p>a) Der Wettbewerb wird jedes Jahr organisiert, indem man ein Thema im Zusammenhang mit Tourismus bestimmt. Dieses Thema besteht aus einem beliebigen Thema im Zusammenhang mit Tourismus.<\/p>\n<div><\/div>\n<div><strong>4. TEILNAHME AM WETTBEWERB<\/strong><\/div>\n<p>a) Der Wettbewerb steht allen Profi- und Amateurkarikaturisten offen.<\/p>\n<p>b) Jeder Karikaturk\u00fcnstler darf h\u00f6chstens mit drei Werken teilnehmen.<\/p>\n<p>c) Die Werke, die gesendet werden, k\u00f6nnen als originale Zeichnungen, als Digitaldruck oder \u00a0Computerausdruck bearbeitet werden.<\/p>\n<p>d) Die Technik der Zeichnungen wird dem Zeichner \u00fcberlassen.<\/p>\n<p>e) Sie k\u00f6nnen farbig oder auch Schwarzweiss sein. Die Karikaturen m\u00fcssen mit der eigenh\u00e4ndigen Unterschrift versehen sein.<\/p>\n<p>f) Die Wettbewerbsteilnehmer m\u00fcssen ihre Vornamen, ihre Nachnamen und ihre Adressen schreiben. Wenn die Karikaturen per E-Mail gesendet werden, stehen ihre Adressen, ihre E-Mail Adressen und \u0130hre Telefonnummer auf bez\u00fcglicher Seite.<\/p>\n<p>g) Die eingeschickten Karikaturen k\u00f6nnen vor diesem Wettbewerb schon ver\u00f6ffentlicht sein, aber sie d\u00fcrfen nicht vorher schon einen Preis erhalten haben.<\/p>\n<p>h) Die teilgenommenen Karikaturen k\u00f6nnen in der Zeitschrift f\u00fcr Tourismus-Forschung Anatolia und in den B\u00fcchern, Katalogen, Brosch\u00fcren, Postkarten, Web-Seiten und Anschlagen bzgl. dieser Organisation ver\u00f6ffentlicht werden, sonst bedarf man der Zustimmung des Urhebers.<\/p>\n<p>i) Alle Karikaturen, die im Sammelbuch ver\u00f6ffentlicht \u00a0werden oder nicht oder auch einen Preis gewinnen oder nicht, werden nicht zur\u00fcckgegeben.<\/p>\n<p><strong>j) Mit k\u00fcnstlicher Intelligenz erstellte Arbeiten werden nicht zum Wettbewerb zugelassen.<\/strong><\/p>\n<p>k) Alle K\u00fcnstler, die an diesem Wettbewerb teilnehmen, akzeptieren die Teilnahmebedingungen, die in dieser Richlinien erkl\u00e4rt werden.<\/p>\n<div><\/div>\n<div><strong>5. KATEGORIEN<\/strong><\/div>\n<p>a) Der Wettbewerb besteht aus zwei Kategorien.<\/p>\n<p>b) Die Kategorie f\u00fcr Erwachsene ist f\u00fcr die Karikaturisten, die 17 Jahre alt sowie aufw\u00e4rts sind, offen.<\/p>\n<p>c) Die Kategorie f\u00fcr die Jungen Karikaturisten ist f\u00fcr die 16 j\u00e4hrige und j\u00fcngere Karikaturisten offen.<\/p>\n<div><\/div>\n<div><strong>6. ANK\u00dcNDIGUNG DES WETTBEWERBS<\/strong><\/div>\n<p>a) Ank\u00fcndigung des Wettbewerbs wird drei Mal im Internet ver\u00f6ffentlicht.<\/p>\n<p>b) Die erste Ank\u00fcndigung ist in der ersten Juli Woche, die zweite Ank\u00fcndigung ist in erster Oktober Woche und die letzte Ank\u00fcndigung in erster Dezember Woche.<\/p>\n<div><\/div>\n<div><strong>7. ANK\u00dcNDIGUNG DER EINGEREICHTEN WERKE<\/strong><\/div>\n<p>a) In der Mitte vom August gesendeten Werke werden auf einer Tabelle auf der offiziellen Web-Seite, in der \u201cName und Familienname\u201d, \u201cLand\u201d, \u201cKategorie\u201d und \u201cdie Zahl ihrer gesendeten Werken\u201d der Karikaturisten stehen, ver\u00f6ffentlicht. Die Werke, die nach der Ank\u00fcndigung gesendet werden, werden trotztem angenommen.<\/p>\n<p>b) Die nicht erreichten Werke werden angenommen, obwohl sie nach der Ank\u00fcndigung gesendet wurden. Daf\u00fcr sollen die Werke bis zum Ank\u00fcndigungsdatum in die Sekretariat erreichen.<\/p>\n<div><\/div>\n<div><strong>8. MITGLIEDER VON AUSWERTUNGSAUSSCHUSS<\/strong><\/div>\n<p>a) Die Mitglieder der Auswahlkommission bestehen aus zwei Gruppen, \u201cdie Mitglieder der Auswahlkommission f\u00fcr vorl\u00e4ufige Bewertung\u201d und \u201cMitglieder der Auswahlkommission f\u00fcr das Final\u201d.<\/p>\n<p>b) Die Mitglieder der Auswahlkommission werden ausserhalb zwei Vertreter, die von Organisationkommision bestimmt werden, alle drei Jahre ersetzt ge\u00e4ndert.<\/p>\n<p>c) Zwei Karikaturisten zwischen neuen K\u00fcnstlern, die in der Kategorie f\u00fcr Erwachsene einen Preis erhalten haben, werden zum n\u00e4chsten Wettbewerb als Mitglied der Abschlussauswahlkommission eingeladen.<\/p>\n<div><\/div>\n<div><strong>9. BEWERTUNG DER WERKE<\/strong><\/div>\n<p>a) Die an dem Wettbewerb teilnehmenden Werken werden in drei Phasen ausgewertet. In der ersten Phase werden ein f\u00fcnftel der Werke, die zum Wettbewerb eingereicht wurden, von den Mitgliedern der Auswahlkommission, die in Istanbul zusammenkommen werden, ausgewertet.<\/p>\n<p>b) Die ins Finale gelangten Werke werden in der Zeit, nicht k\u00fcrzer vor 10 Tagen, aufgeboten und angek\u00fcndigt, damit diejenigen Karikaturen, die Plagiate bzw. bereits Preistr\u00e4ger sind, einer anderen Arbeit \u00c4hnlichkeit aufweisen oder gegen sie bereits Einw\u00e4nde liegen, ausgewirkt werden.<\/p>\n<p>c) Die Anspr\u00fcche werden zwischen den angek\u00fcndigten Terminen angenommen. \u00a0Die eingehenden Anspr\u00fcche werden den Mitgliedern Auswahlkommission vorgelegt. Die Werke, die von der Komission als angefochten gesehen werden, werden zu Finale nicht zugelassen.<\/p>\n<p>d) In der zweiten Phase bewerten die Mitglieder der Abschlussauswahlkommission so, dass \u00a0nur ein drittel von ihnen zur endg\u00fcltigen Auswertung bleiben.<\/p>\n<p>e) In der letzten Phase bestimmen die \u00a0Mitglieder der Abschlussauswahlkommission die Preistr\u00e4ger.<\/p>\n<p>f) Die Jury des Tourismus-Karikaturen-Wettbewerbs pr\u00fcft Beschwerden \u00fcber Arbeiten, die das Finale erreicht haben oder das Wettbewerb gewonnen haben. Wenn die Jury bei der \u00dcberpr\u00fcfung der Werke feststellt, dass ein Teil oder das gesamte Werk aus einer anderen Quelle kopiert oder von einer anderen Person gezeichnet und als eigenes Werk der Person selbst pr\u00e4sentiert wurde, wird das Werk vom Wettbewerb ausgeschlossen. Wenn eine solche Arbeit ausgezeichnet wird, wird die Auszeichnung widerrufen und ihm wird das Recht zur Teilnahme am internationalen Tourismuswettbewerb vollst\u00e4ndig entzogen.<\/p>\n<div><\/div>\n<div><strong>10. DIE PREISE UND PREIS-ZEREMONIE<\/strong><\/div>\n<p>a) In der Kategorie f\u00fcr Erwachsene werden \u201cErster Preis\u201d, \u201cZweiter Preis\u201d, \u201cDritter Preis\u201d, \u201cProf. Atila \u00d6zer Sonderpreis\u201d.<\/p>\n<p>b) In der Kategorie f\u00fcr die jungen Karikaturisten werden \u201cErster Preis\u201d und f\u00fcnf weitere lobende Erw\u00e4hnungen gegeben.<\/p>\n<p>c) Den gewinnenden Karikaturisten werden in den Hotels der T\u00fcrkei jeweils eine 5 t\u00e4gige und alles Inklusive Urlaube gegeben.<\/p>\n<p>d) Den gewinnenden Karikaturisten werden Auszeichnung und Preis Zertifikat gegeben.<\/p>\n<p>e) Die Preis-Zeremonie wird im April in der T\u00fcrkei organisiert.<\/p>\n<div><\/div>\n<div><strong>11. SAMMELBUCH DES WETTBEWERBS<\/strong><\/div>\n<p>a) Ein Buch mit allen Karikaturen der Finalisten und Platzierten des Wettbewerbs wird online in Farbe ver\u00f6ffentlicht.<\/p>","protected":false},"excerpt":{"rendered":"<p>RICHTLINIEN DES INTERNATIONALER WETTBEWERBS F\u00dcR KARIKATUREN IM BEREICH \u201cTOURISMUS\u201d 1. VERANSTALTER a) Der Wettbewerb wird von der \u201cAnatolia: Zeitschrift f\u00fcr Tourismusforschung\u201d und dem Verein der Reisejournalisten und \u2013Schriftsteller organisiert. 2. ANMELDUNGSDATUM a) Soweit keine \u00c4nderungen im Voraus bekannt gegeben werden, ist der Sendeabschluss der \u00a0Werke \u00a0zum Wettbewerb 31. Dezember jedes Jahres. 3. THEMA a) Der&hellip;&nbsp;<a href=\"http:\/\/www.tourismcartoon.org\/de\/simdiki-yarisma\/yonerge\/\" class=\"\" rel=\"bookmark\">Weiterlesen &raquo;<span class=\"screen-reader-text\">Richtlinien<\/span><\/a><\/p>\n","protected":false},"author":1,"featured_media":0,"parent":155,"menu_order":0,"comment_status":"closed","ping_status":"closed","template":"","meta":{"neve_meta_sidebar":"full-width","neve_meta_container":"","neve_meta_enable_content_width":"on","neve_meta_content_width":100,"neve_meta_title_alignment":"","neve_meta_author_avatar":"","neve_post_elements_order":"","neve_meta_disable_header":"","neve_meta_disable_footer":"","neve_meta_disable_title":"","footnotes":""},"class_list":["post-169","page","type-page","status-publish","hentry"],"_links":{"self":[{"href":"http:\/\/www.tourismcartoon.org\/de\/wp-json\/wp\/v2\/pages\/169","targetHints":{"allow":["GET"]}}],"collection":[{"href":"http:\/\/www.tourismcartoon.org\/de\/wp-json\/wp\/v2\/pages"}],"about":[{"href":"http:\/\/www.tourismcartoon.org\/de\/wp-json\/wp\/v2\/types\/page"}],"author":[{"embeddable":true,"href":"http:\/\/www.tourismcartoon.org\/de\/wp-json\/wp\/v2\/users\/1"}],"replies":[{"embeddable":true,"href":"http:\/\/www.tourismcartoon.org\/de\/wp-json\/wp\/v2\/comments?post=169"}],"version-history":[{"count":37,"href":"http:\/\/www.tourismcartoon.org\/de\/wp-json\/wp\/v2\/pages\/169\/revisions"}],"predecessor-version":[{"id":3637,"href":"http:\/\/www.tourismcartoon.org\/de\/wp-json\/wp\/v2\/pages\/169\/revisions\/3637"}],"up":[{"embeddable":true,"href":"http:\/\/www.tourismcartoon.org\/de\/wp-json\/wp\/v2\/pages\/155"}],"wp:attachment":[{"href":"http:\/\/www.tourismcartoon.org\/de\/wp-json\/wp\/v2\/media?parent=169"}],"curies":[{"name":"wp","href":"https:\/\/api.w.org\/{rel}","templated":true}]}}