{"id":171,"date":"2020-03-31T13:11:20","date_gmt":"2020-03-31T13:11:20","guid":{"rendered":"http:\/\/www.tourismcartoon.org\/?page_id=171"},"modified":"2022-09-01T05:36:10","modified_gmt":"2022-09-01T05:36:10","slug":"kategoriler","status":"publish","type":"page","link":"http:\/\/www.tourismcartoon.org\/de\/simdiki-yarisma\/kategoriler\/","title":{"rendered":"Die Kategorie"},"content":{"rendered":"\t\t<div data-elementor-type=\"wp-page\" data-elementor-id=\"171\" class=\"elementor elementor-171\">\n\t\t\t\t\t\t<div class=\"elementor-inner\">\n\t\t\t\t<div class=\"elementor-section-wrap\">\n\t\t\t\t\t\t\t\t\t<section class=\"elementor-section elementor-top-section elementor-element elementor-element-222a7769 elementor-section-boxed elementor-section-height-default elementor-section-height-default\" data-id=\"222a7769\" data-element_type=\"section\">\n\t\t\t\t\t\t<div class=\"elementor-container elementor-column-gap-default\">\n\t\t\t\t\t\t\t<div class=\"elementor-row\">\n\t\t\t\t\t<div class=\"elementor-column elementor-col-100 elementor-top-column elementor-element elementor-element-2272d571\" data-id=\"2272d571\" data-element_type=\"column\">\n\t\t\t<div class=\"elementor-column-wrap elementor-element-populated\">\n\t\t\t\t\t\t\t<div class=\"elementor-widget-wrap\">\n\t\t\t\t\t\t<div class=\"elementor-element elementor-element-4ecfe335 elementor-widget elementor-widget-text-editor\" data-id=\"4ecfe335\" data-element_type=\"widget\" data-widget_type=\"text-editor.default\">\n\t\t\t\t<div class=\"elementor-widget-container\">\n\t\t\t\t\t\t\t\t<div class=\"elementor-text-editor elementor-clearfix\">\n\t\t\t\t<p>Im Wettbewerb werden die Werken in zwei Phasen angenommen.<\/p><p><em><strong>Die Kategorie f\u00fcr Erwachsene:<\/strong><\/em> Sie ist f\u00fcr die Karikaturisten, die 17 Jahre alt sowie aufw\u00e4rts sind, offen. In dieser Kategorie werden \u201cErster Preis\u201d, \u201cZweiter Preis\u201d, \u201cDritter Preis\u201d, \u201cSonderpreis Professor Atila \u00d6zel und 3<em>\u00a0\u201c<\/em>lobende Erw\u00e4hnungen\u201d gegeben. Die ins Finale gelangten Werke werden in dieser Kategorie im Sammelbuch ver\u00f6ffentlicht.<\/p><p><em><strong>Die Kategorie f\u00fcr die Jungen Karikaturisten:<\/strong><\/em> Zu dieser Kategorie k\u00f6nnen die 16 j\u00e4hrige und j\u00fcngere Karikaturisten ihre Werke schicken. Die Werke sollen ausdr\u00fccklich bezeichnet werden, dass sie zur \u201cKategorie der jungen Karikaturisten\u201d geschickt worden sind. Eins dieser Werke wird den \u201cErsten Preis\u201d gewinnen und weitere drei Werke werden \u201cLeistungspreis\u201d erhalten. In der Kategorie f\u00fcr die jungen Karikaturisten werden all die ins Finale gelangten Werke im Sammelbuch ver\u00f6ffentlicht.<\/p>\t\t\t\t\t<\/div>\n\t\t\t\t\t\t<\/div>\n\t\t\t\t<\/div>\n\t\t\t\t\t\t<\/div>\n\t\t\t\t\t<\/div>\n\t\t<\/div>\n\t\t\t\t\t\t\t\t<\/div>\n\t\t\t\t\t<\/div>\n\t\t<\/section>\n\t\t\t\t\t\t\t\t\t<\/div>\n\t\t\t<\/div>\n\t\t\t\t\t<\/div>\n\t\t","protected":false},"excerpt":{"rendered":"<p>Im Wettbewerb werden die Werken in zwei Phasen angenommen. Die Kategorie f\u00fcr Erwachsene: Sie ist f\u00fcr die Karikaturisten, die 17 Jahre alt sowie aufw\u00e4rts sind, offen. In dieser Kategorie werden \u201cErster Preis\u201d, \u201cZweiter Preis\u201d, \u201cDritter Preis\u201d, \u201cSonderpreis Professor Atila \u00d6zel und 3\u00a0\u201clobende Erw\u00e4hnungen\u201d gegeben. Die ins Finale gelangten Werke werden in dieser Kategorie im Sammelbuch&hellip;&nbsp;<a href=\"http:\/\/www.tourismcartoon.org\/de\/simdiki-yarisma\/kategoriler\/\" class=\"\" rel=\"bookmark\">Weiterlesen &raquo;<span class=\"screen-reader-text\">Die Kategorie<\/span><\/a><\/p>\n","protected":false},"author":1,"featured_media":0,"parent":155,"menu_order":0,"comment_status":"closed","ping_status":"closed","template":"","meta":{"neve_meta_sidebar":"full-width","neve_meta_container":"","neve_meta_enable_content_width":"on","neve_meta_content_width":100,"neve_meta_title_alignment":"","neve_meta_author_avatar":"","neve_post_elements_order":"","neve_meta_disable_header":"","neve_meta_disable_footer":"","neve_meta_disable_title":"","footnotes":""},"class_list":["post-171","page","type-page","status-publish","hentry"],"_links":{"self":[{"href":"http:\/\/www.tourismcartoon.org\/de\/wp-json\/wp\/v2\/pages\/171","targetHints":{"allow":["GET"]}}],"collection":[{"href":"http:\/\/www.tourismcartoon.org\/de\/wp-json\/wp\/v2\/pages"}],"about":[{"href":"http:\/\/www.tourismcartoon.org\/de\/wp-json\/wp\/v2\/types\/page"}],"author":[{"embeddable":true,"href":"http:\/\/www.tourismcartoon.org\/de\/wp-json\/wp\/v2\/users\/1"}],"replies":[{"embeddable":true,"href":"http:\/\/www.tourismcartoon.org\/de\/wp-json\/wp\/v2\/comments?post=171"}],"version-history":[{"count":17,"href":"http:\/\/www.tourismcartoon.org\/de\/wp-json\/wp\/v2\/pages\/171\/revisions"}],"predecessor-version":[{"id":2877,"href":"http:\/\/www.tourismcartoon.org\/de\/wp-json\/wp\/v2\/pages\/171\/revisions\/2877"}],"up":[{"embeddable":true,"href":"http:\/\/www.tourismcartoon.org\/de\/wp-json\/wp\/v2\/pages\/155"}],"wp:attachment":[{"href":"http:\/\/www.tourismcartoon.org\/de\/wp-json\/wp\/v2\/media?parent=171"}],"curies":[{"name":"wp","href":"https:\/\/api.w.org\/{rel}","templated":true}]}}