{"id":173,"date":"2020-03-31T13:11:33","date_gmt":"2020-03-31T13:11:33","guid":{"rendered":"http:\/\/www.tourismcartoon.org\/?page_id=173"},"modified":"2025-08-13T18:12:10","modified_gmt":"2025-08-13T18:12:10","slug":"karikatur-gonderme","status":"publish","type":"page","link":"http:\/\/www.tourismcartoon.org\/de\/simdiki-yarisma\/karikatur-gonderme\/","title":{"rendered":"Karikatur Senden"},"content":{"rendered":"<p><\/p>\n<h4>F\u00fcr weitere Informationen und Cartoon-Mailings:<\/h4>\n<p><span style=\"color: #ff0000;\"><strong>Anschrift:<\/strong><\/span><\/p>\n<p>Nazmi KOZAK<br \/>\nP.O. Box 87, 06444<br \/>\nYenisehir, Ankara \/ T\u00fcrkiye<\/p>\n<address>\n<address><strong>OR<\/strong><\/address>\n<address>\u00a0<\/address>\n<address><strong><span style=\"color: #ff0000;\">E-mail<\/span>:\u00a0<span style=\"color: #0000ff;\"><a style=\"color: #0000ff;\" href=\"mailto:tourismcartoon@gmail.com\" target=\"_blank\" rel=\"noopener noreferrer\">tourismcartoon@gmail.com<\/a><\/span><\/strong><\/address>\n<address>\u00a0<\/address>\n<address><span style=\"color: #ff0000;\"><strong>Bitte f\u00fcllen Sie das Anmeldeformular aus und senden Sie es ab.<\/strong><\/span><br \/>\n<span style=\"color: #ff0000;\"><strong>Die Werke derjenigen, die das Teilnahmeformular nicht ausf\u00fcllen, werden nicht bewertet.<\/strong><\/span><br \/>\nKlicken Sie auf den Link f\u00fcr<a href=\"https:\/\/anatoliajournal.com\/cartoon\/forms2025\/2025h.docx\" target=\"_blank\" rel=\"noopener\"><span style=\"color: #993300;\"><strong> Anmeldeformular<\/strong><\/span><\/a><\/address>\n<\/address>\n<p><\/p>","protected":false},"excerpt":{"rendered":"<p>F\u00fcr weitere Informationen und Cartoon-Mailings: Anschrift: Nazmi KOZAK P.O. Box 87, 06444 Yenisehir, Ankara \/ T\u00fcrkiye OR \u00a0 E-mail:\u00a0tourismcartoon@gmail.com \u00a0 Bitte f\u00fcllen Sie das Anmeldeformular aus und senden Sie es ab. Die Werke derjenigen, die das Teilnahmeformular nicht ausf\u00fcllen, werden nicht bewertet. Klicken Sie auf den Link f\u00fcr Anmeldeformular<\/p>\n","protected":false},"author":1,"featured_media":0,"parent":155,"menu_order":0,"comment_status":"closed","ping_status":"closed","template":"","meta":{"neve_meta_sidebar":"full-width","neve_meta_container":"","neve_meta_enable_content_width":"on","neve_meta_content_width":100,"neve_meta_title_alignment":"","neve_meta_author_avatar":"","neve_post_elements_order":"","neve_meta_disable_header":"","neve_meta_disable_footer":"","neve_meta_disable_title":"","footnotes":""},"class_list":["post-173","page","type-page","status-publish","hentry"],"_links":{"self":[{"href":"http:\/\/www.tourismcartoon.org\/de\/wp-json\/wp\/v2\/pages\/173","targetHints":{"allow":["GET"]}}],"collection":[{"href":"http:\/\/www.tourismcartoon.org\/de\/wp-json\/wp\/v2\/pages"}],"about":[{"href":"http:\/\/www.tourismcartoon.org\/de\/wp-json\/wp\/v2\/types\/page"}],"author":[{"embeddable":true,"href":"http:\/\/www.tourismcartoon.org\/de\/wp-json\/wp\/v2\/users\/1"}],"replies":[{"embeddable":true,"href":"http:\/\/www.tourismcartoon.org\/de\/wp-json\/wp\/v2\/comments?post=173"}],"version-history":[{"count":79,"href":"http:\/\/www.tourismcartoon.org\/de\/wp-json\/wp\/v2\/pages\/173\/revisions"}],"predecessor-version":[{"id":4071,"href":"http:\/\/www.tourismcartoon.org\/de\/wp-json\/wp\/v2\/pages\/173\/revisions\/4071"}],"up":[{"embeddable":true,"href":"http:\/\/www.tourismcartoon.org\/de\/wp-json\/wp\/v2\/pages\/155"}],"wp:attachment":[{"href":"http:\/\/www.tourismcartoon.org\/de\/wp-json\/wp\/v2\/media?parent=173"}],"curies":[{"name":"wp","href":"https:\/\/api.w.org\/{rel}","templated":true}]}}