{"id":177,"date":"2020-03-31T13:12:06","date_gmt":"2020-03-31T13:12:06","guid":{"rendered":"http:\/\/www.tourismcartoon.org\/?page_id=177"},"modified":"2025-08-02T07:12:59","modified_gmt":"2025-08-02T07:12:59","slug":"degerlendirme-bilgileri","status":"publish","type":"page","link":"http:\/\/www.tourismcartoon.org\/de\/simdiki-yarisma\/degerlendirme-bilgileri\/","title":{"rendered":"Auswertungsinformationen"},"content":{"rendered":"<p><\/p>\n<ol>\n<li>Die an dem Wettbewerb teilnehmenden Werken werden in zwei Phasen ausgewertet.<\/li>\n<li>In der ersten Phase werden alle Werke, die zum Wettbewerb eingereicht wurden, von den Mitgliedern der Auswahlkommission f\u00fcr vorl\u00e4ufige Bewertung ausgewertet. Als Ergebnis dieser Sitzung werden die Arbeiten, die ins Finale gelangen werden, bestimmt. Bei dieser Bewertung werden nicht mehr als 1\/5% der Arbeiten, die zu diesem Wettbewerb eingereicht wurden, ins Finale gelangen.<\/li>\n<li>Vor der zweiten Auswertungsphase werden die ins Finale gelangten Werke zwischen <strong>24.-31. Januar 2026<\/strong>\u00a0im Internet ver\u00f6ffentlicht. Diejenigen Karikaturen, die Plagiate bzw. bereits Preistr\u00e4ger sind, einer anderen Arbeit \u00c4hnlichkeit aufweisen oder gegen sie bereits Einw\u00e4nde liegen, werden von der Auswahlkommission im Falle berechtigter Einw\u00e4nde nicht zum Auswahlverfahren herangezogen.<\/li>\n<li>In der zweiten Phase werden die ins Finale gelangten Werke von den Mitgliedern der Auswahlkommission ausgewertet. Die Auswertung wird in zwei Unterphasen erfolgen. In der ersten Phase werden die Zahl der ins Finale gelangten Werke bis auf 45-50 reduziert und in der letzten Phase werden die Preistr\u00e4ger bestimmt.<\/li>\n<li>Auswertungskriterien: Die Auswertung der zum Wettbewerb eingereichten Arbeiten werden nach folgenden drei Themen durchgef\u00fchrt.<\/li>\n<\/ol>\n<ul>\n<li>Die Wahl- und Angemessenheit des Themas<\/li>\n<li>Die Humorqualit\u00e4t<\/li>\n<li>Die Zeichnungsoriginalit\u00e4t<\/li>\n<\/ul>\n<p><\/p>","protected":false},"excerpt":{"rendered":"<p>Die an dem Wettbewerb teilnehmenden Werken werden in zwei Phasen ausgewertet. In der ersten Phase werden alle Werke, die zum Wettbewerb eingereicht wurden, von den Mitgliedern der Auswahlkommission f\u00fcr vorl\u00e4ufige Bewertung ausgewertet. Als Ergebnis dieser Sitzung werden die Arbeiten, die ins Finale gelangen werden, bestimmt. Bei dieser Bewertung werden nicht mehr als 1\/5% der Arbeiten,&hellip;&nbsp;<a href=\"http:\/\/www.tourismcartoon.org\/de\/simdiki-yarisma\/degerlendirme-bilgileri\/\" class=\"\" rel=\"bookmark\">Weiterlesen &raquo;<span class=\"screen-reader-text\">Auswertungsinformationen<\/span><\/a><\/p>\n","protected":false},"author":1,"featured_media":0,"parent":155,"menu_order":0,"comment_status":"closed","ping_status":"closed","template":"","meta":{"neve_meta_sidebar":"full-width","neve_meta_container":"","neve_meta_enable_content_width":"on","neve_meta_content_width":100,"neve_meta_title_alignment":"","neve_meta_author_avatar":"","neve_post_elements_order":"","neve_meta_disable_header":"","neve_meta_disable_footer":"","neve_meta_disable_title":"","footnotes":""},"class_list":["post-177","page","type-page","status-publish","hentry"],"_links":{"self":[{"href":"http:\/\/www.tourismcartoon.org\/de\/wp-json\/wp\/v2\/pages\/177","targetHints":{"allow":["GET"]}}],"collection":[{"href":"http:\/\/www.tourismcartoon.org\/de\/wp-json\/wp\/v2\/pages"}],"about":[{"href":"http:\/\/www.tourismcartoon.org\/de\/wp-json\/wp\/v2\/types\/page"}],"author":[{"embeddable":true,"href":"http:\/\/www.tourismcartoon.org\/de\/wp-json\/wp\/v2\/users\/1"}],"replies":[{"embeddable":true,"href":"http:\/\/www.tourismcartoon.org\/de\/wp-json\/wp\/v2\/comments?post=177"}],"version-history":[{"count":16,"href":"http:\/\/www.tourismcartoon.org\/de\/wp-json\/wp\/v2\/pages\/177\/revisions"}],"predecessor-version":[{"id":3830,"href":"http:\/\/www.tourismcartoon.org\/de\/wp-json\/wp\/v2\/pages\/177\/revisions\/3830"}],"up":[{"embeddable":true,"href":"http:\/\/www.tourismcartoon.org\/de\/wp-json\/wp\/v2\/pages\/155"}],"wp:attachment":[{"href":"http:\/\/www.tourismcartoon.org\/de\/wp-json\/wp\/v2\/media?parent=177"}],"curies":[{"name":"wp","href":"https:\/\/api.w.org\/{rel}","templated":true}]}}