{"id":183,"date":"2020-03-31T13:12:57","date_gmt":"2020-03-31T13:12:57","guid":{"rendered":"http:\/\/www.tourismcartoon.org\/?page_id=183"},"modified":"2025-08-13T18:10:19","modified_gmt":"2025-08-13T18:10:19","slug":"oduller","status":"publish","type":"page","link":"http:\/\/www.tourismcartoon.org\/de\/simdiki-yarisma\/oduller\/","title":{"rendered":"Auszeichnungen"},"content":{"rendered":"<p><\/p>\n<table style=\"width: 75.2751%; margin: 10px auto; height: 312px;\" border=\"0\">\n<tbody>\n<tr style=\"height: 48px;\">\n<td style=\"width: 112.99%; text-align: center; height: 48px;\" colspan=\"2\"><span style=\"color: #3366ff;\"><strong>DIE KATEGORIE F\u00dcR DIE ERWACHSENEN KARIKATURISTEN<\/strong><\/span><\/td>\n<\/tr>\n<tr style=\"height: 24px;\">\n<td style=\"width: 49.924%; text-align: center; height: 24px;\"><span style=\"color: #993300;\"><strong>Auszeichnung<\/strong><\/span><\/td>\n<td style=\"width: 63.0657%; text-align: center; height: 24px;\"><span style=\"color: #993300;\"><strong>Preise<\/strong><\/span><\/td>\n<\/tr>\n<tr style=\"height: 24px;\">\n<td style=\"width: 49.924%; text-align: center; height: 24px;\"><span style=\"color: #3366ff;\"><strong><em>1. Preis <\/em><\/strong><\/span><\/td>\n<td style=\"width: 63.0657%; text-align: center; height: 24px;\"><span style=\"color: #008080;\"><strong>Hin- und R\u00fcckflugticket nach \u015eanl\u0131urfa und ein f\u00fcnft\u00e4giger Urlaub (f\u00fcr zwei Personen) in \u015eanl\u0131urfa<\/strong><\/span><\/td>\n<\/tr>\n<tr style=\"height: 24px;\">\n<td style=\"width: 49.924%; text-align: center; height: 24px;\"><span style=\"color: #3366ff;\"><strong><em>2. Preis<\/em><\/strong><\/span><\/td>\n<td style=\"width: 63.0657%; text-align: center; height: 24px;\"><span style=\"color: #008080;\"><strong>Hin- und R\u00fcckflugticket nach \u015eanl\u0131urfa und ein f\u00fcnft\u00e4giger Urlaub (f\u00fcr zwei Personen) in \u015eanl\u0131urfa<\/strong><\/span><\/td>\n<\/tr>\n<tr style=\"height: 24px;\">\n<td style=\"width: 49.924%; text-align: center; height: 24px;\"><span style=\"color: #3366ff;\"><strong><em>3. Preis<\/em><\/strong><\/span><\/td>\n<td style=\"width: 63.0657%; text-align: center; height: 24px;\"><span style=\"color: #008080;\"><strong>Hin- und R\u00fcckflugticket nach \u015eanl\u0131urfa und ein f\u00fcnft\u00e4giger Urlaub (f\u00fcr zwei Personen) in \u015eanl\u0131urfa<\/strong><\/span><\/td>\n<\/tr>\n<tr style=\"height: 24px;\">\n<td style=\"width: 49.924%; text-align: center; height: 24px;\"><span style=\"color: #3366ff;\"><strong><em>Sonderpreis Professor Atila \u00d6zer<\/em><\/strong><\/span><\/td>\n<td style=\"width: 63.0657%; text-align: center; height: 24px;\"><span style=\"color: #008080;\"><strong>Hin- und R\u00fcckflugticket nach \u015eanl\u0131urfa und ein f\u00fcnft\u00e4giger Urlaub (f\u00fcr zwei Personen) in \u015eanl\u0131urfa<\/strong><\/span><\/td>\n<\/tr>\n<tr style=\"height: 24px;\">\n<td style=\"width: 49.924%; height: 24px;\"><\/td>\n<td style=\"width: 63.0657%; height: 24px;\"><\/td>\n<\/tr>\n<tr style=\"height: 24px;\">\n<td style=\"width: 112.99%; text-align: center; height: 24px;\" colspan=\"2\"><span style=\"color: #3366ff;\"><strong>DIE KATEGORIE F\u00dcR DIE JUNGEN KARIKATURISTEN<\/strong><\/span><\/td>\n<\/tr>\n<tr style=\"height: 24px;\">\n<td style=\"width: 49.924%; text-align: center; height: 24px;\"><span style=\"color: #993300;\"><strong>Auszeichnung<\/strong><\/span><\/td>\n<td style=\"width: 63.0657%; text-align: center; height: 24px;\"><span style=\"color: #993300;\"><strong>Preise<\/strong><\/span><\/td>\n<\/tr>\n<tr style=\"height: 24px;\">\n<td style=\"width: 49.924%; text-align: center; height: 24px;\"><span style=\"color: #3366ff;\"><strong><em>1. Preis<\/em><\/strong><\/span><\/td>\n<td style=\"width: 63.0657%; text-align: center; height: 24px;\"><strong><span style=\"color: #008080;\">Hin- und R\u00fcckflugticket nach \u015eanl\u0131urfa und ein f\u00fcnft\u00e4giger Urlaub (f\u00fcr zwei Personen) in \u015eanl\u0131urfa<\/span><\/strong><\/td>\n<\/tr>\n<tr style=\"height: 24px;\">\n<td style=\"width: 49.924%; text-align: center; height: 24px;\"><span style=\"color: #3366ff;\"><strong><em>2. Preis<\/em><\/strong><\/span><\/td>\n<td style=\"width: 63.0657%; text-align: center; height: 24px;\"><strong><span style=\"color: #008080;\">Hin- und R\u00fcckflugticket nach \u015eanl\u0131urfa und ein f\u00fcnft\u00e4giger Urlaub (f\u00fcr zwei Personen) in \u015eanl\u0131urfa<\/span><\/strong><\/td>\n<\/tr>\n<tr style=\"height: 24px;\">\n<td style=\"width: 49.924%; text-align: center; height: 24px;\"><span style=\"color: #3366ff;\"><strong><em>3. Preis<\/em><\/strong><\/span><\/td>\n<td style=\"width: 63.0657%; text-align: center; height: 24px;\"><strong><span style=\"color: #008080;\">Hin- und R\u00fcckflugticket nach \u015eanl\u0131urfa und ein f\u00fcnft\u00e4giger Urlaub (f\u00fcr zwei Personen) in \u015eanl\u0131urfa<\/span><\/strong><\/td>\n<\/tr>\n<\/tbody>\n<\/table>\n<p><\/p>","protected":false},"excerpt":{"rendered":"<p>DIE KATEGORIE F\u00dcR DIE ERWACHSENEN KARIKATURISTEN Auszeichnung Preise 1. Preis Hin- und R\u00fcckflugticket nach \u015eanl\u0131urfa und ein f\u00fcnft\u00e4giger Urlaub (f\u00fcr zwei Personen) in \u015eanl\u0131urfa 2. Preis Hin- und R\u00fcckflugticket nach \u015eanl\u0131urfa und ein f\u00fcnft\u00e4giger Urlaub (f\u00fcr zwei Personen) in \u015eanl\u0131urfa 3. Preis Hin- und R\u00fcckflugticket nach \u015eanl\u0131urfa und ein f\u00fcnft\u00e4giger Urlaub (f\u00fcr zwei Personen) in&hellip;&nbsp;<a href=\"http:\/\/www.tourismcartoon.org\/de\/simdiki-yarisma\/oduller\/\" class=\"\" rel=\"bookmark\">Weiterlesen &raquo;<span class=\"screen-reader-text\">Auszeichnungen<\/span><\/a><\/p>\n","protected":false},"author":1,"featured_media":0,"parent":155,"menu_order":0,"comment_status":"closed","ping_status":"closed","template":"","meta":{"neve_meta_sidebar":"full-width","neve_meta_container":"","neve_meta_enable_content_width":"on","neve_meta_content_width":100,"neve_meta_title_alignment":"","neve_meta_author_avatar":"","neve_post_elements_order":"","neve_meta_disable_header":"","neve_meta_disable_footer":"","neve_meta_disable_title":"","footnotes":""},"class_list":["post-183","page","type-page","status-publish","hentry"],"_links":{"self":[{"href":"http:\/\/www.tourismcartoon.org\/de\/wp-json\/wp\/v2\/pages\/183","targetHints":{"allow":["GET"]}}],"collection":[{"href":"http:\/\/www.tourismcartoon.org\/de\/wp-json\/wp\/v2\/pages"}],"about":[{"href":"http:\/\/www.tourismcartoon.org\/de\/wp-json\/wp\/v2\/types\/page"}],"author":[{"embeddable":true,"href":"http:\/\/www.tourismcartoon.org\/de\/wp-json\/wp\/v2\/users\/1"}],"replies":[{"embeddable":true,"href":"http:\/\/www.tourismcartoon.org\/de\/wp-json\/wp\/v2\/comments?post=183"}],"version-history":[{"count":124,"href":"http:\/\/www.tourismcartoon.org\/de\/wp-json\/wp\/v2\/pages\/183\/revisions"}],"predecessor-version":[{"id":3925,"href":"http:\/\/www.tourismcartoon.org\/de\/wp-json\/wp\/v2\/pages\/183\/revisions\/3925"}],"up":[{"embeddable":true,"href":"http:\/\/www.tourismcartoon.org\/de\/wp-json\/wp\/v2\/pages\/155"}],"wp:attachment":[{"href":"http:\/\/www.tourismcartoon.org\/de\/wp-json\/wp\/v2\/media?parent=183"}],"curies":[{"name":"wp","href":"https:\/\/api.w.org\/{rel}","templated":true}]}}