{"id":185,"date":"2020-03-31T13:13:11","date_gmt":"2020-03-31T13:13:11","guid":{"rendered":"http:\/\/www.tourismcartoon.org\/?page_id=185"},"modified":"2025-08-02T07:15:42","modified_gmt":"2025-08-02T07:15:42","slug":"onemli-tarihler","status":"publish","type":"page","link":"http:\/\/www.tourismcartoon.org\/de\/simdiki-yarisma\/onemli-tarihler\/","title":{"rendered":"Wichtige Termine"},"content":{"rendered":"<p><\/p>\n<table style=\"border-collapse: collapse; margin: 10px auto; width: 70%; height: 168px;\">\n<tbody>\n<tr style=\"height: 24px;\">\n<td style=\"width: 50%; text-align: left; height: 24px;\">Anmeldung bis<\/td>\n<td style=\"width: 50%; height: 24px;\"><strong>31. Dezember 2025<\/strong><\/td>\n<\/tr>\n<tr style=\"height: 24px;\">\n<td style=\"width: 50%; text-align: left; height: 24px;\">Versammlung der w\u00e4hlenden Kommission\u00a0(m\u00f6gliche Einw\u00e4nde)<\/td>\n<td style=\"width: 50%; height: 24px;\"><strong>17 Januar 2026<\/strong><\/td>\n<\/tr>\n<tr style=\"height: 24px;\">\n<td style=\"width: 50%; height: 24px;\">Bekanntgabe der Finalisten Cartoons Verk\u00fcndigung der Ergebnisse<\/td>\n<td style=\"width: 50%; height: 24px;\"><strong>24. bis 31. Januar 2026<\/strong><\/td>\n<\/tr>\n<tr style=\"height: 24px;\">\n<td style=\"width: 50%; height: 24px;\">Verk\u00fcndigung der Ergebnisse<\/td>\n<td style=\"width: 50%; height: 24px;\"><strong>April 2026<\/strong><\/td>\n<\/tr>\n<tr style=\"height: 24px;\">\n<td style=\"width: 50%; height: 24px;\">Zeremonie der Preisverleihung<\/td>\n<td style=\"width: 50%; height: 24px;\"><\/td>\n<\/tr>\n<\/tbody>\n<\/table>\n<p><\/p>","protected":false},"excerpt":{"rendered":"<p>Anmeldung bis 31. Dezember 2025 Versammlung der w\u00e4hlenden Kommission\u00a0(m\u00f6gliche Einw\u00e4nde) 17 Januar 2026 Bekanntgabe der Finalisten Cartoons Verk\u00fcndigung der Ergebnisse 24. bis 31. Januar 2026 Verk\u00fcndigung der Ergebnisse April 2026 Zeremonie der Preisverleihung<\/p>\n","protected":false},"author":1,"featured_media":0,"parent":155,"menu_order":0,"comment_status":"closed","ping_status":"closed","template":"","meta":{"neve_meta_sidebar":"full-width","neve_meta_container":"","neve_meta_enable_content_width":"on","neve_meta_content_width":100,"neve_meta_title_alignment":"","neve_meta_author_avatar":"","neve_post_elements_order":"","neve_meta_disable_header":"","neve_meta_disable_footer":"","neve_meta_disable_title":"","footnotes":""},"class_list":["post-185","page","type-page","status-publish","hentry"],"_links":{"self":[{"href":"http:\/\/www.tourismcartoon.org\/de\/wp-json\/wp\/v2\/pages\/185","targetHints":{"allow":["GET"]}}],"collection":[{"href":"http:\/\/www.tourismcartoon.org\/de\/wp-json\/wp\/v2\/pages"}],"about":[{"href":"http:\/\/www.tourismcartoon.org\/de\/wp-json\/wp\/v2\/types\/page"}],"author":[{"embeddable":true,"href":"http:\/\/www.tourismcartoon.org\/de\/wp-json\/wp\/v2\/users\/1"}],"replies":[{"embeddable":true,"href":"http:\/\/www.tourismcartoon.org\/de\/wp-json\/wp\/v2\/comments?post=185"}],"version-history":[{"count":50,"href":"http:\/\/www.tourismcartoon.org\/de\/wp-json\/wp\/v2\/pages\/185\/revisions"}],"predecessor-version":[{"id":3831,"href":"http:\/\/www.tourismcartoon.org\/de\/wp-json\/wp\/v2\/pages\/185\/revisions\/3831"}],"up":[{"embeddable":true,"href":"http:\/\/www.tourismcartoon.org\/de\/wp-json\/wp\/v2\/pages\/155"}],"wp:attachment":[{"href":"http:\/\/www.tourismcartoon.org\/de\/wp-json\/wp\/v2\/media?parent=185"}],"curies":[{"name":"wp","href":"https:\/\/api.w.org\/{rel}","templated":true}]}}