{"id":3381,"date":"2024-05-03T11:26:55","date_gmt":"2024-05-03T11:26:55","guid":{"rendered":"https:\/\/www.tourismcartoon.org\/?page_id=3381"},"modified":"2025-07-12T12:11:33","modified_gmt":"2025-07-12T12:11:33","slug":"english-fifteenth-competition","status":"publish","type":"page","link":"http:\/\/www.tourismcartoon.org\/de\/english-fifteenth-competition\/","title":{"rendered":"F\u00fcnfzehntes Auswahlverfahren-2023"},"content":{"rendered":"<p><strong>Anzahl Contest: <\/strong>15<br \/>\n<strong>Jahr:<\/strong> 2023<br \/>\n<strong>Thema: <\/strong>\u201eBeziehungen zwischen Touristen und Einheimischen am Urlaubsort\u201e<br \/>\n<strong>Kategorien:<\/strong>\u00a0Erwachsene Kategorie, Jugendkategorie<\/p>\n<p><strong>Sent Cartoon Informationen:<br \/>\n<\/strong>Die Zahl der Karikaturen: 684<br \/>\nLand: 46<br \/>\nDie Zahl der K\u00fcnstler: 359<\/p>\n<p><strong>Autor Liste der Absende\u00a0<\/strong><br \/>\nErwachsene Kategorie<a href=\"https:\/\/www.anatoliajournal.com\/cartoon\/2023adult.pdf\" target=\"_blank\" rel=\"noopener\">\u00a0<span style=\"color: #003366;\">(<\/span><span style=\"color: #003366;\"><span style=\"color: #993300;\">klicken Sie hier<\/span>)<\/span><\/a><br \/>\nJugendkategorie\u00a0<a href=\"https:\/\/anatoliajournal.com\/cartoon\/2023youth.pdf\" target=\"_blank\" rel=\"noopener\"><span style=\"font-family: lucida sans unicode, lucida grande, sans-serif;\">(<span style=\"color: #993300;\">klicken<\/span><\/span><span style=\"font-family: 'lucida sans unicode', 'lucida grande', sans-serif; color: #993300;\"> Sie hier)<\/span><\/a><\/p>\n<p><strong>Zeitpunkt und Ort der Preisverleihung:<\/strong>26. April 2023, <a href=\"https:\/\/www.askahotels.com\/aska-lara-resort-spa\/?gad_source=1&amp;gclid=Cj0KCQjwltKxBhDMARIsAG8KnqVndzz_y_4ZmG72B1vQxk8VY3wETs1MCxMCrlGSdhRFU-InE96DcMcaArj5EALw_wcB\" target=\"_blank\" rel=\"noopener\"><span style=\"color: #993300;\">ASKA Lara Resort &amp;Spa<\/span>,<\/a> Antalya, T\u00fcrkei<\/p>\n<p><strong>Die Mitglieder der Jur:<\/strong>Ahmet Aykanat (T\u00fcrkei), Akda\u011f Saydut (T\u00fcrkei), Andrea Lacher-Bryk (\u00d6sterreich), Anne Drenne (Frankreich), Fehmi K\u00f6fteo\u011flu, (T\u00fcrkei), Halit Kurtulmu\u015f (T\u00fcrkei), Irien Trendafilov (Bulgaria), Marco De Angel\u0131s (Italien), Marilena Nard\u0131 (Italien), Mehmet Kahraman (T\u00fcrkei), Mehmet Zeber, (T\u00fcrkei), Michael Kountouris (Griechenland), Muhittin K\u00f6ro\u011flu (T\u00fcrkei), Musa G\u00fcm\u00fc\u015f, (T\u00fcrkei), Ra\u015fit Yakal\u0131 (T\u00fcrkei), Shirin Gholipour (Iran), Vicdan Bulunmaz \u00d6zer (T\u00fcrkei) ve Yasemin G\u00fcler (T\u00fcrkei).<\/p>\n<p><strong><br \/>\nWettbewerb Alben<\/strong><span style=\"color: #993300;\">(klicken Sie hier)<\/span><br \/>\n<strong>Nachrichten in der Presse ver\u00f6ffentlicht\u00a0<\/strong><a href=\"https:\/\/photos.app.goo.gl\/HAXmEA4FY2Uq35rw6\" target=\"_blank\" rel=\"noopener\"><span style=\"color: #993300;\">(klicken Sie hier)<\/span><\/a><br \/>\n<strong>Die Preisverleihung Fotos\u00a0<\/strong><span style=\"color: #993300;\"><a style=\"color: #993300;\" href=\"https:\/\/photos.google.com\/share\/AF1QipNclvS4_lUTuRAH05qbwY4cfwvuhbnjnbbFV2QUzkhP9r3oek3ZPiPRMGxRKPebbg?key=X2dTMzdWZDlxQThXdDhfaU1fdHhtalFqWXAwOEVR\" target=\"_blank\" rel=\"noopener\">(klicken Sie hier)<\/a><br \/>\n<\/span><\/p>\n<p><span style=\"color: #993300;\">\u00a0<\/span><\/p>\n<hr \/>\n<h3 style=\"text-align: center;\"><strong>GEWINNENDE KARIKATUREN<br \/>\n<\/strong><\/h3>\n<h5 style=\"text-align: center;\"><span style=\"color: #0000ff;\"><strong>Die Kategorie F\u00fcr Erwachsene<\/strong><\/span><\/h5>\n<table style=\"border-collapse: collapse; width: 100%; height: 551px;\">\n<tbody>\n<tr style=\"height: 24px;\">\n<td style=\"width: 33.3333%; text-align: center; height: 24px;\"><strong>Erster Preis<\/strong><\/td>\n<td style=\"width: 33.3333%; text-align: center; height: 24px;\"><strong>Zweiter Preis<\/strong><\/td>\n<td style=\"width: 33.3333%; text-align: center; height: 24px;\"><strong>Zweiter Preis<\/strong><\/td>\n<\/tr>\n<tr style=\"height: 262px;\">\n<td style=\"width: 33.3333%; text-align: center; height: 262px;\"><a href=\"http:\/\/www.tourismcartoon.org\/wp-content\/uploads\/2024\/05\/Birinci-Luc-Vernimmen.jpg\"><img loading=\"lazy\" decoding=\"async\" class=\"aligncenter wp-image-3402 \" src=\"http:\/\/www.tourismcartoon.org\/wp-content\/uploads\/2024\/05\/Birinci-Luc-Vernimmen-300x296.jpg\" alt=\"\" width=\"200\" height=\"198\" srcset=\"http:\/\/www.tourismcartoon.org\/wp-content\/uploads\/2024\/05\/Birinci-Luc-Vernimmen-300x296.jpg 300w, http:\/\/www.tourismcartoon.org\/wp-content\/uploads\/2024\/05\/Birinci-Luc-Vernimmen-1024x1011.jpg 1024w, http:\/\/www.tourismcartoon.org\/wp-content\/uploads\/2024\/05\/Birinci-Luc-Vernimmen-150x150.jpg 150w, http:\/\/www.tourismcartoon.org\/wp-content\/uploads\/2024\/05\/Birinci-Luc-Vernimmen-768x758.jpg 768w, http:\/\/www.tourismcartoon.org\/wp-content\/uploads\/2024\/05\/Birinci-Luc-Vernimmen-1536x1517.jpg 1536w, http:\/\/www.tourismcartoon.org\/wp-content\/uploads\/2024\/05\/Birinci-Luc-Vernimmen-2048x2022.jpg 2048w\" sizes=\"auto, (max-width: 200px) 100vw, 200px\" \/><\/a><\/p>\n<p><span style=\"color: #008080;\"><strong>Luc Vernimmen<\/strong><\/span><\/p>\n<p>Belgien<\/td>\n<td style=\"width: 33.3333%; text-align: center; height: 262px;\"><a href=\"http:\/\/www.tourismcartoon.org\/wp-content\/uploads\/2024\/05\/Ikinci-Alla-Chavdar-Ikincilik-odulu.jpg\"><img loading=\"lazy\" decoding=\"async\" class=\"aligncenter wp-image-3403 size-medium\" src=\"http:\/\/www.tourismcartoon.org\/wp-content\/uploads\/2024\/05\/Ikinci-Alla-Chavdar-Ikincilik-odulu-300x211.jpg\" alt=\"\" width=\"300\" height=\"211\" srcset=\"http:\/\/www.tourismcartoon.org\/wp-content\/uploads\/2024\/05\/Ikinci-Alla-Chavdar-Ikincilik-odulu-300x211.jpg 300w, http:\/\/www.tourismcartoon.org\/wp-content\/uploads\/2024\/05\/Ikinci-Alla-Chavdar-Ikincilik-odulu-1024x722.jpg 1024w, http:\/\/www.tourismcartoon.org\/wp-content\/uploads\/2024\/05\/Ikinci-Alla-Chavdar-Ikincilik-odulu-768x541.jpg 768w, http:\/\/www.tourismcartoon.org\/wp-content\/uploads\/2024\/05\/Ikinci-Alla-Chavdar-Ikincilik-odulu.jpg 1145w\" sizes=\"auto, (max-width: 300px) 100vw, 300px\" \/><\/a><\/p>\n<p><span style=\"color: #008080;\"><strong style=\"font-family: inherit; font-size: inherit;\">Alla &amp; Chavdar <\/strong><strong><span class=\"qu\" tabindex=\"-1\" role=\"gridcell\" translate=\"no\"><span class=\"gD\" data-hovercard-id=\"darigeorgiev@gmail.com\" data-hovercard-owner-id=\"33\">Georgiev<\/span><\/span><\/strong><\/span><\/p>\n<p>Bulgarien<\/td>\n<td style=\"width: 33.3333%; text-align: center; height: 262px;\"><a href=\"http:\/\/www.tourismcartoon.org\/wp-content\/uploads\/2024\/05\/Ucunculuk-odulu-Evzen-DAVID.jpg\"><img loading=\"lazy\" decoding=\"async\" class=\"aligncenter wp-image-3404 size-medium\" src=\"http:\/\/www.tourismcartoon.org\/wp-content\/uploads\/2024\/05\/Ucunculuk-odulu-Evzen-DAVID-300x213.jpg\" alt=\"\" width=\"300\" height=\"213\" srcset=\"http:\/\/www.tourismcartoon.org\/wp-content\/uploads\/2024\/05\/Ucunculuk-odulu-Evzen-DAVID-300x213.jpg 300w, http:\/\/www.tourismcartoon.org\/wp-content\/uploads\/2024\/05\/Ucunculuk-odulu-Evzen-DAVID-1024x727.jpg 1024w, http:\/\/www.tourismcartoon.org\/wp-content\/uploads\/2024\/05\/Ucunculuk-odulu-Evzen-DAVID-768x545.jpg 768w, http:\/\/www.tourismcartoon.org\/wp-content\/uploads\/2024\/05\/Ucunculuk-odulu-Evzen-DAVID.jpg 1155w\" sizes=\"auto, (max-width: 300px) 100vw, 300px\" \/><\/a><\/p>\n<p><span style=\"color: #008080;\"><strong style=\"font-family: inherit; font-size: inherit;\"><strong>Ev\u017een David<\/strong><\/strong><\/span><\/p>\n<p>Tschechische Republik<\/td>\n<\/tr>\n<tr style=\"height: 24px;\">\n<td style=\"width: 33.3333%; text-align: center; height: 24px;\"><\/td>\n<td style=\"width: 33.3333%; text-align: center; height: 24px;\"><strong>Profesor Atila Ozer Sonderpreis<\/strong><\/td>\n<td style=\"width: 33.3333%; text-align: center; height: 24px;\"><\/td>\n<\/tr>\n<tr style=\"height: 241px;\">\n<td style=\"width: 33.3333%; text-align: center; height: 241px;\">&nbsp;<\/p>\n<p>&nbsp;<\/td>\n<td style=\"width: 33.3333%; text-align: center; height: 241px;\"><a href=\"http:\/\/www.tourismcartoon.org\/wp-content\/uploads\/2024\/05\/Ozel-odul-Doru-Axinte-Romania-1.jpg\"><img loading=\"lazy\" decoding=\"async\" class=\"aligncenter wp-image-3406 size-medium\" src=\"http:\/\/www.tourismcartoon.org\/wp-content\/uploads\/2024\/05\/Ozel-odul-Doru-Axinte-Romania-1-300x212.jpg\" alt=\"\" width=\"300\" height=\"212\" srcset=\"http:\/\/www.tourismcartoon.org\/wp-content\/uploads\/2024\/05\/Ozel-odul-Doru-Axinte-Romania-1-300x212.jpg 300w, http:\/\/www.tourismcartoon.org\/wp-content\/uploads\/2024\/05\/Ozel-odul-Doru-Axinte-Romania-1-768x543.jpg 768w, http:\/\/www.tourismcartoon.org\/wp-content\/uploads\/2024\/05\/Ozel-odul-Doru-Axinte-Romania-1.jpg 956w\" sizes=\"auto, (max-width: 300px) 100vw, 300px\" \/><\/a><\/p>\n<p><span style=\"color: #008080;\"><strong style=\"font-family: inherit; font-size: inherit;\"><strong>Doru Axinte<\/strong><\/strong><\/span><\/p>\n<p>Romania<\/td>\n<td style=\"width: 33.3333%; text-align: center; height: 241px;\"><\/td>\n<\/tr>\n<\/tbody>\n<\/table>\n<h5 style=\"text-align: center;\"><span style=\"color: #0000ff;\"><strong>Die Kategorie F\u00fcr Die Jungen Karikaturisten<\/strong><\/span><\/h5>\n<table style=\"border-collapse: collapse; width: 100%;\">\n<tbody>\n<tr>\n<td style=\"width: 33.3333%; text-align: center;\"><strong>Erster Preis<\/strong><\/td>\n<td style=\"width: 33.3333%; text-align: center;\"><strong>Zweiter Preis<\/strong><\/td>\n<td style=\"width: 33.3333%; text-align: center;\"><strong>Zweiter Preis<\/strong><\/td>\n<\/tr>\n<tr>\n<td style=\"width: 33.3333%; text-align: center;\"><a href=\"http:\/\/www.tourismcartoon.org\/wp-content\/uploads\/2024\/05\/Birinci-Zeynep-Akyurek-Bursa.jpg\"><img loading=\"lazy\" decoding=\"async\" class=\"aligncenter wp-image-3407 size-medium\" src=\"http:\/\/www.tourismcartoon.org\/wp-content\/uploads\/2024\/05\/Birinci-Zeynep-Akyurek-Bursa-300x218.jpg\" alt=\"\" width=\"300\" height=\"218\" srcset=\"http:\/\/www.tourismcartoon.org\/wp-content\/uploads\/2024\/05\/Birinci-Zeynep-Akyurek-Bursa-300x218.jpg 300w, http:\/\/www.tourismcartoon.org\/wp-content\/uploads\/2024\/05\/Birinci-Zeynep-Akyurek-Bursa-1024x743.jpg 1024w, http:\/\/www.tourismcartoon.org\/wp-content\/uploads\/2024\/05\/Birinci-Zeynep-Akyurek-Bursa-768x558.jpg 768w, http:\/\/www.tourismcartoon.org\/wp-content\/uploads\/2024\/05\/Birinci-Zeynep-Akyurek-Bursa.jpg 1157w\" sizes=\"auto, (max-width: 300px) 100vw, 300px\" \/><\/a><\/p>\n<p><span style=\"color: #008080;\"><strong style=\"font-family: inherit; font-size: inherit;\">Zeynep Aky\u00fcrek<\/strong><\/span><\/p>\n<p>(Alter: 16)<\/p>\n<p>T\u00fcrkei<\/td>\n<td style=\"width: 33.3333%; text-align: center;\"><a href=\"http:\/\/www.tourismcartoon.org\/wp-content\/uploads\/2024\/05\/Ikinci-Sudenur-Kucukbas-Sinop.jpg\"><img loading=\"lazy\" decoding=\"async\" class=\"aligncenter wp-image-3408 size-medium\" src=\"http:\/\/www.tourismcartoon.org\/wp-content\/uploads\/2024\/05\/Ikinci-Sudenur-Kucukbas-Sinop-300x214.jpg\" alt=\"\" width=\"300\" height=\"214\" srcset=\"http:\/\/www.tourismcartoon.org\/wp-content\/uploads\/2024\/05\/Ikinci-Sudenur-Kucukbas-Sinop-300x214.jpg 300w, http:\/\/www.tourismcartoon.org\/wp-content\/uploads\/2024\/05\/Ikinci-Sudenur-Kucukbas-Sinop-1024x732.jpg 1024w, http:\/\/www.tourismcartoon.org\/wp-content\/uploads\/2024\/05\/Ikinci-Sudenur-Kucukbas-Sinop-768x549.jpg 768w, http:\/\/www.tourismcartoon.org\/wp-content\/uploads\/2024\/05\/Ikinci-Sudenur-Kucukbas-Sinop.jpg 1361w\" sizes=\"auto, (max-width: 300px) 100vw, 300px\" \/><\/a><\/p>\n<p><span style=\"color: #008080;\"><strong>Sudenur K\u00fc\u00e7\u00fckba\u015f<\/strong><\/span><\/p>\n<p>(Alter: 16)<\/p>\n<p>T\u00fcrkei<\/td>\n<td style=\"width: 33.3333%; text-align: center;\"><a href=\"http:\/\/www.tourismcartoon.org\/wp-content\/uploads\/2024\/05\/Third-Award-Isil-Efe-Bursa.jpg\"><img loading=\"lazy\" decoding=\"async\" class=\"aligncenter wp-image-3409 size-medium\" src=\"http:\/\/www.tourismcartoon.org\/wp-content\/uploads\/2024\/05\/Third-Award-Isil-Efe-Bursa-300x212.jpg\" alt=\"\" width=\"300\" height=\"212\" srcset=\"http:\/\/www.tourismcartoon.org\/wp-content\/uploads\/2024\/05\/Third-Award-Isil-Efe-Bursa-300x212.jpg 300w, http:\/\/www.tourismcartoon.org\/wp-content\/uploads\/2024\/05\/Third-Award-Isil-Efe-Bursa-1024x724.jpg 1024w, http:\/\/www.tourismcartoon.org\/wp-content\/uploads\/2024\/05\/Third-Award-Isil-Efe-Bursa-768x543.jpg 768w, http:\/\/www.tourismcartoon.org\/wp-content\/uploads\/2024\/05\/Third-Award-Isil-Efe-Bursa.jpg 1158w\" sizes=\"auto, (max-width: 300px) 100vw, 300px\" \/><\/a><\/p>\n<p><span style=\"color: #008080;\"><strong>I\u015f\u0131l Efe<\/strong><\/span><\/p>\n<p>(Alter: 15)<\/p>\n<p>T\u00fcrkei<\/td>\n<\/tr>\n<\/tbody>\n<\/table>\n<hr \/>\n<p>&nbsp;<\/p>","protected":false},"excerpt":{"rendered":"<p>Anzahl Contest: 15 Jahr: 2023 Thema: \u201eBeziehungen zwischen Touristen und Einheimischen am Urlaubsort\u201e Kategorien:\u00a0Erwachsene Kategorie, Jugendkategorie Sent Cartoon Informationen: Die Zahl der Karikaturen: 684 Land: 46 Die Zahl der K\u00fcnstler: 359 Autor Liste der Absende\u00a0 Erwachsene Kategorie\u00a0(klicken Sie hier) Jugendkategorie\u00a0(klicken Sie hier) Zeitpunkt und Ort der Preisverleihung:26. April 2023, ASKA Lara Resort &amp;Spa, Antalya, T\u00fcrkei&hellip;&nbsp;<a href=\"http:\/\/www.tourismcartoon.org\/de\/english-fifteenth-competition\/\" class=\"\" rel=\"bookmark\">Weiterlesen &raquo;<span class=\"screen-reader-text\">F\u00fcnfzehntes Auswahlverfahren-2023<\/span><\/a><\/p>\n","protected":false},"author":1,"featured_media":0,"parent":0,"menu_order":0,"comment_status":"closed","ping_status":"closed","template":"","meta":{"neve_meta_sidebar":"full-width","neve_meta_container":"","neve_meta_enable_content_width":"on","neve_meta_content_width":100,"neve_meta_title_alignment":"","neve_meta_author_avatar":"","neve_post_elements_order":"","neve_meta_disable_header":"","neve_meta_disable_footer":"","neve_meta_disable_title":"","footnotes":""},"class_list":["post-3381","page","type-page","status-publish","hentry"],"_links":{"self":[{"href":"http:\/\/www.tourismcartoon.org\/de\/wp-json\/wp\/v2\/pages\/3381","targetHints":{"allow":["GET"]}}],"collection":[{"href":"http:\/\/www.tourismcartoon.org\/de\/wp-json\/wp\/v2\/pages"}],"about":[{"href":"http:\/\/www.tourismcartoon.org\/de\/wp-json\/wp\/v2\/types\/page"}],"author":[{"embeddable":true,"href":"http:\/\/www.tourismcartoon.org\/de\/wp-json\/wp\/v2\/users\/1"}],"replies":[{"embeddable":true,"href":"http:\/\/www.tourismcartoon.org\/de\/wp-json\/wp\/v2\/comments?post=3381"}],"version-history":[{"count":44,"href":"http:\/\/www.tourismcartoon.org\/de\/wp-json\/wp\/v2\/pages\/3381\/revisions"}],"predecessor-version":[{"id":3758,"href":"http:\/\/www.tourismcartoon.org\/de\/wp-json\/wp\/v2\/pages\/3381\/revisions\/3758"}],"wp:attachment":[{"href":"http:\/\/www.tourismcartoon.org\/de\/wp-json\/wp\/v2\/media?parent=3381"}],"curies":[{"name":"wp","href":"https:\/\/api.w.org\/{rel}","templated":true}]}}