{"id":143,"date":"2020-03-31T13:06:34","date_gmt":"2020-03-31T13:06:34","guid":{"rendered":"http:\/\/www.tourismcartoon.org\/?page_id=143"},"modified":"2020-04-04T21:01:23","modified_gmt":"2020-04-04T21:01:23","slug":"baglantilar","status":"publish","type":"page","link":"http:\/\/www.tourismcartoon.org\/en\/baglantilar\/","title":{"rendered":"Links"},"content":{"rendered":"<p><\/p>\n<ul>\n<li><span style=\"font-family: georgia, palatino, serif;\"><a href=\"http:\/\/www.ekm.anadolu.edu.tr\/\" target=\"_blank\" rel=\"noopener noreferrer\">Anadolu University Museum of Cartoons<\/a><\/span><\/li>\n<li><span style=\"font-family: georgia, palatino, serif;\"><a href=\"http:\/\/www.fumetti.org\/\" target=\"_blank\" rel=\"noopener noreferrer\">Anonima Fumetti<\/a><\/span><\/li>\n<li><span style=\"font-family: georgia, palatino, serif;\"><a href=\"http:\/\/www.manta.com\/c\/mtbvt77\/art-cartoon-association\" target=\"_blank\" rel=\"noopener noreferrer\">Art Cartoon Association<\/a><\/span><\/li>\n<li><span style=\"font-family: georgia, palatino, serif;\"><a href=\"http:\/\/editorialcartoonists.com\/\" target=\"_blank\" rel=\"noopener noreferrer\">Association of American Editorial Cartoonistsq<\/a><\/span><\/li>\n<li><span style=\"font-family: georgia, palatino, serif;\"><a href=\"http:\/\/www.lfb.it\/fff\/index.htm\" target=\"_blank\" rel=\"noopener noreferrer\">Associazione Franco Fossati &#8211; Museo del fumetto<\/a><\/span><\/li>\n<li><span style=\"font-family: georgia, palatino, serif;\"><a href=\"http:\/\/www.abwac.org.au\/\" target=\"_blank\" rel=\"noopener noreferrer\">Australian Cartoonists Club<\/a><\/span><\/li>\n<li><span style=\"font-family: georgia, palatino, serif;\"><a href=\"http:\/\/www.azercartoon.com\/\" target=\"_blank\" rel=\"noopener noreferrer\">Azerbaijan Cartoonists Union<\/a><\/span><\/li>\n<li><span style=\"font-family: georgia, palatino, serif;\"><a href=\"http:\/\/www.bancaras.com\/\" target=\"_blank\" rel=\"noopener noreferrer\">Bangladesh Cartoonist Association<\/a><\/span><\/li>\n<li><span style=\"font-family: georgia, palatino, serif;\"><a href=\"http:\/\/www.barkermuseum.com\/page.asp?PGNM=151\" target=\"_blank\" rel=\"noopener noreferrer\">Barker Character, Comic and Cartoon Museum &#8211; Connecticut<\/a><\/span><\/li>\n<li><span style=\"font-family: georgia, palatino, serif;\"><a href=\"http:\/\/www.brazilcartoon.com\/\" target=\"_blank\" rel=\"noopener noreferrer\">Brazil Cartoon<\/a><\/span><\/li>\n<li><span style=\"font-family: georgia, palatino, serif;\"><a href=\"http:\/\/blogs.telegraph.co.uk\/news\/christianadams\/100019351\/british-cartoonists-association-christmas-beano\/\" target=\"_blank\" rel=\"noopener noreferrer\">British Cartoonists&#8217; Association<\/a><\/span><\/li>\n<li><span style=\"font-family: georgia, palatino, serif;\"><a href=\"http:\/\/www.trabel.com\/brussel\/brussels-museums-comicstrip.htm\" target=\"_blank\" rel=\"noopener noreferrer\">BRUSSELS : Belgian Centre of Comic Strip Art<\/a><\/span><\/li>\n<li><span style=\"font-family: georgia, palatino, serif;\"><a href=\"http:\/\/www.aaacaricatures.com\/\" target=\"_blank\" rel=\"noopener noreferrer\">Caricature Artist&amp;Cartoon Art<\/a><\/span><\/li>\n<li><span style=\"font-family: georgia, palatino, serif;\"><a href=\"http:\/\/cartoonart.org\/\" target=\"_blank\" rel=\"noopener noreferrer\">Cartoon Art Museum &#8211; San Francisco<\/a><\/span><\/li>\n<li><span style=\"font-family: georgia, palatino, serif;\"><a href=\"http:\/\/www.cartoonaustralia.com\/\">Cartoon Australia<\/a><\/span><\/li>\n<li><span style=\"font-family: georgia, palatino, serif;\"><a href=\"http:\/\/cartoonbg.com\/home.html\">Cartoon BG<\/a><\/span><\/li>\n<li><span style=\"font-family: georgia, palatino, serif;\"><a href=\"http:\/\/cartoonbg.com\/home.html\">C<\/a><a href=\"http:\/\/cartoonmag.com\/\">artoon Magazine<\/a><\/span><\/li>\n<li><span style=\"font-family: georgia, palatino, serif;\"><a href=\"http:\/\/www.remotegoat.co.uk\/venue_view.php?uid=23294\">Cartoon Museum, London<\/a><\/span><\/li>\n<li><span style=\"font-family: georgia, palatino, serif;\"><a href=\"http:\/\/www.cartooncenter.net\/\">Cartoon News Center<\/a><\/span><\/li>\n<li><span style=\"font-family: georgia, palatino, serif;\"><a href=\"http:\/\/www.cartoon.ru\/\">Cartoon of Russia lol cartoon<\/a><\/span><\/li>\n<li><span style=\"font-family: georgia, palatino, serif;\"><a href=\"http:\/\/www.rahimcartoon.com\/\">Cartoon World News<\/a><\/span><\/li>\n<li><span style=\"font-family: georgia, palatino, serif;\"><a href=\"http:\/\/www.cartoonblues.com\/index.html\">CartoonBlues.com<\/a><\/span><\/li>\n<li><span style=\"font-family: georgia, palatino, serif;\"><a href=\"http:\/\/www.ict-innovation.fossfa.net\/contactdata\/organisation\/cartoonist-association-botswana\">Cartoonist Association of Botswana<\/a><\/span><\/li>\n<li><span style=\"font-family: georgia, palatino, serif;\"><a href=\"http:\/\/www.cartoon-crn.com\/\">Cartoonist Rights Network<\/a><\/span><\/li>\n<li><span style=\"font-family: georgia, palatino, serif;\"><a href=\"http:\/\/www.ccgb.org.uk\/\">Cartoonists Club of Great Britain<\/a><\/span><\/li>\n<li><span style=\"font-family: georgia, palatino, serif;\"><a href=\"http:\/\/www.cartoonistsnorthwest.com\/\">Cartoonists Northwest<\/a><\/span><\/li>\n<li><span style=\"font-family: georgia, palatino, serif;\"><a href=\"http:\/\/www.cartoonistsrights.org\/\">Cartoonists Rights Network International<\/a><\/span><\/li>\n<li><span style=\"font-family: georgia, palatino, serif;\"><a href=\"http:\/\/cartoonists.gr\/\" target=\"_blank\" rel=\"noopener noreferrer\">Cartoonists.gr<\/a><\/span><\/li>\n<li><span style=\"font-family: georgia, palatino, serif;\"><a href=\"http:\/\/www.schulzmuseum.org\/\" target=\"_blank\" rel=\"noopener noreferrer\">Charles M. Schulz Museum &#8211; Santa Rosa, CA<\/a><\/span><\/li>\n<li><span style=\"font-family: georgia, palatino, serif;\"><a href=\"http:\/\/www.hdk.hr\/\" target=\"_blank\" rel=\"noopener noreferrer\">Croatian Cartoonist Associa<\/a><\/span><\/li>\n<li><span style=\"font-family: georgia, palatino, serif;\"><a href=\"http:\/\/www.donquichotte.org\/content\/view\/2991\/32\/lang,tr\/\">Cyprus Turkish Cartoonistis Association<\/a><\/span><\/li>\n<li><span style=\"font-family: georgia, palatino, serif;\"><a href=\"http:\/\/www.cagle.com\/\">Daryl Cagle&#8217;s Prof Cartoonist<\/a><\/span><\/li>\n<li><span style=\"font-family: georgia, palatino, serif;\"><a href=\"http:\/\/www.fanofunny.com\/guests\/eurohumor\/\">EuroHumor &#8211; Biennale Int. del Sorriso<\/a><\/span><\/li>\n<li><span style=\"font-family: georgia, palatino, serif;\"><a href=\"http:\/\/www.cartoon-media.be\/\">European Association of Animation Film<\/a><\/span><\/li>\n<li><span style=\"font-family: georgia, palatino, serif;\"><a href=\"http:\/\/www.ecc-kruishoutem.be\/\">European Carton Center<\/a><\/span><\/li>\n<li><span style=\"font-family: georgia, palatino, serif;\"><a href=\"http:\/\/www.ecc-kruishoutem.be\/\">European Cartoon Center<\/a><\/span><\/li>\n<li><span style=\"font-family: georgia, palatino, serif;\"><a href=\"http:\/\/www.fanofunny.com\/\">Fanofunny<\/a><\/span><\/li>\n<li><span style=\"font-family: georgia, palatino, serif;\"><a href=\"http:\/\/www.fecocartoon.com\/\">FECO: The Federation of Cartoonists Organisations<\/a><\/span><\/li>\n<li><span style=\"font-family: georgia, palatino, serif;\"><a href=\"http:\/\/fcw.cn\/main.php?sLAN=en\">Free Cartoons Web<\/a><\/span><\/li>\n<li><span style=\"font-family: georgia, palatino, serif;\"><a href=\"http:\/\/www.cartoonists.gr\/\">Greek Cartoonists Association<\/a><\/span><\/li>\n<li><span style=\"font-family: georgia, palatino, serif;\"><a href=\"http:\/\/http\/\/cartoonistsindia.com\/htm\/homage.htm\">Indian Institute of Cartoonist<\/a><\/span><\/li>\n<li><span style=\"font-family: georgia, palatino, serif;\"><a href=\"http:\/\/www.indianink.org\/default.htm\">Indianink<\/a><\/span><\/li>\n<li><span style=\"font-family: georgia, palatino, serif;\"><a href=\"http:\/\/www.humorhouse.bg\/\" target=\"_blank\" rel=\"noopener noreferrer\">International Biennial of Humour and Satire in the Arts &#8211; Gabrovo<\/a><\/span><\/li>\n<li><span style=\"font-family: georgia, palatino, serif;\"><a href=\"http:\/\/scaferli.wixsite.com\/humortoons\">International Cartoon News Center |humorTOONS\u00a0<\/a><\/span><\/li>\n<li><span style=\"font-family: georgia, palatino, serif;\"><a href=\"http:\/\/www.fanofunny.com\/guests\/saloncaricature\/\">International Salon of Caricature<\/a><\/span><\/li>\n<li><span style=\"font-family: georgia, palatino, serif;\"><a href=\"http:\/\/http\/\/www.caricature.org\/\">International Society of Caricature Artists<\/a><\/span><\/li>\n<li><span style=\"font-family: georgia, palatino, serif;\"><a href=\"http:\/\/www.culturalprofiles.net\/japan\/Units\/1014.html\">Japan Cartoonists&#8217; Association<\/a><\/span><\/li>\n<li><span style=\"font-family: georgia, palatino, serif;\"><a href=\"http:\/\/karikaturculerdernegi.com\/2012\/01\/tabrizcartoonkarikatur-yarismasi\/\">Karikat\u00fcrc\u00fcler Derne\u011fi<\/a><\/span><\/li>\n<li><span style=\"font-family: georgia, palatino, serif;\"><a href=\"http:\/\/www.midsouthcartoonists.com\/\">Mid-South Cartoonists Association<\/a><\/span><\/li>\n<li><span style=\"font-family: georgia, palatino, serif;\"><a href=\"http:\/\/www.museosatira.it\/\">Museo della satira e della caricatura<\/a><\/span><\/li>\n<li><span style=\"font-family: georgia, palatino, serif;\"><a href=\"http:\/\/www.moccany.org\/\">Museum of Comic and Cartoon Art (MoCCA) &#8211; New York<\/a><\/span><\/li>\n<li><span style=\"font-family: georgia, palatino, serif;\"><a href=\"http:\/\/www.humorhouse.bg\/\">Museum House of Humour and Satire<\/a><\/span><\/li>\n<li><span style=\"font-family: georgia, palatino, serif;\"><a href=\"http:\/\/muzeumkarykatury.pl\/joomla\/\">Muzeum Karikatury Warszawa<\/a><\/span><\/li>\n<li><span style=\"font-family: georgia, palatino, serif;\"><a href=\"http:\/\/http\/\/karimnagarcartoonists.blogspot.com\/\">Karimnagar Cartoonist Association<\/a><\/span><\/li>\n<li><span style=\"font-family: georgia, palatino, serif;\"><a href=\"http:\/\/www.teachingcomics.org\/\">National Association of Comics Art Educators<\/a><\/span><\/li>\n<li><span style=\"font-family: georgia, palatino, serif;\"><a href=\"http:\/\/www.caricature.org\/isca.php\">National Caricaturist Network<\/a><\/span><\/li>\n<li><span style=\"font-family: georgia, palatino, serif;\"><a href=\"http:\/\/www.humorsapiens.lt\/Association.html\">National cartoonists association Humor Sapiens<\/a><\/span><\/li>\n<li><span style=\"font-family: georgia, palatino, serif;\"><a href=\"http:\/\/http\/\/www.reuben.org\/\">National Cartoonists Society<\/a><\/span><\/li>\n<li><span style=\"font-family: georgia, palatino, serif;\"><a href=\"http:\/\/www.izmirneselimuze.com\/\">Ne\u015fe ve Karikat\u00fcr M\u00fczesi<\/a><\/span><\/li>\n<li><span style=\"font-family: georgia, palatino, serif;\"><a href=\"http:\/\/www.nzcartoons.co.nzx\/\">New Zealand Cartoon Gallery<\/a><\/span><\/li>\n<li><span style=\"font-family: georgia, palatino, serif;\"><a href=\"http:\/\/www.manufacturer.com\/company\/i1338746-Pakarti(Indonesia%20Cartoonist%20Association).html\">Pakarti (Indonesia Cartoonist Association)<\/a><\/span><\/li>\n<li><span style=\"font-family: georgia, palatino, serif;\"><a href=\"http:\/\/tourismcartoon.com\/www.politicalcartoon.co.uk\/\">Political Cartoon Society<\/a><\/span><\/li>\n<li><span style=\"font-family: georgia, palatino, serif;\"><a href=\"http:\/\/http\/\/www.cartoonvirtualmuseum.org\/f_portocartoon.htm\">Portocartoon<\/a><\/span><\/li>\n<li><span style=\"font-family: georgia, palatino, serif;\"><a href=\"http:\/\/www.atilaozermuzeevi.com\/en\/\">Prof. Atila \u00d6zer Karikat\u00fcr Evi<\/a><\/span><\/li>\n<li><span style=\"font-family: georgia, palatino, serif;\"><a href=\"http:\/\/procartoonists.org\/\">Professional Cartoonists&#8217; Organisation<\/a><\/span><\/li>\n<li><span style=\"font-family: georgia, palatino, serif;\"><a href=\"http:\/\/http\/\/razgrad.stormloader.com\/\">Razgrad International Cartoon<\/a><\/span><\/li>\n<li><span style=\"font-family: georgia, palatino, serif;\"><a href=\"http:\/\/http\/\/www.seattlecaricaturist.com\/\">Seattle Caricatures<\/a><\/span><\/li>\n<li><span style=\"font-family: georgia, palatino, serif;\"><a href=\"http:\/\/www.societyillustrators.org\/\">Society of Illustrators<\/a><\/span><\/li>\n<li><span style=\"font-family: georgia, palatino, serif;\"><a href=\"http:\/\/www.collegeart.org\/opportunities\/listing\/6754\/\">Swann Foundation Fellowship in Caricature and Cartoon<\/a><\/span><\/li>\n<li><span style=\"font-family: georgia, palatino, serif;\"><a href=\"http:\/\/www.syriacartoon.com\/\">Syria Cartoon<\/a><\/span><\/li>\n<li><span style=\"font-family: georgia, palatino, serif;\"><a href=\"http:\/\/www.tabrizcartoons.com\/\">Tabriz Cartoon Association Iran<\/a><\/span><\/li>\n<li><span style=\"font-family: georgia, palatino, serif;\"><a href=\"http:\/\/www.facebook.com\/pages\/%E5%8F%B0%E7%81%A3%E8%82%96%E5%83%8F%E6%BC%AB%E7%95%AB%E5%8D%94%E6%9C%83TCATaiwan-Caricature-Association\/269889579690672\" target=\"_blank\" rel=\"noopener noreferrer\">Taiwan Caricature Association<\/a><\/span><\/li>\n<li><span style=\"font-family: georgia, palatino, serif;\"><a href=\"http:\/\/australiancartoonistsassociation.tumblr.com\/\">The ACA Blog<\/a><\/span><\/li>\n<li><span style=\"font-family: georgia, palatino, serif;\"><a href=\"http:\/\/acec.4ormat.com\/home\">The Association of Canadian Editorial Cartoonists<\/a><\/span><\/li>\n<li><span style=\"font-family: georgia, palatino, serif;\"><a href=\"http:\/\/cartoonists.org.au\/\">The Australian Cartoonists Association<\/a><\/span><\/li>\n<li><span style=\"font-family: georgia, palatino, serif;\"><a href=\"http:\/\/cartoonmuseum.org\/\">The Cartoon Museum &#8211; London<\/a><\/span><\/li>\n<li><span style=\"font-family: georgia, palatino, serif;\"><a href=\"http:\/\/www.hdk.hr\/\">The Croatian Cartoonist Association<\/a><\/span><\/li>\n<li><span style=\"font-family: georgia, palatino, serif;\"><a href=\"http:\/\/www.hollywoodcaricaturist.com\/\">The Hollywood Caricaturist<\/a><\/span><\/li>\n<li><span style=\"font-family: georgia, palatino, serif;\"><a href=\"http:\/\/www.cartoonistgroup.com\/subject\/Homeowners%20Association\/3384-The-Homeowners%20Association-Comics-Cartoons.php\">The Homeowners Association Comics and Cartoons<\/a><\/span><\/li>\n<li><span style=\"font-family: georgia, palatino, serif;\"><a href=\"http:\/\/http\/\/www.teachingcomics.org\/\">The National Association of Comics Art Educators<\/a><\/span><\/li>\n<li><span style=\"font-family: georgia, palatino, serif;\"><a href=\"http:\/\/www.cartoon.org.ua\/\">Ukraine cartoonists<\/a><\/span><\/li>\n<li><span style=\"font-family: georgia, palatino, serif;\"><a href=\"http:\/\/www.scribd.com\/doc\/64096809\/Virtual-Women-cartoonist-Association\">Virtual Women cartoonist Association<\/a><\/span><\/li>\n<li><span style=\"font-family: georgia, palatino, serif;\"><a href=\"http:\/\/wanimate.org.au\/\">West Australian Animators Association<\/a><\/span><\/li>\n<li><span style=\"font-family: georgia, palatino, serif;\"><a href=\"http:\/\/www.wittyworld.com\/index.html\">WittyWorld<\/a><\/span><\/li>\n<li><span style=\"font-family: georgia, palatino, serif;\"><a href=\"http:\/\/www.wordsandpictures.org\/\">Words and Pictures Museum cartoons<\/a><\/span><\/li>\n<\/ul>\n<p><\/p>","protected":false},"excerpt":{"rendered":"<p>Anadolu University Museum of Cartoons Anonima Fumetti Art Cartoon Association Association of American Editorial Cartoonistsq Associazione Franco Fossati &#8211; Museo del fumetto Australian Cartoonists Club Azerbaijan Cartoonists Union Bangladesh Cartoonist Association Barker Character, Comic and Cartoon Museum &#8211; Connecticut Brazil Cartoon British Cartoonists&#8217; Association BRUSSELS : Belgian Centre of Comic Strip Art Caricature Artist&amp;Cartoon Art&hellip;&nbsp;<a href=\"http:\/\/www.tourismcartoon.org\/en\/baglantilar\/\" class=\"\" rel=\"bookmark\">Read More &raquo;<span class=\"screen-reader-text\">Links<\/span><\/a><\/p>\n","protected":false},"author":1,"featured_media":0,"parent":0,"menu_order":0,"comment_status":"closed","ping_status":"closed","template":"","meta":{"neve_meta_sidebar":"full-width","neve_meta_container":"","neve_meta_enable_content_width":"on","neve_meta_content_width":100,"neve_meta_title_alignment":"","neve_meta_author_avatar":"","neve_post_elements_order":"","neve_meta_disable_header":"","neve_meta_disable_footer":"","neve_meta_disable_title":"","footnotes":""},"class_list":["post-143","page","type-page","status-publish","hentry"],"_links":{"self":[{"href":"http:\/\/www.tourismcartoon.org\/en\/wp-json\/wp\/v2\/pages\/143","targetHints":{"allow":["GET"]}}],"collection":[{"href":"http:\/\/www.tourismcartoon.org\/en\/wp-json\/wp\/v2\/pages"}],"about":[{"href":"http:\/\/www.tourismcartoon.org\/en\/wp-json\/wp\/v2\/types\/page"}],"author":[{"embeddable":true,"href":"http:\/\/www.tourismcartoon.org\/en\/wp-json\/wp\/v2\/users\/1"}],"replies":[{"embeddable":true,"href":"http:\/\/www.tourismcartoon.org\/en\/wp-json\/wp\/v2\/comments?post=143"}],"version-history":[{"count":17,"href":"http:\/\/www.tourismcartoon.org\/en\/wp-json\/wp\/v2\/pages\/143\/revisions"}],"predecessor-version":[{"id":1026,"href":"http:\/\/www.tourismcartoon.org\/en\/wp-json\/wp\/v2\/pages\/143\/revisions\/1026"}],"wp:attachment":[{"href":"http:\/\/www.tourismcartoon.org\/en\/wp-json\/wp\/v2\/media?parent=143"}],"curies":[{"name":"wp","href":"https:\/\/api.w.org\/{rel}","templated":true}]}}