{"id":183,"date":"2020-03-31T13:12:57","date_gmt":"2020-03-31T13:12:57","guid":{"rendered":"http:\/\/www.tourismcartoon.org\/?page_id=183"},"modified":"2025-08-13T18:10:19","modified_gmt":"2025-08-13T18:10:19","slug":"oduller","status":"publish","type":"page","link":"http:\/\/www.tourismcartoon.org\/en\/simdiki-yarisma\/oduller\/","title":{"rendered":"Awards"},"content":{"rendered":"<p><\/p>\n<table style=\"width: 80.6408%; margin: 10px auto; height: 342px;\" border=\"0\">\n<tbody>\n<tr style=\"height: 24px;\">\n<td style=\"width: 108.868%; text-align: center; height: 24px;\" colspan=\"2\"><span style=\"color: #3366ff;\"><strong>CATEGORY OF ADULT CARTOONISTS<\/strong><\/span><\/td>\n<\/tr>\n<tr style=\"height: 24px;\">\n<td style=\"width: 54.9165%; text-align: center; height: 24px;\"><span style=\"color: #993300;\"><strong>Awards<\/strong><\/span><\/td>\n<td style=\"width: 53.9512%; text-align: center; height: 24px;\"><span style=\"color: #993300;\"><strong>Prizes<\/strong><\/span><\/td>\n<\/tr>\n<tr style=\"height: 96px;\">\n<td style=\"width: 54.9165%; text-align: center; height: 37px;\"><span style=\"color: #3366ff; font-size: 12pt;\"><strong><em>The Grand Award<\/em><\/strong><\/span><\/td>\n<td style=\"width: 53.9512%; text-align: center; height: 37px;\"><span style=\"color: #008080;\"><strong>Round trip flight ticket to \u015eanl\u0131urfa and a five-day (two-person) vacation prize in \u015eanl\u0131urfa<\/strong><\/span><\/td>\n<\/tr>\n<tr style=\"height: 96px;\">\n<td style=\"width: 54.9165%; text-align: center; height: 33px;\"><span style=\"color: #3366ff;\"><strong><em>The Second Award<\/em><\/strong><\/span><\/td>\n<td style=\"width: 53.9512%; text-align: center; height: 33px;\"><span style=\"color: #008080;\"><strong>Round trip flight ticket to \u015eanl\u0131urfa and a five-day (two-person) vacation prize in \u015eanl\u0131urfa<\/strong><\/span><\/td>\n<\/tr>\n<tr style=\"height: 96px;\">\n<td style=\"width: 54.9165%; text-align: center; height: 41px;\"><strong><span style=\"color: #3366ff;\"><em>The Third Award<\/em><\/span><\/strong><\/td>\n<td style=\"width: 53.9512%; text-align: center; height: 41px;\"><span style=\"color: #008080;\"><strong>Round trip flight ticket to \u015eanl\u0131urfa and a five-day (two-person) vacation prize in \u015eanl\u0131urfa<\/strong><\/span><\/td>\n<\/tr>\n<tr style=\"height: 96px;\">\n<td style=\"width: 54.9165%; text-align: center; height: 39px;\"><strong><span style=\"color: #3366ff;\"><em>Professor Atila \u00d6zer Recognition Award<\/em><\/span><\/strong><\/td>\n<td style=\"width: 53.9512%; text-align: center; height: 39px;\"><span style=\"color: #008080;\"><strong>Round trip flight ticket to \u015eanl\u0131urfa and a five-day (two-person) vacation prize in \u015eanl\u0131urfa<\/strong><\/span><\/td>\n<\/tr>\n<tr style=\"height: 24px;\">\n<td style=\"width: 54.9165%; height: 24px;\"><\/td>\n<td style=\"width: 53.9512%; height: 24px;\"><\/td>\n<\/tr>\n<tr style=\"height: 24px;\">\n<td style=\"width: 108.868%; text-align: center; height: 24px;\" colspan=\"2\"><span style=\"color: #3366ff;\"><strong>CATEGORY OF YOUNG CARTOONISTS<\/strong><\/span><\/td>\n<\/tr>\n<tr style=\"height: 24px;\">\n<td style=\"width: 54.9165%; text-align: center; height: 24px;\"><span style=\"color: #993300;\"><strong>Awards<\/strong><\/span><\/td>\n<td style=\"width: 53.9512%; text-align: center; height: 24px;\"><span style=\"color: #993300;\"><strong>Prizes<\/strong><\/span><\/td>\n<\/tr>\n<tr style=\"height: 24px;\">\n<td style=\"width: 54.9165%; text-align: center; height: 24px;\"><strong><span style=\"color: #3366ff;\"><em>The Grand Award<\/em><\/span><\/strong><\/td>\n<td style=\"width: 53.9512%; text-align: center; height: 24px;\"><span style=\"color: #008080;\"><strong>Round trip flight ticket to \u015eanl\u0131urfa and a five-day (two-person) vacation prize in \u015eanl\u0131urfa<\/strong><\/span><\/td>\n<\/tr>\n<tr style=\"height: 24px;\">\n<td style=\"width: 54.9165%; text-align: center; height: 24px;\"><span style=\"color: #3366ff;\"><strong><em>The Second Award<\/em><\/strong><\/span><\/td>\n<td style=\"width: 53.9512%; text-align: center; height: 24px;\"><span style=\"color: #008080;\"><strong>Round trip flight ticket to \u015eanl\u0131urfa and a five-day (two-person) vacation prize in \u015eanl\u0131urfa<\/strong><\/span><\/td>\n<\/tr>\n<tr style=\"height: 24px;\">\n<td style=\"width: 54.9165%; text-align: center; height: 24px;\"><span style=\"color: #3366ff;\"><strong><em>The Third Award<\/em><\/strong><\/span><\/td>\n<td style=\"width: 53.9512%; text-align: center; height: 24px;\"><span style=\"color: #008080;\"><strong>Round trip flight ticket to \u015eanl\u0131urfa and a five-day (two-person) vacation prize in \u015eanl\u0131urfa<\/strong><\/span><\/td>\n<\/tr>\n<\/tbody>\n<\/table>\n<div><\/div>\n<p><\/p>","protected":false},"excerpt":{"rendered":"<p>CATEGORY OF ADULT CARTOONISTS Awards Prizes The Grand Award Round trip flight ticket to \u015eanl\u0131urfa and a five-day (two-person) vacation prize in \u015eanl\u0131urfa The Second Award Round trip flight ticket to \u015eanl\u0131urfa and a five-day (two-person) vacation prize in \u015eanl\u0131urfa The Third Award Round trip flight ticket to \u015eanl\u0131urfa and a five-day (two-person) vacation prize&hellip;&nbsp;<a href=\"http:\/\/www.tourismcartoon.org\/en\/simdiki-yarisma\/oduller\/\" class=\"\" rel=\"bookmark\">Read More &raquo;<span class=\"screen-reader-text\">Awards<\/span><\/a><\/p>\n","protected":false},"author":1,"featured_media":0,"parent":155,"menu_order":0,"comment_status":"closed","ping_status":"closed","template":"","meta":{"neve_meta_sidebar":"full-width","neve_meta_container":"","neve_meta_enable_content_width":"on","neve_meta_content_width":100,"neve_meta_title_alignment":"","neve_meta_author_avatar":"","neve_post_elements_order":"","neve_meta_disable_header":"","neve_meta_disable_footer":"","neve_meta_disable_title":"","footnotes":""},"class_list":["post-183","page","type-page","status-publish","hentry"],"_links":{"self":[{"href":"http:\/\/www.tourismcartoon.org\/en\/wp-json\/wp\/v2\/pages\/183","targetHints":{"allow":["GET"]}}],"collection":[{"href":"http:\/\/www.tourismcartoon.org\/en\/wp-json\/wp\/v2\/pages"}],"about":[{"href":"http:\/\/www.tourismcartoon.org\/en\/wp-json\/wp\/v2\/types\/page"}],"author":[{"embeddable":true,"href":"http:\/\/www.tourismcartoon.org\/en\/wp-json\/wp\/v2\/users\/1"}],"replies":[{"embeddable":true,"href":"http:\/\/www.tourismcartoon.org\/en\/wp-json\/wp\/v2\/comments?post=183"}],"version-history":[{"count":124,"href":"http:\/\/www.tourismcartoon.org\/en\/wp-json\/wp\/v2\/pages\/183\/revisions"}],"predecessor-version":[{"id":3925,"href":"http:\/\/www.tourismcartoon.org\/en\/wp-json\/wp\/v2\/pages\/183\/revisions\/3925"}],"up":[{"embeddable":true,"href":"http:\/\/www.tourismcartoon.org\/en\/wp-json\/wp\/v2\/pages\/155"}],"wp:attachment":[{"href":"http:\/\/www.tourismcartoon.org\/en\/wp-json\/wp\/v2\/media?parent=183"}],"curies":[{"name":"wp","href":"https:\/\/api.w.org\/{rel}","templated":true}]}}