{"id":2505,"date":"2022-06-12T12:40:51","date_gmt":"2022-06-12T12:40:51","guid":{"rendered":"http:\/\/www.tourismcartoon.org\/?page_id=2505"},"modified":"2025-08-04T13:59:53","modified_gmt":"2025-08-04T13:59:53","slug":"francais-on-ucuncu-uluslararasi-turizm-karikaturleri-yarismasi-2021","status":"publish","type":"page","link":"http:\/\/www.tourismcartoon.org\/en\/francais-on-ucuncu-uluslararasi-turizm-karikaturleri-yarismasi-2021\/","title":{"rendered":"Thirteenth International Tourism Cartoon Competition \u2013 2021"},"content":{"rendered":"<p><strong>Number of competition: <\/strong>13<br \/>\n<strong>Year:<\/strong> 2021<br \/>\n<strong>Theme:<\/strong> Workers in the tourism industry<br \/>\n<strong>Categories:<\/strong> Adults Category, Youth Category<\/p>\n<p><strong>Information on submitted cartoons:<br \/>\n<\/strong>Number of submitted cartoons: 744<br \/>\nNumber of countries: 56<br \/>\nNumber of cartoonists: 400<\/p>\n<p><strong>Lists of submitted cartoons:<\/strong><br \/>\n<strong>Adult <\/strong><span style=\"color: #993300;\">(click here)<\/span><br \/>\n<strong>Youth <\/strong><span style=\"color: #993300;\"><a style=\"color: #993300;\" href=\"https:\/\/anatoliajournal.com\/cartoon\/2021youth.pdf\" target=\"_blank\" rel=\"noopener noreferrer\">(click here)<\/a><\/span><\/p>\n<p><strong>Award ceremony venue: <\/strong>May 13, 2022, Titanic Beach Lara, Antalya, Turkey<\/p>\n<p><strong>Selection committee members: <\/strong>Ahmet AYKANAT (Turkey), Akda\u011f SAYDUT (Turkey), Ali MIRAEE (Iran), C\u00fcneyt MENG\u00dc (Turkey), Fehmi K\u00d6FTEO\u011eLU (Turkey), Halit KURTULMU\u015e (Turkey), Leila ALAIY (Iran), Lubomir MIHAILOV (Bulgaria), Marilena NARDI (Italy), Mehmet KAHRAMAN (Turkey), Mehmet ZEBER (Turkey), Muhittin K\u00d6RO\u011eLU (Turkey), Musa AL\u0130O\u011eLU (Turkey), Musa G\u00dcM\u00dc\u015e (Turkey), Ra\u015fit YAKALI (Turkey), Valeriu KURTU (Germany), Vicdan BULUNMAZ \u00d6ZER (Turkey), Vladimir KAZANEVSKY (Ukraine)<\/p>\n<p><strong>Competition book <\/strong><span style=\"color: #993300;\"><a style=\"color: #993300;\" href=\"http:\/\/www.anatoliajournal.com\/cartoon\/book2021.pdf\" target=\"_blank\" rel=\"noopener noreferrer\">(click here)<\/a><\/span><br \/>\n<strong>News published about the competition<\/strong><span style=\"color: #993300;\"><a style=\"color: #993300;\" href=\"https:\/\/photos.google.com\/share\/AF1QipMurUc7l1O2mEvQsoeD_J1Nd7npjUHiWKFx90O9v4v0yfN1kBNxLHJkpHt_wG0ELQ?key=U3FvaGxCNF8wNjlEMFVLUGZVYnBFcUNVZE16dlB3\" target=\"_blank\" rel=\"noopener noreferrer\">(click here)<\/a><\/span><br \/>\n<strong>Photos of award ceremony\u00a0<\/strong><span style=\"color: #993300;\"><a href=\"https:\/\/photos.google.com\/share\/AF1QipOzdIS_hsmXHGSxK7ClK5DoKYuPSmjgQH_sZVAab4G9bcvivz6mauNNZIVI_U_7aQ?key=SFVObG9VZ2dKWDJ4MElnRG13XzV2bGY2ZXdSMVpR\" target=\"_blank\" rel=\"noopener\">(click here)<\/a><br \/>\n<span style=\"color: #000000;\"><strong>Video\u00a0<\/strong><\/span>(click here)<br \/>\n<\/span><\/p>\n<hr \/>\n<h3 style=\"text-align: center;\"><strong>AWARDED CARTOONS<\/strong><\/h3>\n<h5 style=\"text-align: center;\"><span style=\"color: #0000ff;\"><strong>Adult Category<\/strong><\/span><\/h5>\n<table style=\"border-collapse: collapse; width: 100%; height: 551px;\">\n<tbody>\n<tr style=\"height: 24px;\">\n<td style=\"width: 33.3333%; text-align: center; height: 24px;\"><strong>The Grand Award<\/strong><\/td>\n<td style=\"width: 33.3333%; text-align: center; height: 24px;\"><strong>The Second Award<\/strong><\/td>\n<td style=\"width: 33.3333%; text-align: center; height: 24px;\"><strong>The Third Award<\/strong><\/td>\n<\/tr>\n<tr style=\"height: 262px;\">\n<td style=\"width: 33.3333%; text-align: center; height: 262px;\"><a href=\"http:\/\/www.tourismcartoon.org\/wp-content\/uploads\/2022\/04\/Birinci-Nikola-Listes-2-scaled.jpg\"><img loading=\"lazy\" decoding=\"async\" class=\"aligncenter wp-image-2333 \" src=\"http:\/\/www.tourismcartoon.org\/wp-content\/uploads\/2022\/04\/Birinci-Nikola-Listes-2-209x300.jpg\" alt=\"\" width=\"160\" height=\"230\" srcset=\"http:\/\/www.tourismcartoon.org\/wp-content\/uploads\/2022\/04\/Birinci-Nikola-Listes-2-209x300.jpg 209w, http:\/\/www.tourismcartoon.org\/wp-content\/uploads\/2022\/04\/Birinci-Nikola-Listes-2-713x1024.jpg 713w, http:\/\/www.tourismcartoon.org\/wp-content\/uploads\/2022\/04\/Birinci-Nikola-Listes-2-768x1103.jpg 768w, http:\/\/www.tourismcartoon.org\/wp-content\/uploads\/2022\/04\/Birinci-Nikola-Listes-2-1070x1536.jpg 1070w, http:\/\/www.tourismcartoon.org\/wp-content\/uploads\/2022\/04\/Birinci-Nikola-Listes-2-1427x2048.jpg 1427w, http:\/\/www.tourismcartoon.org\/wp-content\/uploads\/2022\/04\/Birinci-Nikola-Listes-2-scaled.jpg 1783w\" sizes=\"auto, (max-width: 160px) 100vw, 160px\" \/><\/a><\/p>\n<p><span style=\"color: #008080;\"><strong>Nikola Listes<\/strong><\/span><\/p>\n<p><span style=\"color: #666699;\"><em>Croatia<\/em><\/span><\/td>\n<td style=\"width: 33.3333%; text-align: center; height: 262px;\"><a href=\"http:\/\/www.tourismcartoon.org\/wp-content\/uploads\/2022\/04\/\u0130kinci-Alla-Chavdar-2021-1-scaled.jpg\"><img loading=\"lazy\" decoding=\"async\" class=\"aligncenter wp-image-2334 size-medium\" src=\"http:\/\/www.tourismcartoon.org\/wp-content\/uploads\/2022\/04\/\u0130kinci-Alla-Chavdar-2021-1-300x212.jpg\" alt=\"\" width=\"300\" height=\"212\" srcset=\"http:\/\/www.tourismcartoon.org\/wp-content\/uploads\/2022\/04\/\u0130kinci-Alla-Chavdar-2021-1-300x212.jpg 300w, http:\/\/www.tourismcartoon.org\/wp-content\/uploads\/2022\/04\/\u0130kinci-Alla-Chavdar-2021-1-1024x724.jpg 1024w, http:\/\/www.tourismcartoon.org\/wp-content\/uploads\/2022\/04\/\u0130kinci-Alla-Chavdar-2021-1-768x543.jpg 768w, http:\/\/www.tourismcartoon.org\/wp-content\/uploads\/2022\/04\/\u0130kinci-Alla-Chavdar-2021-1-1536x1086.jpg 1536w, http:\/\/www.tourismcartoon.org\/wp-content\/uploads\/2022\/04\/\u0130kinci-Alla-Chavdar-2021-1-2048x1448.jpg 2048w\" sizes=\"auto, (max-width: 300px) 100vw, 300px\" \/><\/a><\/p>\n<p><span style=\"color: #008080;\"><strong>Alla &amp; Chavdar <\/strong><\/span><\/p>\n<p><em><span style=\"color: #666699;\">Bulgaria<\/span><\/em><\/td>\n<td style=\"width: 33.3333%; text-align: center; height: 262px;\"><a href=\"http:\/\/www.tourismcartoon.org\/wp-content\/uploads\/2022\/04\/\u00dc\u00e7\u00fcnc\u00fc-Engin-Sel\u00e7uk-scaled.jpg\"><img loading=\"lazy\" decoding=\"async\" class=\"aligncenter wp-image-2335 \" src=\"http:\/\/www.tourismcartoon.org\/wp-content\/uploads\/2022\/04\/\u00dc\u00e7\u00fcnc\u00fc-Engin-Sel\u00e7uk-214x300.jpg\" alt=\"\" width=\"175\" height=\"245\" srcset=\"http:\/\/www.tourismcartoon.org\/wp-content\/uploads\/2022\/04\/\u00dc\u00e7\u00fcnc\u00fc-Engin-Sel\u00e7uk-214x300.jpg 214w, http:\/\/www.tourismcartoon.org\/wp-content\/uploads\/2022\/04\/\u00dc\u00e7\u00fcnc\u00fc-Engin-Sel\u00e7uk-729x1024.jpg 729w, http:\/\/www.tourismcartoon.org\/wp-content\/uploads\/2022\/04\/\u00dc\u00e7\u00fcnc\u00fc-Engin-Sel\u00e7uk-768x1078.jpg 768w, http:\/\/www.tourismcartoon.org\/wp-content\/uploads\/2022\/04\/\u00dc\u00e7\u00fcnc\u00fc-Engin-Sel\u00e7uk-1094x1536.jpg 1094w, http:\/\/www.tourismcartoon.org\/wp-content\/uploads\/2022\/04\/\u00dc\u00e7\u00fcnc\u00fc-Engin-Sel\u00e7uk-1459x2048.jpg 1459w, http:\/\/www.tourismcartoon.org\/wp-content\/uploads\/2022\/04\/\u00dc\u00e7\u00fcnc\u00fc-Engin-Sel\u00e7uk-scaled.jpg 1824w\" sizes=\"auto, (max-width: 175px) 100vw, 175px\" \/><\/a><\/p>\n<p><span style=\"color: #008080;\"><strong style=\"font-family: inherit; font-size: inherit;\">Engin Sel\u00e7uk<\/strong><\/span><\/p>\n<p><span style=\"color: #666699;\"><em>Turkey<\/em><\/span><\/td>\n<\/tr>\n<tr style=\"height: 24px;\">\n<td style=\"width: 33.3333%; text-align: center; height: 24px;\"><\/td>\n<td style=\"width: 33.3333%; text-align: center; height: 24px;\"><strong>Professor Atila \u00d6zer <\/strong><strong>Recognition Award<\/strong><\/td>\n<td style=\"width: 33.3333%; text-align: center; height: 24px;\"><\/td>\n<\/tr>\n<tr style=\"height: 241px;\">\n<td style=\"width: 33.3333%; text-align: center; height: 241px;\">&nbsp;<\/p>\n<p>&nbsp;<\/td>\n<td style=\"width: 33.3333%; text-align: center; height: 241px;\"><a href=\"http:\/\/www.tourismcartoon.org\/wp-content\/uploads\/2022\/04\/\u00d6zel-\u00f6d\u00fcl-Marco-De-Angelis-Italy-Reception-scaled.jpg\"><img loading=\"lazy\" decoding=\"async\" class=\"aligncenter wp-image-2336\" src=\"http:\/\/www.tourismcartoon.org\/wp-content\/uploads\/2022\/04\/\u00d6zel-\u00f6d\u00fcl-Marco-De-Angelis-Italy-Reception-208x300.jpg\" alt=\"\" width=\"174\" height=\"251\" srcset=\"http:\/\/www.tourismcartoon.org\/wp-content\/uploads\/2022\/04\/\u00d6zel-\u00f6d\u00fcl-Marco-De-Angelis-Italy-Reception-208x300.jpg 208w, http:\/\/www.tourismcartoon.org\/wp-content\/uploads\/2022\/04\/\u00d6zel-\u00f6d\u00fcl-Marco-De-Angelis-Italy-Reception-710x1024.jpg 710w, http:\/\/www.tourismcartoon.org\/wp-content\/uploads\/2022\/04\/\u00d6zel-\u00f6d\u00fcl-Marco-De-Angelis-Italy-Reception-768x1107.jpg 768w, http:\/\/www.tourismcartoon.org\/wp-content\/uploads\/2022\/04\/\u00d6zel-\u00f6d\u00fcl-Marco-De-Angelis-Italy-Reception-1066x1536.jpg 1066w, http:\/\/www.tourismcartoon.org\/wp-content\/uploads\/2022\/04\/\u00d6zel-\u00f6d\u00fcl-Marco-De-Angelis-Italy-Reception-1421x2048.jpg 1421w, http:\/\/www.tourismcartoon.org\/wp-content\/uploads\/2022\/04\/\u00d6zel-\u00f6d\u00fcl-Marco-De-Angelis-Italy-Reception-scaled.jpg 1776w\" sizes=\"auto, (max-width: 174px) 100vw, 174px\" \/><\/a><\/p>\n<p><span style=\"color: #008080;\"><strong style=\"font-family: inherit; font-size: inherit;\"><strong>Marco De Angelis<\/strong><\/strong><\/span><\/p>\n<p><span style=\"color: #666699;\"><em><span style=\"font-family: inherit; font-size: inherit;\">\u0130taly<\/span><\/em><\/span><\/td>\n<td style=\"width: 33.3333%; text-align: center; height: 241px;\"><\/td>\n<\/tr>\n<\/tbody>\n<\/table>\n<h5 style=\"text-align: center;\"><span style=\"color: #0000ff;\"><strong>Youth Category<\/strong><\/span><\/h5>\n<table style=\"border-collapse: collapse; width: 100%;\">\n<tbody>\n<tr>\n<td style=\"width: 33.3333%; text-align: center;\"><strong>The Grand Award<\/strong><\/td>\n<td style=\"width: 33.3333%; text-align: center;\"><strong>The Second Award<\/strong><\/td>\n<td style=\"width: 33.3333%; text-align: center;\"><strong>The Third Award<\/strong><\/td>\n<\/tr>\n<tr>\n<td style=\"width: 33.3333%; text-align: center;\"><a href=\"http:\/\/www.tourismcartoon.org\/wp-content\/uploads\/2022\/04\/Birinci-Hasti-Soltani-scaled.jpg\"><img loading=\"lazy\" decoding=\"async\" class=\"aligncenter wp-image-2341 \" src=\"http:\/\/www.tourismcartoon.org\/wp-content\/uploads\/2022\/04\/Birinci-Hasti-Soltani-207x300.jpg\" alt=\"\" width=\"147\" height=\"213\" srcset=\"http:\/\/www.tourismcartoon.org\/wp-content\/uploads\/2022\/04\/Birinci-Hasti-Soltani-207x300.jpg 207w, http:\/\/www.tourismcartoon.org\/wp-content\/uploads\/2022\/04\/Birinci-Hasti-Soltani-706x1024.jpg 706w, http:\/\/www.tourismcartoon.org\/wp-content\/uploads\/2022\/04\/Birinci-Hasti-Soltani-768x1114.jpg 768w, http:\/\/www.tourismcartoon.org\/wp-content\/uploads\/2022\/04\/Birinci-Hasti-Soltani-1059x1536.jpg 1059w, http:\/\/www.tourismcartoon.org\/wp-content\/uploads\/2022\/04\/Birinci-Hasti-Soltani-1412x2048.jpg 1412w, http:\/\/www.tourismcartoon.org\/wp-content\/uploads\/2022\/04\/Birinci-Hasti-Soltani-scaled.jpg 1765w\" sizes=\"auto, (max-width: 147px) 100vw, 147px\" \/><\/a><\/p>\n<p><span style=\"color: #008080;\"><strong style=\"font-family: inherit; font-size: inherit;\">Hassti Soltani<\/strong><\/span><\/p>\n<p>(age: 10)<\/p>\n<p><span style=\"color: #666699;\"><em>Iran<\/em><\/span><\/td>\n<td style=\"width: 33.3333%; text-align: center;\"><a href=\"http:\/\/www.tourismcartoon.org\/wp-content\/uploads\/2022\/04\/\u0130kinci-\u00dcmm\u00fchan-Zeynep-Aky\u00fcrek-1-scaled.jpg\"><img loading=\"lazy\" decoding=\"async\" class=\"aligncenter wp-image-2345 size-medium\" src=\"http:\/\/www.tourismcartoon.org\/wp-content\/uploads\/2022\/04\/\u0130kinci-\u00dcmm\u00fchan-Zeynep-Aky\u00fcrek-1-300x211.jpg\" alt=\"\" width=\"300\" height=\"211\" srcset=\"http:\/\/www.tourismcartoon.org\/wp-content\/uploads\/2022\/04\/\u0130kinci-\u00dcmm\u00fchan-Zeynep-Aky\u00fcrek-1-300x211.jpg 300w, http:\/\/www.tourismcartoon.org\/wp-content\/uploads\/2022\/04\/\u0130kinci-\u00dcmm\u00fchan-Zeynep-Aky\u00fcrek-1-1024x719.jpg 1024w, http:\/\/www.tourismcartoon.org\/wp-content\/uploads\/2022\/04\/\u0130kinci-\u00dcmm\u00fchan-Zeynep-Aky\u00fcrek-1-768x540.jpg 768w, http:\/\/www.tourismcartoon.org\/wp-content\/uploads\/2022\/04\/\u0130kinci-\u00dcmm\u00fchan-Zeynep-Aky\u00fcrek-1-1536x1079.jpg 1536w, http:\/\/www.tourismcartoon.org\/wp-content\/uploads\/2022\/04\/\u0130kinci-\u00dcmm\u00fchan-Zeynep-Aky\u00fcrek-1-2048x1439.jpg 2048w\" sizes=\"auto, (max-width: 300px) 100vw, 300px\" \/><\/a><\/p>\n<p><span style=\"color: #008080;\"><strong>\u00dcmm\u00fchan Zeynep Aky\u00fcrek<\/strong><\/span><\/p>\n<p>(age: 14)<\/p>\n<p><span style=\"color: #666699;\">Turkey<\/span><\/td>\n<td style=\"width: 33.3333%; text-align: center;\"><a href=\"http:\/\/www.tourismcartoon.org\/wp-content\/uploads\/2022\/04\/\u00dc\u00e7\u00fcnc\u00fc-Poyraz-Din-1-scaled.jpg\"><img loading=\"lazy\" decoding=\"async\" class=\"aligncenter wp-image-2346 size-medium\" src=\"http:\/\/www.tourismcartoon.org\/wp-content\/uploads\/2022\/04\/\u00dc\u00e7\u00fcnc\u00fc-Poyraz-Din-1-300x212.jpg\" alt=\"\" width=\"300\" height=\"212\" srcset=\"http:\/\/www.tourismcartoon.org\/wp-content\/uploads\/2022\/04\/\u00dc\u00e7\u00fcnc\u00fc-Poyraz-Din-1-300x212.jpg 300w, http:\/\/www.tourismcartoon.org\/wp-content\/uploads\/2022\/04\/\u00dc\u00e7\u00fcnc\u00fc-Poyraz-Din-1-1024x725.jpg 1024w, http:\/\/www.tourismcartoon.org\/wp-content\/uploads\/2022\/04\/\u00dc\u00e7\u00fcnc\u00fc-Poyraz-Din-1-768x543.jpg 768w, http:\/\/www.tourismcartoon.org\/wp-content\/uploads\/2022\/04\/\u00dc\u00e7\u00fcnc\u00fc-Poyraz-Din-1-1536x1087.jpg 1536w, http:\/\/www.tourismcartoon.org\/wp-content\/uploads\/2022\/04\/\u00dc\u00e7\u00fcnc\u00fc-Poyraz-Din-1-2048x1449.jpg 2048w\" sizes=\"auto, (max-width: 300px) 100vw, 300px\" \/><\/a><\/p>\n<p><span style=\"color: #008080;\"><strong>Poyraz Din<\/strong><\/span><\/p>\n<p>(age: 12)<\/p>\n<p><em><span style=\"color: #666699;\">Turkey<\/span><\/em><\/td>\n<\/tr>\n<\/tbody>\n<\/table>\n<hr \/>\n<p>&nbsp;<\/p>","protected":false},"excerpt":{"rendered":"<p>Number of competition: 13 Year: 2021 Theme: Workers in the tourism industry Categories: Adults Category, Youth Category Information on submitted cartoons: Number of submitted cartoons: 744 Number of countries: 56 Number of cartoonists: 400 Lists of submitted cartoons: Adult (click here) Youth (click here) Award ceremony venue: May 13, 2022, Titanic Beach Lara, Antalya, Turkey&hellip;&nbsp;<a href=\"http:\/\/www.tourismcartoon.org\/en\/francais-on-ucuncu-uluslararasi-turizm-karikaturleri-yarismasi-2021\/\" class=\"\" rel=\"bookmark\">Read More &raquo;<span class=\"screen-reader-text\">Thirteenth International Tourism Cartoon Competition \u2013 2021<\/span><\/a><\/p>\n","protected":false},"author":1,"featured_media":0,"parent":0,"menu_order":0,"comment_status":"closed","ping_status":"closed","template":"","meta":{"neve_meta_sidebar":"full-width","neve_meta_container":"","neve_meta_enable_content_width":"on","neve_meta_content_width":100,"neve_meta_title_alignment":"","neve_meta_author_avatar":"","neve_post_elements_order":"","neve_meta_disable_header":"","neve_meta_disable_footer":"","neve_meta_disable_title":"","footnotes":""},"class_list":["post-2505","page","type-page","status-publish","hentry"],"_links":{"self":[{"href":"http:\/\/www.tourismcartoon.org\/en\/wp-json\/wp\/v2\/pages\/2505","targetHints":{"allow":["GET"]}}],"collection":[{"href":"http:\/\/www.tourismcartoon.org\/en\/wp-json\/wp\/v2\/pages"}],"about":[{"href":"http:\/\/www.tourismcartoon.org\/en\/wp-json\/wp\/v2\/types\/page"}],"author":[{"embeddable":true,"href":"http:\/\/www.tourismcartoon.org\/en\/wp-json\/wp\/v2\/users\/1"}],"replies":[{"embeddable":true,"href":"http:\/\/www.tourismcartoon.org\/en\/wp-json\/wp\/v2\/comments?post=2505"}],"version-history":[{"count":15,"href":"http:\/\/www.tourismcartoon.org\/en\/wp-json\/wp\/v2\/pages\/2505\/revisions"}],"predecessor-version":[{"id":3902,"href":"http:\/\/www.tourismcartoon.org\/en\/wp-json\/wp\/v2\/pages\/2505\/revisions\/3902"}],"wp:attachment":[{"href":"http:\/\/www.tourismcartoon.org\/en\/wp-json\/wp\/v2\/media?parent=2505"}],"curies":[{"name":"wp","href":"https:\/\/api.w.org\/{rel}","templated":true}]}}