{"id":3235,"date":"2023-08-19T19:59:15","date_gmt":"2023-08-19T19:59:15","guid":{"rendered":"http:\/\/www.tourismcartoon.org\/?page_id=3235"},"modified":"2025-07-13T10:03:10","modified_gmt":"2025-07-13T10:03:10","slug":"on-dorduncu-yarisma","status":"publish","type":"page","link":"http:\/\/www.tourismcartoon.org\/en\/on-dorduncu-yarisma\/","title":{"rendered":"Fifteenth International Tourism Cartoon Competition \u2013 2022"},"content":{"rendered":"<p><strong>Number of competition: <\/strong>14<br \/>\n<strong>Year:<\/strong> 2022<br \/>\n<strong>Theme:<\/strong> Women in the Tourism Industry<br \/>\n<strong>Categories:<\/strong> Adults Category, Youth Category<\/p>\n<p><strong>Information on submitted cartoons:<br \/>\n<\/strong>Number of submitted cartoons: 614<br \/>\nNumber of countries: 45<br \/>\nNumber of cartoonists: 357<\/p>\n<p><strong>Lists of submitted cartoons:<\/strong><br \/>\n<strong>Adult <\/strong><a href=\"https:\/\/anatoliajournal.com\/cartoon\/2022adult.pdf\" target=\"_blank\" rel=\"noopener\"><span style=\"color: #993300;\">(click here)<\/span><\/a><br \/>\n<strong>Youth <\/strong><a href=\"https:\/\/anatoliajournal.com\/cartoon\/2022youth.pdf\" target=\"_blank\" rel=\"noopener\"><span style=\"color: #993300;\">(click here)<\/span><\/a><\/p>\n<p><strong>Award ceremony venue: <\/strong>August 9<strong>, <\/strong>2023, Petra Tourism Center, Jordan<\/p>\n<p><strong>Selection committee members: <\/strong>Ahmet AYKANAT (T\u00fcrkiye), Akda\u011f SAYDUT (T\u00fcrkiye), Engin SEL\u00c7UK (T\u00fcrkiye), Fahriye FAREN \u00c7ITAKLI (T\u00fcrkiye), Halit Kurtulmu\u015f AYDOSLU (T\u00fcrkiye), Leila ALA\u0130Y (Iran), Lubomir MIHAILOV (Bulgaria), Marco De ANGELIS (Italy), Marilena NARDI (Italy), Mehmet KAHRAMAN (T\u00fcrkiye), Mehmet ZEBER (T\u00fcrkiye), Muhittin K\u00d6RO\u011eLU (T\u00fcrkiye), Musa G\u00dcM\u00dc\u015e (T\u00fcrkiye), Nikola LISTES (Croatia), Ra\u015fit YAKALI (T\u00fcrkiye), Suleiman FARAJAT (Jordan), Vicdan BULUNMAZ \u00d6ZER (T\u00fcrkiye), Vladimir KAZANEVSKY (Ukraine)<\/p>\n<p><strong>Competition book <\/strong><a href=\"http:\/\/www.tourismcartoon.org\/wp-content\/uploads\/2023\/08\/2022-book.pdf\" target=\"_blank\" rel=\"noopener\"><span style=\"color: #993300;\">(click here)<\/span><\/a><br \/>\n<strong>News published about the competition <\/strong><span style=\"color: #993300;\"><a style=\"color: #993300;\" href=\"https:\/\/photos.app.goo.gl\/1TevLTZ8XpcX7xJQ7\" target=\"_blank\" rel=\"noopener\">(click here)<\/a><\/span><br \/>\n<strong>Photos of award ceremony<span style=\"color: #993300;\">\u00a0<\/span><\/strong><span style=\"color: #993300;\"><a style=\"color: #993300;\" href=\"https:\/\/photos.google.com\/share\/AF1QipMzlS7QYaXSIceUERbRgO20DsBzFuMseRAmtGNaOplyEEjo5I8cUATQO-yJgOUnRA?key=NDBGVDBqRFNuM190RkIyUXNiT0g2WWdJUEJlWXZn\" target=\"_blank\" rel=\"noopener\">(click here)<\/a><br \/>\n<\/span><span style=\"background-color: #ffffff; color: #000000;\"><strong>Video<\/strong><\/span><\/p>\n<div style=\"width: 640px;\" class=\"wp-video\"><video class=\"wp-video-shortcode\" id=\"video-3235-2\" width=\"640\" height=\"288\" preload=\"metadata\" controls=\"controls\"><source type=\"video\/mp4\" src=\"http:\/\/www.tourismcartoon.org\/wp-content\/uploads\/2023\/08\/18.mp4?_=2\" \/><a href=\"http:\/\/www.tourismcartoon.org\/wp-content\/uploads\/2023\/08\/18.mp4\">http:\/\/www.tourismcartoon.org\/wp-content\/uploads\/2023\/08\/18.mp4<\/a><\/video><\/div>\n<hr \/>\n<h3 style=\"text-align: center;\"><strong>AWARDED CARTOONS<\/strong><\/h3>\n<h5 style=\"text-align: center;\"><span style=\"color: #0000ff;\"><strong>Adult Category<\/strong><\/span><\/h5>\n<table style=\"border-collapse: collapse; width: 100%; height: 551px;\">\n<tbody>\n<tr style=\"height: 24px;\">\n<td style=\"width: 33.3333%; text-align: center; height: 24px;\"><strong>The Grand Award<\/strong><\/td>\n<td style=\"width: 33.3333%; text-align: center; height: 24px;\"><strong>The Second Award<\/strong><\/td>\n<td style=\"width: 33.3333%; text-align: center; height: 24px;\"><strong>The Third Award<\/strong><\/td>\n<\/tr>\n<tr style=\"height: 262px;\">\n<td style=\"width: 33.3333%; text-align: center; height: 262px;\"><a href=\"http:\/\/www.tourismcartoon.org\/wp-content\/uploads\/2023\/08\/Ali-Rastroo-Iran-scaled.jpg\"><img loading=\"lazy\" decoding=\"async\" class=\"aligncenter wp-image-3259 size-medium\" src=\"http:\/\/www.tourismcartoon.org\/wp-content\/uploads\/2023\/08\/Ali-Rastroo-Iran-300x212.jpg\" alt=\"\" width=\"300\" height=\"212\" srcset=\"http:\/\/www.tourismcartoon.org\/wp-content\/uploads\/2023\/08\/Ali-Rastroo-Iran-300x212.jpg 300w, http:\/\/www.tourismcartoon.org\/wp-content\/uploads\/2023\/08\/Ali-Rastroo-Iran-1024x724.jpg 1024w, http:\/\/www.tourismcartoon.org\/wp-content\/uploads\/2023\/08\/Ali-Rastroo-Iran-768x543.jpg 768w, http:\/\/www.tourismcartoon.org\/wp-content\/uploads\/2023\/08\/Ali-Rastroo-Iran-1536x1086.jpg 1536w, http:\/\/www.tourismcartoon.org\/wp-content\/uploads\/2023\/08\/Ali-Rastroo-Iran-2048x1448.jpg 2048w\" sizes=\"auto, (max-width: 300px) 100vw, 300px\" \/><\/a><\/p>\n<p><span style=\"color: #008080;\"><strong>Ali Rastroo<\/strong><\/span><\/p>\n<p><span style=\"color: #666699;\"><em>\u0130ran<\/em><\/span><\/td>\n<td style=\"width: 33.3333%; text-align: center; height: 262px;\"><a href=\"http:\/\/www.tourismcartoon.org\/wp-content\/uploads\/2023\/08\/Omar-Zevallos-Velarde-Peru-scaled.jpg\"><img loading=\"lazy\" decoding=\"async\" class=\"aligncenter wp-image-3260 size-medium\" src=\"http:\/\/www.tourismcartoon.org\/wp-content\/uploads\/2023\/08\/Omar-Zevallos-Velarde-Peru-300x225.jpg\" alt=\"\" width=\"300\" height=\"225\" srcset=\"http:\/\/www.tourismcartoon.org\/wp-content\/uploads\/2023\/08\/Omar-Zevallos-Velarde-Peru-300x225.jpg 300w, http:\/\/www.tourismcartoon.org\/wp-content\/uploads\/2023\/08\/Omar-Zevallos-Velarde-Peru-1024x767.jpg 1024w, http:\/\/www.tourismcartoon.org\/wp-content\/uploads\/2023\/08\/Omar-Zevallos-Velarde-Peru-768x575.jpg 768w, http:\/\/www.tourismcartoon.org\/wp-content\/uploads\/2023\/08\/Omar-Zevallos-Velarde-Peru-1536x1151.jpg 1536w, http:\/\/www.tourismcartoon.org\/wp-content\/uploads\/2023\/08\/Omar-Zevallos-Velarde-Peru-2048x1534.jpg 2048w\" sizes=\"auto, (max-width: 300px) 100vw, 300px\" \/><\/a><\/p>\n<p><span style=\"color: #008080;\"><strong>Omar Zevallos Velarde<\/strong><\/span><\/p>\n<p><em><span style=\"color: #666699;\">Peru<\/span><\/em><\/td>\n<td style=\"width: 33.3333%; text-align: center; height: 262px;\"><a href=\"http:\/\/www.tourismcartoon.org\/wp-content\/uploads\/2023\/08\/Jordan-Pop-Iliev-Macedonia.jpg\"><img loading=\"lazy\" decoding=\"async\" class=\"aligncenter wp-image-3261 size-medium\" src=\"http:\/\/www.tourismcartoon.org\/wp-content\/uploads\/2023\/08\/Jordan-Pop-Iliev-Macedonia-300x224.jpg\" alt=\"\" width=\"300\" height=\"224\" srcset=\"http:\/\/www.tourismcartoon.org\/wp-content\/uploads\/2023\/08\/Jordan-Pop-Iliev-Macedonia-300x224.jpg 300w, http:\/\/www.tourismcartoon.org\/wp-content\/uploads\/2023\/08\/Jordan-Pop-Iliev-Macedonia-1024x764.jpg 1024w, http:\/\/www.tourismcartoon.org\/wp-content\/uploads\/2023\/08\/Jordan-Pop-Iliev-Macedonia-768x573.jpg 768w, http:\/\/www.tourismcartoon.org\/wp-content\/uploads\/2023\/08\/Jordan-Pop-Iliev-Macedonia-1536x1146.jpg 1536w, http:\/\/www.tourismcartoon.org\/wp-content\/uploads\/2023\/08\/Jordan-Pop-Iliev-Macedonia.jpg 2000w\" sizes=\"auto, (max-width: 300px) 100vw, 300px\" \/><\/a><\/p>\n<p><span style=\"color: #008080;\"><strong style=\"font-family: inherit; font-size: inherit;\">Jordan Pop-Iliev<\/strong><\/span><\/p>\n<p>Macedonia<\/td>\n<\/tr>\n<tr style=\"height: 24px;\">\n<td style=\"width: 33.3333%; text-align: center; height: 24px;\"><\/td>\n<td style=\"width: 33.3333%; text-align: center;\"><strong>Professor Atila \u00d6zer\u00a0<\/strong><strong>Recognition Award<\/strong><\/td>\n<td style=\"width: 33.3333%; text-align: center; height: 24px;\"><\/td>\n<\/tr>\n<tr style=\"height: 241px;\">\n<td style=\"width: 33.3333%; text-align: center; height: 241px;\">&nbsp;<\/p>\n<p>&nbsp;<\/td>\n<td style=\"width: 33.3333%; text-align: center; height: 241px;\"><a href=\"http:\/\/www.tourismcartoon.org\/wp-content\/uploads\/2023\/08\/Heibat-Ahmadi-Iran--scaled.jpg\"><img loading=\"lazy\" decoding=\"async\" class=\"aligncenter wp-image-3262 size-medium\" src=\"http:\/\/www.tourismcartoon.org\/wp-content\/uploads\/2023\/08\/Heibat-Ahmadi-Iran--300x212.jpg\" alt=\"\" width=\"300\" height=\"212\" srcset=\"http:\/\/www.tourismcartoon.org\/wp-content\/uploads\/2023\/08\/Heibat-Ahmadi-Iran--300x212.jpg 300w, http:\/\/www.tourismcartoon.org\/wp-content\/uploads\/2023\/08\/Heibat-Ahmadi-Iran--1024x724.jpg 1024w, http:\/\/www.tourismcartoon.org\/wp-content\/uploads\/2023\/08\/Heibat-Ahmadi-Iran--768x543.jpg 768w, http:\/\/www.tourismcartoon.org\/wp-content\/uploads\/2023\/08\/Heibat-Ahmadi-Iran--1536x1086.jpg 1536w, http:\/\/www.tourismcartoon.org\/wp-content\/uploads\/2023\/08\/Heibat-Ahmadi-Iran--2048x1448.jpg 2048w\" sizes=\"auto, (max-width: 300px) 100vw, 300px\" \/><\/a><\/p>\n<p><span style=\"color: #008080;\"><strong style=\"font-family: inherit; font-size: inherit;\"><strong>Heibat Ahmadi<\/strong><\/strong><\/span><\/p>\n<p><span style=\"color: #666699;\"><em><span style=\"font-family: inherit; font-size: inherit;\">\u0130ran<\/span><\/em><\/span><\/td>\n<td style=\"width: 33.3333%; text-align: center; height: 241px;\"><\/td>\n<\/tr>\n<\/tbody>\n<\/table>\n<h5 style=\"text-align: center;\"><span style=\"color: #0000ff;\"><strong>Youth Category<\/strong><\/span><\/h5>\n<table style=\"border-collapse: collapse; width: 100%;\">\n<tbody>\n<tr>\n<td style=\"width: 33.3333%; text-align: center;\"><strong>The Grand Award<\/strong><\/td>\n<td style=\"width: 33.3333%; text-align: center;\"><strong>The Second Award<\/strong><\/td>\n<td style=\"width: 33.3333%; text-align: center;\"><strong>The Third Award<\/strong><\/td>\n<\/tr>\n<tr>\n<td style=\"width: 33.3333%; text-align: center;\"><a href=\"http:\/\/www.tourismcartoon.org\/wp-content\/uploads\/2023\/08\/Birinci-Poyraz-Din-scaled.jpg\"><img loading=\"lazy\" decoding=\"async\" class=\"aligncenter wp-image-3264 size-medium\" src=\"http:\/\/www.tourismcartoon.org\/wp-content\/uploads\/2023\/08\/Birinci-Poyraz-Din-212x300.jpg\" alt=\"\" width=\"212\" height=\"300\" srcset=\"http:\/\/www.tourismcartoon.org\/wp-content\/uploads\/2023\/08\/Birinci-Poyraz-Din-212x300.jpg 212w, http:\/\/www.tourismcartoon.org\/wp-content\/uploads\/2023\/08\/Birinci-Poyraz-Din-725x1024.jpg 725w, http:\/\/www.tourismcartoon.org\/wp-content\/uploads\/2023\/08\/Birinci-Poyraz-Din-768x1085.jpg 768w, http:\/\/www.tourismcartoon.org\/wp-content\/uploads\/2023\/08\/Birinci-Poyraz-Din-1087x1536.jpg 1087w, http:\/\/www.tourismcartoon.org\/wp-content\/uploads\/2023\/08\/Birinci-Poyraz-Din-1449x2048.jpg 1449w, http:\/\/www.tourismcartoon.org\/wp-content\/uploads\/2023\/08\/Birinci-Poyraz-Din-scaled.jpg 1812w\" sizes=\"auto, (max-width: 212px) 100vw, 212px\" \/><\/a><\/p>\n<p><span style=\"color: #008080;\"><strong style=\"font-family: inherit; font-size: inherit;\">Poyraz Din<\/strong><\/span><\/p>\n<p>(ya\u015f: 13)<\/p>\n<p><span style=\"color: #666699;\"><em>T\u00fcrkiye<\/em><\/span><\/td>\n<td style=\"width: 33.3333%; text-align: center;\"><a href=\"http:\/\/www.tourismcartoon.org\/wp-content\/uploads\/2023\/08\/Ikinci-Ola-Wesam-Khalil-Egypt-scaled.jpg\"><img loading=\"lazy\" decoding=\"async\" class=\"aligncenter wp-image-3265 size-medium\" src=\"http:\/\/www.tourismcartoon.org\/wp-content\/uploads\/2023\/08\/Ikinci-Ola-Wesam-Khalil-Egypt-212x300.jpg\" alt=\"\" width=\"212\" height=\"300\" srcset=\"http:\/\/www.tourismcartoon.org\/wp-content\/uploads\/2023\/08\/Ikinci-Ola-Wesam-Khalil-Egypt-212x300.jpg 212w, http:\/\/www.tourismcartoon.org\/wp-content\/uploads\/2023\/08\/Ikinci-Ola-Wesam-Khalil-Egypt-724x1024.jpg 724w, http:\/\/www.tourismcartoon.org\/wp-content\/uploads\/2023\/08\/Ikinci-Ola-Wesam-Khalil-Egypt-768x1086.jpg 768w, http:\/\/www.tourismcartoon.org\/wp-content\/uploads\/2023\/08\/Ikinci-Ola-Wesam-Khalil-Egypt-1086x1536.jpg 1086w, http:\/\/www.tourismcartoon.org\/wp-content\/uploads\/2023\/08\/Ikinci-Ola-Wesam-Khalil-Egypt-1448x2048.jpg 1448w, http:\/\/www.tourismcartoon.org\/wp-content\/uploads\/2023\/08\/Ikinci-Ola-Wesam-Khalil-Egypt-scaled.jpg 1810w\" sizes=\"auto, (max-width: 212px) 100vw, 212px\" \/><\/a><\/p>\n<p><span style=\"color: #008080;\"><strong>Ola Wesam Khalil<\/strong><\/span><\/p>\n<p>(ya\u015f: 16)<\/p>\n<p><span style=\"color: #666699;\">Egypt<\/span><\/td>\n<td style=\"width: 33.3333%; text-align: center;\"><a href=\"http:\/\/www.tourismcartoon.org\/wp-content\/uploads\/2023\/08\/Ucuncu-FURKAN-AYTUR-scaled.jpg\"><img loading=\"lazy\" decoding=\"async\" class=\"aligncenter wp-image-3309 size-large\" src=\"http:\/\/www.tourismcartoon.org\/wp-content\/uploads\/2023\/08\/Ucuncu-FURKAN-AYTUR-1024x756.jpg\" alt=\"\" width=\"1024\" height=\"756\" srcset=\"http:\/\/www.tourismcartoon.org\/wp-content\/uploads\/2023\/08\/Ucuncu-FURKAN-AYTUR-1024x756.jpg 1024w, http:\/\/www.tourismcartoon.org\/wp-content\/uploads\/2023\/08\/Ucuncu-FURKAN-AYTUR-300x222.jpg 300w, http:\/\/www.tourismcartoon.org\/wp-content\/uploads\/2023\/08\/Ucuncu-FURKAN-AYTUR-768x567.jpg 768w, http:\/\/www.tourismcartoon.org\/wp-content\/uploads\/2023\/08\/Ucuncu-FURKAN-AYTUR-1536x1135.jpg 1536w, http:\/\/www.tourismcartoon.org\/wp-content\/uploads\/2023\/08\/Ucuncu-FURKAN-AYTUR-2048x1513.jpg 2048w\" sizes=\"auto, (max-width: 1024px) 100vw, 1024px\" \/><\/a><\/p>\n<p><span style=\"color: #008080;\"><strong>Furkan Aytur<\/strong><\/span><\/p>\n<p>(ya\u015f: 15)<\/p>\n<p><em><span style=\"color: #666699;\">T\u00fcrkiye<\/span><\/em><\/td>\n<\/tr>\n<\/tbody>\n<\/table>\n<hr \/>\n<p>&nbsp;<\/p>","protected":false},"excerpt":{"rendered":"<p>Number of competition: 14 Year: 2022 Theme: Women in the Tourism Industry Categories: Adults Category, Youth Category Information on submitted cartoons: Number of submitted cartoons: 614 Number of countries: 45 Number of cartoonists: 357 Lists of submitted cartoons: Adult (click here) Youth (click here) Award ceremony venue: August 9, 2023, Petra Tourism Center, Jordan Selection&hellip;&nbsp;<a href=\"http:\/\/www.tourismcartoon.org\/en\/on-dorduncu-yarisma\/\" class=\"\" rel=\"bookmark\">Read More &raquo;<span class=\"screen-reader-text\">Fifteenth International Tourism Cartoon Competition \u2013 2022<\/span><\/a><\/p>\n","protected":false},"author":1,"featured_media":0,"parent":0,"menu_order":0,"comment_status":"closed","ping_status":"closed","template":"","meta":{"neve_meta_sidebar":"full-width","neve_meta_container":"","neve_meta_enable_content_width":"on","neve_meta_content_width":100,"neve_meta_title_alignment":"","neve_meta_author_avatar":"","neve_post_elements_order":"","neve_meta_disable_header":"","neve_meta_disable_footer":"","neve_meta_disable_title":"","footnotes":""},"class_list":["post-3235","page","type-page","status-publish","hentry"],"_links":{"self":[{"href":"http:\/\/www.tourismcartoon.org\/en\/wp-json\/wp\/v2\/pages\/3235","targetHints":{"allow":["GET"]}}],"collection":[{"href":"http:\/\/www.tourismcartoon.org\/en\/wp-json\/wp\/v2\/pages"}],"about":[{"href":"http:\/\/www.tourismcartoon.org\/en\/wp-json\/wp\/v2\/types\/page"}],"author":[{"embeddable":true,"href":"http:\/\/www.tourismcartoon.org\/en\/wp-json\/wp\/v2\/users\/1"}],"replies":[{"embeddable":true,"href":"http:\/\/www.tourismcartoon.org\/en\/wp-json\/wp\/v2\/comments?post=3235"}],"version-history":[{"count":52,"href":"http:\/\/www.tourismcartoon.org\/en\/wp-json\/wp\/v2\/pages\/3235\/revisions"}],"predecessor-version":[{"id":3769,"href":"http:\/\/www.tourismcartoon.org\/en\/wp-json\/wp\/v2\/pages\/3235\/revisions\/3769"}],"wp:attachment":[{"href":"http:\/\/www.tourismcartoon.org\/en\/wp-json\/wp\/v2\/media?parent=3235"}],"curies":[{"name":"wp","href":"https:\/\/api.w.org\/{rel}","templated":true}]}}