{"id":169,"date":"2020-03-31T13:10:53","date_gmt":"2020-03-31T13:10:53","guid":{"rendered":"http:\/\/www.tourismcartoon.org\/?page_id=169"},"modified":"2024-07-11T14:18:32","modified_gmt":"2024-07-11T14:18:32","slug":"yonerge","status":"publish","type":"page","link":"http:\/\/www.tourismcartoon.org\/es\/simdiki-yarisma\/yonerge\/","title":{"rendered":"Instrucciones"},"content":{"rendered":"<p><\/p>\n<p align=\"center\"><strong>INSTRUCCIONES PARA EL CONCURSO INTERNACIONAL DE DIBUJOS SOBRE TURISMO<\/strong><\/p>\n<p><strong>1. ORGANIZADOR<\/strong><\/p>\n<p>a) \u00a0 \u00a0 \u00a0El concurso organizado por\u00a0<span style=\"color: #993300;\"><a style=\"color: #993300;\" href=\"http:\/\/tourismcartoon.com\/\">La Academia de Turismo de Anatoli<\/a>a.<\/span><\/p>\n<p><strong>2. FECHA DE INSCRIPCION<\/strong><\/p>\n<p>a)\u00a0\u00a0\u00a0\u00a0\u00a0 La fecha l\u00edmite general para enviar los trabajos es el 31 de Diciembre de cada a\u00f1o, esta fecha s\u00f3lo puede ser modificada previo aviso. Cualquier trabajo recibido despu\u00e9s de la fecha anunciada no ser\u00e1 considerado para el concurso<\/p>\n<p><strong>3. TEMA<\/strong><\/p>\n<p>a)\u00a0\u00a0\u00a0\u00a0\u00a0 El concurso es organizado cada a\u00f1o estableciendo un tema relacionado con cualquier aspecto del turismo.<\/p>\n<p><strong>4. NORMAS DE PARTICIPACION<\/strong><\/p>\n<p>a)\u00a0\u00a0\u00a0\u00a0\u00a0 El concurso est\u00e1 abierto a cualquier dibujante del mundo, incluyendo tanto novatos como profesionales.<\/p>\n<p>b)\u00a0\u00a0\u00a0\u00a0\u00a0 Cada dibujante puede enviar un m\u00e1ximo de tres trabajos.<\/p>\n<p>c)\u00a0\u00a0\u00a0\u00a0\u00a0 Los trabajos enviados deben ser dibujos originales, impresiones digitales, o impresiones de computadora.<\/p>\n<p>d)\u00a0\u00a0\u00a0\u00a0\u00a0 El estilo de dibujo es libre.<\/p>\n<p>e)\u00a0\u00a0\u00a0\u00a0\u00a0 Los trabajos pueden estar hechos en cualquier color o en blanco y negro. La firma del artista debe figurar en el dibujo si este es enviado en formato papel.<\/p>\n<p>f)\u00a0\u00a0\u00a0\u00a0\u00a0\u00a0 Los participantes deben indicar sus nombres y apellidos, y tanto su direcci\u00f3n postal como su e-mail. Si el env\u00edo se realiza a trav\u00e9s del sitio web, deber\u00e1n indicar donde sea posible su direcci\u00f3n postal completa, su e-mail, y su n\u00famero de tel\u00e9fono.<\/p>\n<p>g)\u00a0\u00a0\u00a0\u00a0\u00a0 Los trabajos presentados pueden haber sido publicados anteriormente, pero no deben haber sido premiados en ning\u00fan otro concurso.<\/p>\n<p>h)\u00a0\u00a0\u00a0\u00a0\u00a0 Los trabajos pueden ser objeto de publicaci\u00f3n por La Academia de Turismo de Anatolia, revistas y libros, cat\u00e1logos, folletos, postales, sitios web y posters sobre esta organizaci\u00f3n. Todos los dem\u00e1s derechos de publicaci\u00f3n pertenecer\u00e1n al autor.<\/p>\n<p>i)\u00a0\u00a0\u00a0\u00a0\u00a0\u00a0\u00a0 Ning\u00fan trabajo se devolver\u00e1 al artista, independientemente de recibir premio o no.<\/p>\n<p><strong>j) No se admitir\u00e1n a concurso obras realizadas con inteligencia artificial (IA).<\/strong><\/p>\n<p>k)\u00a0\u00a0\u00a0\u00a0\u00a0\u00a0\u00a0 Los dibujantes que participen en este concurso se consideraran haber aceptado todas las condiciones descritas en estas instrucciones.<\/p>\n<p><strong>5. CATEGORIAS)<\/strong><\/p>\n<p>a)\u00a0\u00a0\u00a0\u00a0\u00a0 El concurso est\u00e1 dividido en dos categor\u00edas.<\/p>\n<p>b)\u00a0\u00a0\u00a0\u00a0\u00a0 \u201cCategor\u00eda de Dibujantes Adultos\u201d est\u00e1 abierta para la participaci\u00f3n de dibujantes que tengan 17 a\u00f1os o m\u00e1s.<\/p>\n<p>c)\u00a0\u00a0\u00a0\u00a0\u00a0 \u201cCategor\u00eda de Dibujantes J\u00f3venes\u201d est\u00e1 abierta para la participaci\u00f3n de dibujantes que tengan 16 a\u00f1os o menos.<\/p>\n<p><strong>6. ANUNCIO DEL CONCURSO<\/strong><\/p>\n<p>a)\u00a0\u00a0\u00a0\u00a0\u00a0 El anuncio del concurso se llevar\u00e1 a cabo en tres ocasiones mediante entornos virtuales: El primer anuncio se realizar\u00e1 durante la primera semana de Julio. El segundo anuncio se realizar\u00e1 durante la primera semana de Octubre. El \u00faltimo anuncio se realizar\u00e1 durante la primera semana de Diciembre de cada a\u00f1o.<\/p>\n<p><strong>7. ANNOUNCEMENT OF SUBMITTED WORKS<\/strong><\/p>\n<p>a)\u00a0\u00a0\u00a0\u00a0\u00a0 All works submitted to the competition are announced as a table format containing the cartoonist\u2019s \u201cname and surname\u201d, \u201ccountry\u201d and \u201cnumber of works submitted\u201d on the competition&#8217;s official webpage in the first week of January.<\/p>\n<p><strong>8. MIEMBROS DEL COMITE DE SELECCION<\/strong><\/p>\n<p>a)\u00a0\u00a0\u00a0\u00a0\u00a0 Los miembros del comit\u00e9 de selecci\u00f3n se dividen en dos grupos, \u201cMiembros del Comit\u00e9\u00a0 de Pre-selecci\u00f3n\u201d y \u201cMiembros del Comit\u00e9 de Selecci\u00f3n Final\u201d.<\/p>\n<p>b)\u00a0\u00a0\u00a0\u00a0\u00a0 Los miembros del comit\u00e9 de selecci\u00f3n son reemplazados cada tres a\u00f1os excepto dos representantes determinados por el Comit\u00e9 de la Organizaci\u00f3n.<\/p>\n<p>c)\u00a0\u00a0\u00a0\u00a0\u00a0 Cada a\u00f1o, dos dibujantes ser\u00e1n seleccionados sobre nueve dibujantes ganadores de la \u201cCategor\u00eda de Dibujantes Adultos\u201d para formar parte como miembros del Comit\u00e9 de Selecci\u00f3n Final en los siguientes a\u00f1os en los que se celebre el concurso.<\/p>\n<p><strong>9. EVALUACION DE LOS TRABAJOS<\/strong><\/p>\n<p>a)\u00a0\u00a0\u00a0\u00a0\u00a0 Los trabajos enviados son evaluados en tres fases. En la primera fase, los Miembros del Comit\u00e9 de Pre-selecci\u00f3n se reunir\u00e1n en Estambul donde seleccionar\u00e1n 1\/5 de los trabajos enviados aproximadamente para ser finalistas.<\/p>\n<p>b)\u00a0\u00a0\u00a0\u00a0\u00a0 Los trabajos finalistas ser\u00e1n retenidos durante un periodo pre-anunciado que durar\u00e1 no menos de 10 d\u00edas, en el cual se tratar\u00e1n de eliminar las copias y duplicados que pudieran existir.<\/p>\n<p>c)\u00a0\u00a0\u00a0\u00a0\u00a0 Se aceptar\u00e1n objeciones durante las fechas anunciadas. Las objeciones ser\u00e1n presentadas al Comit\u00e9 de Pre-selecci\u00f3n. Los trabajos que sean objeto de reclamaci\u00f3n justificada por el Comit\u00e9 no ser\u00e1n aceptados para la evaluaci\u00f3n final.<\/p>\n<p>d)\u00a0\u00a0\u00a0\u00a0\u00a0 En la segunda fase, los Miembros del Comit\u00e9 de Selecci\u00f3n Final elegir\u00e1n aproximadamente 1\/3 de los trabajos finalistas para ser considerados en la evaluaci\u00f3n final.<\/p>\n<p>e)\u00a0\u00a0\u00a0\u00a0\u00a0 En la fase final, los Miembros del Comit\u00e9 de Selecci\u00f3n Final determinar\u00e1n los trabajos ganadores.<\/p>\n<p>f) Las objeciones a las obras finalistas o ganadoras en el Concurso Internacional de Caricaturas de Turismo son examinadas por los miembros de la junta de preevaluaci\u00f3n. Independientemente de si es antes o despu\u00e9s del anuncio de los premios, si se ha demostrado que alg\u00fan participante ha copiado el trabajo de otra persona (incluyendo ideas y partes), el trabajo del participante relevante ser\u00e1 excluido de la evaluaci\u00f3n. Si ha ganado alg\u00fan premio, este premio se le retirar\u00e1 a la persona, y perder\u00e1 su derecho a participar en los futuros Concursos Internacionales de Caricaturas de Turismo.<\/p>\n<p><strong>10. PREMIOS Y CEREMONIA DE ENTREGA DE PREMIOS<\/strong><\/p>\n<p>a)\u00a0\u00a0\u00a0\u00a0\u00a0 En la Categor\u00eda de Dibujantes Adultos, ser\u00e1 concedidos \u201cEl Primer Premio\u201d, \u201cEl Segundo Premio\u201d, \u201cEl Tercer Premio\u201d, \u201cEl Premio de Reconocimiento en Honor al Profesor Atila \u00d6zer\u201d, y \u201ctres Distinciones\u201d.<\/p>\n<p>b)\u00a0\u00a0\u00a0\u00a0\u00a0 En la Categor\u00eda de Dibujantes J\u00f3venes, se conceder\u00e1n \u201cEl Primer Premio\u201d y \u201cdos Distinciones\u201d.<\/p>\n<p>c)\u00a0\u00a0\u00a0\u00a0\u00a0 S\u00f3lo los ganadores premiados ser\u00e1n recompensados con unas vacaciones de cinco d\u00edas con todo incluido en un hotel de cinco estrellas en Turqu\u00eda.<\/p>\n<p>d)\u00a0\u00a0\u00a0\u00a0\u00a0 Las placas y documentos conmemorativos de los premios ser\u00e1n entregados a los ganadores premiados.<\/p>\n<p>e)\u00a0\u00a0\u00a0\u00a0\u00a0\u00a0 La ceremonia de entrega de premios ser\u00e1 organizada en Turqu\u00eda en el mes de Abril<\/p>\n<p><strong>11. EL LIBRO DEL CONCURSO<\/strong><\/p>\n<p>a) Se publica en l\u00ednea un libro en color con todas las vi\u00f1etas finalistas y clasificadas del concurso.<\/p>","protected":false},"excerpt":{"rendered":"<p>INSTRUCCIONES PARA EL CONCURSO INTERNACIONAL DE DIBUJOS SOBRE TURISMO 1. ORGANIZADOR a) \u00a0 \u00a0 \u00a0El concurso organizado por\u00a0La Academia de Turismo de Anatolia. 2. FECHA DE INSCRIPCION a)\u00a0\u00a0\u00a0\u00a0\u00a0 La fecha l\u00edmite general para enviar los trabajos es el 31 de Diciembre de cada a\u00f1o, esta fecha s\u00f3lo puede ser modificada previo aviso. Cualquier trabajo recibido&hellip;&nbsp;<a href=\"http:\/\/www.tourismcartoon.org\/es\/simdiki-yarisma\/yonerge\/\" class=\"\" rel=\"bookmark\">Leer m\u00e1s &raquo;<span class=\"screen-reader-text\">Instrucciones<\/span><\/a><\/p>\n","protected":false},"author":1,"featured_media":0,"parent":155,"menu_order":0,"comment_status":"closed","ping_status":"closed","template":"","meta":{"neve_meta_sidebar":"full-width","neve_meta_container":"","neve_meta_enable_content_width":"on","neve_meta_content_width":100,"neve_meta_title_alignment":"","neve_meta_author_avatar":"","neve_post_elements_order":"","neve_meta_disable_header":"","neve_meta_disable_footer":"","neve_meta_disable_title":"","footnotes":""},"class_list":["post-169","page","type-page","status-publish","hentry"],"_links":{"self":[{"href":"http:\/\/www.tourismcartoon.org\/es\/wp-json\/wp\/v2\/pages\/169","targetHints":{"allow":["GET"]}}],"collection":[{"href":"http:\/\/www.tourismcartoon.org\/es\/wp-json\/wp\/v2\/pages"}],"about":[{"href":"http:\/\/www.tourismcartoon.org\/es\/wp-json\/wp\/v2\/types\/page"}],"author":[{"embeddable":true,"href":"http:\/\/www.tourismcartoon.org\/es\/wp-json\/wp\/v2\/users\/1"}],"replies":[{"embeddable":true,"href":"http:\/\/www.tourismcartoon.org\/es\/wp-json\/wp\/v2\/comments?post=169"}],"version-history":[{"count":37,"href":"http:\/\/www.tourismcartoon.org\/es\/wp-json\/wp\/v2\/pages\/169\/revisions"}],"predecessor-version":[{"id":3637,"href":"http:\/\/www.tourismcartoon.org\/es\/wp-json\/wp\/v2\/pages\/169\/revisions\/3637"}],"up":[{"embeddable":true,"href":"http:\/\/www.tourismcartoon.org\/es\/wp-json\/wp\/v2\/pages\/155"}],"wp:attachment":[{"href":"http:\/\/www.tourismcartoon.org\/es\/wp-json\/wp\/v2\/media?parent=169"}],"curies":[{"name":"wp","href":"https:\/\/api.w.org\/{rel}","templated":true}]}}