{"id":185,"date":"2020-03-31T13:13:11","date_gmt":"2020-03-31T13:13:11","guid":{"rendered":"http:\/\/www.tourismcartoon.org\/?page_id=185"},"modified":"2025-08-02T07:15:42","modified_gmt":"2025-08-02T07:15:42","slug":"onemli-tarihler","status":"publish","type":"page","link":"http:\/\/www.tourismcartoon.org\/es\/simdiki-yarisma\/onemli-tarihler\/","title":{"rendered":"Fechas Importantes"},"content":{"rendered":"<p><\/p>\n<table style=\"border-collapse: collapse; margin: 10px auto; width: 70%;\">\n<tbody>\n<tr>\n<td style=\"width: 50%; text-align: left;\">Fecha l\u00edmite para la presentaci\u00f3n<\/td>\n<td style=\"width: 50%;\"><strong>31 de Diciembre 2025<\/strong><\/td>\n<\/tr>\n<tr>\n<td style=\"width: 50%; text-align: left;\">Reuni\u00f3n de la Comisi\u00f3n de Selecci\u00f3n<\/td>\n<td style=\"width: 50%;\"><strong>17 de enero 2026<\/strong><\/td>\n<\/tr>\n<tr>\n<td style=\"width: 50%;\">Anuncio de los finalistas caricaturas\u00a0(para posibles objeciones)<\/td>\n<td style=\"width: 50%;\"><strong>01 24 al 31, 2026<\/strong><\/td>\n<\/tr>\n<tr>\n<td style=\"width: 50%;\">Notificaci\u00f3n de los Ganadores<\/td>\n<td style=\"width: 50%;\"><strong>Abril 2026<\/strong><\/td>\n<\/tr>\n<tr>\n<td style=\"width: 50%;\">Entrega de Premios<\/td>\n<td style=\"width: 50%;\"><\/td>\n<\/tr>\n<\/tbody>\n<\/table>\n<p><\/p>","protected":false},"excerpt":{"rendered":"<p>Fecha l\u00edmite para la presentaci\u00f3n 31 de Diciembre 2025 Reuni\u00f3n de la Comisi\u00f3n de Selecci\u00f3n 17 de enero 2026 Anuncio de los finalistas caricaturas\u00a0(para posibles objeciones) 01 24 al 31, 2026 Notificaci\u00f3n de los Ganadores Abril 2026 Entrega de Premios<\/p>\n","protected":false},"author":1,"featured_media":0,"parent":155,"menu_order":0,"comment_status":"closed","ping_status":"closed","template":"","meta":{"neve_meta_sidebar":"full-width","neve_meta_container":"","neve_meta_enable_content_width":"on","neve_meta_content_width":100,"neve_meta_title_alignment":"","neve_meta_author_avatar":"","neve_post_elements_order":"","neve_meta_disable_header":"","neve_meta_disable_footer":"","neve_meta_disable_title":"","footnotes":""},"class_list":["post-185","page","type-page","status-publish","hentry"],"_links":{"self":[{"href":"http:\/\/www.tourismcartoon.org\/es\/wp-json\/wp\/v2\/pages\/185","targetHints":{"allow":["GET"]}}],"collection":[{"href":"http:\/\/www.tourismcartoon.org\/es\/wp-json\/wp\/v2\/pages"}],"about":[{"href":"http:\/\/www.tourismcartoon.org\/es\/wp-json\/wp\/v2\/types\/page"}],"author":[{"embeddable":true,"href":"http:\/\/www.tourismcartoon.org\/es\/wp-json\/wp\/v2\/users\/1"}],"replies":[{"embeddable":true,"href":"http:\/\/www.tourismcartoon.org\/es\/wp-json\/wp\/v2\/comments?post=185"}],"version-history":[{"count":50,"href":"http:\/\/www.tourismcartoon.org\/es\/wp-json\/wp\/v2\/pages\/185\/revisions"}],"predecessor-version":[{"id":3831,"href":"http:\/\/www.tourismcartoon.org\/es\/wp-json\/wp\/v2\/pages\/185\/revisions\/3831"}],"up":[{"embeddable":true,"href":"http:\/\/www.tourismcartoon.org\/es\/wp-json\/wp\/v2\/pages\/155"}],"wp:attachment":[{"href":"http:\/\/www.tourismcartoon.org\/es\/wp-json\/wp\/v2\/media?parent=185"}],"curies":[{"name":"wp","href":"https:\/\/api.w.org\/{rel}","templated":true}]}}