{"id":179,"date":"2020-03-31T13:12:24","date_gmt":"2020-03-31T13:12:24","guid":{"rendered":"http:\/\/www.tourismcartoon.org\/?page_id=179"},"modified":"2025-08-16T08:53:34","modified_gmt":"2025-08-16T08:53:34","slug":"degerlendirme-kurullari","status":"publish","type":"page","link":"http:\/\/www.tourismcartoon.org\/fa\/simdiki-yarisma\/degerlendirme-kurullari\/","title":{"rendered":"\u06a9\u0645\u06cc\u062a\u0647 \u0627\u0646\u062a\u062e\u0627\u0628"},"content":{"rendered":"<p><\/p>\n<h3 style=\"text-align: center;\"><span style=\"color: #993300;\"><strong>\u06a9\u0645\u06cc\u062a\u0647 \u067e\u06cc\u0634 \u0627\u0646\u062a\u062e\u0627\u0628<\/strong><\/span><\/h3>\n<hr \/>\n<table style=\"border-collapse: collapse; width: 100%;\">\n<tbody>\n<tr>\n<td style=\"width: 33.3333%; vertical-align: top;\"><a href=\"http:\/\/www.tourismcartoon.org\/wp-content\/uploads\/2020\/04\/mehmet-kahraman-1-211x300-1.jpg\"><img loading=\"lazy\" decoding=\"async\" class=\"aligncenter size-thumbnail wp-image-577\" src=\"http:\/\/www.tourismcartoon.org\/wp-content\/uploads\/2020\/04\/mehmet-kahraman-1-211x300-1-150x150.jpg\" alt=\"\" width=\"150\" height=\"150\" \/><\/a><\/p>\n<p style=\"text-align: center;\"><span style=\"color: #008080;\"><strong>Mehmet KAHRAMAN<\/strong><\/span><em><br \/>\n\u0646\u0642\u0627\u0634 \u06a9\u0627\u0631\u062a\u0648\u0646<br \/>\n<\/em>\u062a\u0631\u06a9\u06cc\u0647<\/p>\n<\/td>\n<td style=\"width: 33.3333%; vertical-align: top;\"><a href=\"http:\/\/www.tourismcartoon.org\/wp-content\/uploads\/2025\/08\/Nuhsal-ISIN.jpg\"><img loading=\"lazy\" decoding=\"async\" class=\"aligncenter wp-image-4022 size-thumbnail\" src=\"http:\/\/www.tourismcartoon.org\/wp-content\/uploads\/2025\/08\/Nuhsal-ISIN-150x150.jpg\" alt=\"\" width=\"150\" height=\"150\" \/><\/a><\/p>\n<p style=\"text-align: center;\"><span style=\"color: #008080;\"><strong>Nuhsal I\u015eIN<\/strong><\/span><em><br \/>\n\u0646\u0642\u0627\u0634 \u06a9\u0627\u0631\u062a\u0648\u0646<br \/>\n<\/em>\u062a\u0631\u06a9\u06cc\u0647<\/p>\n<\/td>\n<td style=\"width: 33.3333%; vertical-align: top;\"><a href=\"http:\/\/www.tourismcartoon.org\/wp-content\/uploads\/2025\/08\/murteza-albayrak-fotog\u0306raf-scaled.jpg\"><img loading=\"lazy\" decoding=\"async\" class=\"aligncenter wp-image-4024 size-thumbnail\" src=\"http:\/\/www.tourismcartoon.org\/wp-content\/uploads\/2025\/08\/murteza-albayrak-fotog\u0306raf-150x150.jpg\" alt=\"\" width=\"150\" height=\"150\" \/><\/a><\/p>\n<p style=\"text-align: center;\"><span style=\"color: #008080;\"><strong>Murteza ALBAYRAK<\/strong><\/span><em><br \/>\n\u0646\u0642\u0627\u0634 \u06a9\u0627\u0631\u062a\u0648\u0646<br \/>\n\u062a\u0631\u06a9\u06cc\u0647<br \/>\n<\/em><\/p>\n<\/td>\n<\/tr>\n<tr>\n<td style=\"width: 33.3333%; vertical-align: top;\"><a href=\"http:\/\/www.tourismcartoon.org\/wp-content\/uploads\/2024\/07\/WhatsApp-Gorsel-2024-07-09-saat-21.17.38_716a9de9.jpg\"><img loading=\"lazy\" decoding=\"async\" class=\"aligncenter wp-image-3572 size-thumbnail\" src=\"http:\/\/www.tourismcartoon.org\/wp-content\/uploads\/2024\/07\/WhatsApp-Gorsel-2024-07-09-saat-21.17.38_716a9de9-150x150.jpg\" alt=\"\" width=\"150\" height=\"150\" \/><\/a><\/p>\n<p style=\"text-align: center;\"><em style=\"font-family: inherit; font-size: inherit;\"><em><span style=\"color: #008080;\"><strong>Necdet YILMAZ<\/strong><\/span><br \/>\n\u0646\u0642\u0627\u0634 \u06a9\u0627\u0631\u062a\u0648\u0646<br \/>\n\u062a\u0631\u06a9\u06cc\u0647<br \/>\n<\/em><\/em><\/p>\n<\/td>\n<td style=\"width: 33.3333%; vertical-align: top;\"><a href=\"http:\/\/www.tourismcartoon.org\/wp-content\/uploads\/2021\/07\/Mehmet-Zeber.jpg\"><img loading=\"lazy\" decoding=\"async\" class=\"aligncenter wp-image-1766 size-thumbnail\" src=\"http:\/\/www.tourismcartoon.org\/wp-content\/uploads\/2021\/07\/Mehmet-Zeber-150x150.jpg\" alt=\"\" width=\"150\" height=\"150\" \/><\/a><\/p>\n<p style=\"text-align: center;\"><span style=\"color: #008080;\"><strong>Mehmet ZEBER<\/strong><\/span><br \/>\n<em>\u062f\u0627\u0646\u0634\u06af\u0627\u0647\u06cc\u0627\u0646<br \/>\n<\/em>\u062a\u0631\u06a9\u06cc\u0647<\/p>\n<\/td>\n<td style=\"width: 33.3333%; vertical-align: top;\"><a href=\"http:\/\/www.tourismcartoon.org\/wp-content\/uploads\/2020\/04\/Halit-Aydoslu-e1560164596220.jpg\"><img loading=\"lazy\" decoding=\"async\" class=\"aligncenter size-thumbnail wp-image-573\" src=\"http:\/\/www.tourismcartoon.org\/wp-content\/uploads\/2020\/04\/Halit-Aydoslu-e1560164596220-150x150.jpg\" alt=\"\" width=\"150\" height=\"150\" \/><\/a><\/p>\n<p style=\"text-align: center;\"><span style=\"color: #008080;\"><strong>Halit KURTULMU\u015e<\/strong><\/span><em><br \/>\n\u0646\u0642\u0627\u0634 \u06a9\u0627\u0631\u062a\u0648\u0646<br \/>\n<\/em>\u062a\u0631\u06a9\u06cc\u0647<\/p>\n<\/td>\n<\/tr>\n<tr>\n<td style=\"width: 33.3333%;\">\n<p style=\"text-align: center;\">\n<\/td>\n<td style=\"width: 33.3333%; vertical-align: top;\"><a href=\"http:\/\/www.tourismcartoon.org\/wp-content\/uploads\/2025\/08\/Dr.-Merve-Ofluoglu.jpg\"><img loading=\"lazy\" decoding=\"async\" class=\"aligncenter wp-image-4026 size-thumbnail\" src=\"http:\/\/www.tourismcartoon.org\/wp-content\/uploads\/2025\/08\/Dr.-Merve-Ofluoglu-150x150.jpg\" alt=\"\" width=\"150\" height=\"150\" \/><\/a><\/p>\n<p style=\"text-align: center;\"><strong><span style=\"color: #008080;\">Merve OFLUO\u011eLU, Ph.D.<br \/>\n<\/span><\/strong>\u0634\u0647\u0631\u062f\u0627\u0631\u06cc \u06a9\u0644\u0627\u0646\u0634\u0647\u0631 \u0634\u0627\u0646\u0644\u06cc\u200c\u0627\u0648\u0631\u0641\u0647<br \/>\n\u0631\u0626\u06cc\u0633 \u0627\u062f\u0627\u0631\u0647 \u0641\u0631\u0647\u0646\u06af \u0648 \u06af\u0631\u062f\u0634\u06af\u0631\u06cc<br \/>\n\u062a\u0631\u06a9\u06cc\u0647<\/p>\n<\/td>\n<td style=\"width: 33.3333%;\">&nbsp;<\/p>\n<p style=\"text-align: center;\">\n<\/td>\n<\/tr>\n<\/tbody>\n<\/table>\n<h3 style=\"text-align: center;\"><span style=\"color: #993300;\"><strong>\u06a9\u0645\u06cc\u062a\u0647 \u0627\u0646\u062a\u062e\u0627\u0628 \u0646\u0647\u0627\u06cc\u06cc<\/strong><\/span><\/h3>\n<hr \/>\n<table style=\"border-collapse: collapse; width: 100%;\">\n<tbody>\n<tr>\n<td style=\"width: 33.3333%; text-align: center; vertical-align: top;\"><a href=\"http:\/\/www.tourismcartoon.org\/wp-content\/uploads\/2025\/08\/Mehmet-Tutuncu.jpg\"><img loading=\"lazy\" decoding=\"async\" class=\"aligncenter wp-image-4029 size-thumbnail\" src=\"http:\/\/www.tourismcartoon.org\/wp-content\/uploads\/2025\/08\/Mehmet-Tutuncu-150x150.jpg\" alt=\"\" width=\"150\" height=\"150\" \/><\/a><\/p>\n<p style=\"text-align: center;\"><span style=\"color: #008080;\"><strong>Mehmet T\u00dcT\u00dcNC\u00dc<br \/>\n<\/strong><\/span>\u0634\u0647\u0631\u062f\u0627\u0631\u06cc \u06a9\u0644\u0627\u0646\u0634\u0647\u0631 \u0634\u0627\u0646\u0644\u06cc\u200c\u0627\u0648\u0631\u0641\u0647<br \/>\n\u0645\u062f\u06cc\u0631 \u06a9\u0644 \u0641\u0631\u0647\u0646\u06af \u0648 \u0627\u0637\u0644\u0627\u0639\u0627\u062a \u0627\u0648\u0631\u0641\u0627<br \/>\n\u062a\u0631\u06a9\u06cc\u0647<\/p>\n<p style=\"text-align: center;\"><em>\u00a0<\/em><\/p>\n<\/td>\n<td style=\"width: 33.3333%; vertical-align: top;\"><a href=\"http:\/\/www.tourismcartoon.org\/wp-content\/uploads\/2025\/08\/Omer-Cam.jpg\"><img loading=\"lazy\" decoding=\"async\" class=\"aligncenter wp-image-4031 size-thumbnail\" src=\"http:\/\/www.tourismcartoon.org\/wp-content\/uploads\/2025\/08\/Omer-Cam-150x150.jpg\" alt=\"\" width=\"150\" height=\"150\" \/><\/a><\/p>\n<p style=\"text-align: center;\"><span style=\"color: #008080;\"><strong>\u00d6mer \u00c7AM<br \/>\n<\/strong><\/span><em>\u0646\u0642\u0627\u0634 \u06a9\u0627\u0631\u062a\u0648\u0646<\/em><br \/>\n\u062a\u0631\u06a9\u06cc\u0647<span style=\"color: #008080;\"><br \/>\n<\/span><\/p>\n<\/td>\n<td style=\"width: 33.3333%; vertical-align: top;\"><a href=\"http:\/\/www.tourismcartoon.org\/wp-content\/uploads\/2023\/06\/Shirin-Gholipour.jpg\"><img loading=\"lazy\" decoding=\"async\" class=\"aligncenter wp-image-3089 size-thumbnail\" src=\"http:\/\/www.tourismcartoon.org\/wp-content\/uploads\/2023\/06\/Shirin-Gholipour-150x150.jpg\" alt=\"\" width=\"150\" height=\"150\" \/><\/a><\/p>\n<p style=\"text-align: center;\"><span style=\"color: #008080;\"><strong>Shirin GHOL\u0130POUR<br \/>\n<\/strong><\/span><em>\u0646\u0642\u0627\u0634 \u06a9\u0627\u0631\u062a\u0648\u0646<\/em><br \/>\n\u0627\u06cc\u0631\u0627\u0646\u06cc<\/p>\n<\/td>\n<\/tr>\n<tr>\n<td style=\"width: 33.3333%; vertical-align: top;\"><a href=\"http:\/\/www.tourismcartoon.org\/wp-content\/uploads\/2022\/07\/Marco-De-Angelis.jpg\"><img loading=\"lazy\" decoding=\"async\" class=\"aligncenter wp-image-2579 size-thumbnail\" src=\"http:\/\/www.tourismcartoon.org\/wp-content\/uploads\/2022\/07\/Marco-De-Angelis-150x150.jpg\" alt=\"\" width=\"150\" height=\"150\" \/><\/a><\/p>\n<p style=\"text-align: center;\"><span style=\"color: #008080;\"><strong>Marco De ANGELIS<br \/>\n<\/strong><\/span><em>\u0646\u0642\u0627\u0634 \u06a9\u0627\u0631\u062a\u0648\u0646<\/em><br \/>\n\u0627\u06cc\u062a\u0627\u0644\u06cc\u0627<\/p>\n<\/td>\n<td style=\"width: 33.3333%;\"><a href=\"http:\/\/www.tourismcartoon.org\/wp-content\/uploads\/2020\/04\/vicdan_ozer_foto1-e1560173484222.jpg\"><img loading=\"lazy\" decoding=\"async\" class=\"aligncenter size-thumbnail wp-image-583\" src=\"http:\/\/www.tourismcartoon.org\/wp-content\/uploads\/2020\/04\/vicdan_ozer_foto1-e1560173484222-150x150.jpg\" alt=\"\" width=\"150\" height=\"150\" \/><\/a><\/p>\n<p style=\"text-align: center;\"><strong><span style=\"color: #008080;\">Vicdan BULUNMAZ \u00d6ZER<\/span><\/strong><br \/>\n\u0645\u0648\u0632\u0647 \u0622\u062a\u06cc\u0644\u0627 \u0627\u0648\u0632\u0631<br \/>\n\u062a\u0631\u06a9\u06cc\u0647<\/p>\n<\/td>\n<td style=\"width: 33.3333%; vertical-align: top;\"><a href=\"http:\/\/www.tourismcartoon.org\/wp-content\/uploads\/2023\/06\/Andrea-LACHER-BRYK.jpg\"><img loading=\"lazy\" decoding=\"async\" class=\"aligncenter wp-image-3117 size-thumbnail\" src=\"http:\/\/www.tourismcartoon.org\/wp-content\/uploads\/2023\/06\/Andrea-LACHER-BRYK-150x150.jpg\" alt=\"\" width=\"150\" height=\"150\" \/><\/a><\/p>\n<p style=\"text-align: center;\"><strong><span style=\"color: #008080;\">Andrea LACHER-BRYK<br \/>\n<\/span><\/strong><em>\u0646\u0642\u0627\u0634 \u06a9\u0627\u0631\u062a\u0648\u0646<\/em><br \/>\n\u0627\u062a\u0631\u06cc\u0634<\/p>\n<\/td>\n<\/tr>\n<tr>\n<td style=\"width: 33.3333%; vertical-align: top;\"><a href=\"http:\/\/www.tourismcartoon.org\/wp-content\/uploads\/2024\/07\/449943036_395026283579827_4402068420019958589_n.jpg\"><img loading=\"lazy\" decoding=\"async\" class=\"aligncenter wp-image-3578 size-thumbnail\" src=\"http:\/\/www.tourismcartoon.org\/wp-content\/uploads\/2024\/07\/449943036_395026283579827_4402068420019958589_n-150x150.jpg\" alt=\"\" width=\"150\" height=\"150\" \/><\/a><\/p>\n<p style=\"text-align: center;\"><span style=\"color: #008080;\"><strong>Omar PEREZ<br \/>\n<\/strong><\/span><em>\u0646\u0642\u0627\u0634 \u06a9\u0627\u0631\u062a\u0648\u0646<\/em><br \/>\n\u0622\u0631\u0698\u0627\u0646\u062a\u06cc\u0646<\/p>\n<\/td>\n<td style=\"width: 33.3333%; vertical-align: top;\"><a href=\"http:\/\/www.tourismcartoon.org\/wp-content\/uploads\/2021\/07\/Ahmet-Aykanat-foto.jpg\"><img loading=\"lazy\" decoding=\"async\" class=\"aligncenter wp-image-1859 size-thumbnail\" src=\"http:\/\/www.tourismcartoon.org\/wp-content\/uploads\/2021\/07\/Ahmet-Aykanat-foto-150x150.jpg\" alt=\"\" width=\"150\" height=\"150\" \/><\/a><\/p>\n<p style=\"text-align: center;\"><span style=\"color: #008080;\"><strong>Ahmet AYKANAT<br \/>\n<\/strong><\/span><em>\u0646\u0642\u0627\u0634 \u06a9\u0627\u0631\u062a\u0648\u0646<\/em><br \/>\n\u062a\u0631\u06a9\u06cc\u0647<\/p>\n<\/td>\n<td style=\"width: 33.3333%; vertical-align: top;\"><a href=\"http:\/\/www.tourismcartoon.org\/wp-content\/uploads\/2025\/08\/565c57fd-99fc-4bfd-b88b-1d4ea2967d7e.jpg\"><img loading=\"lazy\" decoding=\"async\" class=\"aligncenter wp-image-4069 size-thumbnail\" src=\"http:\/\/www.tourismcartoon.org\/wp-content\/uploads\/2025\/08\/565c57fd-99fc-4bfd-b88b-1d4ea2967d7e-150x150.jpg\" alt=\"\" width=\"150\" height=\"150\" \/><\/a><\/p>\n<p style=\"text-align: center;\"><span style=\"color: #008080;\"><strong>Sait MUNZUR<br \/>\n<\/strong><\/span><em>\u0646\u0642\u0627\u0634 \u06a9\u0627\u0631\u062a\u0648\u0646<\/em><br \/>\n\u062a\u0631\u06a9\u06cc\u0647<\/p>\n<\/td>\n<\/tr>\n<tr>\n<td style=\"width: 33.3333%;\"><\/td>\n<td style=\"width: 33.3333%;\">\n<h3 style=\"text-align: center;\"><span style=\"color: #993300;\">\u0647\u0645\u0627\u0647\u0646\u06af \u06a9\u0646\u0646\u062f\u0647 \u0645\u0633\u0627\u0628\u0642\u0627\u062a<\/span><\/h3>\n<\/td>\n<td style=\"width: 33.3333%;\"><\/td>\n<\/tr>\n<tr>\n<td style=\"width: 33.3333%;\"><\/td>\n<td style=\"width: 33.3333%; vertical-align: top;\"><a href=\"http:\/\/www.tourismcartoon.org\/wp-content\/uploads\/2025\/08\/452bd3d383280a4e01e66e65a535898ae0ce2fb0_th.jpg\"><img loading=\"lazy\" decoding=\"async\" class=\"aligncenter wp-image-4036 size-thumbnail\" src=\"http:\/\/www.tourismcartoon.org\/wp-content\/uploads\/2025\/08\/452bd3d383280a4e01e66e65a535898ae0ce2fb0_th-150x150.jpg\" alt=\"\" width=\"150\" height=\"150\" \/><\/a><\/td>\n<td style=\"width: 33.3333%;\"><\/td>\n<\/tr>\n<tr>\n<td style=\"width: 33.3333%;\"><\/td>\n<td style=\"width: 33.3333%; text-align: center;\"><a href=\"https:\/\/nazmikozak.com.tr\/\" target=\"_blank\" rel=\"noopener\"><span style=\"color: #008080;\"><strong>Nazmi KOZAK<\/strong><\/span><\/a><\/td>\n<td style=\"width: 33.3333%;\"><\/td>\n<\/tr>\n<\/tbody>\n<\/table>\n<p><\/p>","protected":false},"excerpt":{"rendered":"<p>\u06a9\u0645\u06cc\u062a\u0647 \u067e\u06cc\u0634 \u0627\u0646\u062a\u062e\u0627\u0628 Mehmet KAHRAMAN \u0646\u0642\u0627\u0634 \u06a9\u0627\u0631\u062a\u0648\u0646 \u062a\u0631\u06a9\u06cc\u0647 Nuhsal I\u015eIN \u0646\u0642\u0627\u0634 \u06a9\u0627\u0631\u062a\u0648\u0646 \u062a\u0631\u06a9\u06cc\u0647 Murteza ALBAYRAK \u0646\u0642\u0627\u0634 \u06a9\u0627\u0631\u062a\u0648\u0646 \u062a\u0631\u06a9\u06cc\u0647 Necdet YILMAZ \u0646\u0642\u0627\u0634 \u06a9\u0627\u0631\u062a\u0648\u0646 \u062a\u0631\u06a9\u06cc\u0647 Mehmet ZEBER \u062f\u0627\u0646\u0634\u06af\u0627\u0647\u06cc\u0627\u0646 \u062a\u0631\u06a9\u06cc\u0647 Halit KURTULMU\u015e \u0646\u0642\u0627\u0634 \u06a9\u0627\u0631\u062a\u0648\u0646 \u062a\u0631\u06a9\u06cc\u0647 Merve OFLUO\u011eLU, Ph.D. \u0634\u0647\u0631\u062f\u0627\u0631\u06cc \u06a9\u0644\u0627\u0646\u0634\u0647\u0631 \u0634\u0627\u0646\u0644\u06cc\u200c\u0627\u0648\u0631\u0641\u0647 \u0631\u0626\u06cc\u0633 \u0627\u062f\u0627\u0631\u0647 \u0641\u0631\u0647\u0646\u06af \u0648 \u06af\u0631\u062f\u0634\u06af\u0631\u06cc \u062a\u0631\u06a9\u06cc\u0647 &nbsp; \u06a9\u0645\u06cc\u062a\u0647 \u0627\u0646\u062a\u062e\u0627\u0628 \u0646\u0647\u0627\u06cc\u06cc Mehmet T\u00dcT\u00dcNC\u00dc \u0634\u0647\u0631\u062f\u0627\u0631\u06cc \u06a9\u0644\u0627\u0646\u0634\u0647\u0631 \u0634\u0627\u0646\u0644\u06cc\u200c\u0627\u0648\u0631\u0641\u0647 \u0645\u062f\u06cc\u0631 \u06a9\u0644&hellip;&nbsp;<a href=\"http:\/\/www.tourismcartoon.org\/fa\/simdiki-yarisma\/degerlendirme-kurullari\/\" class=\"\" rel=\"bookmark\">Read More &raquo;<span class=\"screen-reader-text\">\u06a9\u0645\u06cc\u062a\u0647 \u0627\u0646\u062a\u062e\u0627\u0628<\/span><\/a><\/p>\n","protected":false},"author":1,"featured_media":0,"parent":155,"menu_order":0,"comment_status":"closed","ping_status":"closed","template":"","meta":{"neve_meta_sidebar":"full-width","neve_meta_container":"","neve_meta_enable_content_width":"on","neve_meta_content_width":100,"neve_meta_title_alignment":"","neve_meta_author_avatar":"","neve_post_elements_order":"","neve_meta_disable_header":"","neve_meta_disable_footer":"","neve_meta_disable_title":"","footnotes":""},"class_list":["post-179","page","type-page","status-publish","hentry"],"_links":{"self":[{"href":"http:\/\/www.tourismcartoon.org\/fa\/wp-json\/wp\/v2\/pages\/179","targetHints":{"allow":["GET"]}}],"collection":[{"href":"http:\/\/www.tourismcartoon.org\/fa\/wp-json\/wp\/v2\/pages"}],"about":[{"href":"http:\/\/www.tourismcartoon.org\/fa\/wp-json\/wp\/v2\/types\/page"}],"author":[{"embeddable":true,"href":"http:\/\/www.tourismcartoon.org\/fa\/wp-json\/wp\/v2\/users\/1"}],"replies":[{"embeddable":true,"href":"http:\/\/www.tourismcartoon.org\/fa\/wp-json\/wp\/v2\/comments?post=179"}],"version-history":[{"count":342,"href":"http:\/\/www.tourismcartoon.org\/fa\/wp-json\/wp\/v2\/pages\/179\/revisions"}],"predecessor-version":[{"id":4100,"href":"http:\/\/www.tourismcartoon.org\/fa\/wp-json\/wp\/v2\/pages\/179\/revisions\/4100"}],"up":[{"embeddable":true,"href":"http:\/\/www.tourismcartoon.org\/fa\/wp-json\/wp\/v2\/pages\/155"}],"wp:attachment":[{"href":"http:\/\/www.tourismcartoon.org\/fa\/wp-json\/wp\/v2\/media?parent=179"}],"curies":[{"name":"wp","href":"https:\/\/api.w.org\/{rel}","templated":true}]}}