{"id":3235,"date":"2023-08-19T19:59:15","date_gmt":"2023-08-19T19:59:15","guid":{"rendered":"http:\/\/www.tourismcartoon.org\/?page_id=3235"},"modified":"2025-07-13T10:03:10","modified_gmt":"2025-07-13T10:03:10","slug":"on-dorduncu-yarisma","status":"publish","type":"page","link":"http:\/\/www.tourismcartoon.org\/fa\/on-dorduncu-yarisma\/","title":{"rendered":"\u0686\u0647\u0627\u0631\u062f\u0647\u0645\u06cc\u0646 \u0645\u0633\u0627\u0628\u0642\u0647 &#8211; 2022"},"content":{"rendered":"<p><\/p>\n<p style=\"text-align: right;\">14 <strong>\u062a\u0639\u062f\u0627\u062f \u0645\u0633\u0627\u0628\u0642\u0627\u062a<\/strong>:<br \/>\n<strong>\u0633\u0627\u0644<\/strong>: 2022<br \/>\n\u062a\u0645: \u0641\u0631\u0648\u062f\u06af\u0627\u0647<br \/>\n\u0631\u062f\u0647\u0647\u0627\u06cc \u0635\u0641\u062d\u0647: \u0628\u0632\u0631\u06af\u0633\u0627\u0644\u0627\u0646 \u0631\u062f\u0647 \u0648 \u062c\u0648\u0627\u0646\u0627\u0646 \u0631\u062f\u0647<\/p>\n<p style=\"text-align: right;\">\u0627\u0637\u0644\u0627\u0639\u0627\u062a \u0645\u0631\u0628\u0648\u0637 \u0628\u0647 \u06a9\u0627\u0631\u062a\u0648\u0646 \u0627\u0631\u0633\u0627\u0644 \u0634\u062f\u0647:<\/p>\n<p style=\"text-align: right;\"><strong>\u062a\u0639\u062f\u0627\u062f \u06a9\u0627\u0631\u062a\u0648\u0646 \u0647\u0627\u06cc \u0627\u0631\u0633\u0627\u0644 \u0634\u062f\u0647<\/strong>: 614<br \/>\n<strong>\u062a\u0639\u062f\u0627\u062f \u06a9\u0634\u0648\u0631\u0647\u0627:<\/strong> 45<br \/>\n<strong>\u062a\u0639\u062f\u0627\u062f \u06a9\u0627\u0631\u062a\u0648\u0646\u06cc\u0633\u062a \u0647\u0627<\/strong> 357<\/p>\n<p style=\"text-align: right;\">\u0644\u06cc\u0633\u062a \u06a9\u0627\u0631\u062a\u0648\u0646 \u0647\u0627\u06cc \u0627\u0631\u0633\u0627\u0644 \u0634\u062f\u0647:<br \/>\n\u0628\u0632\u0631\u06af\u0633\u0627\u0644\u0627\u0646 <a href=\"https:\/\/anatoliajournal.com\/cartoon\/2022adult.pdf\" target=\"_blank\" rel=\"noopener\">(<span style=\"color: #993300;\">\u0627\u06cc\u0646\u062c\u0627 \u06a9\u0644\u06cc\u06a9 \u06a9\u0646\u06cc\u062f<\/span>)<\/a><br \/>\n\u0648\u06cc\u062f\u0626\u0648<a href=\"https:\/\/anatoliajournal.com\/cartoon\/2022youth.pdf\" target=\"_blank\" rel=\"noopener\"> (<span style=\"color: #993300;\">\u0627\u06cc\u0646\u062c\u0627 \u06a9\u0644\u06cc\u06a9 \u06a9\u0646\u06cc<\/span><span style=\"color: #993300;\">\u062f<\/span>)<\/a><\/p>\n<p>\u0645\u062d\u0644 \u0628\u0631\u06af\u0632\u0627\u0631\u06cc \u0645\u0631\u0627\u0633\u0645 \u062c\u0627\u06cc\u0632\u0647: Ahmet AYKANAT (T\u00fcrkiye), Akda\u011f SAYDUT (T\u00fcrkiye), Engin SEL\u00c7UK (T\u00fcrkiye), Fahriye FAREN \u00c7ITAKLI (T\u00fcrkiye), Halit Kurtulmu\u015f AYDOSLU (T\u00fcrkiye), Leila ALA\u0130Y (Iran), Lubomir MIHAILOV (Bulgaria), Marco De ANGELIS (Italy), Marilena NARDI (Italy), Mehmet KAHRAMAN (T\u00fcrkiye), Mehmet ZEBER (T\u00fcrkiye), Muhittin K\u00d6RO\u011eLU (T\u00fcrkiye), Musa G\u00dcM\u00dc\u015e (T\u00fcrkiye), Nikola LISTES (Croatia), Ra\u015fit YAKALI (T\u00fcrkiye), Suleiman FARAJAT (Jordan), Vicdan BULUNMAZ \u00d6ZER (T\u00fcrkiye), Vladimir KAZANEVSKY (Ukraine)<\/p>\n<p style=\"text-align: right;\">\u06a9\u062a\u0627\u0628 \u0645\u0633\u0627\u0628\u0642\u0647<a href=\"http:\/\/www.tourismcartoon.org\/wp-content\/uploads\/2023\/08\/2022-book.pdf\" target=\"_blank\" rel=\"noopener\"> <span style=\"color: #993300;\">(\u0627\u06cc\u0646\u062c\u0627 \u06a9\u0644\u06cc\u06a9 \u06a9\u0646\u06cc\u062f<\/span>)<\/a><br \/>\n\u0627\u062e\u0628\u0627\u0631 \u0645\u0646\u062a\u0634\u0631 \u0634\u062f\u0647 \u062f\u0631 \u0645\u0648\u0631\u062f \u0645\u0633\u0627\u0628\u0642\u0647 <span style=\"color: #993300;\">(\u0627\u06cc\u0646\u062c\u0627 \u06a9\u0644\u06cc\u06a9 \u06a9\u0646\u06cc\u062f<\/span>)<br \/>\n\u0639\u06a9\u0633 \u0645\u0631\u0627\u0633\u0645 \u0627\u0647\u062f\u0627\u06cc \u062c\u0627\u06cc\u0632\u0647 <span style=\"color: #993300;\"><a style=\"color: #993300;\" href=\"https:\/\/photos.app.goo.gl\/1TevLTZ8XpcX7xJQ7\" target=\"_blank\" rel=\"noopener\">(\u0627\u06cc\u0646\u062c\u0627 \u06a9\u0644\u06cc\u06a9 \u06a9\u0646\u06cc\u062f)<\/a><\/span><br \/>\n\u0645\u0639\u0631\u0641\u06cc \u0645\u0631\u0627\u0633\u0645 \u0627\u0647\u062f\u0627\u0621 <span style=\"color: #993300;\"><a style=\"color: #993300;\" href=\"https:\/\/photos.google.com\/share\/AF1QipMzlS7QYaXSIceUERbRgO20DsBzFuMseRAmtGNaOplyEEjo5I8cUATQO-yJgOUnRA?key=NDBGVDBqRFNuM190RkIyUXNiT0g2WWdJUEJlWXZn\" target=\"_blank\" rel=\"noopener\">(\u0627\u06cc\u0646\u062c\u0627 \u06a9\u0644\u06cc\u06a9 \u06a9\u0646\u06cc\u062f)<\/a><br \/>\n<span style=\"color: #000000;\">Video <\/span>(\u0627<\/span><\/p>\n<div style=\"width: 640px;\" class=\"wp-video\"><video class=\"wp-video-shortcode\" id=\"video-3235-9\" width=\"640\" height=\"288\" preload=\"metadata\" controls=\"controls\"><source type=\"video\/mp4\" src=\"http:\/\/www.tourismcartoon.org\/wp-content\/uploads\/2023\/08\/18.mp4?_=9\" \/><a href=\"http:\/\/www.tourismcartoon.org\/wp-content\/uploads\/2023\/08\/18.mp4\">http:\/\/www.tourismcartoon.org\/wp-content\/uploads\/2023\/08\/18.mp4<\/a><\/video><\/div>\n<p style=\"text-align: right;\"><span style=\"color: #993300;\">\u00a0<\/span><\/p>\n<hr \/>\n<p>&nbsp;<\/p>\n<h3 style=\"text-align: center;\"><strong>\u062f\u0631 \u0628\u0631\u0646\u062f\u0647<br \/>\n<\/strong><\/h3>\n<h5 style=\"text-align: center;\"><span style=\"color: #0000ff;\">\u06a9\u0627\u0631\u06cc\u06a9\u0627\u062a\u0648\u0631\u06cc\u0633\u062a \u0628\u0632\u0631\u06af\u0633\u0627\u0644\u0627\u0646<\/span><\/h5>\n<table style=\"border-collapse: collapse; width: 100%; height: 551px;\">\n<tbody>\n<tr style=\"height: 24px;\">\n<td style=\"width: 33.3333%; text-align: center; height: 24px;\"><strong><span dir=\"RTL\">\u062c\u0627\u06cc\u0632\u0647\u00ad\u06cc \u0646\u0641\u0631 \u0627\u0648\u0644<\/span><\/strong><\/td>\n<td style=\"width: 33.3333%; text-align: center; height: 24px;\"><strong><span dir=\"RTL\">\u062c\u0627\u06cc\u0632\u0647\u00ad\u06cc \u0646\u0641\u0631 \u062f\u0648\u0645<\/span><\/strong><\/td>\n<td style=\"width: 33.3333%; text-align: center; height: 24px;\"><strong><span dir=\"RTL\">\u062c\u0627\u06cc\u0632\u0647\u00ad\u06cc \u0646\u0641\u0631 \u0633\u0648<\/span><\/strong><\/td>\n<\/tr>\n<tr style=\"height: 262px;\">\n<td style=\"width: 33.3333%; text-align: center; height: 262px;\"><a href=\"http:\/\/www.tourismcartoon.org\/wp-content\/uploads\/2023\/08\/Ali-Rastroo-Iran-scaled.jpg\"><img loading=\"lazy\" decoding=\"async\" class=\"aligncenter wp-image-3259 size-medium\" src=\"http:\/\/www.tourismcartoon.org\/wp-content\/uploads\/2023\/08\/Ali-Rastroo-Iran-300x212.jpg\" alt=\"\" width=\"300\" height=\"212\" srcset=\"http:\/\/www.tourismcartoon.org\/wp-content\/uploads\/2023\/08\/Ali-Rastroo-Iran-300x212.jpg 300w, http:\/\/www.tourismcartoon.org\/wp-content\/uploads\/2023\/08\/Ali-Rastroo-Iran-1024x724.jpg 1024w, http:\/\/www.tourismcartoon.org\/wp-content\/uploads\/2023\/08\/Ali-Rastroo-Iran-768x543.jpg 768w, http:\/\/www.tourismcartoon.org\/wp-content\/uploads\/2023\/08\/Ali-Rastroo-Iran-1536x1086.jpg 1536w, http:\/\/www.tourismcartoon.org\/wp-content\/uploads\/2023\/08\/Ali-Rastroo-Iran-2048x1448.jpg 2048w\" sizes=\"auto, (max-width: 300px) 100vw, 300px\" \/><\/a><\/p>\n<p><span style=\"color: #008080;\"><strong>Ali Rastroo<\/strong><\/span><\/p>\n<p><span style=\"color: #666699;\"><em>\u0130ran<\/em><\/span><\/td>\n<td style=\"width: 33.3333%; text-align: center; height: 262px;\"><a href=\"http:\/\/www.tourismcartoon.org\/wp-content\/uploads\/2023\/08\/Omar-Zevallos-Velarde-Peru-scaled.jpg\"><img loading=\"lazy\" decoding=\"async\" class=\"aligncenter wp-image-3260 size-medium\" src=\"http:\/\/www.tourismcartoon.org\/wp-content\/uploads\/2023\/08\/Omar-Zevallos-Velarde-Peru-300x225.jpg\" alt=\"\" width=\"300\" height=\"225\" srcset=\"http:\/\/www.tourismcartoon.org\/wp-content\/uploads\/2023\/08\/Omar-Zevallos-Velarde-Peru-300x225.jpg 300w, http:\/\/www.tourismcartoon.org\/wp-content\/uploads\/2023\/08\/Omar-Zevallos-Velarde-Peru-1024x767.jpg 1024w, http:\/\/www.tourismcartoon.org\/wp-content\/uploads\/2023\/08\/Omar-Zevallos-Velarde-Peru-768x575.jpg 768w, http:\/\/www.tourismcartoon.org\/wp-content\/uploads\/2023\/08\/Omar-Zevallos-Velarde-Peru-1536x1151.jpg 1536w, http:\/\/www.tourismcartoon.org\/wp-content\/uploads\/2023\/08\/Omar-Zevallos-Velarde-Peru-2048x1534.jpg 2048w\" sizes=\"auto, (max-width: 300px) 100vw, 300px\" \/><\/a><\/p>\n<p><span style=\"color: #008080;\"><strong>Omar Zevallos Velarde<\/strong><\/span><\/p>\n<p><em><span style=\"color: #666699;\">Peru<\/span><\/em><\/td>\n<td style=\"width: 33.3333%; text-align: center; height: 262px;\"><a href=\"http:\/\/www.tourismcartoon.org\/wp-content\/uploads\/2023\/08\/Jordan-Pop-Iliev-Macedonia.jpg\"><img loading=\"lazy\" decoding=\"async\" class=\"aligncenter wp-image-3261 size-medium\" src=\"http:\/\/www.tourismcartoon.org\/wp-content\/uploads\/2023\/08\/Jordan-Pop-Iliev-Macedonia-300x224.jpg\" alt=\"\" width=\"300\" height=\"224\" srcset=\"http:\/\/www.tourismcartoon.org\/wp-content\/uploads\/2023\/08\/Jordan-Pop-Iliev-Macedonia-300x224.jpg 300w, http:\/\/www.tourismcartoon.org\/wp-content\/uploads\/2023\/08\/Jordan-Pop-Iliev-Macedonia-1024x764.jpg 1024w, http:\/\/www.tourismcartoon.org\/wp-content\/uploads\/2023\/08\/Jordan-Pop-Iliev-Macedonia-768x573.jpg 768w, http:\/\/www.tourismcartoon.org\/wp-content\/uploads\/2023\/08\/Jordan-Pop-Iliev-Macedonia-1536x1146.jpg 1536w, http:\/\/www.tourismcartoon.org\/wp-content\/uploads\/2023\/08\/Jordan-Pop-Iliev-Macedonia.jpg 2000w\" sizes=\"auto, (max-width: 300px) 100vw, 300px\" \/><\/a><\/p>\n<p><span style=\"color: #008080;\"><strong style=\"font-family: inherit; font-size: inherit;\">Jordan Pop-Iliev<\/strong><\/span><\/p>\n<p>Macedonia<\/td>\n<\/tr>\n<tr style=\"height: 24px;\">\n<td style=\"width: 33.3333%; text-align: center; height: 24px;\"><\/td>\n<td style=\"width: 33.3333%; text-align: center;\"><strong>\u062c\u0627\u06cc\u0632\u0647 \u06cc \u0645\u062e\u0635\u0648\u0635 \u0627\u0633\u062a\u0627\u062f \u0622\u062a\u06cc\u0644\u0627 \u00a0\u0627\u0624\u0632\u0631<\/strong><\/td>\n<td style=\"width: 33.3333%; text-align: center; height: 24px;\"><\/td>\n<\/tr>\n<tr style=\"height: 241px;\">\n<td style=\"width: 33.3333%; text-align: center; height: 241px;\">&nbsp;<\/p>\n<p>&nbsp;<\/td>\n<td style=\"width: 33.3333%; text-align: center; height: 241px;\"><a href=\"http:\/\/www.tourismcartoon.org\/wp-content\/uploads\/2023\/08\/Heibat-Ahmadi-Iran--scaled.jpg\"><img loading=\"lazy\" decoding=\"async\" class=\"aligncenter wp-image-3262 size-medium\" src=\"http:\/\/www.tourismcartoon.org\/wp-content\/uploads\/2023\/08\/Heibat-Ahmadi-Iran--300x212.jpg\" alt=\"\" width=\"300\" height=\"212\" srcset=\"http:\/\/www.tourismcartoon.org\/wp-content\/uploads\/2023\/08\/Heibat-Ahmadi-Iran--300x212.jpg 300w, http:\/\/www.tourismcartoon.org\/wp-content\/uploads\/2023\/08\/Heibat-Ahmadi-Iran--1024x724.jpg 1024w, http:\/\/www.tourismcartoon.org\/wp-content\/uploads\/2023\/08\/Heibat-Ahmadi-Iran--768x543.jpg 768w, http:\/\/www.tourismcartoon.org\/wp-content\/uploads\/2023\/08\/Heibat-Ahmadi-Iran--1536x1086.jpg 1536w, http:\/\/www.tourismcartoon.org\/wp-content\/uploads\/2023\/08\/Heibat-Ahmadi-Iran--2048x1448.jpg 2048w\" sizes=\"auto, (max-width: 300px) 100vw, 300px\" \/><\/a><\/p>\n<p><span style=\"color: #008080;\"><strong style=\"font-family: inherit; font-size: inherit;\"><strong>Heibat Ahmadi<\/strong><\/strong><\/span><\/p>\n<p><span style=\"color: #666699;\"><em><span style=\"font-family: inherit; font-size: inherit;\">\u0130ran<\/span><\/em><\/span><\/td>\n<td style=\"width: 33.3333%; text-align: center; height: 241px;\"><\/td>\n<\/tr>\n<\/tbody>\n<\/table>\n<h5 style=\"text-align: center;\"><span style=\"color: #0000ff;\">\u06a9\u0627\u0631\u062a\u0648\u0646 \u06a9\u0627\u0631\u062a\u0648\u0646\u06cc\u0633\u062a\u0647\u0627\u06cc \u062c\u0648\u0627\u0646<\/span><\/h5>\n<table style=\"border-collapse: collapse; width: 100%;\">\n<tbody>\n<tr>\n<td style=\"width: 33.3333%; text-align: center;\"><strong><span dir=\"RTL\">\u062c\u0627\u06cc\u0632\u0647\u00ad\u06cc \u0646\u0641\u0631 \u0627\u0648\u0644<\/span><\/strong><\/td>\n<td style=\"width: 33.3333%; text-align: center;\"><strong><span dir=\"RTL\">\u062c\u0627\u06cc\u0632\u0647\u00ad\u06cc \u0646\u0641\u0631 \u062f\u0648\u0645<\/span><\/strong><\/td>\n<td style=\"width: 33.3333%; text-align: center;\"><strong><span dir=\"RTL\">\u062c\u0627\u06cc\u0632\u0647\u00ad\u06cc \u0646\u0641\u0631 \u0633\u0648<\/span><\/strong><\/td>\n<\/tr>\n<tr>\n<td style=\"width: 33.3333%; text-align: center;\"><a href=\"http:\/\/www.tourismcartoon.org\/wp-content\/uploads\/2023\/08\/Birinci-Poyraz-Din-scaled.jpg\"><img loading=\"lazy\" decoding=\"async\" class=\"aligncenter wp-image-3264 size-medium\" src=\"http:\/\/www.tourismcartoon.org\/wp-content\/uploads\/2023\/08\/Birinci-Poyraz-Din-212x300.jpg\" alt=\"\" width=\"212\" height=\"300\" srcset=\"http:\/\/www.tourismcartoon.org\/wp-content\/uploads\/2023\/08\/Birinci-Poyraz-Din-212x300.jpg 212w, http:\/\/www.tourismcartoon.org\/wp-content\/uploads\/2023\/08\/Birinci-Poyraz-Din-725x1024.jpg 725w, http:\/\/www.tourismcartoon.org\/wp-content\/uploads\/2023\/08\/Birinci-Poyraz-Din-768x1085.jpg 768w, http:\/\/www.tourismcartoon.org\/wp-content\/uploads\/2023\/08\/Birinci-Poyraz-Din-1087x1536.jpg 1087w, http:\/\/www.tourismcartoon.org\/wp-content\/uploads\/2023\/08\/Birinci-Poyraz-Din-1449x2048.jpg 1449w, http:\/\/www.tourismcartoon.org\/wp-content\/uploads\/2023\/08\/Birinci-Poyraz-Din-scaled.jpg 1812w\" sizes=\"auto, (max-width: 212px) 100vw, 212px\" \/><\/a><\/p>\n<p><span style=\"color: #008080;\"><strong style=\"font-family: inherit; font-size: inherit;\">Poyraz Din<\/strong><\/span><\/p>\n<p>(ya\u015f: 13)<\/p>\n<p><span style=\"color: #666699;\"><em>T\u00fcrkiye<\/em><\/span><\/td>\n<td style=\"width: 33.3333%; text-align: center;\"><a href=\"http:\/\/www.tourismcartoon.org\/wp-content\/uploads\/2023\/08\/Ikinci-Ola-Wesam-Khalil-Egypt-scaled.jpg\"><img loading=\"lazy\" decoding=\"async\" class=\"aligncenter wp-image-3265 size-medium\" src=\"http:\/\/www.tourismcartoon.org\/wp-content\/uploads\/2023\/08\/Ikinci-Ola-Wesam-Khalil-Egypt-212x300.jpg\" alt=\"\" width=\"212\" height=\"300\" srcset=\"http:\/\/www.tourismcartoon.org\/wp-content\/uploads\/2023\/08\/Ikinci-Ola-Wesam-Khalil-Egypt-212x300.jpg 212w, http:\/\/www.tourismcartoon.org\/wp-content\/uploads\/2023\/08\/Ikinci-Ola-Wesam-Khalil-Egypt-724x1024.jpg 724w, http:\/\/www.tourismcartoon.org\/wp-content\/uploads\/2023\/08\/Ikinci-Ola-Wesam-Khalil-Egypt-768x1086.jpg 768w, http:\/\/www.tourismcartoon.org\/wp-content\/uploads\/2023\/08\/Ikinci-Ola-Wesam-Khalil-Egypt-1086x1536.jpg 1086w, http:\/\/www.tourismcartoon.org\/wp-content\/uploads\/2023\/08\/Ikinci-Ola-Wesam-Khalil-Egypt-1448x2048.jpg 1448w, http:\/\/www.tourismcartoon.org\/wp-content\/uploads\/2023\/08\/Ikinci-Ola-Wesam-Khalil-Egypt-scaled.jpg 1810w\" sizes=\"auto, (max-width: 212px) 100vw, 212px\" \/><\/a><\/p>\n<p><span style=\"color: #008080;\"><strong>Ola Wesam Khalil<\/strong><\/span><\/p>\n<p>(ya\u015f: 16)<\/p>\n<p><span style=\"color: #666699;\">Egypt<\/span><\/td>\n<td style=\"width: 33.3333%; text-align: center;\"><a href=\"http:\/\/www.tourismcartoon.org\/wp-content\/uploads\/2023\/08\/Ucuncu-FURKAN-AYTUR-scaled.jpg\"><img loading=\"lazy\" decoding=\"async\" class=\"aligncenter wp-image-3309 size-large\" src=\"http:\/\/www.tourismcartoon.org\/wp-content\/uploads\/2023\/08\/Ucuncu-FURKAN-AYTUR-1024x756.jpg\" alt=\"\" width=\"1024\" height=\"756\" srcset=\"http:\/\/www.tourismcartoon.org\/wp-content\/uploads\/2023\/08\/Ucuncu-FURKAN-AYTUR-1024x756.jpg 1024w, http:\/\/www.tourismcartoon.org\/wp-content\/uploads\/2023\/08\/Ucuncu-FURKAN-AYTUR-300x222.jpg 300w, http:\/\/www.tourismcartoon.org\/wp-content\/uploads\/2023\/08\/Ucuncu-FURKAN-AYTUR-768x567.jpg 768w, http:\/\/www.tourismcartoon.org\/wp-content\/uploads\/2023\/08\/Ucuncu-FURKAN-AYTUR-1536x1135.jpg 1536w, http:\/\/www.tourismcartoon.org\/wp-content\/uploads\/2023\/08\/Ucuncu-FURKAN-AYTUR-2048x1513.jpg 2048w\" sizes=\"auto, (max-width: 1024px) 100vw, 1024px\" \/><\/a><\/p>\n<p><span style=\"color: #008080;\"><strong>Furkan Aytur<\/strong><\/span><\/p>\n<p>(ya\u015f: 15)<\/p>\n<p><em><span style=\"color: #666699;\">T\u00fcrkiye<\/span><\/em><\/td>\n<\/tr>\n<\/tbody>\n<\/table>\n<hr \/>\n<p>&nbsp;<\/p>","protected":false},"excerpt":{"rendered":"<p>14 \u062a\u0639\u062f\u0627\u062f \u0645\u0633\u0627\u0628\u0642\u0627\u062a: \u0633\u0627\u0644: 2022 \u062a\u0645: \u0641\u0631\u0648\u062f\u06af\u0627\u0647 \u0631\u062f\u0647\u0647\u0627\u06cc \u0635\u0641\u062d\u0647: \u0628\u0632\u0631\u06af\u0633\u0627\u0644\u0627\u0646 \u0631\u062f\u0647 \u0648 \u062c\u0648\u0627\u0646\u0627\u0646 \u0631\u062f\u0647 \u0627\u0637\u0644\u0627\u0639\u0627\u062a \u0645\u0631\u0628\u0648\u0637 \u0628\u0647 \u06a9\u0627\u0631\u062a\u0648\u0646 \u0627\u0631\u0633\u0627\u0644 \u0634\u062f\u0647: \u062a\u0639\u062f\u0627\u062f \u06a9\u0627\u0631\u062a\u0648\u0646 \u0647\u0627\u06cc \u0627\u0631\u0633\u0627\u0644 \u0634\u062f\u0647: 614 \u062a\u0639\u062f\u0627\u062f \u06a9\u0634\u0648\u0631\u0647\u0627: 45 \u062a\u0639\u062f\u0627\u062f \u06a9\u0627\u0631\u062a\u0648\u0646\u06cc\u0633\u062a \u0647\u0627 357 \u0644\u06cc\u0633\u062a \u06a9\u0627\u0631\u062a\u0648\u0646 \u0647\u0627\u06cc \u0627\u0631\u0633\u0627\u0644 \u0634\u062f\u0647: \u0628\u0632\u0631\u06af\u0633\u0627\u0644\u0627\u0646 (\u0627\u06cc\u0646\u062c\u0627 \u06a9\u0644\u06cc\u06a9 \u06a9\u0646\u06cc\u062f) \u0648\u06cc\u062f\u0626\u0648 (\u0627\u06cc\u0646\u062c\u0627 \u06a9\u0644\u06cc\u06a9 \u06a9\u0646\u06cc\u062f) \u0645\u062d\u0644 \u0628\u0631\u06af\u0632\u0627\u0631\u06cc \u0645\u0631\u0627\u0633\u0645 \u062c\u0627\u06cc\u0632\u0647: Ahmet AYKANAT (T\u00fcrkiye), Akda\u011f SAYDUT&hellip;&nbsp;<a href=\"http:\/\/www.tourismcartoon.org\/fa\/on-dorduncu-yarisma\/\" class=\"\" rel=\"bookmark\">Read More &raquo;<span class=\"screen-reader-text\">\u0686\u0647\u0627\u0631\u062f\u0647\u0645\u06cc\u0646 \u0645\u0633\u0627\u0628\u0642\u0647 &#8211; 2022<\/span><\/a><\/p>\n","protected":false},"author":1,"featured_media":0,"parent":0,"menu_order":0,"comment_status":"closed","ping_status":"closed","template":"","meta":{"neve_meta_sidebar":"full-width","neve_meta_container":"","neve_meta_enable_content_width":"on","neve_meta_content_width":100,"neve_meta_title_alignment":"","neve_meta_author_avatar":"","neve_post_elements_order":"","neve_meta_disable_header":"","neve_meta_disable_footer":"","neve_meta_disable_title":"","footnotes":""},"class_list":["post-3235","page","type-page","status-publish","hentry"],"_links":{"self":[{"href":"http:\/\/www.tourismcartoon.org\/fa\/wp-json\/wp\/v2\/pages\/3235","targetHints":{"allow":["GET"]}}],"collection":[{"href":"http:\/\/www.tourismcartoon.org\/fa\/wp-json\/wp\/v2\/pages"}],"about":[{"href":"http:\/\/www.tourismcartoon.org\/fa\/wp-json\/wp\/v2\/types\/page"}],"author":[{"embeddable":true,"href":"http:\/\/www.tourismcartoon.org\/fa\/wp-json\/wp\/v2\/users\/1"}],"replies":[{"embeddable":true,"href":"http:\/\/www.tourismcartoon.org\/fa\/wp-json\/wp\/v2\/comments?post=3235"}],"version-history":[{"count":52,"href":"http:\/\/www.tourismcartoon.org\/fa\/wp-json\/wp\/v2\/pages\/3235\/revisions"}],"predecessor-version":[{"id":3769,"href":"http:\/\/www.tourismcartoon.org\/fa\/wp-json\/wp\/v2\/pages\/3235\/revisions\/3769"}],"wp:attachment":[{"href":"http:\/\/www.tourismcartoon.org\/fa\/wp-json\/wp\/v2\/media?parent=3235"}],"curies":[{"name":"wp","href":"https:\/\/api.w.org\/{rel}","templated":true}]}}