{"id":157,"date":"2020-03-31T13:08:38","date_gmt":"2020-03-31T13:08:38","guid":{"rendered":"http:\/\/www.tourismcartoon.org\/?page_id=157"},"modified":"2024-11-07T13:58:43","modified_gmt":"2024-11-07T13:58:43","slug":"daimi-sergiler","status":"publish","type":"page","link":"http:\/\/www.tourismcartoon.org\/fr\/sergiler\/daimi-sergiler\/","title":{"rendered":"Expositions Permanentes"},"content":{"rendered":"<p><\/p>\n<div>\n<div>\n<hr \/>\n<div><span style=\"font-family: 'trebuchet ms', geneva, sans-serif; font-size: 10pt;\"><strong>Location:<span style=\"color: #993300;\"> <a style=\"color: #993300;\" href=\"https:\/\/www.bilecik.edu.tr\/uygulamalibilimler-en\" target=\"_blank\" rel=\"noopener\">The School of Applied Sciences (Bilecik \u015eeyh Edebali University)<\/a><\/span><br \/>\n<\/strong><\/span><span style=\"font-family: 'trebuchet ms', geneva, sans-serif; font-size: 10pt;\"><strong>11th Competition<\/strong><\/span><\/div>\n<div><span style=\"font-family: 'trebuchet ms', geneva, sans-serif; font-size: 10pt;\"><strong>Opening date: December 7, 2024<\/strong><\/span><\/div>\n<div><span style=\"font-family: 'trebuchet ms', geneva, sans-serif; font-size: 10pt;\"><strong>Number of caricatures: 20<br \/>\n<span style=\"color: #993300;\"><a style=\"color: #993300;\" href=\"https:\/\/photos.app.goo.gl\/D9D2K2Rqw1Xj6xvbA\" target=\"_blank\" rel=\"noopener\">Click here<\/a> <\/span>for photos<\/strong><\/span><\/p>\n<hr \/>\n<\/div>\n<p><span style=\"font-family: 'trebuchet ms', geneva, sans-serif; font-size: 10pt;\"><strong>Location: <span style=\"color: #993300;\"><a style=\"color: #993300;\" href=\"https:\/\/turizm.aku.edu.tr\/en\/\" target=\"_blank\" rel=\"noopener noreferrer\">Faculty of Tourism (Afyon Kocatepe University, Turkey)<\/a><\/span><br \/>\n<\/strong><\/span><span style=\"font-family: 'trebuchet ms', geneva, sans-serif; font-size: 10pt;\"><strong>11th Competition<br \/>\n<\/strong><\/span><strong style=\"font-family: 'trebuchet ms', geneva, sans-serif; font-size: 10pt;\">Opening date: June, 22, 2022<br \/>\n<\/strong><strong style=\"font-family: 'trebuchet ms', geneva, sans-serif; font-size: 10pt;\">Number of caricatures: 20<br \/>\n<\/strong><strong style=\"font-family: 'trebuchet ms', geneva, sans-serif; font-size: 10pt;\"><span style=\"color: #993300;\"><a style=\"color: #993300;\" href=\"https:\/\/photos.google.com\/share\/AF1QipOe6tt6i-krQtQfgudma9wTiv-uFu-yFgIxfMDch2fyi-41eAc76Q6ljFtjNZ4Ozg?key=eHkxaC1YWkhENkgzam1TYUFURHhXcTMxN2xfSzBR\" target=\"_blank\" rel=\"noopener noreferrer\">Click here<\/a><\/span> for photos<\/strong><\/p>\n<\/div>\n<div>\n<hr \/>\n<\/div>\n<\/div>\n<div><span style=\"font-family: 'trebuchet ms', geneva, sans-serif; font-size: 10pt;\"><strong>Location: <span style=\"color: #993300;\"><a style=\"color: #993300;\" href=\"https:\/\/tyo.mehmetakif.edu.tr\/\" target=\"_blank\" rel=\"noopener noreferrer\">School of Tourism and Hotel Management (Burdur Mehmet Akif University, Turkey)<\/a><\/span><br \/>\n12th Competiteon (2020)<br \/>\n<\/strong><\/span><\/div>\n<div><span style=\"font-family: 'trebuchet ms', geneva, sans-serif; font-size: 10pt;\"><strong>Opening date: June 21, 2022<\/strong><\/span><\/div>\n<div><span style=\"font-family: 'trebuchet ms', geneva, sans-serif; font-size: 10pt;\"><strong>Number of caricatures : 11<br \/>\n<\/strong><\/span><strong style=\"font-family: 'trebuchet ms', geneva, sans-serif; font-size: 10pt;\"><a href=\"https:\/\/photos.google.com\/share\/AF1QipNwFXZQA65Fk-i1eOaOVJzdub0d8cfr32HH71CbgJhERzbmWisSgsY2VwvLzg-5SA?key=TS02aVB2emJfN1A3NVAxMU9saDF0Snh1ZklvY0JB\" target=\"_blank\" rel=\"noopener noreferrer\"><span style=\"color: #993300;\">Click here<\/span><\/a> for photos<\/strong><\/div>\n<div>\n<hr \/>\n<p><span style=\"font-family: 'trebuchet ms', geneva, sans-serif; font-size: 10pt;\"><strong>Location: <span style=\"color: #993300;\"><a style=\"color: #993300;\" href=\"http:\/\/turizm.akdeniz.edu.tr\/\" target=\"_blank\" rel=\"noopener noreferrer\">\u00a0Faculty of Tourism (Akdeniz University, Turkey)<\/a><br \/>\n<\/span><\/strong><\/span><strong style=\"font-family: 'trebuchet ms', geneva, sans-serif; font-size: 10pt;\">9th Competition (2017)<br \/>\n<\/strong><strong style=\"font-family: 'trebuchet ms', geneva, sans-serif; font-size: 10pt;\">Opening date: February 2019<br \/>\n<\/strong><strong style=\"font-family: 'trebuchet ms', geneva, sans-serif; font-size: 10pt;\">Number of caricatures: 41<br \/>\n<\/strong><strong style=\"font-family: 'trebuchet ms', geneva, sans-serif; font-size: 10pt;\"><span style=\"color: #993300;\"><a style=\"color: #993300;\" href=\"https:\/\/photos.google.com\/share\/AF1QipP96TlIQ0msVnmAO8NptZ2zgfBgksV8TWbpRKbRyYTAv0tRtgFp0SM_7ozFvVL7-w?key=OXlBS2Rtd3NEdndpYm1GaU1yWjFvWWMxc1RQT2pR\" target=\"_blank\" rel=\"noopener noreferrer\">Click here<\/a><\/span> for photos<\/strong><\/p>\n<\/div>\n<div>\n<hr \/>\n<\/div>\n<div><strong style=\"font-family: 'trebuchet ms', geneva, sans-serif; font-size: 10pt;\">Location: <span style=\"color: #993300;\"><a style=\"color: #993300;\" href=\"http:\/\/akademik.adu.edu.tr\/fakulte\/turizm\/\" target=\"_blank\" rel=\"noopener noreferrer\">Faculty of Tourism (<\/a><a style=\"color: #993300;\" href=\"http:\/\/akademik.adu.edu.tr\/fakulte\/turizm\/\" target=\"_blank\" rel=\"noopener noreferrer\">Adnan Menderes University, Turkey)<\/a><br \/>\n<\/span><\/strong><strong style=\"font-family: 'trebuchet ms', geneva, sans-serif; font-size: 10pt;\">8th Competition (2016)<br \/>\n<\/strong><strong style=\"font-family: 'trebuchet ms', geneva, sans-serif; font-size: 10pt;\">Opening date: May 2018<br \/>\n<\/strong><strong style=\"font-family: 'trebuchet ms', geneva, sans-serif; font-size: 10pt;\">Number of caricatures: 41<br \/>\n<\/strong><strong style=\"font-family: 'trebuchet ms', geneva, sans-serif; font-size: 10pt;\"><span style=\"color: #993300;\"><a style=\"color: #993300;\" href=\"https:\/\/photos.google.com\/share\/AF1QipNavzfokmdLNdGj-5yKP2jJW9VZYNjN54_kQm2l3PSP7KystsjSF1hK-0y8Ut7KFw?key=N2xYN3d1QjNMeDh5amZSY19fV0xBQzBCSWpLQnNB\" target=\"_blank\" rel=\"noopener noreferrer\">Click here<\/a><\/span> for photos<\/strong><\/p>\n<hr \/>\n<\/div>\n<div><span style=\"font-family: 'trebuchet ms', geneva, sans-serif; font-size: 10pt;\"><strong>Location: Faculty of Humanities, Department of Sociology (Mu\u011fla S\u0131tk\u0131 Ko\u00e7man University, Turkey)<br \/>\n8th Competition <\/strong><\/span><span style=\"font-family: 'trebuchet ms', geneva, sans-serif; font-size: 10pt;\"><strong>(2016)<br \/>\n<\/strong><\/span><\/div>\n<div><span style=\"font-family: 'trebuchet ms', geneva, sans-serif; font-size: 10pt;\"><strong>Opening date: May 2018<\/strong><\/span><\/div>\n<div><span style=\"font-family: 'trebuchet ms', geneva, sans-serif; font-size: 10pt;\"><strong>Number of caricatures: 11<br \/>\nClick here for photos<\/strong><\/span><\/p>\n<hr \/>\n<p><span style=\"font-family: 'trebuchet ms', geneva, sans-serif; font-size: 10pt;\"><strong>Location: <span style=\"color: #993300;\"><a style=\"color: #993300;\" href=\"http:\/\/turizm.deu.edu.tr\/tr\/\" target=\"_blank\" rel=\"noopener noreferrer\">Reha Midilli Fo\u00e7a Faculty of Tourism (<\/a><a style=\"color: #993300;\" href=\"http:\/\/turizm.deu.edu.tr\/tr\/\" target=\"_blank\" rel=\"noopener noreferrer\">Dokuz Eyl\u00fcl University, Turkey)<\/a><\/span><br \/>\n7th Competition (2015)<br \/>\nOpening dates: 2016 &#8211; 2020<\/strong><\/span><br \/>\n<span style=\"font-family: 'trebuchet ms', geneva, sans-serif; font-size: 10pt;\"><strong>Number of caricatures: 41<br \/>\n<\/strong><\/span><strong style=\"font-family: 'trebuchet ms', geneva, sans-serif; font-size: 10pt;\"><span style=\"color: #993300;\"><a style=\"color: #993300;\" href=\"https:\/\/photos.google.com\/share\/AF1QipN_2Q_DTJpgwmJQRTXU5lF4rOZq7p7W8csQef_YhkQkSz7w0rMQ4JcLs2NUKSjQGA?key=NXk3VXpQX0J5RHZ4VG5KVXRSZFpPOTFhVl9IOXp3\" target=\"_blank\" rel=\"noopener noreferrer\">Click here<\/a><\/span> for photos<br \/>\n<\/strong><\/p>\n<\/div>\n<hr \/>\n<p>&nbsp;<\/p>","protected":false},"excerpt":{"rendered":"<p>Location: The School of Applied Sciences (Bilecik \u015eeyh Edebali University) 11th Competition Opening date: December 7, 2024 Number of caricatures: 20 Click here for photos Location: Faculty of Tourism (Afyon Kocatepe University, Turkey) 11th Competition Opening date: June, 22, 2022 Number of caricatures: 20 Click here for photos Location: School of Tourism and Hotel Management&hellip;&nbsp;<a href=\"http:\/\/www.tourismcartoon.org\/fr\/sergiler\/daimi-sergiler\/\" class=\"\" rel=\"bookmark\">Lire la suite &raquo;<span class=\"screen-reader-text\">Expositions Permanentes<\/span><\/a><\/p>\n","protected":false},"author":1,"featured_media":0,"parent":153,"menu_order":0,"comment_status":"closed","ping_status":"closed","template":"","meta":{"neve_meta_sidebar":"full-width","neve_meta_container":"","neve_meta_enable_content_width":"on","neve_meta_content_width":100,"neve_meta_title_alignment":"","neve_meta_author_avatar":"","neve_post_elements_order":"","neve_meta_disable_header":"","neve_meta_disable_footer":"","neve_meta_disable_title":"","footnotes":""},"class_list":["post-157","page","type-page","status-publish","hentry"],"_links":{"self":[{"href":"http:\/\/www.tourismcartoon.org\/fr\/wp-json\/wp\/v2\/pages\/157","targetHints":{"allow":["GET"]}}],"collection":[{"href":"http:\/\/www.tourismcartoon.org\/fr\/wp-json\/wp\/v2\/pages"}],"about":[{"href":"http:\/\/www.tourismcartoon.org\/fr\/wp-json\/wp\/v2\/types\/page"}],"author":[{"embeddable":true,"href":"http:\/\/www.tourismcartoon.org\/fr\/wp-json\/wp\/v2\/users\/1"}],"replies":[{"embeddable":true,"href":"http:\/\/www.tourismcartoon.org\/fr\/wp-json\/wp\/v2\/comments?post=157"}],"version-history":[{"count":60,"href":"http:\/\/www.tourismcartoon.org\/fr\/wp-json\/wp\/v2\/pages\/157\/revisions"}],"predecessor-version":[{"id":3688,"href":"http:\/\/www.tourismcartoon.org\/fr\/wp-json\/wp\/v2\/pages\/157\/revisions\/3688"}],"up":[{"embeddable":true,"href":"http:\/\/www.tourismcartoon.org\/fr\/wp-json\/wp\/v2\/pages\/153"}],"wp:attachment":[{"href":"http:\/\/www.tourismcartoon.org\/fr\/wp-json\/wp\/v2\/media?parent=157"}],"curies":[{"name":"wp","href":"https:\/\/api.w.org\/{rel}","templated":true}]}}