{"id":1604,"date":"2021-04-28T18:12:41","date_gmt":"2021-04-28T18:12:41","guid":{"rendered":"http:\/\/www.tourismcartoon.org\/?page_id=1604"},"modified":"2024-07-11T18:22:12","modified_gmt":"2024-07-11T18:22:12","slug":"on-ikinci-uluslararasi-turizm-karikaturleri-yarismasi-2020","status":"publish","type":"page","link":"http:\/\/www.tourismcartoon.org\/fr\/on-ikinci-uluslararasi-turizm-karikaturleri-yarismasi-2020\/","title":{"rendered":"Douzi\u00e8me comp\u00e9tition international de la caricature du Tourisme \u2013 2020"},"content":{"rendered":"<p><strong>Number of competition: <\/strong>12<br \/>\n<strong>Year:<\/strong> 2020<br \/>\n<strong>Theme:<\/strong> Covid&rsquo;19 and Tourism<br \/>\n<strong>Categories:<\/strong> Adults Category, Youth Category<\/p>\n<p><strong>Information on submitted cartoons:<br \/>\n<\/strong>Number of submitted cartoons: 704<br \/>\nNumber of countries: 64<br \/>\nNumber of cartoonists: 1324<\/p>\n<p><strong>Lists of submitted cartoons:<\/strong><br \/>\n<strong>Adult <\/strong><a href=\"https:\/\/anatoliajournal.com\/cartoon\/2020adult.pdf\" target=\"_blank\" rel=\"noopener noreferrer\"><span style=\"color: #993300;\">(click here)<\/span><\/a><br \/>\n<strong>Youth <\/strong><a href=\"https:\/\/anatoliajournal.com\/cartoon\/2020youth.pdf\" target=\"_blank\" rel=\"noopener noreferrer\"><span style=\"color: #993300;\">(click here)<\/span><\/a><\/p>\n<p><strong>Award ceremony venue: <\/strong>November 26, 2021, Sheraton Kagithane Hotel, \u0130stanbul, Turkey.<\/p>\n<p><strong>Selection committee members:<\/strong><\/p>\n<p>Bernard BOUTON (France), Fehmi K\u00d6FTEO\u011eLU (Turkey), Ferzan \u00c7EL\u0130KKANAT (Turkey), Halit KURTULMU\u015e AYDOSLU (Turkey), Jitet KUSTANA (Indonesia), Jordan POP-ILL\u0130EV (Macedonia), Kamil YAVUZ (Turkey), Leila ALA\u0130Y (Iran), Lous POL (Australia), Mehmet KAHRAMAN (Turkey), Muhittin K\u00d6RO\u011eLU (Turkey), Musa AL\u0130O\u011eLU (Turkey), Nazmi KOZAK (Turkey), Paolo DALPONTE (Italy), Ra\u015fit YAKALI (Turkey), Seyran CAFERL\u0130 (Azerbaijan), Vedat ZORLUER (Turkey); Vicdan BULUNMAZ \u00d6ZER (Turkey)<\/p>\n<p><strong>Competition book <\/strong><a href=\"http:\/\/www.tourismcartoon.org\/yarisma-albumleri\/#gallery-12\" target=\"_blank\" rel=\"noopener noreferrer\"><span style=\"color: #993300;\">(click here)<\/span><\/a><br \/>\n<strong>News published about the competition <\/strong><a href=\"https:\/\/photos.google.com\/share\/AF1QipOHA7fpBaP8KlHptdPF088gK4h-iL4i1NzW7yS-n7_l4m-oZuApQVywwP_hetpK5Q?key=cndRMF91d1JQV3daU1Ruc04xS0hDejRQV2JoNWVn\" target=\"_blank\" rel=\"noopener noreferrer\"><span style=\"color: #993300;\">(click here)<\/span><\/a><br \/>\n<strong>Photos of award ceremony<span style=\"color: #993300;\">\u00a0<\/span><\/strong><span style=\"color: #993300;\"><a style=\"color: #993300;\" href=\"https:\/\/photos.google.com\/share\/AF1QipPmn2WJOC5ccmBfOgFpXYQjrb_dxAzMFDk-h2okNfDSRCCd_BzZPB2rdsdXYx3Buw?key=c0xadWNGYmJXbkJVR0NySWZsNmtCbktyYWlTc2Z3\" target=\"_blank\" rel=\"noopener noreferrer\">(click here)<\/a><br \/>\n<\/span><span style=\"background-color: #ffffff; color: #000000;\"><strong>Video<\/strong> <\/span><span style=\"color: #993300;\"><a style=\"color: #993300;\" href=\"https:\/\/www.youtube.com\/watch?v=tSHn-fHHGv8\" target=\"_blank\" rel=\"noopener noreferrer\">(Click here)<\/a><\/span><\/p>\n<hr \/>\n<h3 style=\"text-align: center;\"><strong>AWARDED CARTOONS<\/strong><\/h3>\n<h5 style=\"text-align: center;\"><span style=\"color: #0000ff;\"><strong>Adult Category<\/strong><\/span><\/h5>\n<table style=\"border-collapse: collapse; width: 100%; height: 551px;\">\n<tbody>\n<tr style=\"height: 24px;\">\n<td style=\"width: 33.3333%; text-align: center; height: 24px;\"><strong>The Grand Award<\/strong><\/td>\n<td style=\"width: 33.3333%; text-align: center; height: 24px;\"><strong>The Second Award<\/strong><\/td>\n<td style=\"width: 33.3333%; text-align: center; height: 24px;\"><strong>The Third Award<\/strong><\/td>\n<\/tr>\n<tr style=\"height: 262px;\">\n<td style=\"width: 33.3333%; text-align: center; height: 262px;\"><a href=\"http:\/\/www.tourismcartoon.org\/wp-content\/uploads\/2022\/06\/efat-amjadipoor-Birincilik-scaled.jpg\"><img loading=\"lazy\" decoding=\"async\" class=\"aligncenter wp-image-2484 size-medium\" src=\"http:\/\/www.tourismcartoon.org\/wp-content\/uploads\/2022\/06\/efat-amjadipoor-Birincilik-211x300.jpg\" alt=\"\" width=\"211\" height=\"300\" srcset=\"http:\/\/www.tourismcartoon.org\/wp-content\/uploads\/2022\/06\/efat-amjadipoor-Birincilik-211x300.jpg 211w, http:\/\/www.tourismcartoon.org\/wp-content\/uploads\/2022\/06\/efat-amjadipoor-Birincilik-719x1024.jpg 719w, http:\/\/www.tourismcartoon.org\/wp-content\/uploads\/2022\/06\/efat-amjadipoor-Birincilik-768x1094.jpg 768w, http:\/\/www.tourismcartoon.org\/wp-content\/uploads\/2022\/06\/efat-amjadipoor-Birincilik-1078x1536.jpg 1078w, http:\/\/www.tourismcartoon.org\/wp-content\/uploads\/2022\/06\/efat-amjadipoor-Birincilik-1437x2048.jpg 1437w, http:\/\/www.tourismcartoon.org\/wp-content\/uploads\/2022\/06\/efat-amjadipoor-Birincilik-scaled.jpg 1797w\" sizes=\"auto, (max-width: 211px) 100vw, 211px\" \/><\/a><\/p>\n<p><span style=\"color: #008080;\"><strong>Efat Amjadipoor<\/strong><\/span><\/p>\n<p><span style=\"color: #666699;\"><em>Iran<\/em><\/span><\/td>\n<td style=\"width: 33.3333%; text-align: center; height: 262px;\"><a href=\"http:\/\/www.tourismcartoon.org\/wp-content\/uploads\/2022\/06\/ALI-RASTROO-\u0130kincilik-scaled.jpg\"><img loading=\"lazy\" decoding=\"async\" class=\"aligncenter wp-image-2485 size-medium\" src=\"http:\/\/www.tourismcartoon.org\/wp-content\/uploads\/2022\/06\/ALI-RASTROO-\u0130kincilik-212x300.jpg\" alt=\"\" width=\"212\" height=\"300\" srcset=\"http:\/\/www.tourismcartoon.org\/wp-content\/uploads\/2022\/06\/ALI-RASTROO-\u0130kincilik-212x300.jpg 212w, http:\/\/www.tourismcartoon.org\/wp-content\/uploads\/2022\/06\/ALI-RASTROO-\u0130kincilik-724x1024.jpg 724w, http:\/\/www.tourismcartoon.org\/wp-content\/uploads\/2022\/06\/ALI-RASTROO-\u0130kincilik-768x1087.jpg 768w, http:\/\/www.tourismcartoon.org\/wp-content\/uploads\/2022\/06\/ALI-RASTROO-\u0130kincilik-1085x1536.jpg 1085w, http:\/\/www.tourismcartoon.org\/wp-content\/uploads\/2022\/06\/ALI-RASTROO-\u0130kincilik-1447x2048.jpg 1447w, http:\/\/www.tourismcartoon.org\/wp-content\/uploads\/2022\/06\/ALI-RASTROO-\u0130kincilik-scaled.jpg 1809w\" sizes=\"auto, (max-width: 212px) 100vw, 212px\" \/><\/a><\/p>\n<p><span style=\"color: #008080;\"><strong>Ali Rastroo<\/strong><\/span><\/p>\n<p><em><span style=\"color: #666699;\">Iran<\/span><\/em><\/td>\n<td style=\"width: 33.3333%; text-align: center; height: 262px;\"><a href=\"http:\/\/www.tourismcartoon.org\/wp-content\/uploads\/2022\/06\/stefaan-provijn-3-scaled.jpg\"><img loading=\"lazy\" decoding=\"async\" class=\"aligncenter wp-image-2486 size-medium\" src=\"http:\/\/www.tourismcartoon.org\/wp-content\/uploads\/2022\/06\/stefaan-provijn-3-212x300.jpg\" alt=\"\" width=\"212\" height=\"300\" srcset=\"http:\/\/www.tourismcartoon.org\/wp-content\/uploads\/2022\/06\/stefaan-provijn-3-212x300.jpg 212w, http:\/\/www.tourismcartoon.org\/wp-content\/uploads\/2022\/06\/stefaan-provijn-3-724x1024.jpg 724w, http:\/\/www.tourismcartoon.org\/wp-content\/uploads\/2022\/06\/stefaan-provijn-3-768x1086.jpg 768w, http:\/\/www.tourismcartoon.org\/wp-content\/uploads\/2022\/06\/stefaan-provijn-3-1086x1536.jpg 1086w, http:\/\/www.tourismcartoon.org\/wp-content\/uploads\/2022\/06\/stefaan-provijn-3-1448x2048.jpg 1448w, http:\/\/www.tourismcartoon.org\/wp-content\/uploads\/2022\/06\/stefaan-provijn-3-scaled.jpg 1810w\" sizes=\"auto, (max-width: 212px) 100vw, 212px\" \/><\/a><\/p>\n<p><span style=\"color: #008080;\"><strong style=\"font-family: inherit; font-size: inherit;\">Stefaan Provijn<\/strong><\/span><\/p>\n<p><span style=\"color: #666699;\"><em>Belgium<\/em><\/span><\/td>\n<\/tr>\n<tr style=\"height: 24px;\">\n<td style=\"width: 33.3333%; text-align: center; height: 24px;\"><\/td>\n<td style=\"width: 33.3333%; text-align: center; height: 24px;\"><strong>Professor Atila \u00d6zer <\/strong><strong>Recognition Award<\/strong><\/td>\n<td style=\"width: 33.3333%; text-align: center; height: 24px;\"><\/td>\n<\/tr>\n<tr style=\"height: 241px;\">\n<td style=\"width: 33.3333%; text-align: center; height: 241px;\">&nbsp;<\/p>\n<p>&nbsp;<\/td>\n<td style=\"width: 33.3333%; text-align: center; height: 241px;\"><a href=\"http:\/\/www.tourismcartoon.org\/wp-content\/uploads\/2022\/06\/Javad-Takjoo-\u00d6zel-\u00f6d\u00fcl-scaled.jpg\"><img loading=\"lazy\" decoding=\"async\" class=\"aligncenter wp-image-2487 size-medium\" src=\"http:\/\/www.tourismcartoon.org\/wp-content\/uploads\/2022\/06\/Javad-Takjoo-\u00d6zel-\u00f6d\u00fcl-300x212.jpg\" alt=\"\" width=\"300\" height=\"212\" srcset=\"http:\/\/www.tourismcartoon.org\/wp-content\/uploads\/2022\/06\/Javad-Takjoo-\u00d6zel-\u00f6d\u00fcl-300x212.jpg 300w, http:\/\/www.tourismcartoon.org\/wp-content\/uploads\/2022\/06\/Javad-Takjoo-\u00d6zel-\u00f6d\u00fcl-1024x724.jpg 1024w, http:\/\/www.tourismcartoon.org\/wp-content\/uploads\/2022\/06\/Javad-Takjoo-\u00d6zel-\u00f6d\u00fcl-768x543.jpg 768w, http:\/\/www.tourismcartoon.org\/wp-content\/uploads\/2022\/06\/Javad-Takjoo-\u00d6zel-\u00f6d\u00fcl-1536x1086.jpg 1536w, http:\/\/www.tourismcartoon.org\/wp-content\/uploads\/2022\/06\/Javad-Takjoo-\u00d6zel-\u00f6d\u00fcl-2048x1448.jpg 2048w\" sizes=\"auto, (max-width: 300px) 100vw, 300px\" \/><\/a><\/p>\n<p><span style=\"color: #008080;\"><strong style=\"font-family: inherit; font-size: inherit;\"><strong>Javad Takjoo<\/strong><\/strong><\/span><\/p>\n<p><span style=\"color: #666699;\"><em><span style=\"font-family: inherit; font-size: inherit;\">Iran<\/span><\/em><\/span><\/td>\n<td style=\"width: 33.3333%; text-align: center; height: 241px;\"><\/td>\n<\/tr>\n<\/tbody>\n<\/table>\n<h5 style=\"text-align: center;\"><span style=\"color: #0000ff;\"><strong>Youth Category<\/strong><\/span><\/h5>\n<table style=\"border-collapse: collapse; width: 100%;\">\n<tbody>\n<tr>\n<td style=\"width: 33.3333%; text-align: center;\"><strong>The Grand Award<\/strong><\/td>\n<td style=\"width: 33.3333%; text-align: center;\"><strong>The Second Award<\/strong><\/td>\n<td style=\"width: 33.3333%; text-align: center;\"><strong>The Third Award<\/strong><\/td>\n<\/tr>\n<tr>\n<td style=\"width: 33.3333%; text-align: center;\"><a href=\"http:\/\/www.tourismcartoon.org\/wp-content\/uploads\/2022\/06\/Eren-G\u00d6NC\u00dcLER-T\u00fcrkiye-Birincilik-scaled.jpg\"><img loading=\"lazy\" decoding=\"async\" class=\"aligncenter wp-image-2488 size-medium\" src=\"http:\/\/www.tourismcartoon.org\/wp-content\/uploads\/2022\/06\/Eren-G\u00d6NC\u00dcLER-T\u00fcrkiye-Birincilik-300x212.jpg\" alt=\"\" width=\"300\" height=\"212\" srcset=\"http:\/\/www.tourismcartoon.org\/wp-content\/uploads\/2022\/06\/Eren-G\u00d6NC\u00dcLER-T\u00fcrkiye-Birincilik-300x212.jpg 300w, http:\/\/www.tourismcartoon.org\/wp-content\/uploads\/2022\/06\/Eren-G\u00d6NC\u00dcLER-T\u00fcrkiye-Birincilik-1024x724.jpg 1024w, http:\/\/www.tourismcartoon.org\/wp-content\/uploads\/2022\/06\/Eren-G\u00d6NC\u00dcLER-T\u00fcrkiye-Birincilik-768x543.jpg 768w, http:\/\/www.tourismcartoon.org\/wp-content\/uploads\/2022\/06\/Eren-G\u00d6NC\u00dcLER-T\u00fcrkiye-Birincilik-1536x1086.jpg 1536w, http:\/\/www.tourismcartoon.org\/wp-content\/uploads\/2022\/06\/Eren-G\u00d6NC\u00dcLER-T\u00fcrkiye-Birincilik-2048x1448.jpg 2048w\" sizes=\"auto, (max-width: 300px) 100vw, 300px\" \/><\/a><\/p>\n<p><span style=\"color: #008080;\"><strong style=\"font-family: inherit; font-size: inherit;\">Eren G\u00f6nc\u00fcler<\/strong><\/span><\/p>\n<p>(age: 13)<\/p>\n<p><span style=\"color: #666699;\"><em>Turkey<\/em><\/span><\/td>\n<td style=\"width: 33.3333%; text-align: center;\"><a href=\"http:\/\/www.tourismcartoon.org\/wp-content\/uploads\/2022\/06\/Kirill-Usachev-\u0130kincilik.jpg\"><img loading=\"lazy\" decoding=\"async\" class=\"aligncenter wp-image-2489 size-medium\" src=\"http:\/\/www.tourismcartoon.org\/wp-content\/uploads\/2022\/06\/Kirill-Usachev-\u0130kincilik-214x300.jpg\" alt=\"\" width=\"214\" height=\"300\" srcset=\"http:\/\/www.tourismcartoon.org\/wp-content\/uploads\/2022\/06\/Kirill-Usachev-\u0130kincilik-214x300.jpg 214w, http:\/\/www.tourismcartoon.org\/wp-content\/uploads\/2022\/06\/Kirill-Usachev-\u0130kincilik.jpg 681w\" sizes=\"auto, (max-width: 214px) 100vw, 214px\" \/><\/a><\/p>\n<p><span style=\"color: #008080;\"><strong>Kirill Usachev<\/strong><\/span><\/p>\n<p>(age: 16)<\/p>\n<p><span style=\"color: #666699;\">Russian Federation<\/span><\/td>\n<td style=\"width: 33.3333%; text-align: center;\"><a href=\"http:\/\/www.tourismcartoon.org\/wp-content\/uploads\/2022\/06\/\u0130REM-SATIR-11-YA\u015e-\u00dc\u00e7\u00fcnc\u00fcl\u00fck-scaled.jpg\"><img loading=\"lazy\" decoding=\"async\" class=\"aligncenter wp-image-2490 size-medium\" src=\"http:\/\/www.tourismcartoon.org\/wp-content\/uploads\/2022\/06\/\u0130REM-SATIR-11-YA\u015e-\u00dc\u00e7\u00fcnc\u00fcl\u00fck-300x218.jpg\" alt=\"\" width=\"300\" height=\"218\" srcset=\"http:\/\/www.tourismcartoon.org\/wp-content\/uploads\/2022\/06\/\u0130REM-SATIR-11-YA\u015e-\u00dc\u00e7\u00fcnc\u00fcl\u00fck-300x218.jpg 300w, http:\/\/www.tourismcartoon.org\/wp-content\/uploads\/2022\/06\/\u0130REM-SATIR-11-YA\u015e-\u00dc\u00e7\u00fcnc\u00fcl\u00fck-1024x745.jpg 1024w, http:\/\/www.tourismcartoon.org\/wp-content\/uploads\/2022\/06\/\u0130REM-SATIR-11-YA\u015e-\u00dc\u00e7\u00fcnc\u00fcl\u00fck-768x559.jpg 768w, http:\/\/www.tourismcartoon.org\/wp-content\/uploads\/2022\/06\/\u0130REM-SATIR-11-YA\u015e-\u00dc\u00e7\u00fcnc\u00fcl\u00fck-1536x1117.jpg 1536w, http:\/\/www.tourismcartoon.org\/wp-content\/uploads\/2022\/06\/\u0130REM-SATIR-11-YA\u015e-\u00dc\u00e7\u00fcnc\u00fcl\u00fck-2048x1490.jpg 2048w\" sizes=\"auto, (max-width: 300px) 100vw, 300px\" \/><\/a><\/p>\n<p><span style=\"color: #008080;\"><strong>\u0130rem Sat\u0131r<\/strong><\/span><\/p>\n<p>(age: 11)<\/p>\n<p><em><span style=\"color: #666699;\">Turkey<\/span><\/em><\/td>\n<\/tr>\n<\/tbody>\n<\/table>\n<hr \/>\n<p>&nbsp;<\/p>\n<p>&nbsp;<\/p>","protected":false},"excerpt":{"rendered":"<p>Number of competition: 12 Year: 2020 Theme: Covid&rsquo;19 and Tourism Categories: Adults Category, Youth Category Information on submitted cartoons: Number of submitted cartoons: 704 Number of countries: 64 Number of cartoonists: 1324 Lists of submitted cartoons: Adult (click here) Youth (click here) Award ceremony venue: November 26, 2021, Sheraton Kagithane Hotel, \u0130stanbul, Turkey. Selection committee&hellip;&nbsp;<a href=\"http:\/\/www.tourismcartoon.org\/fr\/on-ikinci-uluslararasi-turizm-karikaturleri-yarismasi-2020\/\" class=\"\" rel=\"bookmark\">Lire la suite &raquo;<span class=\"screen-reader-text\">Douzi\u00e8me comp\u00e9tition international de la caricature du Tourisme \u2013 2020<\/span><\/a><\/p>\n","protected":false},"author":1,"featured_media":0,"parent":0,"menu_order":0,"comment_status":"closed","ping_status":"closed","template":"","meta":{"neve_meta_sidebar":"","neve_meta_container":"","neve_meta_enable_content_width":"off","neve_meta_content_width":100,"neve_meta_title_alignment":"","neve_meta_author_avatar":"","neve_post_elements_order":"","neve_meta_disable_header":"","neve_meta_disable_footer":"","neve_meta_disable_title":"","footnotes":""},"class_list":["post-1604","page","type-page","status-publish","hentry"],"_links":{"self":[{"href":"http:\/\/www.tourismcartoon.org\/fr\/wp-json\/wp\/v2\/pages\/1604","targetHints":{"allow":["GET"]}}],"collection":[{"href":"http:\/\/www.tourismcartoon.org\/fr\/wp-json\/wp\/v2\/pages"}],"about":[{"href":"http:\/\/www.tourismcartoon.org\/fr\/wp-json\/wp\/v2\/types\/page"}],"author":[{"embeddable":true,"href":"http:\/\/www.tourismcartoon.org\/fr\/wp-json\/wp\/v2\/users\/1"}],"replies":[{"embeddable":true,"href":"http:\/\/www.tourismcartoon.org\/fr\/wp-json\/wp\/v2\/comments?post=1604"}],"version-history":[{"count":137,"href":"http:\/\/www.tourismcartoon.org\/fr\/wp-json\/wp\/v2\/pages\/1604\/revisions"}],"predecessor-version":[{"id":3650,"href":"http:\/\/www.tourismcartoon.org\/fr\/wp-json\/wp\/v2\/pages\/1604\/revisions\/3650"}],"wp:attachment":[{"href":"http:\/\/www.tourismcartoon.org\/fr\/wp-json\/wp\/v2\/media?parent=1604"}],"curies":[{"name":"wp","href":"https:\/\/api.w.org\/{rel}","templated":true}]}}