{"id":179,"date":"2020-03-31T13:12:24","date_gmt":"2020-03-31T13:12:24","guid":{"rendered":"http:\/\/www.tourismcartoon.org\/?page_id=179"},"modified":"2025-08-16T08:53:34","modified_gmt":"2025-08-16T08:53:34","slug":"degerlendirme-kurullari","status":"publish","type":"page","link":"http:\/\/www.tourismcartoon.org\/fr\/simdiki-yarisma\/degerlendirme-kurullari\/","title":{"rendered":"Comit\u00e9s de s\u00e9lection"},"content":{"rendered":"<p><\/p>\n<h3 style=\"text-align: center;\"><span style=\"color: #993300;\"><strong>Membres du jury de pr\u00e9-\u00e9valuation<\/strong><\/span><\/h3>\n<hr \/>\n<table style=\"border-collapse: collapse; width: 100%;\">\n<tbody>\n<tr>\n<td style=\"width: 33.3333%; vertical-align: top;\"><a href=\"http:\/\/www.tourismcartoon.org\/wp-content\/uploads\/2020\/04\/mehmet-kahraman-1-211x300-1.jpg\"><img loading=\"lazy\" decoding=\"async\" class=\"aligncenter size-thumbnail wp-image-577\" src=\"http:\/\/www.tourismcartoon.org\/wp-content\/uploads\/2020\/04\/mehmet-kahraman-1-211x300-1-150x150.jpg\" alt=\"\" width=\"150\" height=\"150\" \/><\/a><\/p>\n<p style=\"text-align: center;\"><span style=\"color: #008080;\"><strong>Mehmet KAHRAMAN<\/strong><\/span><em><br \/>\ncaricaturiste<br \/>\n<\/em>la Turquie<\/p>\n<\/td>\n<td style=\"width: 33.3333%; vertical-align: top;\"><a href=\"http:\/\/www.tourismcartoon.org\/wp-content\/uploads\/2025\/08\/Nuhsal-ISIN.jpg\"><img loading=\"lazy\" decoding=\"async\" class=\"aligncenter wp-image-4022 size-thumbnail\" src=\"http:\/\/www.tourismcartoon.org\/wp-content\/uploads\/2025\/08\/Nuhsal-ISIN-150x150.jpg\" alt=\"\" width=\"150\" height=\"150\" \/><\/a><\/p>\n<p style=\"text-align: center;\"><span style=\"color: #008080;\"><strong>Nuhsal I\u015eIN<\/strong><\/span><em><br \/>\ncaricaturiste<br \/>\n<\/em>la Turquie<\/p>\n<\/td>\n<td style=\"width: 33.3333%; vertical-align: top;\"><a href=\"http:\/\/www.tourismcartoon.org\/wp-content\/uploads\/2025\/08\/murteza-albayrak-fotog\u0306raf-scaled.jpg\"><img loading=\"lazy\" decoding=\"async\" class=\"aligncenter wp-image-4024 size-thumbnail\" src=\"http:\/\/www.tourismcartoon.org\/wp-content\/uploads\/2025\/08\/murteza-albayrak-fotog\u0306raf-150x150.jpg\" alt=\"\" width=\"150\" height=\"150\" \/><\/a><\/p>\n<p style=\"text-align: center;\"><span style=\"color: #008080;\"><strong>Murteza ALBAYRAK<\/strong><\/span><em><br \/>\n<\/em><em>caricaturiste<br \/>\n<\/em>la Turquie<\/p>\n<\/td>\n<\/tr>\n<tr>\n<td style=\"width: 33.3333%; vertical-align: top;\"><a href=\"http:\/\/www.tourismcartoon.org\/wp-content\/uploads\/2024\/07\/WhatsApp-Gorsel-2024-07-09-saat-21.17.38_716a9de9.jpg\"><img loading=\"lazy\" decoding=\"async\" class=\"aligncenter wp-image-3572 size-thumbnail\" src=\"http:\/\/www.tourismcartoon.org\/wp-content\/uploads\/2024\/07\/WhatsApp-Gorsel-2024-07-09-saat-21.17.38_716a9de9-150x150.jpg\" alt=\"\" width=\"150\" height=\"150\" \/><\/a><\/p>\n<p style=\"text-align: center;\"><span style=\"color: #008080;\"><strong>Necdet YILMAZ<br \/>\n<\/strong><\/span><em style=\"font-family: inherit; font-size: inherit;\">caricaturiste<br \/>\n<\/em>la Turquie<\/p>\n<\/td>\n<td style=\"width: 33.3333%; vertical-align: top;\"><a href=\"http:\/\/www.tourismcartoon.org\/wp-content\/uploads\/2021\/07\/Mehmet-Zeber.jpg\"><img loading=\"lazy\" decoding=\"async\" class=\"aligncenter wp-image-1766 size-thumbnail\" src=\"http:\/\/www.tourismcartoon.org\/wp-content\/uploads\/2021\/07\/Mehmet-Zeber-150x150.jpg\" alt=\"\" width=\"150\" height=\"150\" \/><\/a><\/p>\n<p style=\"text-align: center;\"><span style=\"color: #008080;\"><strong>Mehmet ZEBER<\/strong><\/span><br \/>\n<em>caricaturiste<br \/>\n<\/em>la Turquie<\/p>\n<\/td>\n<td style=\"width: 33.3333%; vertical-align: top;\"><a href=\"http:\/\/www.tourismcartoon.org\/wp-content\/uploads\/2020\/04\/Halit-Aydoslu-e1560164596220.jpg\"><img loading=\"lazy\" decoding=\"async\" class=\"aligncenter size-thumbnail wp-image-573\" src=\"http:\/\/www.tourismcartoon.org\/wp-content\/uploads\/2020\/04\/Halit-Aydoslu-e1560164596220-150x150.jpg\" alt=\"\" width=\"150\" height=\"150\" \/><\/a><\/p>\n<p style=\"text-align: center;\"><span style=\"color: #008080;\"><strong>Halit KURTULMU\u015e<\/strong><\/span><em><br \/>\ncaricaturiste<br \/>\n<\/em>la Turquie<\/p>\n<\/td>\n<\/tr>\n<tr>\n<td style=\"width: 33.3333%;\">\n<p style=\"text-align: center;\">\n<\/td>\n<td style=\"width: 33.3333%; vertical-align: top;\"><a href=\"http:\/\/www.tourismcartoon.org\/wp-content\/uploads\/2025\/08\/Dr.-Merve-Ofluoglu.jpg\"><img loading=\"lazy\" decoding=\"async\" class=\"aligncenter wp-image-4026 size-thumbnail\" src=\"http:\/\/www.tourismcartoon.org\/wp-content\/uploads\/2025\/08\/Dr.-Merve-Ofluoglu-150x150.jpg\" alt=\"\" width=\"150\" height=\"150\" \/><\/a><\/p>\n<p style=\"text-align: center;\"><strong><span style=\"color: #008080;\">Merve OFLUO\u011eLU, Ph.D.<br \/>\n<\/span><\/strong>Municipalit\u00e9 m\u00e9tropolitaine de \u015eanl\u0131urfa Directeur du d\u00e9partement Culture et Tourisme<br \/>\nla Turquie<\/p>\n<\/td>\n<td style=\"width: 33.3333%;\">&nbsp;<\/p>\n<p style=\"text-align: center;\"><em>\u00a0<\/em><\/p>\n<\/td>\n<\/tr>\n<\/tbody>\n<\/table>\n<h3 style=\"text-align: center;\"><span style=\"color: #993300;\"><strong>Comit\u00e9 de s\u00e9lection finale<\/strong><\/span><\/h3>\n<hr \/>\n<table style=\"border-collapse: collapse; width: 100%; height: 1395px;\">\n<tbody>\n<tr style=\"height: 318px;\">\n<td style=\"width: 33.3333%; height: 318px; vertical-align: top;\"><a href=\"http:\/\/www.tourismcartoon.org\/wp-content\/uploads\/2025\/08\/Mehmet-Tutuncu.jpg\"><img loading=\"lazy\" decoding=\"async\" class=\"aligncenter wp-image-4029 size-thumbnail\" src=\"http:\/\/www.tourismcartoon.org\/wp-content\/uploads\/2025\/08\/Mehmet-Tutuncu-150x150.jpg\" alt=\"\" width=\"150\" height=\"150\" \/><\/a><\/p>\n<p style=\"text-align: center;\"><span style=\"color: #008080;\"><strong>Mehmet T\u00dcT\u00dcNC\u00dc<br \/>\n<\/strong><\/span>Municipalit\u00e9 m\u00e9tropolitaine de \u015eanl\u0131urfa, Directeur g\u00e9n\u00e9ral d&rsquo;Urfa K\u00fclt\u00fcr Bili\u015fim A.\u015e.<br \/>\nla Turquie<\/p>\n<\/td>\n<td style=\"width: 33.3333%; height: 318px; vertical-align: top;\"><a href=\"http:\/\/www.tourismcartoon.org\/wp-content\/uploads\/2025\/08\/Omer-Cam.jpg\"><img loading=\"lazy\" decoding=\"async\" class=\"aligncenter wp-image-4031 size-thumbnail\" src=\"http:\/\/www.tourismcartoon.org\/wp-content\/uploads\/2025\/08\/Omer-Cam-150x150.jpg\" alt=\"\" width=\"150\" height=\"150\" \/><\/a><\/p>\n<p style=\"text-align: center;\"><span style=\"color: #008080;\"><strong>\u00d6mer \u00c7AM<br \/>\n<\/strong><\/span>caricaturiste<br \/>\nla Turquie<\/p>\n<\/td>\n<td style=\"width: 33.3333%; height: 318px; vertical-align: top;\"><a href=\"http:\/\/www.tourismcartoon.org\/wp-content\/uploads\/2023\/06\/Shirin-Gholipour.jpg\"><img loading=\"lazy\" decoding=\"async\" class=\"aligncenter wp-image-3089 size-thumbnail\" src=\"http:\/\/www.tourismcartoon.org\/wp-content\/uploads\/2023\/06\/Shirin-Gholipour-150x150.jpg\" alt=\"\" width=\"150\" height=\"150\" \/><\/a><\/p>\n<p style=\"text-align: center;\"><span style=\"color: #008080;\"><strong>Shirin GHOL\u0130POUR<br \/>\n<\/strong><\/span>caricaturiste<br \/>\niranien<\/p>\n<\/td>\n<\/tr>\n<tr style=\"height: 270px;\">\n<td style=\"width: 33.3333%; height: 270px; vertical-align: top;\"><a href=\"http:\/\/www.tourismcartoon.org\/wp-content\/uploads\/2022\/07\/Marco-De-Angelis.jpg\"><img loading=\"lazy\" decoding=\"async\" class=\"aligncenter wp-image-2579 size-thumbnail\" src=\"http:\/\/www.tourismcartoon.org\/wp-content\/uploads\/2022\/07\/Marco-De-Angelis-150x150.jpg\" alt=\"\" width=\"150\" height=\"150\" \/><\/a><\/p>\n<p style=\"text-align: center;\"><span style=\"color: #008080;\"><strong>Marco De ANGELIS<br \/>\n<\/strong><\/span>caricaturiste<br \/>\nItalie<\/p>\n<\/td>\n<td style=\"width: 33.3333%; height: 270px; vertical-align: top;\"><a href=\"http:\/\/www.tourismcartoon.org\/wp-content\/uploads\/2020\/04\/vicdan_ozer_foto1-e1560173484222.jpg\"><img loading=\"lazy\" decoding=\"async\" class=\"aligncenter size-thumbnail wp-image-583\" src=\"http:\/\/www.tourismcartoon.org\/wp-content\/uploads\/2020\/04\/vicdan_ozer_foto1-e1560173484222-150x150.jpg\" alt=\"\" width=\"150\" height=\"150\" \/><\/a><\/p>\n<p style=\"text-align: center;\"><strong><span style=\"color: #008080;\">Vicdan BULUNMAZ \u00d6ZER<\/span><\/strong><br \/>\nMaison de dessin anim\u00e9<br \/>\nla Turquie<\/p>\n<\/td>\n<td style=\"width: 33.3333%; height: 270px; vertical-align: top;\"><a href=\"http:\/\/www.tourismcartoon.org\/wp-content\/uploads\/2023\/06\/Andrea-LACHER-BRYK.jpg\"><img loading=\"lazy\" decoding=\"async\" class=\"aligncenter wp-image-3117 size-thumbnail\" src=\"http:\/\/www.tourismcartoon.org\/wp-content\/uploads\/2023\/06\/Andrea-LACHER-BRYK-150x150.jpg\" alt=\"\" width=\"150\" height=\"150\" \/><\/a><\/p>\n<p style=\"text-align: center;\"><strong><span style=\"color: #008080;\">Andrea LACHER-BRYK<br \/>\n<\/span><\/strong>caricaturiste<br \/>\nAutriche<\/p>\n<\/td>\n<\/tr>\n<tr style=\"height: 270px;\">\n<td style=\"width: 33.3333%; height: 270px; vertical-align: top;\"><a href=\"http:\/\/www.tourismcartoon.org\/wp-content\/uploads\/2024\/07\/449943036_395026283579827_4402068420019958589_n.jpg\"><img loading=\"lazy\" decoding=\"async\" class=\"aligncenter wp-image-3578 size-thumbnail\" src=\"http:\/\/www.tourismcartoon.org\/wp-content\/uploads\/2024\/07\/449943036_395026283579827_4402068420019958589_n-150x150.jpg\" alt=\"\" width=\"150\" height=\"150\" \/><\/a><\/p>\n<p style=\"text-align: center;\"><span style=\"color: #008080;\"><strong>Omar PEREZ<br \/>\n<\/strong><\/span>caricaturiste<br \/>\nArgentine<\/p>\n<\/td>\n<td style=\"width: 33.3333%; height: 270px; vertical-align: top;\"><a href=\"http:\/\/www.tourismcartoon.org\/wp-content\/uploads\/2021\/07\/Ahmet-Aykanat-foto.jpg\"><img loading=\"lazy\" decoding=\"async\" class=\"aligncenter wp-image-1859 size-thumbnail\" src=\"http:\/\/www.tourismcartoon.org\/wp-content\/uploads\/2021\/07\/Ahmet-Aykanat-foto-150x150.jpg\" alt=\"\" width=\"150\" height=\"150\" \/><\/a><\/p>\n<p style=\"text-align: center;\"><span style=\"color: #008080;\"><strong>Ahmet AYKANAT<br \/>\n<\/strong><\/span>caricaturiste<br \/>\nla Turquie<\/p>\n<\/td>\n<td style=\"width: 33.3333%; height: 270px; vertical-align: top;\"><a href=\"http:\/\/www.tourismcartoon.org\/wp-content\/uploads\/2025\/08\/565c57fd-99fc-4bfd-b88b-1d4ea2967d7e.jpg\"><img loading=\"lazy\" decoding=\"async\" class=\"aligncenter wp-image-4069 size-thumbnail\" src=\"http:\/\/www.tourismcartoon.org\/wp-content\/uploads\/2025\/08\/565c57fd-99fc-4bfd-b88b-1d4ea2967d7e-150x150.jpg\" alt=\"\" width=\"150\" height=\"150\" \/><\/a><\/p>\n<p style=\"text-align: center;\"><span style=\"color: #008080;\"><strong>Sait MUNZUR<br \/>\n<\/strong><\/span>caricaturiste<br \/>\nla Turquie<\/p>\n<\/td>\n<\/tr>\n<tr style=\"height: 93px;\">\n<td style=\"width: 33.3333%; height: 93px;\"><\/td>\n<td style=\"width: 33.3333%; height: 93px;\">\n<h3 style=\"text-align: center;\"><span style=\"color: #993300;\">Coordinateur de comp\u00e9tition<\/span><\/h3>\n<\/td>\n<td style=\"width: 33.3333%; height: 93px;\"><\/td>\n<\/tr>\n<tr style=\"height: 150px;\">\n<td style=\"width: 33.3333%; height: 150px;\"><\/td>\n<td style=\"width: 33.3333%; height: 150px; vertical-align: top;\"><a href=\"http:\/\/www.tourismcartoon.org\/wp-content\/uploads\/2025\/08\/452bd3d383280a4e01e66e65a535898ae0ce2fb0_th.jpg\"><img loading=\"lazy\" decoding=\"async\" class=\"aligncenter wp-image-4036 size-thumbnail\" src=\"http:\/\/www.tourismcartoon.org\/wp-content\/uploads\/2025\/08\/452bd3d383280a4e01e66e65a535898ae0ce2fb0_th-150x150.jpg\" alt=\"\" width=\"150\" height=\"150\" \/><\/a><\/td>\n<td style=\"width: 33.3333%; height: 150px;\"><\/td>\n<\/tr>\n<tr style=\"height: 24px;\">\n<td style=\"width: 33.3333%; height: 24px;\"><\/td>\n<td style=\"width: 33.3333%; text-align: center; height: 24px;\"><a href=\"https:\/\/nazmikozak.com.tr\/\" target=\"_blank\" rel=\"noopener\"><span style=\"color: #008080;\"><strong>Nazmi KOZAK<\/strong><\/span><\/a><\/td>\n<td style=\"width: 33.3333%; height: 24px;\"><\/td>\n<\/tr>\n<\/tbody>\n<\/table>\n<p><\/p>","protected":false},"excerpt":{"rendered":"<p>Membres du jury de pr\u00e9-\u00e9valuation Mehmet KAHRAMAN caricaturiste la Turquie Nuhsal I\u015eIN caricaturiste la Turquie Murteza ALBAYRAK caricaturiste la Turquie Necdet YILMAZ caricaturiste la Turquie Mehmet ZEBER caricaturiste la Turquie Halit KURTULMU\u015e caricaturiste la Turquie Merve OFLUO\u011eLU, Ph.D. Municipalit\u00e9 m\u00e9tropolitaine de \u015eanl\u0131urfa Directeur du d\u00e9partement Culture et Tourisme la Turquie &nbsp; \u00a0 Comit\u00e9 de s\u00e9lection&hellip;&nbsp;<a href=\"http:\/\/www.tourismcartoon.org\/fr\/simdiki-yarisma\/degerlendirme-kurullari\/\" class=\"\" rel=\"bookmark\">Lire la suite &raquo;<span class=\"screen-reader-text\">Comit\u00e9s de s\u00e9lection<\/span><\/a><\/p>\n","protected":false},"author":1,"featured_media":0,"parent":155,"menu_order":0,"comment_status":"closed","ping_status":"closed","template":"","meta":{"neve_meta_sidebar":"full-width","neve_meta_container":"","neve_meta_enable_content_width":"on","neve_meta_content_width":100,"neve_meta_title_alignment":"","neve_meta_author_avatar":"","neve_post_elements_order":"","neve_meta_disable_header":"","neve_meta_disable_footer":"","neve_meta_disable_title":"","footnotes":""},"class_list":["post-179","page","type-page","status-publish","hentry"],"_links":{"self":[{"href":"http:\/\/www.tourismcartoon.org\/fr\/wp-json\/wp\/v2\/pages\/179","targetHints":{"allow":["GET"]}}],"collection":[{"href":"http:\/\/www.tourismcartoon.org\/fr\/wp-json\/wp\/v2\/pages"}],"about":[{"href":"http:\/\/www.tourismcartoon.org\/fr\/wp-json\/wp\/v2\/types\/page"}],"author":[{"embeddable":true,"href":"http:\/\/www.tourismcartoon.org\/fr\/wp-json\/wp\/v2\/users\/1"}],"replies":[{"embeddable":true,"href":"http:\/\/www.tourismcartoon.org\/fr\/wp-json\/wp\/v2\/comments?post=179"}],"version-history":[{"count":342,"href":"http:\/\/www.tourismcartoon.org\/fr\/wp-json\/wp\/v2\/pages\/179\/revisions"}],"predecessor-version":[{"id":4100,"href":"http:\/\/www.tourismcartoon.org\/fr\/wp-json\/wp\/v2\/pages\/179\/revisions\/4100"}],"up":[{"embeddable":true,"href":"http:\/\/www.tourismcartoon.org\/fr\/wp-json\/wp\/v2\/pages\/155"}],"wp:attachment":[{"href":"http:\/\/www.tourismcartoon.org\/fr\/wp-json\/wp\/v2\/media?parent=179"}],"curies":[{"name":"wp","href":"https:\/\/api.w.org\/{rel}","templated":true}]}}