{"id":183,"date":"2020-03-31T13:12:57","date_gmt":"2020-03-31T13:12:57","guid":{"rendered":"http:\/\/www.tourismcartoon.org\/?page_id=183"},"modified":"2025-08-13T18:10:19","modified_gmt":"2025-08-13T18:10:19","slug":"oduller","status":"publish","type":"page","link":"http:\/\/www.tourismcartoon.org\/fr\/simdiki-yarisma\/oduller\/","title":{"rendered":"Prix"},"content":{"rendered":"<p><\/p>\n<table style=\"height: 253px; margin: 10px auto;\" border=\"0\">\n<tbody>\n<tr style=\"height: 23px;\">\n<td style=\"height: 23px; width: 588px; text-align: center;\" colspan=\"2\"><span style=\"color: #3366ff;\"><strong>CAT\u00c9GORIE ADULTES<\/strong><\/span><\/td>\n<\/tr>\n<tr style=\"height: 23px;\">\n<td style=\"height: 23px; width: 190px; text-align: center;\"><span style=\"color: #993300;\"><strong>Grados<\/strong><\/span><\/td>\n<td style=\"height: 23px; width: 392px; text-align: center;\"><span style=\"color: #993300;\"><strong>Premios<\/strong><\/span><\/td>\n<\/tr>\n<tr style=\"height: 23px;\">\n<td style=\"height: 23px; width: 190px; text-align: center;\"><span style=\"color: #3366ff;\"><strong><em>Le premier prix<\/em><\/strong><\/span><\/td>\n<td style=\"height: 23px; width: 392px; text-align: center;\"><strong><span style=\"color: #008080;\">Billet d&rsquo;avion aller-retour pour \u015eanl\u0131urfa et un s\u00e9jour de cinq jours (pour deux personnes) \u00e0 \u015eanl\u0131urfa.<\/span><\/strong><\/td>\n<\/tr>\n<tr style=\"height: 23px;\">\n<td style=\"height: 23px; width: 190px; text-align: center;\"><span style=\"color: #3366ff;\"><strong><em>Le deuxi\u00e8me prix<\/em><\/strong><\/span><\/td>\n<td style=\"height: 23px; width: 392px; text-align: center;\"><strong><span style=\"color: #008080;\">Billet d&rsquo;avion aller-retour pour \u015eanl\u0131urfa et un s\u00e9jour de cinq jours (pour deux personnes) \u00e0 \u015eanl\u0131urfa.<\/span><\/strong><\/td>\n<\/tr>\n<tr style=\"height: 23px;\">\n<td style=\"height: 23px; width: 190px; text-align: center;\"><span style=\"color: #3366ff;\"><strong><em>Le troisi\u00e8me prix<\/em><\/strong><\/span><\/td>\n<td style=\"height: 23px; width: 392px; text-align: center;\"><strong><span style=\"color: #008080;\">Billet d&rsquo;avion aller-retour pour \u015eanl\u0131urfa et un s\u00e9jour de cinq jours (pour deux personnes) \u00e0 \u015eanl\u0131urfa.<\/span><\/strong><\/td>\n<\/tr>\n<tr style=\"height: 23px;\">\n<td style=\"height: 23px; width: 190px; text-align: center;\"><span style=\"color: #3366ff;\"><strong><em>Prix special de Prof. Atila \u00d6zer<\/em><\/strong><\/span><\/td>\n<td style=\"height: 23px; width: 392px; text-align: center;\"><strong><span style=\"color: #008080;\">Billet d&rsquo;avion aller-retour pour \u015eanl\u0131urfa et un s\u00e9jour de cinq jours (pour deux personnes) \u00e0 \u015eanl\u0131urfa.<\/span><\/strong><\/td>\n<\/tr>\n<tr style=\"height: 23px;\">\n<td style=\"height: 23px; width: 190px;\"><\/td>\n<td style=\"height: 23px; width: 392px;\"><\/td>\n<\/tr>\n<tr style=\"height: 23px;\">\n<td style=\"height: 23px; width: 588px; text-align: center;\" colspan=\"2\"><span style=\"color: #3366ff;\"><strong>CAT\u00c9GORIE JEUNES CARRICATURISTES<\/strong><\/span><\/td>\n<\/tr>\n<tr style=\"height: 23px;\">\n<td style=\"height: 23px; width: 190px; text-align: center;\"><span style=\"color: #993300;\"><strong>Grados<\/strong><\/span><\/td>\n<td style=\"height: 23px; width: 392px; text-align: center;\"><span style=\"color: #993300;\"><strong>Premios<\/strong><\/span><\/td>\n<\/tr>\n<tr style=\"height: 23px;\">\n<td style=\"height: 23px; width: 190px; text-align: center;\"><span style=\"color: #3366ff;\"><strong><em>Le premier prix<\/em><\/strong><\/span><\/td>\n<td style=\"height: 23px; width: 392px; text-align: center;\"><strong><span style=\"color: #008080;\">Billet d&rsquo;avion aller-retour pour \u015eanl\u0131urfa et un s\u00e9jour de cinq jours (pour deux personnes) \u00e0 \u015eanl\u0131urfa.<\/span><\/strong><\/td>\n<\/tr>\n<tr style=\"height: 23px;\">\n<td style=\"height: 23px; width: 190px; text-align: center;\"><span style=\"color: #3366ff;\"><strong><em>Le deuxi\u00e8me prix<\/em><\/strong><\/span><\/td>\n<td style=\"height: 23px; width: 392px; text-align: center;\"><strong><span style=\"color: #008080;\">Billet d&rsquo;avion aller-retour pour \u015eanl\u0131urfa et un s\u00e9jour de cinq jours (pour deux personnes) \u00e0 \u015eanl\u0131urfa.<\/span><\/strong><\/td>\n<\/tr>\n<tr>\n<td style=\"width: 190px; text-align: center;\"><span style=\"color: #3366ff;\"><strong><em>Le troisi\u00e8me prix<\/em><em><br \/>\n<\/em><\/strong><\/span><\/td>\n<td style=\"width: 392px; text-align: center;\"><strong><span style=\"color: #008080;\">Billet d&rsquo;avion aller-retour pour \u015eanl\u0131urfa et un s\u00e9jour de cinq jours (pour deux personnes) \u00e0 \u015eanl\u0131urfa.<\/span><\/strong><\/td>\n<\/tr>\n<\/tbody>\n<\/table>\n<p><\/p>","protected":false},"excerpt":{"rendered":"<p>CAT\u00c9GORIE ADULTES Grados Premios Le premier prix Billet d&rsquo;avion aller-retour pour \u015eanl\u0131urfa et un s\u00e9jour de cinq jours (pour deux personnes) \u00e0 \u015eanl\u0131urfa. Le deuxi\u00e8me prix Billet d&rsquo;avion aller-retour pour \u015eanl\u0131urfa et un s\u00e9jour de cinq jours (pour deux personnes) \u00e0 \u015eanl\u0131urfa. Le troisi\u00e8me prix Billet d&rsquo;avion aller-retour pour \u015eanl\u0131urfa et un s\u00e9jour de cinq&hellip;&nbsp;<a href=\"http:\/\/www.tourismcartoon.org\/fr\/simdiki-yarisma\/oduller\/\" class=\"\" rel=\"bookmark\">Lire la suite &raquo;<span class=\"screen-reader-text\">Prix<\/span><\/a><\/p>\n","protected":false},"author":1,"featured_media":0,"parent":155,"menu_order":0,"comment_status":"closed","ping_status":"closed","template":"","meta":{"neve_meta_sidebar":"full-width","neve_meta_container":"","neve_meta_enable_content_width":"on","neve_meta_content_width":100,"neve_meta_title_alignment":"","neve_meta_author_avatar":"","neve_post_elements_order":"","neve_meta_disable_header":"","neve_meta_disable_footer":"","neve_meta_disable_title":"","footnotes":""},"class_list":["post-183","page","type-page","status-publish","hentry"],"_links":{"self":[{"href":"http:\/\/www.tourismcartoon.org\/fr\/wp-json\/wp\/v2\/pages\/183","targetHints":{"allow":["GET"]}}],"collection":[{"href":"http:\/\/www.tourismcartoon.org\/fr\/wp-json\/wp\/v2\/pages"}],"about":[{"href":"http:\/\/www.tourismcartoon.org\/fr\/wp-json\/wp\/v2\/types\/page"}],"author":[{"embeddable":true,"href":"http:\/\/www.tourismcartoon.org\/fr\/wp-json\/wp\/v2\/users\/1"}],"replies":[{"embeddable":true,"href":"http:\/\/www.tourismcartoon.org\/fr\/wp-json\/wp\/v2\/comments?post=183"}],"version-history":[{"count":124,"href":"http:\/\/www.tourismcartoon.org\/fr\/wp-json\/wp\/v2\/pages\/183\/revisions"}],"predecessor-version":[{"id":3925,"href":"http:\/\/www.tourismcartoon.org\/fr\/wp-json\/wp\/v2\/pages\/183\/revisions\/3925"}],"up":[{"embeddable":true,"href":"http:\/\/www.tourismcartoon.org\/fr\/wp-json\/wp\/v2\/pages\/155"}],"wp:attachment":[{"href":"http:\/\/www.tourismcartoon.org\/fr\/wp-json\/wp\/v2\/media?parent=183"}],"curies":[{"name":"wp","href":"https:\/\/api.w.org\/{rel}","templated":true}]}}