{"id":2505,"date":"2022-06-12T12:40:51","date_gmt":"2022-06-12T12:40:51","guid":{"rendered":"http:\/\/www.tourismcartoon.org\/?page_id=2505"},"modified":"2025-08-04T13:59:53","modified_gmt":"2025-08-04T13:59:53","slug":"francais-on-ucuncu-uluslararasi-turizm-karikaturleri-yarismasi-2021","status":"publish","type":"page","link":"http:\/\/www.tourismcartoon.org\/fr\/francais-on-ucuncu-uluslararasi-turizm-karikaturleri-yarismasi-2021\/","title":{"rendered":"Le treizi\u00e8me concours international de dessins anim\u00e9s touristiques \u2013 2021"},"content":{"rendered":"<p><strong>Nombre de comp\u00e9titions:<\/strong> 13<br \/>\n<strong>Ann\u00e9e:<\/strong> 2021<br \/>\n<strong>Th\u00e8me:<\/strong> Employ\u00e9s du tourisme<br \/>\n<strong>Cat\u00e9gories:<\/strong> Cat\u00e9gorie Adultes et Cat\u00e9gorie Jeunes<\/p>\n<p><strong>Informations sur les dessins anim\u00e9s soumis:<br \/>\n<\/strong>Nombre de dessins anim\u00e9s soumis: 744<br \/>\nNombre de pays: 56<br \/>\nNombre de dessinateurs: 400<\/p>\n<p><strong>Listes des dessins anim\u00e9s soumis:<\/strong><br \/>\nAdulte <span style=\"color: #993300;\"><a style=\"color: #993300;\" href=\"https:\/\/anatoliajournal.com\/cartoon\/2021adult.pdf\" target=\"_blank\" rel=\"noopener noreferrer\">(cliquez ici)<\/a><\/span><br \/>\nJeunesse <a href=\"https:\/\/anatoliajournal.com\/cartoon\/2021youth.pdf\" target=\"_blank\" rel=\"noopener noreferrer\"><span style=\"color: #993300;\">(cliquez ici)<\/span><\/a><\/p>\n<p><strong>Lieu de remise des prix: <\/strong>13 mai 2022, Titanic Beach Lara, Antalya, Turkey<\/p>\n<p><strong>Membres du Comit\u00e9 de s\u00e9lection: <\/strong>Ahmet AYKANAT (Turquie), Akda\u011f SAYDUT (Turquie), Ali MIRAEE (L&rsquo;Iran), C\u00fcneyt MENG\u00dc (Turquie), Fehmi K\u00d6FTEO\u011eLU (Turquie), Halit KURTULMU\u015e (Turquie), Leila ALAIY (L&rsquo;Iran), Lubomir MIHAILOV (Bulgarie), Marilena NARDI (Italie), Mehmet KAHRAMAN (Turquie), Mehmet ZEBER (Turquie), Muhittin K\u00d6RO\u011eLU (Turquie), Musa AL\u0130O\u011eLU (Turquie), Musa G\u00dcM\u00dc\u015e (Turquie), Ra\u015fit YAKALI (Turquie), Valeriu KURTU (Allemagne), Vicdan BULUNMAZ \u00d6ZER (Turquie), Vladimir KAZANEVSKY (Ukraine)<\/p>\n<p><strong>Livre de comp\u00e9tition<\/strong><span style=\"color: #993300;\"> <a style=\"color: #993300;\" href=\"http:\/\/www.anatoliajournal.com\/cartoon\/book2021.pdf\" target=\"_blank\" rel=\"noopener noreferrer\">(cliquez ici)<\/a><\/span><br \/>\n<strong>Nouvelles publi\u00e9es sur le concours<\/strong><a href=\"https:\/\/photos.google.com\/share\/AF1QipMurUc7l1O2mEvQsoeD_J1Nd7npjUHiWKFx90O9v4v0yfN1kBNxLHJkpHt_wG0ELQ?key=U3FvaGxCNF8wNjlEMFVLUGZVYnBFcUNVZE16dlB3\" target=\"_blank\" rel=\"noopener noreferrer\"> <span style=\"color: #993300;\">(cliquez ici)<\/span><\/a><br \/>\n<strong>Photos de la c\u00e9r\u00e9monie de remise des prix<\/strong> <span style=\"color: #993300;\"><a href=\"https:\/\/photos.google.com\/share\/AF1QipMzlS7QYaXSIceUERbRgO20DsBzFuMseRAmtGNaOplyEEjo5I8cUATQO-yJgOUnRA?key=NDBGVDBqRFNuM190RkIyUXNiT0g2WWdJUEJlWXZn\" target=\"_blank\" rel=\"noopener\">(cliquez ici)<\/a><br \/>\n<span style=\"color: #000000;\"><b>Video <\/b><\/span>(cliquez ici)<br \/>\n<\/span><\/p>\n<hr \/>\n<h3 style=\"text-align: center;\"><strong>GAGNER DES DESSINS ANIM\u00c9S<\/strong><\/h3>\n<h5 style=\"text-align: center;\"><span style=\"color: #0000ff;\"><strong>Cat\u00e9gorie Adultes<\/strong><\/span><\/h5>\n<table style=\"border-collapse: collapse; width: 100%; height: 551px;\">\n<tbody>\n<tr style=\"height: 24px;\">\n<td style=\"width: 33.3333%; text-align: center; height: 24px;\"><strong>Le premier prix<\/strong><\/td>\n<td style=\"width: 33.3333%; text-align: center; height: 24px;\"><strong>The Second Award<\/strong><\/td>\n<td style=\"width: 33.3333%; text-align: center; height: 24px;\"><strong>Le troisi\u00e8me prix<\/strong><\/td>\n<\/tr>\n<tr style=\"height: 262px;\">\n<td style=\"width: 33.3333%; text-align: center; height: 262px;\"><a href=\"http:\/\/www.tourismcartoon.org\/wp-content\/uploads\/2022\/04\/Birinci-Nikola-Listes-2-scaled.jpg\"><img loading=\"lazy\" decoding=\"async\" class=\"aligncenter wp-image-2333 \" src=\"http:\/\/www.tourismcartoon.org\/wp-content\/uploads\/2022\/04\/Birinci-Nikola-Listes-2-209x300.jpg\" alt=\"\" width=\"160\" height=\"230\" srcset=\"http:\/\/www.tourismcartoon.org\/wp-content\/uploads\/2022\/04\/Birinci-Nikola-Listes-2-209x300.jpg 209w, http:\/\/www.tourismcartoon.org\/wp-content\/uploads\/2022\/04\/Birinci-Nikola-Listes-2-713x1024.jpg 713w, http:\/\/www.tourismcartoon.org\/wp-content\/uploads\/2022\/04\/Birinci-Nikola-Listes-2-768x1103.jpg 768w, http:\/\/www.tourismcartoon.org\/wp-content\/uploads\/2022\/04\/Birinci-Nikola-Listes-2-1070x1536.jpg 1070w, http:\/\/www.tourismcartoon.org\/wp-content\/uploads\/2022\/04\/Birinci-Nikola-Listes-2-1427x2048.jpg 1427w, http:\/\/www.tourismcartoon.org\/wp-content\/uploads\/2022\/04\/Birinci-Nikola-Listes-2-scaled.jpg 1783w\" sizes=\"auto, (max-width: 160px) 100vw, 160px\" \/><\/a><\/p>\n<p><span style=\"color: #008080;\"><strong>Nikola Listes<\/strong><\/span><\/p>\n<p>Croatie<\/td>\n<td style=\"width: 33.3333%; text-align: center; height: 262px;\"><a href=\"http:\/\/www.tourismcartoon.org\/wp-content\/uploads\/2022\/04\/\u0130kinci-Alla-Chavdar-2021-1-scaled.jpg\"><img loading=\"lazy\" decoding=\"async\" class=\"aligncenter wp-image-2334 size-medium\" src=\"http:\/\/www.tourismcartoon.org\/wp-content\/uploads\/2022\/04\/\u0130kinci-Alla-Chavdar-2021-1-300x212.jpg\" alt=\"\" width=\"300\" height=\"212\" srcset=\"http:\/\/www.tourismcartoon.org\/wp-content\/uploads\/2022\/04\/\u0130kinci-Alla-Chavdar-2021-1-300x212.jpg 300w, http:\/\/www.tourismcartoon.org\/wp-content\/uploads\/2022\/04\/\u0130kinci-Alla-Chavdar-2021-1-1024x724.jpg 1024w, http:\/\/www.tourismcartoon.org\/wp-content\/uploads\/2022\/04\/\u0130kinci-Alla-Chavdar-2021-1-768x543.jpg 768w, http:\/\/www.tourismcartoon.org\/wp-content\/uploads\/2022\/04\/\u0130kinci-Alla-Chavdar-2021-1-1536x1086.jpg 1536w, http:\/\/www.tourismcartoon.org\/wp-content\/uploads\/2022\/04\/\u0130kinci-Alla-Chavdar-2021-1-2048x1448.jpg 2048w\" sizes=\"auto, (max-width: 300px) 100vw, 300px\" \/><\/a><\/p>\n<p><span style=\"color: #008080;\"><strong>Alla &amp; Chavdar <\/strong><\/span><\/p>\n<p>Bulgarie<\/td>\n<td style=\"width: 33.3333%; text-align: center; height: 262px;\"><a href=\"http:\/\/www.tourismcartoon.org\/wp-content\/uploads\/2022\/04\/\u00dc\u00e7\u00fcnc\u00fc-Engin-Sel\u00e7uk-scaled.jpg\"><img loading=\"lazy\" decoding=\"async\" class=\"aligncenter wp-image-2335 \" src=\"http:\/\/www.tourismcartoon.org\/wp-content\/uploads\/2022\/04\/\u00dc\u00e7\u00fcnc\u00fc-Engin-Sel\u00e7uk-214x300.jpg\" alt=\"\" width=\"175\" height=\"245\" srcset=\"http:\/\/www.tourismcartoon.org\/wp-content\/uploads\/2022\/04\/\u00dc\u00e7\u00fcnc\u00fc-Engin-Sel\u00e7uk-214x300.jpg 214w, http:\/\/www.tourismcartoon.org\/wp-content\/uploads\/2022\/04\/\u00dc\u00e7\u00fcnc\u00fc-Engin-Sel\u00e7uk-729x1024.jpg 729w, http:\/\/www.tourismcartoon.org\/wp-content\/uploads\/2022\/04\/\u00dc\u00e7\u00fcnc\u00fc-Engin-Sel\u00e7uk-768x1078.jpg 768w, http:\/\/www.tourismcartoon.org\/wp-content\/uploads\/2022\/04\/\u00dc\u00e7\u00fcnc\u00fc-Engin-Sel\u00e7uk-1094x1536.jpg 1094w, http:\/\/www.tourismcartoon.org\/wp-content\/uploads\/2022\/04\/\u00dc\u00e7\u00fcnc\u00fc-Engin-Sel\u00e7uk-1459x2048.jpg 1459w, http:\/\/www.tourismcartoon.org\/wp-content\/uploads\/2022\/04\/\u00dc\u00e7\u00fcnc\u00fc-Engin-Sel\u00e7uk-scaled.jpg 1824w\" sizes=\"auto, (max-width: 175px) 100vw, 175px\" \/><\/a><\/p>\n<p><span style=\"color: #008080;\"><strong style=\"font-family: inherit; font-size: inherit;\">Engin Sel\u00e7uk<\/strong><\/span><\/p>\n<p>Turquie<\/td>\n<\/tr>\n<tr style=\"height: 24px;\">\n<td style=\"width: 33.3333%; text-align: center; height: 24px;\"><\/td>\n<td style=\"width: 33.3333%; text-align: center; height: 24px;\"><strong>Professor Atila \u00d6zer <\/strong><strong>Recognition Award<\/strong><\/td>\n<td style=\"width: 33.3333%; text-align: center; height: 24px;\"><\/td>\n<\/tr>\n<tr style=\"height: 241px;\">\n<td style=\"width: 33.3333%; text-align: center; height: 241px;\">&nbsp;<\/p>\n<p>&nbsp;<\/td>\n<td style=\"width: 33.3333%; text-align: center; height: 241px;\"><a href=\"http:\/\/www.tourismcartoon.org\/wp-content\/uploads\/2022\/04\/\u00d6zel-\u00f6d\u00fcl-Marco-De-Angelis-Italy-Reception-scaled.jpg\"><img loading=\"lazy\" decoding=\"async\" class=\"aligncenter wp-image-2336\" src=\"http:\/\/www.tourismcartoon.org\/wp-content\/uploads\/2022\/04\/\u00d6zel-\u00f6d\u00fcl-Marco-De-Angelis-Italy-Reception-208x300.jpg\" alt=\"\" width=\"174\" height=\"251\" srcset=\"http:\/\/www.tourismcartoon.org\/wp-content\/uploads\/2022\/04\/\u00d6zel-\u00f6d\u00fcl-Marco-De-Angelis-Italy-Reception-208x300.jpg 208w, http:\/\/www.tourismcartoon.org\/wp-content\/uploads\/2022\/04\/\u00d6zel-\u00f6d\u00fcl-Marco-De-Angelis-Italy-Reception-710x1024.jpg 710w, http:\/\/www.tourismcartoon.org\/wp-content\/uploads\/2022\/04\/\u00d6zel-\u00f6d\u00fcl-Marco-De-Angelis-Italy-Reception-768x1107.jpg 768w, http:\/\/www.tourismcartoon.org\/wp-content\/uploads\/2022\/04\/\u00d6zel-\u00f6d\u00fcl-Marco-De-Angelis-Italy-Reception-1066x1536.jpg 1066w, http:\/\/www.tourismcartoon.org\/wp-content\/uploads\/2022\/04\/\u00d6zel-\u00f6d\u00fcl-Marco-De-Angelis-Italy-Reception-1421x2048.jpg 1421w, http:\/\/www.tourismcartoon.org\/wp-content\/uploads\/2022\/04\/\u00d6zel-\u00f6d\u00fcl-Marco-De-Angelis-Italy-Reception-scaled.jpg 1776w\" sizes=\"auto, (max-width: 174px) 100vw, 174px\" \/><\/a><\/p>\n<p><span style=\"color: #008080;\"><strong style=\"font-family: inherit; font-size: inherit;\"><strong>Marco De Angelis<\/strong><\/strong><\/span><\/p>\n<p>Italie<\/td>\n<td style=\"width: 33.3333%; text-align: center; height: 241px;\"><\/td>\n<\/tr>\n<\/tbody>\n<\/table>\n<h5 style=\"text-align: center;\"><span style=\"color: #0000ff;\"><strong>Cat\u00e9gorie Jeunes Caricaturistes<\/strong><\/span><\/h5>\n<table style=\"border-collapse: collapse; width: 100%;\">\n<tbody>\n<tr>\n<td style=\"width: 33.3333%; text-align: center;\"><strong>Le premier prix<\/strong><\/td>\n<td style=\"width: 33.3333%; text-align: center;\"><strong>Le deuxi\u00e8me prix<\/strong><\/td>\n<td style=\"width: 33.3333%; text-align: center;\"><strong>Le troisi\u00e8me prix<\/strong><\/td>\n<\/tr>\n<tr>\n<td style=\"width: 33.3333%; text-align: center;\"><a href=\"http:\/\/www.tourismcartoon.org\/wp-content\/uploads\/2022\/04\/Birinci-Hasti-Soltani-scaled.jpg\"><img loading=\"lazy\" decoding=\"async\" class=\"aligncenter wp-image-2341 \" src=\"http:\/\/www.tourismcartoon.org\/wp-content\/uploads\/2022\/04\/Birinci-Hasti-Soltani-207x300.jpg\" alt=\"\" width=\"147\" height=\"213\" srcset=\"http:\/\/www.tourismcartoon.org\/wp-content\/uploads\/2022\/04\/Birinci-Hasti-Soltani-207x300.jpg 207w, http:\/\/www.tourismcartoon.org\/wp-content\/uploads\/2022\/04\/Birinci-Hasti-Soltani-706x1024.jpg 706w, http:\/\/www.tourismcartoon.org\/wp-content\/uploads\/2022\/04\/Birinci-Hasti-Soltani-768x1114.jpg 768w, http:\/\/www.tourismcartoon.org\/wp-content\/uploads\/2022\/04\/Birinci-Hasti-Soltani-1059x1536.jpg 1059w, http:\/\/www.tourismcartoon.org\/wp-content\/uploads\/2022\/04\/Birinci-Hasti-Soltani-1412x2048.jpg 1412w, http:\/\/www.tourismcartoon.org\/wp-content\/uploads\/2022\/04\/Birinci-Hasti-Soltani-scaled.jpg 1765w\" sizes=\"auto, (max-width: 147px) 100vw, 147px\" \/><\/a><\/p>\n<p><span style=\"color: #008080;\"><strong style=\"font-family: inherit; font-size: inherit;\">Hassti Soltani<\/strong><\/span><\/p>\n<p>(\u00c2ge: 10)<\/p>\n<p>Turquie<\/td>\n<td style=\"width: 33.3333%; text-align: center;\"><a href=\"http:\/\/www.tourismcartoon.org\/wp-content\/uploads\/2022\/04\/\u0130kinci-\u00dcmm\u00fchan-Zeynep-Aky\u00fcrek-1-scaled.jpg\"><img loading=\"lazy\" decoding=\"async\" class=\"aligncenter wp-image-2345 size-medium\" src=\"http:\/\/www.tourismcartoon.org\/wp-content\/uploads\/2022\/04\/\u0130kinci-\u00dcmm\u00fchan-Zeynep-Aky\u00fcrek-1-300x211.jpg\" alt=\"\" width=\"300\" height=\"211\" srcset=\"http:\/\/www.tourismcartoon.org\/wp-content\/uploads\/2022\/04\/\u0130kinci-\u00dcmm\u00fchan-Zeynep-Aky\u00fcrek-1-300x211.jpg 300w, http:\/\/www.tourismcartoon.org\/wp-content\/uploads\/2022\/04\/\u0130kinci-\u00dcmm\u00fchan-Zeynep-Aky\u00fcrek-1-1024x719.jpg 1024w, http:\/\/www.tourismcartoon.org\/wp-content\/uploads\/2022\/04\/\u0130kinci-\u00dcmm\u00fchan-Zeynep-Aky\u00fcrek-1-768x540.jpg 768w, http:\/\/www.tourismcartoon.org\/wp-content\/uploads\/2022\/04\/\u0130kinci-\u00dcmm\u00fchan-Zeynep-Aky\u00fcrek-1-1536x1079.jpg 1536w, http:\/\/www.tourismcartoon.org\/wp-content\/uploads\/2022\/04\/\u0130kinci-\u00dcmm\u00fchan-Zeynep-Aky\u00fcrek-1-2048x1439.jpg 2048w\" sizes=\"auto, (max-width: 300px) 100vw, 300px\" \/><\/a><\/p>\n<p><span style=\"color: #008080;\"><strong>\u00dcmm\u00fchan Zeynep Aky\u00fcrek<\/strong><\/span><\/p>\n<p>(\u00c2ge: 14)<\/p>\n<p>Turquie<\/td>\n<td style=\"width: 33.3333%; text-align: center;\"><a href=\"http:\/\/www.tourismcartoon.org\/wp-content\/uploads\/2022\/04\/\u00dc\u00e7\u00fcnc\u00fc-Poyraz-Din-1-scaled.jpg\"><img loading=\"lazy\" decoding=\"async\" class=\"aligncenter wp-image-2346 size-medium\" src=\"http:\/\/www.tourismcartoon.org\/wp-content\/uploads\/2022\/04\/\u00dc\u00e7\u00fcnc\u00fc-Poyraz-Din-1-300x212.jpg\" alt=\"\" width=\"300\" height=\"212\" srcset=\"http:\/\/www.tourismcartoon.org\/wp-content\/uploads\/2022\/04\/\u00dc\u00e7\u00fcnc\u00fc-Poyraz-Din-1-300x212.jpg 300w, http:\/\/www.tourismcartoon.org\/wp-content\/uploads\/2022\/04\/\u00dc\u00e7\u00fcnc\u00fc-Poyraz-Din-1-1024x725.jpg 1024w, http:\/\/www.tourismcartoon.org\/wp-content\/uploads\/2022\/04\/\u00dc\u00e7\u00fcnc\u00fc-Poyraz-Din-1-768x543.jpg 768w, http:\/\/www.tourismcartoon.org\/wp-content\/uploads\/2022\/04\/\u00dc\u00e7\u00fcnc\u00fc-Poyraz-Din-1-1536x1087.jpg 1536w, http:\/\/www.tourismcartoon.org\/wp-content\/uploads\/2022\/04\/\u00dc\u00e7\u00fcnc\u00fc-Poyraz-Din-1-2048x1449.jpg 2048w\" sizes=\"auto, (max-width: 300px) 100vw, 300px\" \/><\/a><\/p>\n<p><span style=\"color: #008080;\"><strong>Poyraz Din<\/strong><\/span><\/p>\n<p>(\u00c2ge: 12)<\/p>\n<p>Turquie<\/td>\n<\/tr>\n<\/tbody>\n<\/table>\n<p><\/p>","protected":false},"excerpt":{"rendered":"<p>Nombre de comp\u00e9titions: 13 Ann\u00e9e: 2021 Th\u00e8me: Employ\u00e9s du tourisme Cat\u00e9gories: Cat\u00e9gorie Adultes et Cat\u00e9gorie Jeunes Informations sur les dessins anim\u00e9s soumis: Nombre de dessins anim\u00e9s soumis: 744 Nombre de pays: 56 Nombre de dessinateurs: 400 Listes des dessins anim\u00e9s soumis: Adulte (cliquez ici) Jeunesse (cliquez ici) Lieu de remise des prix: 13 mai 2022,&hellip;&nbsp;<a href=\"http:\/\/www.tourismcartoon.org\/fr\/francais-on-ucuncu-uluslararasi-turizm-karikaturleri-yarismasi-2021\/\" class=\"\" rel=\"bookmark\">Lire la suite &raquo;<span class=\"screen-reader-text\">Le treizi\u00e8me concours international de dessins anim\u00e9s touristiques \u2013 2021<\/span><\/a><\/p>\n","protected":false},"author":1,"featured_media":0,"parent":0,"menu_order":0,"comment_status":"closed","ping_status":"closed","template":"","meta":{"neve_meta_sidebar":"full-width","neve_meta_container":"","neve_meta_enable_content_width":"on","neve_meta_content_width":100,"neve_meta_title_alignment":"","neve_meta_author_avatar":"","neve_post_elements_order":"","neve_meta_disable_header":"","neve_meta_disable_footer":"","neve_meta_disable_title":"","footnotes":""},"class_list":["post-2505","page","type-page","status-publish","hentry"],"_links":{"self":[{"href":"http:\/\/www.tourismcartoon.org\/fr\/wp-json\/wp\/v2\/pages\/2505","targetHints":{"allow":["GET"]}}],"collection":[{"href":"http:\/\/www.tourismcartoon.org\/fr\/wp-json\/wp\/v2\/pages"}],"about":[{"href":"http:\/\/www.tourismcartoon.org\/fr\/wp-json\/wp\/v2\/types\/page"}],"author":[{"embeddable":true,"href":"http:\/\/www.tourismcartoon.org\/fr\/wp-json\/wp\/v2\/users\/1"}],"replies":[{"embeddable":true,"href":"http:\/\/www.tourismcartoon.org\/fr\/wp-json\/wp\/v2\/comments?post=2505"}],"version-history":[{"count":15,"href":"http:\/\/www.tourismcartoon.org\/fr\/wp-json\/wp\/v2\/pages\/2505\/revisions"}],"predecessor-version":[{"id":3902,"href":"http:\/\/www.tourismcartoon.org\/fr\/wp-json\/wp\/v2\/pages\/2505\/revisions\/3902"}],"wp:attachment":[{"href":"http:\/\/www.tourismcartoon.org\/fr\/wp-json\/wp\/v2\/media?parent=2505"}],"curies":[{"name":"wp","href":"https:\/\/api.w.org\/{rel}","templated":true}]}}