{"id":3375,"date":"2024-05-03T11:22:46","date_gmt":"2024-05-03T11:22:46","guid":{"rendered":"https:\/\/www.tourismcartoon.org\/?page_id=3375"},"modified":"2025-10-24T16:13:08","modified_gmt":"2025-10-24T16:13:08","slug":"on-besinci-yarisma","status":"publish","type":"page","link":"http:\/\/www.tourismcartoon.org\/fr\/on-besinci-yarisma\/","title":{"rendered":"Seizi\u00e8me concours &#8211; 2024"},"content":{"rendered":"<p><strong>Number of competition: <\/strong>16<br \/>\n<strong>Year:<\/strong> 2024<br \/>\n<strong>Theme:<\/strong> Being a tourist in Istanbul<br \/>\n<strong>Categories:<\/strong> Adults Category, Youth Category<\/p>\n<p><strong>Information on submitted cartoons:<br \/>\n<\/strong>Number of submitted cartoons:572<br \/>\nNumber of countries: 49<br \/>\nNumber of cartoonists: 356<\/p>\n<p><strong>Lists of submitted cartoons:<\/strong><br \/>\n<strong>Adult <\/strong><a href=\"https:\/\/anatoliajournal.com\/cartoon\/2024adult.pdf\" target=\"_blank\" rel=\"noopener\"><span style=\"color: #993300;\">(click here)<\/span><\/a><br \/>\n<strong>Youth <\/strong><a href=\"https:\/\/anatoliajournal.com\/cartoon\/2024youth.pdf\" target=\"_blank\" rel=\"noopener\"><span style=\"color: #993300;\">(click here)<\/span><\/a><\/p>\n<p><strong>Award ceremony venue: <span style=\"color: #ff0000;\">October 2025, Istanbul, T\u00fcrkiye<\/span><\/strong><\/p>\n<p><strong>Selection committee members:<\/strong>Ahmet AYKANAT (T\u00fcrkiye), Andrea LACHER-BRYK (Austria), Anne DRENNE (France), Fehmi K\u00d6FTEO\u011eLU (T\u00fcrkiye), Halit KURTULMU\u015e (T\u00fcrkiye), Irien TRENDAF\u0130LOV (Bulgaria), Luc VERNIMMEN (Belgium), Marco De ANGELIS (Italy), Mehmet KAHRAMAN (T\u00fcrkiye), Mehmet ZEBER (T\u00fcrkiye), Muhittin K\u00d6RO\u011eLU (T\u00fcrkiye), M\u00fcberra ERES\u0130N (T\u00fcrkiye), Necdet YILMAZ (T\u00fcrkiye), Omar PEREZ (Argentina), Ra\u015fit YAKALI (T\u00fcrkiye), Shirin GHOL\u0130POUR (Iran), Vicdan BULUNMAZ \u00d6ZER (T\u00fcrkiye)<\/p>\n<p><strong>Competition book <\/strong><a href=\"https:\/\/anatoliajournal.com\/cartoon\/book2024.pdf\" target=\"_blank\" rel=\"noopener\"><span style=\"color: #993300;\">(click here)<\/span><\/a><br \/>\n<strong>News published about the competition <\/strong><a href=\"https:\/\/photos.app.goo.gl\/bhaSFwattYzRjMqL8\" target=\"_blank\" rel=\"noopener\"><span style=\"color: #993300;\">(click here)<\/span><\/a><br \/>\n<strong>Photos of award ceremony<span style=\"color: #993300;\">\u00a0<\/span><\/strong><a href=\"https:\/\/photos.app.goo.gl\/Ne3dTX88u8METVY16\" target=\"_blank\" rel=\"noopener\"><span style=\"color: #993300;\">(click here)<\/span><\/a><\/p>\n<hr \/>\n<h3 style=\"text-align: center;\"><strong>AWARDED CARTOONS<\/strong><\/h3>\n<h5 style=\"text-align: center;\"><span style=\"color: #0000ff;\"><strong>Adult Category<\/strong><\/span><\/h5>\n<table style=\"border-collapse: collapse; width: 100%; height: 551px;\">\n<tbody>\n<tr style=\"height: 24px;\">\n<td style=\"width: 33.3333%; text-align: center; height: 24px;\"><strong>The Grand Award<\/strong><\/td>\n<td style=\"width: 36.5746%; text-align: center; height: 24px;\"><strong>The Second Award<\/strong><\/td>\n<td style=\"width: 30.092%; text-align: center; height: 24px;\"><strong>The Third Award<\/strong><\/td>\n<\/tr>\n<tr style=\"height: 262px;\">\n<td style=\"width: 33.3333%; text-align: center; height: 262px;\"><a href=\"http:\/\/www.tourismcartoon.org\/wp-content\/uploads\/2025\/07\/Birincilik-odulu-Iran-Iran-scaled.jpg\"><img loading=\"lazy\" decoding=\"async\" class=\"aligncenter wp-image-3775 size-medium\" src=\"http:\/\/www.tourismcartoon.org\/wp-content\/uploads\/2025\/07\/Birincilik-odulu-Iran-Iran-300x212.jpg\" alt=\"\" width=\"300\" height=\"212\" srcset=\"http:\/\/www.tourismcartoon.org\/wp-content\/uploads\/2025\/07\/Birincilik-odulu-Iran-Iran-300x212.jpg 300w, http:\/\/www.tourismcartoon.org\/wp-content\/uploads\/2025\/07\/Birincilik-odulu-Iran-Iran-1024x724.jpg 1024w, http:\/\/www.tourismcartoon.org\/wp-content\/uploads\/2025\/07\/Birincilik-odulu-Iran-Iran-768x543.jpg 768w, http:\/\/www.tourismcartoon.org\/wp-content\/uploads\/2025\/07\/Birincilik-odulu-Iran-Iran-1536x1086.jpg 1536w, http:\/\/www.tourismcartoon.org\/wp-content\/uploads\/2025\/07\/Birincilik-odulu-Iran-Iran-2048x1448.jpg 2048w\" sizes=\"auto, (max-width: 300px) 100vw, 300px\" \/><\/a><\/p>\n<p><span style=\"color: #008080;\"><strong>Mendi Azizi<br \/>\n<\/strong><\/span><em style=\"color: #666699; font-family: inherit; font-size: inherit;\">\u0130ran<\/em><\/td>\n<td style=\"width: 36.5746%; text-align: center; height: 262px;\"><a href=\"http:\/\/www.tourismcartoon.org\/wp-content\/uploads\/2025\/07\/Ikincimik-odulu-Omer-Cam-scaled.jpg\"><img loading=\"lazy\" decoding=\"async\" class=\"aligncenter wp-image-3778 size-medium\" src=\"http:\/\/www.tourismcartoon.org\/wp-content\/uploads\/2025\/07\/Ikincimik-odulu-Omer-Cam-212x300.jpg\" alt=\"\" width=\"212\" height=\"300\" srcset=\"http:\/\/www.tourismcartoon.org\/wp-content\/uploads\/2025\/07\/Ikincimik-odulu-Omer-Cam-212x300.jpg 212w, http:\/\/www.tourismcartoon.org\/wp-content\/uploads\/2025\/07\/Ikincimik-odulu-Omer-Cam-724x1024.jpg 724w, http:\/\/www.tourismcartoon.org\/wp-content\/uploads\/2025\/07\/Ikincimik-odulu-Omer-Cam-768x1086.jpg 768w, http:\/\/www.tourismcartoon.org\/wp-content\/uploads\/2025\/07\/Ikincimik-odulu-Omer-Cam-1086x1536.jpg 1086w, http:\/\/www.tourismcartoon.org\/wp-content\/uploads\/2025\/07\/Ikincimik-odulu-Omer-Cam-1448x2048.jpg 1448w, http:\/\/www.tourismcartoon.org\/wp-content\/uploads\/2025\/07\/Ikincimik-odulu-Omer-Cam-scaled.jpg 1810w\" sizes=\"auto, (max-width: 212px) 100vw, 212px\" \/><\/a><\/p>\n<p><span style=\"color: #008080;\"><strong>\u00d6mer \u00c7am<br \/>\n<\/strong><\/span><em style=\"font-family: inherit; font-size: inherit;\"><span style=\"color: #666699;\">T\u00fcrkiye<\/span><\/em><\/td>\n<td style=\"width: 30.092%; text-align: center; height: 262px;\"><a href=\"http:\/\/www.tourismcartoon.org\/wp-content\/uploads\/2025\/07\/Ucunculuk-odulu-Mojmir-Mihatov-Croatia-Hirvatistan-scaled.jpg\"><img loading=\"lazy\" decoding=\"async\" class=\"aligncenter wp-image-3780 size-medium\" src=\"http:\/\/www.tourismcartoon.org\/wp-content\/uploads\/2025\/07\/Ucunculuk-odulu-Mojmir-Mihatov-Croatia-Hirvatistan-225x300.jpg\" alt=\"\" width=\"225\" height=\"300\" srcset=\"http:\/\/www.tourismcartoon.org\/wp-content\/uploads\/2025\/07\/Ucunculuk-odulu-Mojmir-Mihatov-Croatia-Hirvatistan-225x300.jpg 225w, http:\/\/www.tourismcartoon.org\/wp-content\/uploads\/2025\/07\/Ucunculuk-odulu-Mojmir-Mihatov-Croatia-Hirvatistan-769x1024.jpg 769w, http:\/\/www.tourismcartoon.org\/wp-content\/uploads\/2025\/07\/Ucunculuk-odulu-Mojmir-Mihatov-Croatia-Hirvatistan-768x1023.jpg 768w, http:\/\/www.tourismcartoon.org\/wp-content\/uploads\/2025\/07\/Ucunculuk-odulu-Mojmir-Mihatov-Croatia-Hirvatistan-1153x1536.jpg 1153w, http:\/\/www.tourismcartoon.org\/wp-content\/uploads\/2025\/07\/Ucunculuk-odulu-Mojmir-Mihatov-Croatia-Hirvatistan-1537x2048.jpg 1537w, http:\/\/www.tourismcartoon.org\/wp-content\/uploads\/2025\/07\/Ucunculuk-odulu-Mojmir-Mihatov-Croatia-Hirvatistan-scaled.jpg 1921w\" sizes=\"auto, (max-width: 225px) 100vw, 225px\" \/><\/a><\/p>\n<p><span style=\"color: #008080;\"><strong style=\"font-family: inherit; font-size: inherit;\">Mojmir Mihatov<br \/>\n<\/strong><\/span><span style=\"font-family: inherit; font-size: inherit;\">Croatia<\/span><\/td>\n<\/tr>\n<tr style=\"height: 24px;\">\n<td style=\"width: 33.3333%; text-align: center; height: 24px;\"><strong>Professor Atila \u00d6zer\u00a0<\/strong><strong>Recognition Award<\/strong><\/td>\n<td style=\"width: 36.5746%; text-align: center;\"><strong>Fehmi K\u00f6fteo\u011flu <\/strong><strong>Recognition Award<\/strong><\/td>\n<td style=\"width: 30.092%; text-align: center; height: 24px;\"><\/td>\n<\/tr>\n<tr style=\"height: 241px;\">\n<td style=\"width: 33.3333%; text-align: center; height: 241px;\"><a href=\"http:\/\/www.tourismcartoon.org\/wp-content\/uploads\/2025\/07\/Atila-Ozer-Ozeyl-Odulu-Bulgaria-Bulgaristan-scaled.jpg\"><img loading=\"lazy\" decoding=\"async\" class=\"aligncenter wp-image-3784 size-medium\" src=\"http:\/\/www.tourismcartoon.org\/wp-content\/uploads\/2025\/07\/Atila-Ozer-Ozeyl-Odulu-Bulgaria-Bulgaristan-300x233.jpg\" alt=\"\" width=\"300\" height=\"233\" srcset=\"http:\/\/www.tourismcartoon.org\/wp-content\/uploads\/2025\/07\/Atila-Ozer-Ozeyl-Odulu-Bulgaria-Bulgaristan-300x233.jpg 300w, http:\/\/www.tourismcartoon.org\/wp-content\/uploads\/2025\/07\/Atila-Ozer-Ozeyl-Odulu-Bulgaria-Bulgaristan-1024x795.jpg 1024w, http:\/\/www.tourismcartoon.org\/wp-content\/uploads\/2025\/07\/Atila-Ozer-Ozeyl-Odulu-Bulgaria-Bulgaristan-768x596.jpg 768w, http:\/\/www.tourismcartoon.org\/wp-content\/uploads\/2025\/07\/Atila-Ozer-Ozeyl-Odulu-Bulgaria-Bulgaristan-1536x1192.jpg 1536w, http:\/\/www.tourismcartoon.org\/wp-content\/uploads\/2025\/07\/Atila-Ozer-Ozeyl-Odulu-Bulgaria-Bulgaristan-2048x1590.jpg 2048w\" sizes=\"auto, (max-width: 300px) 100vw, 300px\" \/><\/a><\/p>\n<p><span style=\"color: #008080;\"><strong style=\"font-family: inherit; font-size: inherit;\"><strong>Alla&amp;Chavdar Georgiev<br \/>\n<\/strong><\/strong><\/span><span style=\"color: #666699;\"><em><span style=\"font-family: inherit; font-size: inherit;\">Bulgaria<\/span><\/em><\/span><\/td>\n<td style=\"width: 36.5746%; text-align: center; height: 241px;\"><a href=\"http:\/\/www.tourismcartoon.org\/wp-content\/uploads\/2025\/07\/Galym-Boranbayev-Kazakhstan-scaled.jpg\"><img loading=\"lazy\" decoding=\"async\" class=\"aligncenter wp-image-3821 \" src=\"http:\/\/www.tourismcartoon.org\/wp-content\/uploads\/2025\/07\/Galym-Boranbayev-Kazakhstan-300x211.jpg\" alt=\"\" width=\"326\" height=\"229\" srcset=\"http:\/\/www.tourismcartoon.org\/wp-content\/uploads\/2025\/07\/Galym-Boranbayev-Kazakhstan-300x211.jpg 300w, http:\/\/www.tourismcartoon.org\/wp-content\/uploads\/2025\/07\/Galym-Boranbayev-Kazakhstan-1024x719.jpg 1024w, http:\/\/www.tourismcartoon.org\/wp-content\/uploads\/2025\/07\/Galym-Boranbayev-Kazakhstan-768x539.jpg 768w, http:\/\/www.tourismcartoon.org\/wp-content\/uploads\/2025\/07\/Galym-Boranbayev-Kazakhstan-1536x1078.jpg 1536w, http:\/\/www.tourismcartoon.org\/wp-content\/uploads\/2025\/07\/Galym-Boranbayev-Kazakhstan-2048x1438.jpg 2048w\" sizes=\"auto, (max-width: 326px) 100vw, 326px\" \/><\/a><\/p>\n<p><span style=\"color: #008080;\"><strong style=\"font-family: inherit; font-size: inherit;\"><strong>Galym Boranbayev<br \/>\n<\/strong><\/strong><\/span><em style=\"color: #666699; font-family: inherit; font-size: inherit;\"><span style=\"font-family: inherit; font-size: inherit;\">Kazakhstan<\/span><\/em><\/td>\n<td style=\"width: 30.092%; text-align: center; height: 241px;\"><\/td>\n<\/tr>\n<\/tbody>\n<\/table>\n<h5 style=\"text-align: center;\"><span style=\"color: #0000ff;\"><strong>Youth Category<\/strong><\/span><\/h5>\n<table style=\"border-collapse: collapse; width: 100%;\">\n<tbody>\n<tr>\n<td style=\"width: 33.3333%; text-align: center;\"><strong>The Grand Award<\/strong><\/td>\n<td style=\"width: 33.3333%; text-align: center;\"><strong>The Second Award<\/strong><\/td>\n<td style=\"width: 33.3333%; text-align: center;\"><strong>The Third Award<\/strong><\/td>\n<\/tr>\n<tr>\n<td style=\"width: 33.3333%; text-align: center;\"><a href=\"http:\/\/www.tourismcartoon.org\/wp-content\/uploads\/2025\/07\/Birinci-Mustafa-Nasuh-Asik-yas-14-scaled.jpg\"><img loading=\"lazy\" decoding=\"async\" class=\"aligncenter wp-image-3789 size-medium\" src=\"http:\/\/www.tourismcartoon.org\/wp-content\/uploads\/2025\/07\/Birinci-Mustafa-Nasuh-Asik-yas-14-212x300.jpg\" alt=\"\" width=\"212\" height=\"300\" srcset=\"http:\/\/www.tourismcartoon.org\/wp-content\/uploads\/2025\/07\/Birinci-Mustafa-Nasuh-Asik-yas-14-212x300.jpg 212w, http:\/\/www.tourismcartoon.org\/wp-content\/uploads\/2025\/07\/Birinci-Mustafa-Nasuh-Asik-yas-14-725x1024.jpg 725w, http:\/\/www.tourismcartoon.org\/wp-content\/uploads\/2025\/07\/Birinci-Mustafa-Nasuh-Asik-yas-14-768x1085.jpg 768w, http:\/\/www.tourismcartoon.org\/wp-content\/uploads\/2025\/07\/Birinci-Mustafa-Nasuh-Asik-yas-14-1087x1536.jpg 1087w, http:\/\/www.tourismcartoon.org\/wp-content\/uploads\/2025\/07\/Birinci-Mustafa-Nasuh-Asik-yas-14-1449x2048.jpg 1449w, http:\/\/www.tourismcartoon.org\/wp-content\/uploads\/2025\/07\/Birinci-Mustafa-Nasuh-Asik-yas-14-scaled.jpg 1812w\" sizes=\"auto, (max-width: 212px) 100vw, 212px\" \/><\/a><\/p>\n<p><span style=\"color: #008080;\"><strong style=\"font-family: inherit; font-size: inherit;\">Mustafa Nasuh A\u015f\u0131k<br \/>\n<\/strong><\/span><span style=\"font-family: inherit; font-size: inherit;\">(age: 14)<br \/>\n<\/span><em style=\"color: #666699; font-family: inherit; font-size: inherit;\">T\u00fcrkiye<\/em><\/td>\n<td style=\"width: 33.3333%; text-align: center;\"><a href=\"http:\/\/www.tourismcartoon.org\/wp-content\/uploads\/2025\/07\/Ikinci-DEFNE-DEMIRCI-11-YAS-scaled.jpg\"><img loading=\"lazy\" decoding=\"async\" class=\"aligncenter wp-image-3791 size-medium\" src=\"http:\/\/www.tourismcartoon.org\/wp-content\/uploads\/2025\/07\/Ikinci-DEFNE-DEMIRCI-11-YAS-300x212.jpg\" alt=\"\" width=\"300\" height=\"212\" srcset=\"http:\/\/www.tourismcartoon.org\/wp-content\/uploads\/2025\/07\/Ikinci-DEFNE-DEMIRCI-11-YAS-300x212.jpg 300w, http:\/\/www.tourismcartoon.org\/wp-content\/uploads\/2025\/07\/Ikinci-DEFNE-DEMIRCI-11-YAS-1024x724.jpg 1024w, http:\/\/www.tourismcartoon.org\/wp-content\/uploads\/2025\/07\/Ikinci-DEFNE-DEMIRCI-11-YAS-768x543.jpg 768w, http:\/\/www.tourismcartoon.org\/wp-content\/uploads\/2025\/07\/Ikinci-DEFNE-DEMIRCI-11-YAS-1536x1086.jpg 1536w, http:\/\/www.tourismcartoon.org\/wp-content\/uploads\/2025\/07\/Ikinci-DEFNE-DEMIRCI-11-YAS-2048x1448.jpg 2048w\" sizes=\"auto, (max-width: 300px) 100vw, 300px\" \/><\/a><\/p>\n<p><span style=\"color: #008080;\"><strong>Defne Demirci<br \/>\n<\/strong><\/span><span style=\"font-family: inherit; font-size: inherit;\">(age: 11)<br \/>\n<\/span><span style=\"color: #666699; font-family: inherit; font-size: inherit;\">T\u00fcrkiye<\/span><\/td>\n<td style=\"width: 33.3333%; text-align: center;\"><a href=\"http:\/\/www.tourismcartoon.org\/wp-content\/uploads\/2025\/07\/Ucuncu-SUDEM-DURAN-13-YAS-scaled.jpg\"><img loading=\"lazy\" decoding=\"async\" class=\"aligncenter wp-image-3793 size-medium\" src=\"http:\/\/www.tourismcartoon.org\/wp-content\/uploads\/2025\/07\/Ucuncu-SUDEM-DURAN-13-YAS-300x212.jpg\" alt=\"\" width=\"300\" height=\"212\" srcset=\"http:\/\/www.tourismcartoon.org\/wp-content\/uploads\/2025\/07\/Ucuncu-SUDEM-DURAN-13-YAS-300x212.jpg 300w, http:\/\/www.tourismcartoon.org\/wp-content\/uploads\/2025\/07\/Ucuncu-SUDEM-DURAN-13-YAS-1024x724.jpg 1024w, http:\/\/www.tourismcartoon.org\/wp-content\/uploads\/2025\/07\/Ucuncu-SUDEM-DURAN-13-YAS-768x543.jpg 768w, http:\/\/www.tourismcartoon.org\/wp-content\/uploads\/2025\/07\/Ucuncu-SUDEM-DURAN-13-YAS-1536x1086.jpg 1536w, http:\/\/www.tourismcartoon.org\/wp-content\/uploads\/2025\/07\/Ucuncu-SUDEM-DURAN-13-YAS-2048x1448.jpg 2048w\" sizes=\"auto, (max-width: 300px) 100vw, 300px\" \/><\/a><\/p>\n<p><span style=\"color: #008080;\"><strong>Sudem Duran<br \/>\n<\/strong><\/span><span style=\"font-family: inherit; font-size: inherit;\">(age: 13)<br \/>\n<\/span><em style=\"font-family: inherit; font-size: inherit;\"><span style=\"color: #666699;\">T\u00fcrkiye<\/span><\/em><\/td>\n<\/tr>\n<\/tbody>\n<\/table>\n<hr \/>\n<p>&nbsp;<\/p>","protected":false},"excerpt":{"rendered":"<p>Number of competition: 16 Year: 2024 Theme: Being a tourist in Istanbul Categories: Adults Category, Youth Category Information on submitted cartoons: Number of submitted cartoons:572 Number of countries: 49 Number of cartoonists: 356 Lists of submitted cartoons: Adult (click here) Youth (click here) Award ceremony venue: October 2025, Istanbul, T\u00fcrkiye Selection committee members:Ahmet AYKANAT (T\u00fcrkiye),&hellip;&nbsp;<a href=\"http:\/\/www.tourismcartoon.org\/fr\/on-besinci-yarisma\/\" class=\"\" rel=\"bookmark\">Lire la suite &raquo;<span class=\"screen-reader-text\">Seizi\u00e8me concours &#8211; 2024<\/span><\/a><\/p>\n","protected":false},"author":1,"featured_media":0,"parent":0,"menu_order":0,"comment_status":"closed","ping_status":"closed","template":"","meta":{"neve_meta_sidebar":"full-width","neve_meta_container":"","neve_meta_enable_content_width":"on","neve_meta_content_width":100,"neve_meta_title_alignment":"","neve_meta_author_avatar":"","neve_post_elements_order":"","neve_meta_disable_header":"","neve_meta_disable_footer":"","neve_meta_disable_title":"","footnotes":""},"class_list":["post-3375","page","type-page","status-publish","hentry"],"_links":{"self":[{"href":"http:\/\/www.tourismcartoon.org\/fr\/wp-json\/wp\/v2\/pages\/3375","targetHints":{"allow":["GET"]}}],"collection":[{"href":"http:\/\/www.tourismcartoon.org\/fr\/wp-json\/wp\/v2\/pages"}],"about":[{"href":"http:\/\/www.tourismcartoon.org\/fr\/wp-json\/wp\/v2\/types\/page"}],"author":[{"embeddable":true,"href":"http:\/\/www.tourismcartoon.org\/fr\/wp-json\/wp\/v2\/users\/1"}],"replies":[{"embeddable":true,"href":"http:\/\/www.tourismcartoon.org\/fr\/wp-json\/wp\/v2\/comments?post=3375"}],"version-history":[{"count":17,"href":"http:\/\/www.tourismcartoon.org\/fr\/wp-json\/wp\/v2\/pages\/3375\/revisions"}],"predecessor-version":[{"id":4214,"href":"http:\/\/www.tourismcartoon.org\/fr\/wp-json\/wp\/v2\/pages\/3375\/revisions\/4214"}],"wp:attachment":[{"href":"http:\/\/www.tourismcartoon.org\/fr\/wp-json\/wp\/v2\/media?parent=3375"}],"curies":[{"name":"wp","href":"https:\/\/api.w.org\/{rel}","templated":true}]}}