{"id":145,"date":"2020-03-31T13:06:50","date_gmt":"2020-03-31T13:06:50","guid":{"rendered":"http:\/\/www.tourismcartoon.org\/?page_id=145"},"modified":"2025-10-30T11:38:20","modified_gmt":"2025-10-30T11:38:20","slug":"destekleyenler","status":"publish","type":"page","link":"http:\/\/www.tourismcartoon.org\/zh\/destekleyenler\/","title":{"rendered":"\u8d5e\u52a9\u5546"},"content":{"rendered":"<p><\/p>\n<h2 style=\"text-align: center;\"><span style=\"color: #993300;\">For sponsorship requests regarding 2026 and subsequent years, please contact:<\/span><br \/>\n<span style=\"color: #993300;\">Nazmi Kozak, Ph.D.<\/span><br \/>\n<span style=\"color: #993300;\">Email: tourismcartoon@gmail.com<\/span><\/h2>\n<hr \/>\n<h2 style=\"text-align: center;\"><span style=\"color: #008080;\">\u4e3b\u8981\u8d5e\u52a9\u5546 (2025)<\/span><\/h2>\n<table style=\"border-collapse: collapse; width: 97.9702%; height: 79px;\">\n<tbody>\n<tr style=\"height: 57px;\">\n<td style=\"width: 13.0988%; height: 44px;\"><\/td>\n<td style=\"width: 77.6222%; height: 44px; text-align: center;\" colspan=\"3\"><span style=\"color: #993300; font-size: 14pt;\"><strong><a href=\"http:\/\/www.tourismcartoon.org\/wp-content\/uploads\/2025\/08\/Belediye-2.png\"><img loading=\"lazy\" decoding=\"async\" class=\"aligncenter wp-image-3877 size-medium\" src=\"http:\/\/www.tourismcartoon.org\/wp-content\/uploads\/2025\/08\/Belediye-2-237x300.png\" alt=\"\" width=\"237\" height=\"300\" srcset=\"http:\/\/www.tourismcartoon.org\/wp-content\/uploads\/2025\/08\/Belediye-2-237x300.png 237w, http:\/\/www.tourismcartoon.org\/wp-content\/uploads\/2025\/08\/Belediye-2-808x1024.png 808w, http:\/\/www.tourismcartoon.org\/wp-content\/uploads\/2025\/08\/Belediye-2-768x973.png 768w, http:\/\/www.tourismcartoon.org\/wp-content\/uploads\/2025\/08\/Belediye-2-1212x1536.png 1212w, http:\/\/www.tourismcartoon.org\/wp-content\/uploads\/2025\/08\/Belediye-2.png 1500w\" sizes=\"auto, (max-width: 237px) 100vw, 237px\" \/><\/a><br \/>\n<a href=\"https:\/\/www.sanliurfa.bel.tr\" target=\"_blank\" rel=\"noopener\">https:\/\/www.sanliurfa.bel.tr<\/a><br \/>\n<\/strong><\/span><\/td>\n<td style=\"width: 15.6692%; height: 44px;\"><\/td>\n<\/tr>\n<\/tbody>\n<\/table>\n<h4 style=\"text-align: center;\"><span style=\"color: #008080; font-size: 18pt;\">\u4ee5\u524d\u7684\u8d5e\u52a9\u5546 (2009 &#8211; 2024)<\/span><\/h4>\n<table style=\"border-collapse: collapse; margin: 10px auto; width: 69.0517%; height: 693px;\">\n<tbody>\n<tr>\n<td style=\"width: 25%; text-align: center;\"><a href=\"https:\/\/www.askahotels.com\/\" target=\"_blank\" rel=\"noopener noreferrer\"><img loading=\"lazy\" decoding=\"async\" class=\"aligncenter wp-image-3604 size-large\" src=\"http:\/\/www.tourismcartoon.org\/wp-content\/uploads\/2024\/07\/Logo-1024x1024.jpg\" alt=\"\" width=\"1024\" height=\"1024\" srcset=\"http:\/\/www.tourismcartoon.org\/wp-content\/uploads\/2024\/07\/Logo-1024x1024.jpg 1024w, http:\/\/www.tourismcartoon.org\/wp-content\/uploads\/2024\/07\/Logo-300x300.jpg 300w, http:\/\/www.tourismcartoon.org\/wp-content\/uploads\/2024\/07\/Logo-150x150.jpg 150w, http:\/\/www.tourismcartoon.org\/wp-content\/uploads\/2024\/07\/Logo-768x768.jpg 768w, http:\/\/www.tourismcartoon.org\/wp-content\/uploads\/2024\/07\/Logo-1536x1536.jpg 1536w, http:\/\/www.tourismcartoon.org\/wp-content\/uploads\/2024\/07\/Logo.jpg 1772w\" sizes=\"auto, (max-width: 1024px) 100vw, 1024px\" \/><\/a><\/td>\n<td style=\"width: 25%; text-align: center;\"><a href=\"https:\/\/www.turob.com\/tr\" target=\"_blank\" rel=\"noopener\"><img loading=\"lazy\" decoding=\"async\" class=\"aligncenter wp-image-3509 size-large\" src=\"http:\/\/www.tourismcartoon.org\/wp-content\/uploads\/2024\/07\/TUROB-Logo-Dikey-2022-1024x537.jpg\" alt=\"\" width=\"1024\" height=\"537\" srcset=\"http:\/\/www.tourismcartoon.org\/wp-content\/uploads\/2024\/07\/TUROB-Logo-Dikey-2022-1024x537.jpg 1024w, http:\/\/www.tourismcartoon.org\/wp-content\/uploads\/2024\/07\/TUROB-Logo-Dikey-2022-300x157.jpg 300w, http:\/\/www.tourismcartoon.org\/wp-content\/uploads\/2024\/07\/TUROB-Logo-Dikey-2022-768x403.jpg 768w, http:\/\/www.tourismcartoon.org\/wp-content\/uploads\/2024\/07\/TUROB-Logo-Dikey-2022-1536x806.jpg 1536w, http:\/\/www.tourismcartoon.org\/wp-content\/uploads\/2024\/07\/TUROB-Logo-Dikey-2022-2048x1075.jpg 2048w\" sizes=\"auto, (max-width: 1024px) 100vw, 1024px\" \/><\/a><\/td>\n<td style=\"width: 25%; text-align: center;\"><a href=\"https:\/\/www.icvb.org.tr\/tr\/ana-sayfa\/\" target=\"_blank\" rel=\"noopener\"><img loading=\"lazy\" decoding=\"async\" class=\"aligncenter wp-image-3886 size-large\" src=\"http:\/\/www.tourismcartoon.org\/wp-content\/uploads\/2025\/08\/ICVB-yeni-logo_yu\u2560eksek-1024x337.jpg\" alt=\"\" width=\"1024\" height=\"337\" srcset=\"http:\/\/www.tourismcartoon.org\/wp-content\/uploads\/2025\/08\/ICVB-yeni-logo_yu\u2560eksek-1024x337.jpg 1024w, http:\/\/www.tourismcartoon.org\/wp-content\/uploads\/2025\/08\/ICVB-yeni-logo_yu\u2560eksek-300x99.jpg 300w, http:\/\/www.tourismcartoon.org\/wp-content\/uploads\/2025\/08\/ICVB-yeni-logo_yu\u2560eksek-768x253.jpg 768w, http:\/\/www.tourismcartoon.org\/wp-content\/uploads\/2025\/08\/ICVB-yeni-logo_yu\u2560eksek-1536x506.jpg 1536w, http:\/\/www.tourismcartoon.org\/wp-content\/uploads\/2025\/08\/ICVB-yeni-logo_yu\u2560eksek-2048x674.jpg 2048w\" sizes=\"auto, (max-width: 1024px) 100vw, 1024px\" \/><\/a><\/td>\n<td style=\"width: 23.646%;\"><a href=\"http:\/\/www.tourismcartoon.org\/wp-content\/uploads\/2025\/08\/IBB-logo.jpg\" target=\"_blank\" rel=\"noopener\"><img loading=\"lazy\" decoding=\"async\" class=\"aligncenter wp-image-4103 size-full\" src=\"http:\/\/www.tourismcartoon.org\/wp-content\/uploads\/2025\/08\/IBB-logo.jpg\" alt=\"\" width=\"318\" height=\"116\" srcset=\"http:\/\/www.tourismcartoon.org\/wp-content\/uploads\/2025\/08\/IBB-logo.jpg 318w, http:\/\/www.tourismcartoon.org\/wp-content\/uploads\/2025\/08\/IBB-logo-300x109.jpg 300w\" sizes=\"auto, (max-width: 318px) 100vw, 318px\" \/><\/a><\/td>\n<\/tr>\n<tr style=\"height: 63px;\">\n<td style=\"width: 25%; text-align: center; height: 63px;\"><a href=\"https:\/\/pdtra.gov.jo\/Pages\/viewpage?pageID=79\" target=\"_blank\" rel=\"noopener noreferrer\"><img loading=\"lazy\" decoding=\"async\" class=\"aligncenter wp-image-2697 size-medium\" src=\"http:\/\/www.tourismcartoon.org\/wp-content\/uploads\/2022\/07\/indir-300x150.png\" alt=\"\" width=\"300\" height=\"150\" srcset=\"http:\/\/www.tourismcartoon.org\/wp-content\/uploads\/2022\/07\/indir-300x150.png 300w, http:\/\/www.tourismcartoon.org\/wp-content\/uploads\/2022\/07\/indir.png 317w\" sizes=\"auto, (max-width: 300px) 100vw, 300px\" \/><\/a><\/td>\n<td style=\"width: 25%; text-align: center; height: 63px;\"><a href=\"http:\/\/www.telgraftur.com\/\" target=\"_blank\" rel=\"noopener noreferrer\"><img loading=\"lazy\" decoding=\"async\" class=\"alignright wp-image-2085 size-medium\" src=\"http:\/\/www.tourismcartoon.org\/wp-content\/uploads\/2022\/04\/TELGRAF_Logo-300x96.jpg\" alt=\"\" width=\"300\" height=\"96\" \/><\/a><\/td>\n<td style=\"width: 25%; text-align: center; height: 63px;\"><a href=\"http:\/\/www.turizmgazetesi.com\/\" target=\"_blank\" rel=\"noopener noreferrer\"><img loading=\"lazy\" decoding=\"async\" class=\"alignnone size-full wp-image-309\" src=\"http:\/\/www.tourismcartoon.org\/wp-content\/uploads\/2020\/03\/turizmgazetesi_logo-300x86-1.jpg\" alt=\"\" width=\"300\" height=\"86\" \/><\/a><\/td>\n<td style=\"width: 23.646%; height: 63px;\"><a href=\"http:\/\/eryatirim.com.tr\/index.php\" target=\"_blank\" rel=\"noopener noreferrer\"><img loading=\"lazy\" decoding=\"async\" class=\"alignnone wp-image-287 size-full\" src=\"http:\/\/www.tourismcartoon.org\/wp-content\/uploads\/2020\/03\/eryatirim-logoold-1-300x84-1.jpg\" alt=\"\" width=\"300\" height=\"84\" \/><\/a><\/td>\n<\/tr>\n<tr style=\"height: 24px;\">\n<td style=\"width: 25%; height: 10px; text-align: center;\"><a href=\"http:\/\/www.tuyed.org.tr\/\" target=\"_blank\" rel=\"noopener noreferrer\"><img loading=\"lazy\" decoding=\"async\" class=\"alignnone size-full wp-image-311\" src=\"http:\/\/www.tourismcartoon.org\/wp-content\/uploads\/2020\/03\/TUYEDLogo-1-300x177-1.jpg\" alt=\"\" width=\"300\" height=\"177\" \/><\/a><\/td>\n<td style=\"width: 25%; height: 10px; text-align: center;\"><a href=\"https:\/\/global.starwoodhotels.com\/hotel\/542020\/?locale=tr_TR&amp;arrival=&amp;departure=&amp;rooms=1&amp;adults=2&amp;childs=0&amp;currency=&amp;campaign_id=10003&amp;red=2&amp;styleId=1&amp;secBy=1\" target=\"_blank\" rel=\"noopener noreferrer\"><img loading=\"lazy\" decoding=\"async\" class=\"alignnone size-full wp-image-313\" src=\"http:\/\/www.tourismcartoon.org\/wp-content\/uploads\/2020\/03\/4ed272e1-f490-4c04-b0b3-40d02e96cea5-653-300x220-1.jpg\" alt=\"\" width=\"300\" height=\"220\" \/><\/a><\/td>\n<td style=\"width: 25%; height: 10px; text-align: center;\"><a href=\"http:\/\/www.turob.com\/tr\" target=\"_blank\" rel=\"noopener noreferrer\"><img loading=\"lazy\" decoding=\"async\" class=\"alignnone size-full wp-image-310\" src=\"http:\/\/www.tourismcartoon.org\/wp-content\/uploads\/2020\/03\/TUROB-Dikey-\u00c7ift-Dil-300x165-1.png\" alt=\"\" width=\"300\" height=\"165\" \/><\/a><\/td>\n<td style=\"width: 23.646%; height: 10px; text-align: center;\"><a href=\"https:\/\/www.radissonhotels.com\/en-us\/hotels\/radisson-beyazit-istanbul\" target=\"_blank\" rel=\"noopener noreferrer\"><img loading=\"lazy\" decoding=\"async\" class=\"alignnone size-full wp-image-293\" src=\"http:\/\/www.tourismcartoon.org\/wp-content\/uploads\/2020\/03\/indir-150x150-1.png\" alt=\"\" width=\"150\" height=\"150\" \/><\/a><\/td>\n<\/tr>\n<tr style=\"height: 24px;\">\n<td style=\"width: 25%; height: 24px; text-align: center;\"><a href=\"https:\/\/www.ramadaistanbultaksim.com\/\" target=\"_blank\" rel=\"noopener noreferrer\"><img loading=\"lazy\" decoding=\"async\" class=\"alignnone size-full wp-image-294\" src=\"http:\/\/www.tourismcartoon.org\/wp-content\/uploads\/2020\/03\/logo-150x100-1.jpg\" alt=\"\" width=\"150\" height=\"100\" \/><\/a><\/td>\n<td style=\"width: 25%; height: 24px; text-align: center;\"><a href=\"https:\/\/www.meryan.com\/\" target=\"_blank\" rel=\"noopener noreferrer\"><img loading=\"lazy\" decoding=\"async\" class=\"alignnone size-full wp-image-298\" src=\"http:\/\/www.tourismcartoon.org\/wp-content\/uploads\/2020\/03\/meryan.jpg\" alt=\"\" width=\"200\" height=\"120\" \/><\/a><\/td>\n<td style=\"width: 25%; height: 24px; text-align: center;\"><a href=\"https:\/\/www.atlasglb.com\/\" target=\"_blank\" rel=\"noopener noreferrer\"><img loading=\"lazy\" decoding=\"async\" class=\"alignnone size-full wp-image-278\" src=\"http:\/\/www.tourismcartoon.org\/wp-content\/uploads\/2020\/03\/atlasglobal-logo-3500x1360-300x117-1.jpg\" alt=\"\" width=\"300\" height=\"117\" \/><\/a><\/td>\n<td style=\"width: 23.646%; height: 24px; text-align: center;\"><a href=\"https:\/\/www.ichotels.com.tr\/tr\/\" target=\"_blank\" rel=\"noopener noreferrer\"><img loading=\"lazy\" decoding=\"async\" class=\"alignnone size-full wp-image-290\" src=\"http:\/\/www.tourismcartoon.org\/wp-content\/uploads\/2020\/03\/ic_hotel-1024x1024-300x300-1.jpg\" alt=\"\" width=\"300\" height=\"300\" srcset=\"http:\/\/www.tourismcartoon.org\/wp-content\/uploads\/2020\/03\/ic_hotel-1024x1024-300x300-1.jpg 300w, http:\/\/www.tourismcartoon.org\/wp-content\/uploads\/2020\/03\/ic_hotel-1024x1024-300x300-1-150x150.jpg 150w\" sizes=\"auto, (max-width: 300px) 100vw, 300px\" \/><\/a><\/td>\n<\/tr>\n<tr style=\"height: 24px;\">\n<td style=\"width: 25%; height: 10px; text-align: center;\"><a href=\"http:\/\/www.ciya.com.tr\/\" target=\"_blank\" rel=\"noopener noreferrer\"><img loading=\"lazy\" decoding=\"async\" class=\"alignnone size-full wp-image-280\" src=\"http:\/\/www.tourismcartoon.org\/wp-content\/uploads\/2020\/03\/ciyakebap-Kopya-150x104-1.jpg\" alt=\"\" width=\"150\" height=\"104\" \/><\/a><\/td>\n<td style=\"width: 25%; height: 10px; text-align: center;\"><a href=\"https:\/\/www.detayyayin.com.tr\/\" target=\"_blank\" rel=\"noopener noreferrer\"><img loading=\"lazy\" decoding=\"async\" class=\"alignnone size-full wp-image-283\" src=\"http:\/\/www.tourismcartoon.org\/wp-content\/uploads\/2020\/03\/detay-yay\u0131nc\u0131l\u0131k-logo.jpg\" alt=\"\" width=\"263\" height=\"148\" \/><\/a><\/td>\n<td style=\"width: 25%; height: 10px; text-align: center;\"><img loading=\"lazy\" decoding=\"async\" class=\"alignnone size-full wp-image-284\" src=\"http:\/\/www.tourismcartoon.org\/wp-content\/uploads\/2020\/03\/eray_reklam.png\" alt=\"\" width=\"160\" height=\"120\" \/><\/td>\n<td style=\"width: 23.646%; height: 10px; text-align: center;\"><a href=\"http:\/\/www.bezegroup.com.tr\/portfolyo\/\" target=\"_blank\" rel=\"noopener noreferrer\"><img loading=\"lazy\" decoding=\"async\" class=\"alignnone size-full wp-image-312\" src=\"http:\/\/www.tourismcartoon.org\/wp-content\/uploads\/2020\/03\/web-i\u00e7in-beze-150x150-1.jpg\" alt=\"\" width=\"150\" height=\"150\" \/><\/a><\/td>\n<\/tr>\n<tr style=\"height: 24px;\">\n<td style=\"width: 25%; height: 24px; text-align: center;\"><a href=\"https:\/\/www.eresin.com.tr\/tr\/home.html\" target=\"_blank\" rel=\"noopener noreferrer\"><img loading=\"lazy\" decoding=\"async\" class=\"alignnone size-full wp-image-285\" src=\"http:\/\/www.tourismcartoon.org\/wp-content\/uploads\/2020\/03\/eresin_logo.png\" alt=\"\" width=\"160\" height=\"120\" \/><\/a><\/td>\n<td style=\"width: 25%; height: 24px; text-align: center;\"><a href=\"https:\/\/www.adamevehotel.com\/\" target=\"_blank\" rel=\"noopener noreferrer\"><img loading=\"lazy\" decoding=\"async\" class=\"alignnone size-full wp-image-289\" src=\"http:\/\/www.tourismcartoon.org\/wp-content\/uploads\/2020\/03\/home-logo-300x197-1.png\" alt=\"\" width=\"300\" height=\"197\" \/><\/a><\/td>\n<td style=\"width: 25%; height: 24px; text-align: center;\"><a href=\"https:\/\/aktob.org.tr\/\" target=\"_blank\" rel=\"noopener noreferrer\"><img loading=\"lazy\" decoding=\"async\" class=\"alignnone size-full wp-image-314\" src=\"http:\/\/www.tourismcartoon.org\/wp-content\/uploads\/2020\/03\/AKTOB-1-300x173-1.jpg\" alt=\"\" width=\"300\" height=\"173\" \/><\/a><\/td>\n<td style=\"width: 23.646%; height: 24px; text-align: center;\"><a href=\"http:\/\/www.anemonhotels.com\/\" target=\"_blank\" rel=\"noopener noreferrer\"><img loading=\"lazy\" decoding=\"async\" class=\"alignnone size-full wp-image-277\" src=\"http:\/\/www.tourismcartoon.org\/wp-content\/uploads\/2020\/03\/anemon-galata-logo.png\" alt=\"\" width=\"160\" height=\"120\" \/><\/a><\/td>\n<\/tr>\n<tr style=\"height: 24px;\">\n<td style=\"width: 25%; height: 10px; text-align: center;\"><a href=\"http:\/\/www.thepeakhotel.com.tr\/\" target=\"_blank\" rel=\"noopener noreferrer\"><img loading=\"lazy\" decoding=\"async\" class=\"alignnone size-full wp-image-304\" src=\"http:\/\/www.tourismcartoon.org\/wp-content\/uploads\/2020\/03\/THE-PEAK-HOTEL-LOGO-150x88-1.png\" alt=\"\" width=\"150\" height=\"88\" \/><\/a><\/td>\n<td style=\"width: 25%; height: 10px; text-align: center;\"><a href=\"https:\/\/beyoglu.bel.tr\/duyuru-haberler\" target=\"_blank\" rel=\"noopener noreferrer\"><img loading=\"lazy\" decoding=\"async\" class=\"alignnone size-full wp-image-279\" src=\"http:\/\/www.tourismcartoon.org\/wp-content\/uploads\/2020\/03\/BeyogluLogo-150x150-1.png\" alt=\"\" width=\"150\" height=\"150\" \/><\/a><\/td>\n<td style=\"width: 25%; height: 10px; text-align: center;\"><a href=\"http:\/\/gmc-organizasyon-lojistik.ticiz.com\/\" target=\"_blank\" rel=\"noopener noreferrer\"><img loading=\"lazy\" decoding=\"async\" class=\"alignnone size-full wp-image-288\" src=\"http:\/\/www.tourismcartoon.org\/wp-content\/uploads\/2020\/03\/facesayfaprofil-01-150x150-1.png\" alt=\"\" width=\"150\" height=\"150\" \/><\/a><\/td>\n<td style=\"width: 23.646%; height: 10px; text-align: center;\"><a href=\"https:\/\/www.clubnena.com.tr\/\" target=\"_blank\" rel=\"noopener noreferrer\"><img loading=\"lazy\" decoding=\"async\" class=\"alignnone size-full wp-image-281\" src=\"http:\/\/www.tourismcartoon.org\/wp-content\/uploads\/2020\/03\/clup-nena.jpg\" alt=\"\" width=\"257\" height=\"196\" \/><\/a><\/td>\n<\/tr>\n<tr style=\"height: 88px;\">\n<td style=\"width: 25%; text-align: center; height: 88px;\"><a href=\"https:\/\/www.prontotour.com\/?gclid=Cj0KCQjwv-DaBRCcARIsAI9sba-A91UCEKTkQX_IaZdJnQLHmvw93c7Iwlb5G2TYYmMWRtNZwGywyP8aAtjKEALw_wcB\" target=\"_blank\" rel=\"noopener noreferrer\"><img loading=\"lazy\" decoding=\"async\" class=\"alignnone size-full wp-image-301\" src=\"http:\/\/www.tourismcartoon.org\/wp-content\/uploads\/2020\/03\/pronto-300x86-1.jpg\" alt=\"\" width=\"300\" height=\"86\" \/><\/a><\/td>\n<td style=\"width: 25%; text-align: center; height: 88px;\"><a href=\"https:\/\/www.plantours.com\/\" target=\"_blank\" rel=\"noopener noreferrer\"><img loading=\"lazy\" decoding=\"async\" class=\"alignnone size-full wp-image-300\" src=\"http:\/\/www.tourismcartoon.org\/wp-content\/uploads\/2020\/03\/plantours_logo.png\" alt=\"\" width=\"220\" height=\"80\" \/><\/a><\/td>\n<td style=\"width: 25%; text-align: center; height: 88px;\"><a href=\"http:\/\/www.tourismcartoon.org\/wp-content\/uploads\/2021\/11\/Vectoral-Mercan-Logo.jpg\" target=\"_blank\" rel=\"noopener noreferrer\"><img loading=\"lazy\" decoding=\"async\" class=\"aligncenter wp-image-1952 \" src=\"http:\/\/www.tourismcartoon.org\/wp-content\/uploads\/2021\/11\/Vectoral-Mercan-Logo-150x150.jpg\" alt=\"\" width=\"89\" height=\"89\" \/><\/a><\/td>\n<td style=\"width: 23.646%; text-align: center; height: 88px;\"><a href=\"https:\/\/www.innvistahotel.com\/tr\" target=\"_blank\" rel=\"noopener noreferrer\"><img loading=\"lazy\" decoding=\"async\" class=\"aligncenter wp-image-2087 size-medium\" src=\"http:\/\/www.tourismcartoon.org\/wp-content\/uploads\/2022\/04\/WhatsApp-Image-2022-04-02-at-12.00.25-300x126.jpeg\" alt=\"\" width=\"300\" height=\"126\" srcset=\"http:\/\/www.tourismcartoon.org\/wp-content\/uploads\/2022\/04\/WhatsApp-Image-2022-04-02-at-12.00.25-300x126.jpeg 300w, http:\/\/www.tourismcartoon.org\/wp-content\/uploads\/2022\/04\/WhatsApp-Image-2022-04-02-at-12.00.25.jpeg 602w\" sizes=\"auto, (max-width: 300px) 100vw, 300px\" \/><\/a><\/td>\n<\/tr>\n<tr style=\"height: 88px;\">\n<td style=\"width: 25%; text-align: center; height: 88px;\"><a href=\"http:\/\/www.tourismcartoon.org\/wp-content\/uploads\/2021\/11\/r9LEVBjL_400x400.jpg\" target=\"_blank\" rel=\"noopener noreferrer\"><img loading=\"lazy\" decoding=\"async\" class=\"aligncenter wp-image-1954 \" src=\"http:\/\/www.tourismcartoon.org\/wp-content\/uploads\/2021\/11\/r9LEVBjL_400x400-150x150.jpg\" alt=\"\" width=\"89\" height=\"89\" srcset=\"http:\/\/www.tourismcartoon.org\/wp-content\/uploads\/2021\/11\/r9LEVBjL_400x400-150x150.jpg 150w, http:\/\/www.tourismcartoon.org\/wp-content\/uploads\/2021\/11\/r9LEVBjL_400x400.jpg 180w\" sizes=\"auto, (max-width: 89px) 100vw, 89px\" \/><\/a><\/td>\n<td style=\"width: 25%; text-align: center; height: 88px;\"><a href=\"https:\/\/www.titanic.com.tr\/tr\/titanic-beach-lara\" target=\"_blank\" rel=\"noopener noreferrer\"><img loading=\"lazy\" decoding=\"async\" class=\"aligncenter wp-image-2086 size-full\" src=\"http:\/\/www.tourismcartoon.org\/wp-content\/uploads\/2022\/04\/indir.png\" alt=\"\" width=\"225\" height=\"110\" \/><\/a><\/td>\n<td style=\"width: 25%; text-align: center; height: 88px;\"><a href=\"https:\/\/www.baruthotels.com\/tr\" target=\"_blank\" rel=\"noopener noreferrer\"><img loading=\"lazy\" decoding=\"async\" class=\"alignnone wp-image-292 size-thumbnail\" src=\"http:\/\/www.tourismcartoon.org\/wp-content\/uploads\/2020\/03\/indir-2-150x150.jpg\" alt=\"\" width=\"150\" height=\"150\" \/><\/a><\/td>\n<td style=\"width: 23.646%; text-align: center; height: 88px;\"><a href=\"http:\/\/www.otiholding.com\/\" target=\"_blank\" rel=\"noopener noreferrer\"><img loading=\"lazy\" decoding=\"async\" class=\"alignnone size-medium wp-image-299\" src=\"http:\/\/www.tourismcartoon.org\/wp-content\/uploads\/2020\/03\/OTI-Holding-e1532507559588-300x124.jpg\" alt=\"\" width=\"300\" height=\"124\" srcset=\"http:\/\/www.tourismcartoon.org\/wp-content\/uploads\/2020\/03\/OTI-Holding-e1532507559588-300x124.jpg 300w, http:\/\/www.tourismcartoon.org\/wp-content\/uploads\/2020\/03\/OTI-Holding-e1532507559588-1024x424.jpg 1024w, http:\/\/www.tourismcartoon.org\/wp-content\/uploads\/2020\/03\/OTI-Holding-e1532507559588-768x318.jpg 768w, http:\/\/www.tourismcartoon.org\/wp-content\/uploads\/2020\/03\/OTI-Holding-e1532507559588.jpg 1075w\" sizes=\"auto, (max-width: 300px) 100vw, 300px\" \/><\/a><\/td>\n<\/tr>\n<tr>\n<td style=\"width: 25%; text-align: center;\"><a href=\"https:\/\/www.magiclife.com\/en\/en\/resort-holiday\/turkey\/\" target=\"_blank\" rel=\"noopener noreferrer\"><img loading=\"lazy\" decoding=\"async\" class=\"alignnone size-full wp-image-297\" src=\"http:\/\/www.tourismcartoon.org\/wp-content\/uploads\/2020\/03\/magiclife-150x150-1.jpg\" alt=\"\" width=\"150\" height=\"150\" \/><\/a><\/td>\n<td style=\"width: 25%; text-align: center;\"><a href=\"https:\/\/tr.rixos.com\/\" target=\"_blank\" rel=\"noopener noreferrer\"><img loading=\"lazy\" decoding=\"async\" class=\"alignnone size-medium wp-image-302\" src=\"http:\/\/www.tourismcartoon.org\/wp-content\/uploads\/2020\/03\/Rixos_Hotels_logo_logotype-300x94.png\" alt=\"\" width=\"300\" height=\"94\" srcset=\"http:\/\/www.tourismcartoon.org\/wp-content\/uploads\/2020\/03\/Rixos_Hotels_logo_logotype-300x94.png 300w, http:\/\/www.tourismcartoon.org\/wp-content\/uploads\/2020\/03\/Rixos_Hotels_logo_logotype-1024x320.png 1024w, http:\/\/www.tourismcartoon.org\/wp-content\/uploads\/2020\/03\/Rixos_Hotels_logo_logotype-768x240.png 768w, http:\/\/www.tourismcartoon.org\/wp-content\/uploads\/2020\/03\/Rixos_Hotels_logo_logotype-1536x480.png 1536w, http:\/\/www.tourismcartoon.org\/wp-content\/uploads\/2020\/03\/Rixos_Hotels_logo_logotype-2048x640.png 2048w\" sizes=\"auto, (max-width: 300px) 100vw, 300px\" \/><\/a><\/td>\n<td style=\"width: 25%; text-align: center;\"><a href=\"http:\/\/www.tureb.org.tr\/\" target=\"_blank\" rel=\"noopener noreferrer\"><img loading=\"lazy\" decoding=\"async\" class=\"alignnone wp-image-305 size-thumbnail\" src=\"http:\/\/www.tourismcartoon.org\/wp-content\/uploads\/2020\/03\/tureb_logo-150x120.png\" alt=\"\" width=\"150\" height=\"120\" \/><\/a><\/td>\n<td style=\"width: 23.646%; text-align: center;\"><a href=\"https:\/\/www.antalya-airport.aero\/anasayfa\" target=\"_blank\" rel=\"noopener noreferrer\"><img loading=\"lazy\" decoding=\"async\" class=\"alignnone size-full wp-image-291\" src=\"http:\/\/www.tourismcartoon.org\/wp-content\/uploads\/2020\/03\/icf-logo-PSD-300x132-1.jpg\" alt=\"\" width=\"300\" height=\"132\" \/><\/a><\/td>\n<\/tr>\n<tr>\n<td style=\"width: 25%; text-align: center;\"><a href=\"http:\/\/www.tourismcartoon.org\/wp-content\/uploads\/2021\/11\/Kulturveturizmbakanligi_logo.png\" target=\"_blank\" rel=\"noopener noreferrer\"><img loading=\"lazy\" decoding=\"async\" class=\"aligncenter wp-image-1964 \" src=\"http:\/\/www.tourismcartoon.org\/wp-content\/uploads\/2021\/11\/Kulturveturizmbakanligi_logo-150x150.png\" alt=\"\" width=\"104\" height=\"104\" srcset=\"http:\/\/www.tourismcartoon.org\/wp-content\/uploads\/2021\/11\/Kulturveturizmbakanligi_logo-150x150.png 150w, http:\/\/www.tourismcartoon.org\/wp-content\/uploads\/2021\/11\/Kulturveturizmbakanligi_logo-300x300.png 300w, http:\/\/www.tourismcartoon.org\/wp-content\/uploads\/2021\/11\/Kulturveturizmbakanligi_logo.png 429w\" sizes=\"auto, (max-width: 104px) 100vw, 104px\" \/><\/a><\/td>\n<td style=\"width: 25%; text-align: center;\"><a href=\"http:\/\/www.tourismcartoon.org\/wp-content\/uploads\/2021\/11\/Concorde_DeLuxe_Resort-scaled-e1638268317160.jpg\" target=\"_blank\" rel=\"noopener noreferrer\"><img loading=\"lazy\" decoding=\"async\" class=\"aligncenter wp-image-1960 size-medium\" src=\"http:\/\/www.tourismcartoon.org\/wp-content\/uploads\/2021\/11\/Concorde_DeLuxe_Resort-300x190.jpg\" alt=\"\" width=\"300\" height=\"190\" \/><\/a><\/td>\n<td style=\"width: 25%; text-align: center;\"><\/td>\n<td style=\"width: 23.646%; text-align: center;\"><\/td>\n<\/tr>\n<\/tbody>\n<\/table>\n<p>&nbsp;<\/p>","protected":false},"excerpt":{"rendered":"<p>For sponsorship requests regarding 2026 and subsequent &hellip;&nbsp;<a href=\"http:\/\/www.tourismcartoon.org\/zh\/destekleyenler\/\" class=\"\" rel=\"bookmark\">\u9605\u8bfb\u66f4\u591a &raquo;<span class=\"screen-reader-text\">\u8d5e\u52a9\u5546<\/span><\/a><\/p>\n","protected":false},"author":1,"featured_media":0,"parent":0,"menu_order":0,"comment_status":"closed","ping_status":"closed","template":"","meta":{"neve_meta_sidebar":"full-width","neve_meta_container":"","neve_meta_enable_content_width":"on","neve_meta_content_width":100,"neve_meta_title_alignment":"","neve_meta_author_avatar":"","neve_post_elements_order":"","neve_meta_disable_header":"","neve_meta_disable_footer":"","neve_meta_disable_title":"","footnotes":""},"class_list":["post-145","page","type-page","status-publish","hentry"],"_links":{"self":[{"href":"http:\/\/www.tourismcartoon.org\/zh\/wp-json\/wp\/v2\/pages\/145","targetHints":{"allow":["GET"]}}],"collection":[{"href":"http:\/\/www.tourismcartoon.org\/zh\/wp-json\/wp\/v2\/pages"}],"about":[{"href":"http:\/\/www.tourismcartoon.org\/zh\/wp-json\/wp\/v2\/types\/page"}],"author":[{"embeddable":true,"href":"http:\/\/www.tourismcartoon.org\/zh\/wp-json\/wp\/v2\/users\/1"}],"replies":[{"embeddable":true,"href":"http:\/\/www.tourismcartoon.org\/zh\/wp-json\/wp\/v2\/comments?post=145"}],"version-history":[{"count":174,"href":"http:\/\/www.tourismcartoon.org\/zh\/wp-json\/wp\/v2\/pages\/145\/revisions"}],"predecessor-version":[{"id":4227,"href":"http:\/\/www.tourismcartoon.org\/zh\/wp-json\/wp\/v2\/pages\/145\/revisions\/4227"}],"wp:attachment":[{"href":"http:\/\/www.tourismcartoon.org\/zh\/wp-json\/wp\/v2\/media?parent=145"}],"curies":[{"name":"wp","href":"https:\/\/api.w.org\/{rel}","templated":true}]}}