{"id":167,"date":"2020-03-31T13:10:40","date_gmt":"2020-03-31T13:10:40","guid":{"rendered":"http:\/\/www.tourismcartoon.org\/?page_id=167"},"modified":"2025-08-15T08:10:59","modified_gmt":"2025-08-15T08:10:59","slug":"yarismanin-temasi","status":"publish","type":"page","link":"http:\/\/www.tourismcartoon.org\/zh\/simdiki-yarisma\/yarismanin-temasi\/","title":{"rendered":"\u4e3b\u9898"},"content":{"rendered":"<p><\/p>\n<p data-start=\"132\" data-end=\"198\"><strong><span style=\"font-size: 14pt; color: #993300;\">\u4e3b\u9898\uff082025)\uff1a<\/span><\/strong><br data-start=\"145\" data-end=\"148\" \/><span style=\"font-size: 14pt;\"><strong><span style=\"color: #0000ff;\">\u201c<a href=\"https:\/\/www.sanliurfa.bel.tr\/\" target=\"_blank\" rel=\"noopener\">\u5c1a\u52d2\u4e4c\u5c14\u6cd5<\/a>\uff1a\u6bcf\u4e00\u6b65\u4e00\u4e2a\u4e16\u7eaa\uff0c\u6bcf\u4e2a\u4e16\u7eaa\u4e00\u4e2a\u79d8\u5bc6\u201d<\/span><\/strong><\/span><\/p>\n<p data-start=\"200\" data-end=\"326\"><span style=\"font-size: 12pt;\"><a href=\"https:\/\/www.sanliurfa.bel.tr\/video-galeri#images-3\" target=\"_blank\" rel=\"noopener\"><strong>Sanl\u0131urfa<\/strong><\/a> \u571f\u8033\u5176<a href=\"https:\/\/www.google.com\/maps\/place\/%C5%9Eanl%C4%B1urfa\/@37.167109,28.2789468,5z\/data=!4m6!3m5!1s0x153471ebdc619091:0x8e788516b709466c!8m2!3d37.1674039!4d38.7955149!16zL20vMDFwejZz?entry=ttu&amp;g_ep=EgoyMDI1MDgxMC4wIKXMDSoASAFQAw%3D%3D\" target=\"_blank\" rel=\"noopener\"><strong>\u4e1c\u5357\u5b89\u7eb3\u6258\u5229\u4e9a\u5730\u533a<\/strong><\/a>\uff0c\u662f\u4e00\u5ea7\u6bcf\u4e00\u6b65\u90fd\u662f\u5386\u53f2\u3001\u6bcf\u4e00\u6761\u8857\u90fd\u662f\u4f20\u5947\u7684\u57ce\u5e02\u3002\u5b83\u50cf\u4e00\u9897\u9690\u85cf\u5728\u4e1c\u5357\u5fc3\u810f\u7684\u53e4\u8001\u660e\u73e0\uff0c\u5c42\u5c42\u53e0\u53e0\u5730\u627f\u8f7d\u7740\u65f6\u95f4\u7684\u75d5\u8ff9\uff0c\u5728\u4e0d\u540c\u65f6\u4ee3\u5411\u6765\u8bbf\u8005\u5c55\u73b0\u4e0d\u540c\u7684\u9762\u8c8c\u3002\u4f5c\u4e3a\u201c\u5148\u77e5\u4e4b\u57ce\u201d\uff0c\u4e4c\u5c14\u6cd5\u6570\u767e\u5e74\u6765\u4e00\u76f4\u662f\u4fe1\u4ef0\u3001\u6587\u5316\u4e0e\u5bbd\u5bb9\u4ea4\u878d\u7684\u4e2d\u5fc3\u3002<\/span><\/p>\n<p data-start=\"328\" data-end=\"513\"><span style=\"font-size: 12pt;\">\u5728\u88ab\u8ba4\u4e3a\u662f\u5148\u77e5\u6613\u535c\u62c9\u6b23\u88ab\u6295\u5165\u706b\u4e2d\u7684\u5df4\u52d2\u514b\u52d2\u6e56\uff08<strong><a href=\"https:\/\/www.sanliurfa.bel.tr\/galeri\/37\/balikligol\" target=\"_blank\" rel=\"noopener\">Bal\u0131kl\u0131g\u00f6l<\/a><\/strong>\uff09\u5468\u56f4\u6f2b\u6b65\u65f6\uff0c\u4f60\u89e6\u6478\u5230\u7684\u4e0d\u4ec5\u662f\u77f3\u5934\uff0c\u8fd8\u6709\u4f20\u8bf4\u3001\u7948\u7977\u4e0e\u5e0c\u671b\u3002\u7136\u800c\uff0c\u4e4c\u5c14\u6cd5\u4e0d\u4ec5\u6709\u8fc7\u53bb\u7684\u5370\u8bb0\uff0c\u5b83\u4e5f\u662f\u4e00\u5e45\u9c9c\u6d3b\u7684\u6587\u5316\u9a6c\u8d5b\u514b\u3002\u5728\u96c6\u5e02\u4e2d\uff0c\u4f60\u4f1a\u95fb\u5230\u9999\u6599\u3001\u76ae\u9769\u4e0e\u94dc\u5668\u7684\u6c14\u5473\uff1b\u5728\u201c\u5e2d\u62c9\u4e4b\u591c\u201d\uff08<a href=\"https:\/\/www.sanliurfa.bel.tr\/video-galeri#images-6\" target=\"_blank\" rel=\"noopener\"><strong>S\u0131ra Gecesi<\/strong><\/a>\uff09\u4e0a\uff0c\u542c\u5230\u7435\u7436\u7684\u65cb\u5f8b\u4e0e\u6c11\u6b4c\u7684\u541f\u5531\uff1b\u5728\u9910\u684c\u4e0a\uff0c\u611f\u53d7\u8fa3\u6912\u7684\u8bed\u8a00\u4e0e\u70e4\u809d\u7684\u5473\u9053\u2026\u2026\u8fd9\u4e9b\u90fd\u662f\u4e4c\u5c14\u6cd5\u5343\u59ff\u767e\u6001\u7684\u9762\u5b54\u3002<\/span><\/p>\n<p data-start=\"515\" data-end=\"741\"><span style=\"font-size: 12pt;\">\u5728\u91cd\u5199\u4eba\u7c7b\u5386\u53f2\u7684\u54e5\u8d1d\u514b\u529b\u77f3\u9635\uff08<a href=\"https:\/\/www.sanliurfa.bel.tr\/galeri\/40\/gobeklitepe\" target=\"_blank\" rel=\"noopener\"><strong>G\u00f6beklitepe<\/strong><\/a>\uff09\u5e87\u62a4\u4e0b\uff0c\u8fd9\u5ea7\u57ce\u5e02\u65e2\u662f\u201c\u7b2c\u4e00\u201d\u7684\u6447\u7bee\uff0c\u4e5f\u662f\u201c\u6c38\u6052\u201d\u7684\u5f52\u5bbf\u3002\u4e0e\u6c34\u4e0b\u6c89\u7761\u7684\u9759\u8c27\u5c0f\u57ce\u54c8\u52d2\u8d39\u63d0\uff08<a href=\"https:\/\/www.sanliurfa.bel.tr\/galeri\/42\/halfeti\" target=\"_blank\" rel=\"noopener\"><strong>Halfeti<\/strong><\/a>\uff09\u4ee5\u53ca\u77e5\u8bc6\u4e0e\u4fe1\u4ef0\u4e4b\u57ce\u54c8\u5170\uff08<a href=\"https:\/\/www.sanliurfa.bel.tr\/galeri\/44\/harran\" target=\"_blank\" rel=\"noopener\"><strong>Harran<\/strong><\/a>\uff09\u76f8\u4f34\uff0c\u8fd9\u7247\u571f\u5730\u4e0a\u6bcf\u4e2a\u6587\u660e\u90fd\u7559\u4e0b\u8db3\u8ff9\uff0c\u6bcf\u9053\u8db3\u8ff9\u90fd\u85cf\u7740\u6545\u4e8b\u3002\u5728\u8fd9\u91cc\uff0c\u8fc7\u53bb\u4e0e\u672a\u6765\u5e76\u80a9\u800c\u7acb\u3002\u4e4c\u5c14\u6cd5\u65e2\u795e\u79d8\u53c8\u9c9c\u6d3b\uff0c\u65e2\u5b89\u9759\u53c8\u5145\u6ee1\u4e50\u97f3\u3002\u6bcf\u4e2a\u5b63\u8282\u5448\u73b0\u4e0d\u540c\u7684\u8272\u5f69\uff0c\u6bcf\u4e00\u6b65\u90fd\u8bc9\u8bf4\u7740\u4e0d\u540c\u7684\u6545\u4e8b\u3002\u56e0\u6b64\uff0c\u201c\u5c1a\u52d2\u4e4c\u5c14\u6cd5\uff1a\u6bcf\u4e00\u6b65\u4e00\u4e2a\u4e16\u7eaa\uff0c\u6bcf\u4e2a\u4e16\u7eaa\u4e00\u4e2a\u79d8\u5bc6\u201d\uff0c\u4f1a\u8ba9\u4f60\u6210\u4e3a\u5b83\u6545\u4e8b\u7684\u4e00\u90e8\u5206\u3002<\/span><\/p>\n<hr data-start=\"743\" data-end=\"746\" \/>\n<p data-start=\"748\" data-end=\"952\"><span style=\"color: #0000ff; font-size: 12pt;\"><strong data-start=\"748\" data-end=\"764\">\u54e5\u8d1d\u514b\u529b\u77f3\u9635\uff1a\u5386\u53f2\u7684\u96f6\u70b9<\/strong><\/span><br data-start=\"764\" data-end=\"767\" \/><span style=\"font-size: 12pt;\">\u4f4d\u4e8e\u5c1a\u52d2\u4e4c\u5c14\u6cd5\u4e1c\u5317\u7ea615\u516c\u91cc\u7684\u54e5\u8d1d\u514b\u529b\u77f3\u9635\uff0c1995\u5e74\u5728\u8003\u53e4\u5b66\u5bb6\u514b\u52b3\u65af\u00b7\u65bd\u5bc6\u7279\u6559\u6388\u5e26\u9886\u4e0b\u5f00\u59cb\u53d1\u6398\u3002\u8fd9\u5ea7\u53ef\u8ffd\u6eaf\u81f3\u516c\u5143\u524d9600\u5e74\u7684\u5de8\u578b\u5b97\u6559\u5efa\u7b51\u7fa4\uff0c\u662f\u8fc4\u4eca\u5df2\u77e5\u6700\u53e4\u8001\u7684\u793c\u62dc\u4e2d\u5fc3\uff0c\u98a0\u8986\u4e86\u4eba\u7c7b\u5386\u53f2\u7684\u8ba4\u77e5\u3002\u77f3\u67f1\u5448\u201cT\u201d\u5b57\u5f62\uff0c\u4e0a\u9762\u96d5\u523b\u6709\u52a8\u7269\u6d6e\u96d5\uff0c\u8bc1\u660e\u4e86\u5728\u519c\u4e1a\u5c1a\u672a\u5b8c\u5168\u5f00\u59cb\u4e4b\u524d\uff0c\u4fe1\u4ef0\u4f53\u7cfb\u5df2\u7ecf\u5b58\u5728\u3002\u4f5c\u4e3a\u8054\u5408\u56fd\u6559\u79d1\u6587\u7ec4\u7ec7\u4e16\u754c\u9057\u4ea7\uff0c\u8fd9\u7247\u5723\u5730\u4e0d\u4ec5\u7167\u4eae\u4e86\u4e4c\u5c14\u6cd5\u7684\u8fc7\u53bb\uff0c\u4e5f\u7167\u4eae\u4e86\u4eba\u7c7b\u7684\u96c6\u4f53\u8bb0\u5fc6\u3002<\/span><\/p>\n<p data-start=\"1839\" data-end=\"1905\"><span style=\"font-size: 12pt;\"><strong data-start=\"1839\" data-end=\"1857\">Video Gallery:<\/strong><\/span><br data-start=\"1857\" data-end=\"1860\" \/><span style=\"font-size: 12pt;\"><a class=\"\" href=\"https:\/\/www.sanliurfa.bel.tr\/video-galeri\" target=\"_new\" rel=\"noopener\" data-start=\"1860\" data-end=\"1903\">https:\/\/www.sanliurfa.bel.tr\/video-galeri<\/a><\/span><\/p>\n<p data-start=\"1907\" data-end=\"2183\"><strong>\u8be6\u7ec6\u4fe1\u606f\u8bf7\u89c1:<\/strong><br data-start=\"1932\" data-end=\"1935\" \/><span style=\"font-size: 12pt;\"><a class=\"\" href=\"https:\/\/www.sanliurfa.bel.tr\/icerik\/68\/621\/sanliurfa-kultur-ve-turizmi\" target=\"_new\" rel=\"noopener\" data-start=\"1935\" data-end=\"2007\">https:\/\/www.sanliurfa.bel.tr\/icerik\/68\/621\/sanliurfa-kultur-ve-turizmi<\/a><\/span><br data-start=\"2007\" data-end=\"2010\" \/><span style=\"font-size: 12pt;\"><a class=\"\" href=\"https:\/\/www.sanliurfa.bel.tr\/kategori\/623\/0\/muzeler\" target=\"_new\" rel=\"noopener\" data-start=\"2010\" data-end=\"2063\">https:\/\/www.sanliurfa.bel.tr\/kategori\/623\/0\/muzeler<\/a><\/span><br data-start=\"2063\" data-end=\"2066\" \/><span style=\"font-size: 12pt;\"><a class=\"\" href=\"https:\/\/www.sanliurfa.bel.tr\/kategori\/624\/0\/gezilecek-yerler\" target=\"_new\" rel=\"noopener\" data-start=\"2066\" data-end=\"2128\">https:\/\/www.sanliurfa.bel.tr\/kategori\/624\/0\/gezilecek-yerler<\/a><\/span><br data-start=\"2128\" data-end=\"2131\" \/><span style=\"font-size: 12pt;\"><a class=\"\" href=\"https:\/\/turkiyeturizmansiklopedisi.com\/sanliurfa\" target=\"_new\" rel=\"noopener\" data-start=\"2131\" data-end=\"2181\">https:\/\/turkiyeturizmansiklopedisi.com\/sanliurfa<\/a><\/span><\/p>\n<hr data-start=\"954\" data-end=\"957\" \/>\n<p data-start=\"959\" data-end=\"1131\"><span style=\"color: #0000ff; font-size: 12pt;\"><strong data-start=\"959\" data-end=\"976\">\u5df4\u52d2\u514b\u52d2\u6e56\uff1a\u4fe1\u4ef0\u7684\u9759\u9ed8\u89c1\u8bc1<\/strong><\/span><br data-start=\"976\" data-end=\"979\" \/><span style=\"font-size: 12pt;\">\u63d0\u5230\u4e4c\u5c14\u6cd5\uff0c\u4eba\u4eec\u9996\u5148\u60f3\u5230\u7684\u5c31\u662f\u5df4\u52d2\u514b\u52d2\u6e56\u3002\u4f20\u8bf4\u4e2d\uff0c\u5148\u77e5\u6613\u535c\u62c9\u6b23\u88ab\u5c3c\u59c6\u9c81\u5fb7\u6295\u5165\u706b\u4e2d\uff0c\u4e0a\u5e1d\u7684\u65e8\u610f\u8ba9\u706b\u5316\u4e3a\u6c34\uff0c\u6728\u67f4\u5316\u4e3a\u9c7c\u3002\u56e0\u6b64\uff0c\u6e56\u4e2d\u7684\u9ca4\u9c7c\u88ab\u89c6\u4e3a\u795e\u5723\uff0c\u7981\u6b62\u6355\u635e\u3002\u6e56\u533a\u5468\u8fb9\u8fd8\u6709\u54c8\u5229\u52d2-\u4e4c\u5c14-\u62c9\u8d6b\u66fc\u6e05\u771f\u5bfa\u3001\u91cc\u5179\u74e6\u5c3c\u8036\u6e05\u771f\u5bfa\uff0c\u4ee5\u53ca\u88ab\u8ba4\u4e3a\u662f\u6613\u535c\u62c9\u6b23\u8bde\u751f\u7684\u6d1e\u7a74\u3002\u8fd9\u91cc\u4e0d\u4ec5\u662f\u4f0a\u65af\u5170\u4e16\u754c\u7684\u91cd\u8981\u5723\u5730\uff0c\u4e5f\u662f\u4fe1\u4ef0\u65c5\u6e38\u7684\u6838\u5fc3\u5730\u70b9\u3002<\/span><\/p>\n<p data-start=\"959\" data-end=\"1131\"><strong>\u8be6\u7ec6\u4fe1\u606f\u8bf7\u89c1:<\/strong><br data-start=\"2870\" data-end=\"2873\" \/><a class=\"\" href=\"https:\/\/whc.unesco.org\/en\/list\/1572\/\" target=\"_new\" rel=\"noopener\" data-start=\"2873\" data-end=\"2911\">https:\/\/whc.unesco.org\/en\/list\/1572\/<\/a><br data-start=\"2911\" data-end=\"2914\" \/><a class=\"\" href=\"https:\/\/turkiyeturizmansiklopedisi.com\/gobeklitepe\" target=\"_new\" rel=\"noopener\" data-start=\"2914\" data-end=\"2966\">https:\/\/turkiyeturizmansiklopedisi.com\/gobeklitepe<\/a><\/p>\n<hr data-start=\"1133\" data-end=\"1136\" \/>\n<p data-start=\"1138\" data-end=\"1309\"><span style=\"color: #0000ff; font-size: 12pt;\"><strong data-start=\"1138\" data-end=\"1161\">\u8054\u5408\u56fd\u6559\u79d1\u6587\u7ec4\u7ec7\u97f3\u4e50\u4e4b\u57ce\u2014\u2014\u5c1a\u52d2\u4e4c\u5c14\u6cd5<\/strong><\/span><br data-start=\"1161\" data-end=\"1164\" \/><span style=\"font-size: 12pt;\">\u201c\u5e2d\u62c9\u4e4b\u591c\u201d\u662f\u5c1a\u52d2\u4e4c\u5c14\u6cd5\u72ec\u6709\u7684\u6587\u5316\u6d3b\u52a8\uff0c\u5bbe\u5ba2\u5728\u6b64\u805a\u4f1a\uff0c\u56f4\u7ed5\u97f3\u4e50\u3001\u4e50\u5668\u4e0e\u8bd7\u6b4c\u5c55\u5f00\u4ea4\u6d41\u3002\u8fd9\u662f\u97f3\u4e50\u3001\u53cb\u8c0a\u4e0e\u6587\u5b66\u7684\u5b8c\u7f8e\u7ed3\u5408\uff0c\u4e5f\u662f\u667a\u8005\u53d1\u8a00\u3001\u5b66\u5f92\u5b66\u4e60\u3001\u8bd7\u6b4c\u4e0e\u4e50\u5668\u878d\u5408\u7684\u591c\u665a\u3002\u6700\u8457\u540d\u7684\u5e2d\u62c9\u4e4b\u591c\u827a\u672f\u5bb6\u662f\u5361\u8d5e\u5409\u00b7\u8d1d\u8fea\u8d6b\uff08Kazanc\u0131 Bedih\uff09\u3002\u201c\u5e2d\u62c9\u201d\u4e00\u8bcd\u6765\u6e90\u4e8e\u8fd9\u79cd\u805a\u4f1a\u6309\u987a\u5e8f\u5728\u4e0d\u540c\u5bb6\u5ead\u4e3e\u529e\u7684\u4f20\u7edf\u3002<\/span><\/p>\n<p data-start=\"1138\" data-end=\"1309\"><strong>\u8be6\u7ec6\u4fe1\u606f\u8bf7\u89c1:<\/strong><br data-start=\"4394\" data-end=\"4397\" \/><a class=\"\" href=\"https:\/\/citiesofmusic.net\/city\/sanliurfa\" target=\"_new\" rel=\"noopener\" data-start=\"4397\" data-end=\"4439\">https:\/\/citiesofmusic.net\/city\/sanliurfa<\/a><br data-start=\"4439\" data-end=\"4442\" \/><a class=\"\" href=\"https:\/\/www.musicurfa.com.tr\/\" target=\"_new\" rel=\"noopener\" data-start=\"4442\" data-end=\"4473\">https:\/\/www.musicurfa.com.tr\/<\/a><br data-start=\"4473\" data-end=\"4476\" \/><a class=\"\" href=\"https:\/\/tr.wikipedia.org\/wiki\/S%C4%B1ra_gecesi\" target=\"_new\" rel=\"noopener\" data-start=\"4476\" data-end=\"4524\">https:\/\/tr.wikipedia.org\/wiki\/S%C4%B1ra_gecesi<\/a><\/p>\n<hr data-start=\"1311\" data-end=\"1314\" \/>\n<p data-start=\"1316\" data-end=\"1478\"><span style=\"color: #0000ff; font-size: 12pt;\"><strong data-start=\"1316\" data-end=\"1330\">\u54c8\u5170\uff1a\u77e5\u8bc6\u4e0e\u4fe1\u4ef0\u4e4b\u57ce<\/strong><\/span><br data-start=\"1330\" data-end=\"1333\" \/><span style=\"font-size: 12pt;\">\u4f4d\u4e8e\u4e4c\u5c14\u6cd5\u4e1c\u5357\u7ea644\u516c\u91cc\u7684\u54c8\u5170\uff0c\u66fe\u53d7\u82cf\u7f8e\u5c14\u4eba\u3001\u5df4\u6bd4\u4f26\u4eba\u3001\u4e9a\u8ff0\u4eba\u3001\u502d\u9a6c\u4e9a\u738b\u671d\u7b49\u591a\u4e2a\u6587\u660e\u5f71\u54cd\u3002\u5b83\u56e0\u9525\u5f62\u7a79\u9876\u7684\u623f\u5c4b\u800c\u95fb\u540d\uff0c\u4e16\u754c\u4e0a\u6700\u65e9\u7684\u5927\u5b66\u4e4b\u4e00\u66fe\u5728\u6b64\u5efa\u7acb\uff0c\u5b55\u80b2\u4e86\u5982\u8428\u6bd4\u7279\u00b7\u672c\u00b7\u5e93\u62c9\u7b49\u5bf9\u4f0a\u65af\u5170\u79d1\u5b66\u53f2\u505a\u51fa\u91cd\u5927\u8d21\u732e\u7684\u5b66\u8005\u3002\u5728\u5f02\u6559\u65f6\u671f\uff0c\u8fd9\u91cc\u8fd8\u6709\u4e00\u5ea7\u4f9b\u5949\u6708\u795e\u8f9b\u7684\u795e\u5e99\u3002\u54c8\u5170\u662f\u4e00\u5ea7\u627f\u8f7d\u8fc7\u53bb\u667a\u6167\u7684\u9732\u5929\u535a\u7269\u9986\u3002<\/span><\/p>\n<p><strong>\u8be6\u7ec6\u4fe1\u606f\u8bf7\u89c1:<\/strong><br data-start=\"5232\" data-end=\"5235\" \/><a class=\"\" href=\"https:\/\/muze.gov.tr\/muze-detay?DistId=MRK&amp;SectionId=HAR01\" target=\"_new\" rel=\"noopener\" data-start=\"5235\" data-end=\"5294\">https:\/\/muze.gov.tr\/muze-detay?DistId=MRK&amp;SectionId=HAR01<\/a><br data-start=\"5294\" data-end=\"5297\" \/><a class=\"\" href=\"https:\/\/turkiyeturizmansiklopedisi.com\/harran\" target=\"_new\" rel=\"noopener\" data-start=\"5297\" data-end=\"5344\">https:\/\/turkiyeturizmansiklopedisi.com\/harran<\/a><\/p>\n<hr data-start=\"1480\" data-end=\"1483\" \/>\n<p data-start=\"1485\" data-end=\"1631\"><span style=\"color: #0000ff; font-size: 12pt;\"><strong data-start=\"1485\" data-end=\"1503\">\u54c8\u52d2\u8d39\u63d0\uff1a\u88ab\u6c34\u6df9\u6ca1\u7684\u9759\u8c27\u4e4b\u57ce<\/strong><\/span><br data-start=\"1503\" data-end=\"1506\" \/><span style=\"font-size: 12pt;\">\u7531\u4e8e\u5728\u5e7c\u53d1\u62c9\u5e95\u6cb3\u4e0a\u4fee\u5efa\u6bd4\u5217\u5409\u514b\u5927\u575d\uff0c\u65e7\u54c8\u52d2\u8d39\u63d0\u88ab\u6df9\u6ca1\uff0c\u5176\u77f3\u5c4b\u3001\u6e05\u771f\u5bfa\u4e0e\u5ba3\u793c\u5854\u88ab\u8a89\u4e3a\u201c\u6c89\u6ca1\u4e4b\u57ce\u201d\u3002\u4e58\u8239\u53ef\u6e38\u89c8\u8fd9\u7247\u6c34\u4e0b\u53e4\u8ff9\u3002\u65b0\u54c8\u52d2\u8d39\u63d0\u5219\u5728\u5cb8\u8fb9\u91cd\u5efa\u3002\u8fd9\u91cc\u72ec\u7279\u7684\u81ea\u7136\u7f8e\u666f\u4e0e\u5b81\u9759\u7684\u6c1b\u56f4\uff0c\u8ba9\u4eba\u4eff\u4f5b\u611f\u5230\u65f6\u95f4\u9759\u6b62\u3002\u4e16\u754c\u4e0a\u4ec5\u6b64\u4e00\u5730\u751f\u957f\u7684\u9ed1\u73ab\u7470\uff0c\u4e3a\u5b83\u589e\u6dfb\u4e86\u795e\u79d8\u8272\u5f69\u3002<\/span><\/p>\n<p data-start=\"1485\" data-end=\"1631\"><strong>\u8be6\u7ec6\u4fe1\u606f\u8bf7\u89c1:<\/strong><br data-start=\"6007\" data-end=\"6010\" \/><a class=\"\" href=\"https:\/\/goturkiye.com\/halfeti\" target=\"_new\" rel=\"noopener\" data-start=\"6010\" data-end=\"6041\">https:\/\/goturkiye.com\/halfeti<\/a><br data-start=\"6041\" data-end=\"6044\" \/><a class=\"\" href=\"https:\/\/turkiyeturizmansiklopedisi.com\/halfeti\" target=\"_new\" rel=\"noopener\" data-start=\"6044\" data-end=\"6092\">https:\/\/turkiyeturizmansiklopedisi.com\/halfeti<\/a><\/p>\n<hr data-start=\"1633\" data-end=\"1636\" \/>\n<p data-start=\"1638\" data-end=\"1820\"><span style=\"color: #0000ff; font-size: 12pt;\"><strong data-start=\"1638\" data-end=\"1656\">\u4e4c\u5c14\u6cd5\u7f8e\u98df\uff1a\u5473\u89c9\u4e0e\u6587\u5316\u7684\u76db\u5bb4<\/strong><\/span><br data-start=\"1656\" data-end=\"1659\" \/><span style=\"font-size: 12pt;\">\u5c1a\u52d2\u4e4c\u5c14\u6cd5\u7684\u7f8e\u98df\u878d\u5408\u4e86\u7f8e\u7d22\u4e0d\u8fbe\u7c73\u4e9a\u7684\u53e4\u8001\u98ce\u5473\u4e0e\u5b89\u7eb3\u6258\u5229\u4e9a\u7684\u8be0\u91ca\u3002\u63d0\u5230\u4e4c\u5c14\u6cd5\uff0c\u9996\u5148\u60f3\u5230\u7684\u5c31\u662f\u751f\u8089\u4e38\uff08\u00c7i\u011f K\u00f6fte\uff09\u3002\u6b64\u5916\u8fd8\u6709\u8fa3\u6912\u5377\u3001\u9178\u5976\u6c64\u3001\u83e0\u83dc\u7096\u83dc\u3001\u829d\u9ebb\u997c\u3001\u8089\u6c64\u9762\u5305\u3001\u7f42\u7c9f\u8584\u997c\uff0c\u5c24\u5176\u662f\u70ad\u70e4\u7f8a\u809d\u3002\u9999\u6599\u8fd0\u7528\u7a81\u51fa\uff0c\u4e4c\u5c14\u6cd5\u8fa3\u6912\uff08\u0130sot\uff09\u662f\u5176\u4ee3\u8868\u3002\u5e2d\u62c9\u4e4b\u591c\u4e0a\uff0c\u4eba\u4eec\u5728\u97f3\u4e50\u4e2d\u5171\u4eab\u8fd9\u4e9b\u7f8e\u5473\u3002\u8fd9\u4e0d\u4ec5\u662f\u996e\u98df\u6587\u5316\uff0c\u66f4\u662f\u4e00\u79cd\u751f\u6d3b\u65b9\u5f0f\u3002<\/span><\/p>\n<p data-start=\"1638\" data-end=\"1820\"><strong>\u8be6\u7ec6\u4fe1\u606f\u8bf7\u89c1:<\/strong><br data-start=\"6750\" data-end=\"6753\" \/><a class=\"\" href=\"https:\/\/www.sanliurfa.bel.tr\/kategori\/631\/0\/urfa-mutfagi\" target=\"_new\" rel=\"noopener\" data-start=\"6753\" data-end=\"6811\">https:\/\/www.sanliurfa.bel.tr\/kategori\/631\/0\/urfa-mutfagi<\/a><\/p>\n<hr data-start=\"1822\" data-end=\"1825\" \/>\n<p data-start=\"1827\" data-end=\"1990\"><span style=\"color: #0000ff; font-size: 12pt;\"><strong data-start=\"1827\" data-end=\"1844\">\u5c1a\u52d2\u4e4c\u5c14\u6cd5\uff1a\u4e00\u6bb5\u6d3b\u7740\u7684\u4f20\u5947<\/strong><\/span><br data-start=\"1844\" data-end=\"1847\" \/><span style=\"font-size: 12pt;\">\u65e0\u8bba\u6625\u590f\u79cb\u51ac\uff0c\u5c1a\u52d2\u4e4c\u5c14\u6cd5\u6bcf\u4e2a\u89d2\u843d\u90fd\u8574\u542b\u7740\u72ec\u7279\u7684\u610f\u4e49\u3002\u54e5\u8d1d\u514b\u529b\u77f3\u9635\u7684\u53f2\u524d\u5bc2\u9759\u3001\u5df4\u52d2\u514b\u52d2\u6e56\u7684\u795e\u5723\u3001\u54c8\u5170\u7684\u667a\u6167\u3001\u54c8\u52d2\u8d39\u63d0\u7684\u5b81\u9759\uff0c\u4ee5\u53ca\u4e4c\u5c14\u6cd5\u7f8e\u98df\u7684\u4e30\u5bcc\uff0c\u4f7f\u8fd9\u5ea7\u57ce\u5e02\u4e0d\u4ec5\u503c\u5f97\u53c2\u89c2\uff0c\u66f4\u503c\u5f97\u7528\u5fc3\u53bb\u611f\u53d7\u3002<\/span><br data-start=\"1940\" data-end=\"1943\" \/><span style=\"font-size: 12pt;\"><span style=\"color: #0000ff;\"><strong data-start=\"1943\" data-end=\"1969\">\u5c1a\u52d2\u4e4c\u5c14\u6cd5\uff1a\u6bcf\u4e00\u6b65\u4e00\u4e2a\u4e16\u7eaa\uff0c\u6bcf\u4e2a\u4e16\u7eaa\u4e00\u4e2a\u79d8\u5bc6<\/strong><\/span>\u2014\u2014\u8fd9\u4e2a\u79d8\u5bc6\u6b63\u7b49\u5f85<\/span>\u5c06\u4f60\u7eb3\u5165\u5b83\u7684\u6545\u4e8b\u4e2d\u3002<\/p>\n<p data-start=\"1827\" data-end=\"1990\"><a href=\"https:\/\/www.google.com\/maps\/place\/%C5%9Eanl%C4%B1urfa\/@37.167109,17.7320725,4z\/data=!4m6!3m5!1s0x153471ebdc619091:0x8e788516b709466c!8m2!3d37.1674039!4d38.7955149!16zL20vMDFwejZz?entry=ttu&amp;g_ep=EgoyMDI1MDczMC4wIKXMDSoASAFQAw%3D%3D\" target=\"_blank\" rel=\"noopener\">\u70b9\u51fb\u6b64\u5904\u67e5\u770bGoogle\u5730\u56fe\u4e0a\u6c99\u5c14\u592b\u5361\u7684\u5730\u7406\u4f4d\u7f6e\u3002<\/a><\/p>\n<p><a href=\"http:\/\/www.tourismcartoon.org\/wp-content\/uploads\/2025\/08\/sanliurfa.jpg\"><img loading=\"lazy\" decoding=\"async\" class=\"aligncenter wp-image-4018 size-full\" src=\"http:\/\/www.tourismcartoon.org\/wp-content\/uploads\/2025\/08\/sanliurfa.jpg\" alt=\"\" width=\"1085\" height=\"688\" srcset=\"http:\/\/www.tourismcartoon.org\/wp-content\/uploads\/2025\/08\/sanliurfa.jpg 1085w, http:\/\/www.tourismcartoon.org\/wp-content\/uploads\/2025\/08\/sanliurfa-300x190.jpg 300w, http:\/\/www.tourismcartoon.org\/wp-content\/uploads\/2025\/08\/sanliurfa-1024x649.jpg 1024w, http:\/\/www.tourismcartoon.org\/wp-content\/uploads\/2025\/08\/sanliurfa-768x487.jpg 768w\" sizes=\"auto, (max-width: 1085px) 100vw, 1085px\" \/><\/a><\/p>\n<p>&nbsp;<\/p>","protected":false},"excerpt":{"rendered":"<p>\u4e3b\u9898\uff082025)\uff1a\u201c\u5c1a\u52d2\u4e4c\u5c14\u6cd5\uff1a\u6bcf\u4e00\u6b65\u4e00\u4e2a\u4e16\u7eaa\uff0c\u6bcf\u4e2a\u4e16\u7eaa\u4e00\u4e2a\u79d8\u5bc6\u201d Sanl\u0131urfa \u571f\u8033\u5176\u4e1c\u5357\u5b89\u7eb3\u6258\u5229\u4e9a\u5730&hellip;&nbsp;<a href=\"http:\/\/www.tourismcartoon.org\/zh\/simdiki-yarisma\/yarismanin-temasi\/\" class=\"\" rel=\"bookmark\">\u9605\u8bfb\u66f4\u591a &raquo;<span class=\"screen-reader-text\">\u4e3b\u9898<\/span><\/a><\/p>\n","protected":false},"author":1,"featured_media":0,"parent":155,"menu_order":0,"comment_status":"closed","ping_status":"closed","template":"","meta":{"neve_meta_sidebar":"full-width","neve_meta_container":"","neve_meta_enable_content_width":"on","neve_meta_content_width":100,"neve_meta_title_alignment":"","neve_meta_author_avatar":"","neve_post_elements_order":"","neve_meta_disable_header":"","neve_meta_disable_footer":"","neve_meta_disable_title":"","footnotes":""},"class_list":["post-167","page","type-page","status-publish","hentry"],"_links":{"self":[{"href":"http:\/\/www.tourismcartoon.org\/zh\/wp-json\/wp\/v2\/pages\/167","targetHints":{"allow":["GET"]}}],"collection":[{"href":"http:\/\/www.tourismcartoon.org\/zh\/wp-json\/wp\/v2\/pages"}],"about":[{"href":"http:\/\/www.tourismcartoon.org\/zh\/wp-json\/wp\/v2\/types\/page"}],"author":[{"embeddable":true,"href":"http:\/\/www.tourismcartoon.org\/zh\/wp-json\/wp\/v2\/users\/1"}],"replies":[{"embeddable":true,"href":"http:\/\/www.tourismcartoon.org\/zh\/wp-json\/wp\/v2\/comments?post=167"}],"version-history":[{"count":236,"href":"http:\/\/www.tourismcartoon.org\/zh\/wp-json\/wp\/v2\/pages\/167\/revisions"}],"predecessor-version":[{"id":4078,"href":"http:\/\/www.tourismcartoon.org\/zh\/wp-json\/wp\/v2\/pages\/167\/revisions\/4078"}],"up":[{"embeddable":true,"href":"http:\/\/www.tourismcartoon.org\/zh\/wp-json\/wp\/v2\/pages\/155"}],"wp:attachment":[{"href":"http:\/\/www.tourismcartoon.org\/zh\/wp-json\/wp\/v2\/media?parent=167"}],"curies":[{"name":"wp","href":"https:\/\/api.w.org\/{rel}","templated":true}]}}