{"id":3381,"date":"2024-05-03T11:26:55","date_gmt":"2024-05-03T11:26:55","guid":{"rendered":"https:\/\/www.tourismcartoon.org\/?page_id=3381"},"modified":"2025-07-12T12:11:33","modified_gmt":"2025-07-12T12:11:33","slug":"english-fifteenth-competition","status":"publish","type":"page","link":"http:\/\/www.tourismcartoon.org\/zh\/english-fifteenth-competition\/","title":{"rendered":"\u7b2c\u5341\u4e94\u5c4a\u7ade\u8d5b-2023"},"content":{"rendered":"<p><strong>\u6bd4\u8d5b\u6570\u91cf: <\/strong>15<br \/>\n<strong>\u5e74:<\/strong> 2023<br \/>\n<strong>\u4e3b\u9898:<\/strong> \u201c\u673a\u573a&#8221;<br \/>\n<strong>\u5206\u7c7b<\/strong>\uff1a\u201c\u6e38\u5ba2\u4e0e\u751f\u6d3b\u5728\u5ea6\u5047\u5730\u7684\u5f53\u5730\u4eba\u4e4b\u95f4\u7684\u5173\u7cfb\u201d<\/p>\n<p><strong>\u6709\u5173\u63d0\u4ea4\u7684\u6f2b\u753b\u7684\u4fe1\u606f:<br \/>\n<\/strong>\u63d0\u4ea4\u7684\u6f2b\u753b\u6570\u91cf: 684<br \/>\n\u56fd\u5bb6\u6570\u91cf: 46<br \/>\n\u6f2b\u753b\u5bb6\u4eba\u6570: 359<\/p>\n<p><strong>\u63d0\u4ea4\u7684\u6f2b\u753b\u6e05\u5355<\/strong><br \/>\n\u6210\u5e74\u4eba\uff08<a href=\"https:\/\/www.anatoliajournal.com\/cartoon\/2023adult.pdf\" target=\"_blank\" rel=\"noopener\"><span style=\"color: #993300;\">\u70b9\u51fb\u8fd9\u91cc\uff09<\/span><\/a><br \/>\n\u9752\u5e74\u4eba<a href=\"https:\/\/anatoliajournal.com\/cartoon\/2023youth.pdf\" target=\"_blank\" rel=\"noopener\">\uff08<span style=\"color: #993300;\">\u70b9\u51fb\u8fd9\u91cc\uff09<\/span><\/a><\/p>\n<p><strong>\u9881\u5956\u5178\u793c\u5730\u70b9:<\/strong>2023 \u5e74 4 \u6708 26 \u65e5\uff0c<span style=\"color: #993300;\"><a style=\"color: #993300;\" href=\"https:\/\/www.askahotels.com\/aska-lara-resort-spa\/?gad_source=1&amp;gclid=Cj0KCQjwltKxBhDMARIsAG8KnqVndzz_y_4ZmG72B1vQxk8VY3wETs1MCxMCrlGSdhRFU-InE96DcMcaArj5EALw_wcB\" target=\"_blank\" rel=\"noopener\">\u571f\u8033\u5176\u5b89\u5854\u5229\u4e9a ASKA Lara<\/a><\/span> \u5ea6\u5047\u6751\u53ca\u6c34\u7597\u4e2d\u5fc3<strong><br \/>\n<\/strong><\/p>\n<p><strong>\u8bc4\u9009\u59d4\u5458\u4f1a\u6210\u5458 <\/strong>Ahmet Aykanat (<em>\u6f2b\u753b<\/em><em>\u5bb6<\/em>), Akda\u011f Saydut (<em>\u6f2b\u753b<\/em><em>\u5bb6<\/em>), Andrea Lacher-Bryk (\u6cd5\u56fd), Anne Drenne (France), Fehmi K\u00f6fteo\u011flu, (<em>\u6f2b\u753b<\/em><em>\u5bb6<\/em>), Halit Kurtulmu\u015f (<em>\u6f2b\u753b<\/em><em>\u5bb6<\/em>), Irien Trendafilov (\u4fdd\u52a0\u5229\u4e9a), Marco De Angel\u0131s (\u610f\u5927\u5229), Marilena Nard\u0131 (\u610f\u5927\u5229), Mehmet Kahraman (<em>\u6f2b\u753b<\/em><em>\u5bb6<\/em>), Mehmet Zeber, (<em>\u6f2b\u753b<\/em><em>\u5bb6<\/em>), Michael Kountouris (\u5e0c\u814a), Muhittin K\u00f6ro\u011flu (<em>\u6f2b\u753b<\/em><em>\u5bb6<\/em>), Musa G\u00fcm\u00fc\u015f, (<em>\u6f2b\u753b<\/em><em>\u5bb6<\/em>), Ra\u015fit Yakal\u0131 (<em>\u6f2b\u753b<\/em><em>\u5bb6<\/em>), Shirin Gholipour (\u4f0a\u6717), Vicdan Bulunmaz \u00d6zer (<em>\u6f2b\u753b<\/em><em>\u5bb6<\/em>) ve Yasemin G\u00fcler (<em>\u6f2b\u753b<\/em><em>\u5bb6<\/em>).<\/p>\n<p>\u6bd4\u8d5b\u4e66<a href=\"https:\/\/anatoliajournal.com\/cartoon\/book2023.pdf\" target=\"_blank\" rel=\"noopener\">\uff08<span style=\"color: #993300;\">\u70b9\u51fb\u8fd9\u91cc\uff09<\/span><\/a><br \/>\n\u5173\u4e8e\u6bd4\u8d5b\u7684\u65b0\u95fb\u53d1\u5e03<a href=\"https:\/\/photos.app.goo.gl\/HAXmEA4FY2Uq35rw6\" target=\"_blank\" rel=\"noopener\"><span style=\"color: #993300;\">\uff08\u70b9\u51fb\u8fd9\u91cc\uff09<\/span><\/a><br \/>\n\u9881\u5956\u5178\u793c\u7167\u7247<a href=\"https:\/\/photos.google.com\/share\/AF1QipNclvS4_lUTuRAH05qbwY4cfwvuhbnjnbbFV2QUzkhP9r3oek3ZPiPRMGxRKPebbg?key=X2dTMzdWZDlxQThXdDhfaU1fdHhtalFqWXAwOEVR\" target=\"_blank\" rel=\"noopener\"><span style=\"color: #993300;\">\uff08\u70b9\u51fb\u8fd9\u91cc\uff09<\/span><\/a><\/p>\n<p><span style=\"color: #993300;\">\u00a0<\/span><\/p>\n<hr \/>\n<h3 style=\"text-align: center;\"><strong>\u83b7\u5956\u7684\u6f2b\u753b<\/strong><\/h3>\n<h5 style=\"text-align: center;\"><span style=\"color: #0000ff;\"><strong>\u6210\u4eba\u5206\u7c7b<\/strong><\/span><\/h5>\n<table style=\"border-collapse: collapse; width: 100%; height: 551px;\">\n<tbody>\n<tr style=\"height: 24px;\">\n<td style=\"width: 33.3333%; text-align: center; height: 24px;\"><strong>\u5927\u5956<\/strong><\/td>\n<td style=\"width: 33.3333%; text-align: center; height: 24px;\"><strong>\u7b2c\u4e8c\u5956<\/strong><\/td>\n<td style=\"width: 33.3333%; text-align: center; height: 24px;\"><strong>\u00a0\u7b2c\u4e09\u5956<\/strong><\/td>\n<\/tr>\n<tr style=\"height: 262px;\">\n<td style=\"width: 33.3333%; text-align: center; height: 262px;\"><a href=\"http:\/\/www.tourismcartoon.org\/wp-content\/uploads\/2024\/05\/Birinci-Luc-Vernimmen.jpg\"><img loading=\"lazy\" decoding=\"async\" class=\"aligncenter wp-image-3402 \" src=\"http:\/\/www.tourismcartoon.org\/wp-content\/uploads\/2024\/05\/Birinci-Luc-Vernimmen-300x296.jpg\" alt=\"\" width=\"200\" height=\"198\" srcset=\"http:\/\/www.tourismcartoon.org\/wp-content\/uploads\/2024\/05\/Birinci-Luc-Vernimmen-300x296.jpg 300w, http:\/\/www.tourismcartoon.org\/wp-content\/uploads\/2024\/05\/Birinci-Luc-Vernimmen-1024x1011.jpg 1024w, http:\/\/www.tourismcartoon.org\/wp-content\/uploads\/2024\/05\/Birinci-Luc-Vernimmen-150x150.jpg 150w, http:\/\/www.tourismcartoon.org\/wp-content\/uploads\/2024\/05\/Birinci-Luc-Vernimmen-768x758.jpg 768w, http:\/\/www.tourismcartoon.org\/wp-content\/uploads\/2024\/05\/Birinci-Luc-Vernimmen-1536x1517.jpg 1536w, http:\/\/www.tourismcartoon.org\/wp-content\/uploads\/2024\/05\/Birinci-Luc-Vernimmen-2048x2022.jpg 2048w\" sizes=\"auto, (max-width: 200px) 100vw, 200px\" \/><\/a><\/p>\n<p><span style=\"color: #008080;\"><strong>Luc Vernimmen<\/strong><\/span><\/p>\n<p>\u8d1d\u5c14\u897f\u5361<\/td>\n<td style=\"width: 33.3333%; text-align: center; height: 262px;\"><a href=\"http:\/\/www.tourismcartoon.org\/wp-content\/uploads\/2024\/05\/Ikinci-Alla-Chavdar-Ikincilik-odulu.jpg\"><img loading=\"lazy\" decoding=\"async\" class=\"aligncenter wp-image-3403 size-medium\" src=\"http:\/\/www.tourismcartoon.org\/wp-content\/uploads\/2024\/05\/Ikinci-Alla-Chavdar-Ikincilik-odulu-300x211.jpg\" alt=\"\" width=\"300\" height=\"211\" srcset=\"http:\/\/www.tourismcartoon.org\/wp-content\/uploads\/2024\/05\/Ikinci-Alla-Chavdar-Ikincilik-odulu-300x211.jpg 300w, http:\/\/www.tourismcartoon.org\/wp-content\/uploads\/2024\/05\/Ikinci-Alla-Chavdar-Ikincilik-odulu-1024x722.jpg 1024w, http:\/\/www.tourismcartoon.org\/wp-content\/uploads\/2024\/05\/Ikinci-Alla-Chavdar-Ikincilik-odulu-768x541.jpg 768w, http:\/\/www.tourismcartoon.org\/wp-content\/uploads\/2024\/05\/Ikinci-Alla-Chavdar-Ikincilik-odulu.jpg 1145w\" sizes=\"auto, (max-width: 300px) 100vw, 300px\" \/><\/a><\/p>\n<p><span style=\"color: #008080;\"><strong style=\"font-family: inherit; font-size: inherit;\">Alla &amp; Chavdar <\/strong><strong><span class=\"qu\" tabindex=\"-1\" role=\"gridcell\" translate=\"no\"><span class=\"gD\" data-hovercard-id=\"darigeorgiev@gmail.com\" data-hovercard-owner-id=\"33\">Georgiev<\/span><\/span><\/strong><\/span><\/p>\n<p>\u4fdd\u52a0\u5229\u4e9a<\/td>\n<td style=\"width: 33.3333%; text-align: center; height: 262px;\"><a href=\"http:\/\/www.tourismcartoon.org\/wp-content\/uploads\/2024\/05\/Ucunculuk-odulu-Evzen-DAVID.jpg\"><img loading=\"lazy\" decoding=\"async\" class=\"aligncenter wp-image-3404 size-medium\" src=\"http:\/\/www.tourismcartoon.org\/wp-content\/uploads\/2024\/05\/Ucunculuk-odulu-Evzen-DAVID-300x213.jpg\" alt=\"\" width=\"300\" height=\"213\" srcset=\"http:\/\/www.tourismcartoon.org\/wp-content\/uploads\/2024\/05\/Ucunculuk-odulu-Evzen-DAVID-300x213.jpg 300w, http:\/\/www.tourismcartoon.org\/wp-content\/uploads\/2024\/05\/Ucunculuk-odulu-Evzen-DAVID-1024x727.jpg 1024w, http:\/\/www.tourismcartoon.org\/wp-content\/uploads\/2024\/05\/Ucunculuk-odulu-Evzen-DAVID-768x545.jpg 768w, http:\/\/www.tourismcartoon.org\/wp-content\/uploads\/2024\/05\/Ucunculuk-odulu-Evzen-DAVID.jpg 1155w\" sizes=\"auto, (max-width: 300px) 100vw, 300px\" \/><\/a><\/p>\n<p><span style=\"color: #008080;\"><strong style=\"font-family: inherit; font-size: inherit;\"><strong>Ev\u017een David<\/strong><\/strong><\/span><\/p>\n<p>\u6377\u514b\u5171\u548c\u56fd<\/td>\n<\/tr>\n<tr style=\"height: 24px;\">\n<td style=\"width: 33.3333%; text-align: center; height: 24px;\"><\/td>\n<td style=\"width: 33.3333%; text-align: center; height: 24px;\"><strong>Atila\u00d6zer\u6559\u6388\u8868\u5f70\u5956<\/strong><\/td>\n<td style=\"width: 33.3333%; text-align: center; height: 24px;\"><\/td>\n<\/tr>\n<tr style=\"height: 241px;\">\n<td style=\"width: 33.3333%; text-align: center; height: 241px;\">&nbsp;<\/p>\n<p>&nbsp;<\/td>\n<td style=\"width: 33.3333%; text-align: center; height: 241px;\"><a href=\"http:\/\/www.tourismcartoon.org\/wp-content\/uploads\/2024\/05\/Ozel-odul-Doru-Axinte-Romania-1.jpg\"><img loading=\"lazy\" decoding=\"async\" class=\"aligncenter wp-image-3406 size-medium\" src=\"http:\/\/www.tourismcartoon.org\/wp-content\/uploads\/2024\/05\/Ozel-odul-Doru-Axinte-Romania-1-300x212.jpg\" alt=\"\" width=\"300\" height=\"212\" srcset=\"http:\/\/www.tourismcartoon.org\/wp-content\/uploads\/2024\/05\/Ozel-odul-Doru-Axinte-Romania-1-300x212.jpg 300w, http:\/\/www.tourismcartoon.org\/wp-content\/uploads\/2024\/05\/Ozel-odul-Doru-Axinte-Romania-1-768x543.jpg 768w, http:\/\/www.tourismcartoon.org\/wp-content\/uploads\/2024\/05\/Ozel-odul-Doru-Axinte-Romania-1.jpg 956w\" sizes=\"auto, (max-width: 300px) 100vw, 300px\" \/><\/a><\/p>\n<p><span style=\"color: #008080;\"><strong style=\"font-family: inherit; font-size: inherit;\"><strong>Doru Axinte<\/strong><\/strong><\/span><\/p>\n<p>Romania<\/td>\n<td style=\"width: 33.3333%; text-align: center; height: 241px;\"><\/td>\n<\/tr>\n<\/tbody>\n<\/table>\n<h5 style=\"text-align: center;\"><span style=\"color: #0000ff;\"><strong>\u9752\u5e74\u7ec4<\/strong><\/span><\/h5>\n<table style=\"border-collapse: collapse; width: 100%;\">\n<tbody>\n<tr>\n<td style=\"width: 33.3333%; text-align: center;\"><strong>\u5927\u5956<\/strong><\/td>\n<td style=\"width: 33.3333%; text-align: center;\"><strong>\u7b2c\u4e8c\u5956<\/strong><\/td>\n<td style=\"width: 33.3333%; text-align: center;\"><strong>\u00a0\u7b2c\u4e09\u5956<\/strong><\/td>\n<\/tr>\n<tr>\n<td style=\"width: 33.3333%; text-align: center;\"><a href=\"http:\/\/www.tourismcartoon.org\/wp-content\/uploads\/2024\/05\/Birinci-Zeynep-Akyurek-Bursa.jpg\"><img loading=\"lazy\" decoding=\"async\" class=\"aligncenter wp-image-3407 size-medium\" src=\"http:\/\/www.tourismcartoon.org\/wp-content\/uploads\/2024\/05\/Birinci-Zeynep-Akyurek-Bursa-300x218.jpg\" alt=\"\" width=\"300\" height=\"218\" srcset=\"http:\/\/www.tourismcartoon.org\/wp-content\/uploads\/2024\/05\/Birinci-Zeynep-Akyurek-Bursa-300x218.jpg 300w, http:\/\/www.tourismcartoon.org\/wp-content\/uploads\/2024\/05\/Birinci-Zeynep-Akyurek-Bursa-1024x743.jpg 1024w, http:\/\/www.tourismcartoon.org\/wp-content\/uploads\/2024\/05\/Birinci-Zeynep-Akyurek-Bursa-768x558.jpg 768w, http:\/\/www.tourismcartoon.org\/wp-content\/uploads\/2024\/05\/Birinci-Zeynep-Akyurek-Bursa.jpg 1157w\" sizes=\"auto, (max-width: 300px) 100vw, 300px\" \/><\/a><\/p>\n<p><span style=\"color: #008080;\"><strong style=\"font-family: inherit; font-size: inherit;\">Zeynep Aky\u00fcrek<\/strong><\/span><\/p>\n<p>(\u5e74\u9f84: 16)<\/p>\n<p>\u571f\u8033\u5176<\/td>\n<td style=\"width: 33.3333%; text-align: center;\"><a href=\"http:\/\/www.tourismcartoon.org\/wp-content\/uploads\/2024\/05\/Ikinci-Sudenur-Kucukbas-Sinop.jpg\"><img loading=\"lazy\" decoding=\"async\" class=\"aligncenter wp-image-3408 size-medium\" src=\"http:\/\/www.tourismcartoon.org\/wp-content\/uploads\/2024\/05\/Ikinci-Sudenur-Kucukbas-Sinop-300x214.jpg\" alt=\"\" width=\"300\" height=\"214\" srcset=\"http:\/\/www.tourismcartoon.org\/wp-content\/uploads\/2024\/05\/Ikinci-Sudenur-Kucukbas-Sinop-300x214.jpg 300w, http:\/\/www.tourismcartoon.org\/wp-content\/uploads\/2024\/05\/Ikinci-Sudenur-Kucukbas-Sinop-1024x732.jpg 1024w, http:\/\/www.tourismcartoon.org\/wp-content\/uploads\/2024\/05\/Ikinci-Sudenur-Kucukbas-Sinop-768x549.jpg 768w, http:\/\/www.tourismcartoon.org\/wp-content\/uploads\/2024\/05\/Ikinci-Sudenur-Kucukbas-Sinop.jpg 1361w\" sizes=\"auto, (max-width: 300px) 100vw, 300px\" \/><\/a><\/p>\n<p><span style=\"color: #008080;\"><strong>Sudenur K\u00fc\u00e7\u00fckba\u015f<\/strong><\/span><\/p>\n<p>(\u5e74\u9f84: 16)<\/p>\n<p>\u571f\u8033\u5176<\/td>\n<td style=\"width: 33.3333%; text-align: center;\"><a href=\"http:\/\/www.tourismcartoon.org\/wp-content\/uploads\/2024\/05\/Third-Award-Isil-Efe-Bursa.jpg\"><img loading=\"lazy\" decoding=\"async\" class=\"aligncenter wp-image-3409 size-medium\" src=\"http:\/\/www.tourismcartoon.org\/wp-content\/uploads\/2024\/05\/Third-Award-Isil-Efe-Bursa-300x212.jpg\" alt=\"\" width=\"300\" height=\"212\" srcset=\"http:\/\/www.tourismcartoon.org\/wp-content\/uploads\/2024\/05\/Third-Award-Isil-Efe-Bursa-300x212.jpg 300w, http:\/\/www.tourismcartoon.org\/wp-content\/uploads\/2024\/05\/Third-Award-Isil-Efe-Bursa-1024x724.jpg 1024w, http:\/\/www.tourismcartoon.org\/wp-content\/uploads\/2024\/05\/Third-Award-Isil-Efe-Bursa-768x543.jpg 768w, http:\/\/www.tourismcartoon.org\/wp-content\/uploads\/2024\/05\/Third-Award-Isil-Efe-Bursa.jpg 1158w\" sizes=\"auto, (max-width: 300px) 100vw, 300px\" \/><\/a><\/p>\n<p><span style=\"color: #008080;\"><strong>I\u015f\u0131l Efe<\/strong><\/span><\/p>\n<p>(\u5e74\u9f84: 15)<\/p>\n<p>\u571f\u8033\u5176<\/td>\n<\/tr>\n<\/tbody>\n<\/table>\n<hr \/>\n<p>&nbsp;<\/p>","protected":false},"excerpt":{"rendered":"<p>\u6bd4\u8d5b\u6570\u91cf: 15 \u5e74: 2023 \u4e3b\u9898: \u201c\u673a\u573a&#8221; \u5206\u7c7b\uff1a\u201c\u6e38\u5ba2\u4e0e\u751f\u6d3b\u5728\u5ea6\u5047\u5730\u7684\u5f53\u5730\u4eba\u4e4b\u95f4\u7684\u5173\u7cfb\u201d&hellip;&nbsp;<a href=\"http:\/\/www.tourismcartoon.org\/zh\/english-fifteenth-competition\/\" class=\"\" rel=\"bookmark\">\u9605\u8bfb\u66f4\u591a &raquo;<span class=\"screen-reader-text\">\u7b2c\u5341\u4e94\u5c4a\u7ade\u8d5b-2023<\/span><\/a><\/p>\n","protected":false},"author":1,"featured_media":0,"parent":0,"menu_order":0,"comment_status":"closed","ping_status":"closed","template":"","meta":{"neve_meta_sidebar":"full-width","neve_meta_container":"","neve_meta_enable_content_width":"on","neve_meta_content_width":100,"neve_meta_title_alignment":"","neve_meta_author_avatar":"","neve_post_elements_order":"","neve_meta_disable_header":"","neve_meta_disable_footer":"","neve_meta_disable_title":"","footnotes":""},"class_list":["post-3381","page","type-page","status-publish","hentry"],"_links":{"self":[{"href":"http:\/\/www.tourismcartoon.org\/zh\/wp-json\/wp\/v2\/pages\/3381","targetHints":{"allow":["GET"]}}],"collection":[{"href":"http:\/\/www.tourismcartoon.org\/zh\/wp-json\/wp\/v2\/pages"}],"about":[{"href":"http:\/\/www.tourismcartoon.org\/zh\/wp-json\/wp\/v2\/types\/page"}],"author":[{"embeddable":true,"href":"http:\/\/www.tourismcartoon.org\/zh\/wp-json\/wp\/v2\/users\/1"}],"replies":[{"embeddable":true,"href":"http:\/\/www.tourismcartoon.org\/zh\/wp-json\/wp\/v2\/comments?post=3381"}],"version-history":[{"count":44,"href":"http:\/\/www.tourismcartoon.org\/zh\/wp-json\/wp\/v2\/pages\/3381\/revisions"}],"predecessor-version":[{"id":3758,"href":"http:\/\/www.tourismcartoon.org\/zh\/wp-json\/wp\/v2\/pages\/3381\/revisions\/3758"}],"wp:attachment":[{"href":"http:\/\/www.tourismcartoon.org\/zh\/wp-json\/wp\/v2\/media?parent=3381"}],"curies":[{"name":"wp","href":"https:\/\/api.w.org\/{rel}","templated":true}]}}