{"id":181,"date":"2020-03-31T13:12:45","date_gmt":"2020-03-31T13:12:45","guid":{"rendered":"http:\/\/www.tourismcartoon.org\/?page_id=181"},"modified":"2025-08-16T08:58:17","modified_gmt":"2025-08-16T08:58:17","slug":"katilim-kosullari","status":"publish","type":"page","link":"https:\/\/www.tourismcartoon.org\/de\/simdiki-yarisma\/katilim-kosullari\/","title":{"rendered":"Teilnahmeberectigungen"},"content":{"rendered":"<p><\/p>\n<ul>\n<li>Der Wettbewerb steht allen Profi- und Amateurkarikaturisten offen.<\/li>\n<li>Jeder Karikaturk\u00fcnstler darf h\u00f6chstens mit drei Werken teilnehmen.<\/li>\n<li>Die Werke, die gesendet werden, k\u00f6nnen als originale Zeichnungen, als Digitaldruck oder\u00a0 Computerausdruck bearbeitet werden. Die Technik der Zeichnungen wird dem Zeichner \u00fcberlassen. Sie k\u00f6nnen farbig oder auch Schwarzweiss sein. Die Karikaturen m\u00fcssen mit der eigenh\u00e4ndigen Unterschrift versehen sein.<\/li>\n<li><strong>Mit k\u00fcnstlicher Intelligenz erstellte Arbeiten werden nicht zum Wettbewerb zugelassen.<\/strong><\/li>\n<li>Die teilgenommenen Karikaturen k\u00f6nnen in der Zeitschrift f\u00fcr Tourismus-Forschung Anatolia, im Verein der Reisejournalisten \u2013Schriftsteller und auf den B\u00fcchern, Katalogen, Brosch\u00fcren, Postkarten, Web-Seiten und Anschlagen bzgl. dieser Organisation ver\u00f6ffentlicht werden, sonst geh\u00f6rt die Zustimmung des Urhebers.<\/li>\n<li>Nach der ersten Ausscheidung werden die Finalisten zwischen dem <strong>24. und 31. Januar 2026<\/strong> auf der Website bekannt gegeben; zwischen diesen Terminen sind Einspr\u00fcche m\u00f6glich.<\/li>\n<li>Von den Werken, die am Wettbewerb teilnehmen, werden die Finalisten und die Gewinner in das Buch aufgenommen, das online ver\u00f6ffentlicht wird.<\/li>\n<li>Alle Karikaturen, die im Stammbuch ver\u00f6ffentlicht \u00a0werden oder nicht oder auch einen Preis gewinnen oder nicht, werden nicht zur\u00fcckerstattet.<\/li>\n<li>Alle K\u00fcnstler, die an diesem Wettbewerb teilnehmen, akzeptieren die Teilnahmeberechtigungen.<\/li>\n<li>Der Anmeldeschluss f\u00fcr den Wettbewerb ist der<strong> 31. Dezember 2025.<\/strong><\/li>\n<li>Karikaturen k\u00f6nnen per Post an folgende Adresse gesendet werden:<\/li>\n<\/ul>\n<div>\n<div style=\"text-align: center;\">Nazmi KOZAK<br \/>\nP.O. Box 87, 06444<br \/>\nYenisehir, Ankara \/ Turkey<br \/>\nE-mail: tourismcartoon@gmail.com<\/div>\n<\/div>\n<p><\/p>","protected":false},"excerpt":{"rendered":"<p>Der Wettbewerb steht allen Profi- und Amateurkarikaturisten offen. Jeder Karikaturk\u00fcnstler darf h\u00f6chstens mit drei Werken teilnehmen. Die Werke, die gesendet werden, k\u00f6nnen als originale Zeichnungen, als Digitaldruck oder\u00a0 Computerausdruck bearbeitet werden. Die Technik der Zeichnungen wird dem Zeichner \u00fcberlassen. Sie k\u00f6nnen farbig oder auch Schwarzweiss sein. Die Karikaturen m\u00fcssen mit der eigenh\u00e4ndigen Unterschrift versehen sein.&hellip;&nbsp;<a href=\"https:\/\/www.tourismcartoon.org\/de\/simdiki-yarisma\/katilim-kosullari\/\" class=\"\" rel=\"bookmark\">Weiterlesen &raquo;<span class=\"screen-reader-text\">Teilnahmeberectigungen<\/span><\/a><\/p>\n","protected":false},"author":1,"featured_media":0,"parent":155,"menu_order":0,"comment_status":"closed","ping_status":"closed","template":"","meta":{"neve_meta_sidebar":"full-width","neve_meta_container":"","neve_meta_enable_content_width":"on","neve_meta_content_width":100,"neve_meta_title_alignment":"","neve_meta_author_avatar":"","neve_post_elements_order":"","neve_meta_disable_header":"","neve_meta_disable_footer":"","neve_meta_disable_title":"","footnotes":""},"class_list":["post-181","page","type-page","status-publish","hentry"],"_links":{"self":[{"href":"https:\/\/www.tourismcartoon.org\/de\/wp-json\/wp\/v2\/pages\/181","targetHints":{"allow":["GET"]}}],"collection":[{"href":"https:\/\/www.tourismcartoon.org\/de\/wp-json\/wp\/v2\/pages"}],"about":[{"href":"https:\/\/www.tourismcartoon.org\/de\/wp-json\/wp\/v2\/types\/page"}],"author":[{"embeddable":true,"href":"https:\/\/www.tourismcartoon.org\/de\/wp-json\/wp\/v2\/users\/1"}],"replies":[{"embeddable":true,"href":"https:\/\/www.tourismcartoon.org\/de\/wp-json\/wp\/v2\/comments?post=181"}],"version-history":[{"count":41,"href":"https:\/\/www.tourismcartoon.org\/de\/wp-json\/wp\/v2\/pages\/181\/revisions"}],"predecessor-version":[{"id":4101,"href":"https:\/\/www.tourismcartoon.org\/de\/wp-json\/wp\/v2\/pages\/181\/revisions\/4101"}],"up":[{"embeddable":true,"href":"https:\/\/www.tourismcartoon.org\/de\/wp-json\/wp\/v2\/pages\/155"}],"wp:attachment":[{"href":"https:\/\/www.tourismcartoon.org\/de\/wp-json\/wp\/v2\/media?parent=181"}],"curies":[{"name":"wp","href":"https:\/\/api.w.org\/{rel}","templated":true}]}}