{"id":171,"date":"2020-03-31T13:11:20","date_gmt":"2020-03-31T13:11:20","guid":{"rendered":"http:\/\/www.tourismcartoon.org\/?page_id=171"},"modified":"2022-09-01T05:36:10","modified_gmt":"2022-09-01T05:36:10","slug":"kategoriler","status":"publish","type":"page","link":"https:\/\/www.tourismcartoon.org\/fr\/simdiki-yarisma\/kategoriler\/","title":{"rendered":"Cat\u00e9gories"},"content":{"rendered":"\t\t<div data-elementor-type=\"wp-page\" data-elementor-id=\"171\" class=\"elementor elementor-171\">\n\t\t\t\t\t\t<div class=\"elementor-inner\">\n\t\t\t\t<div class=\"elementor-section-wrap\">\n\t\t\t\t\t\t\t\t\t<section class=\"elementor-section elementor-top-section elementor-element elementor-element-222a7769 elementor-section-boxed elementor-section-height-default elementor-section-height-default\" data-id=\"222a7769\" data-element_type=\"section\">\n\t\t\t\t\t\t<div class=\"elementor-container elementor-column-gap-default\">\n\t\t\t\t\t\t\t<div class=\"elementor-row\">\n\t\t\t\t\t<div class=\"elementor-column elementor-col-100 elementor-top-column elementor-element elementor-element-2272d571\" data-id=\"2272d571\" data-element_type=\"column\">\n\t\t\t<div class=\"elementor-column-wrap elementor-element-populated\">\n\t\t\t\t\t\t\t<div class=\"elementor-widget-wrap\">\n\t\t\t\t\t\t<div class=\"elementor-element elementor-element-4ecfe335 elementor-widget elementor-widget-text-editor\" data-id=\"4ecfe335\" data-element_type=\"widget\" data-widget_type=\"text-editor.default\">\n\t\t\t\t<div class=\"elementor-widget-container\">\n\t\t\t\t\t\t\t\t<div class=\"elementor-text-editor elementor-clearfix\">\n\t\t\t\t<p>Dans le cadre du concours, des \u0153uvres dans deux cat\u00e9gories diff\u00e9rentes seront accept\u00e9es.<\/p><p><strong>Cat\u00e9gorie Adultes Caricaturistes<em>:<\/em> <\/strong>cette cat\u00e9gorie est ouverte pour les caricaturistes ayant 17 ou plus de 17 ans. Dans cette cat\u00e9gorie \u201cLe Premier Prix\u201d, \u201cLe Deuxi\u00e8me Prix\u201d, \u201cLe Troisi\u00e8me Prix\u201d, \u201c Le Prix Sp\u00e9cial de Prof. Atila \u00d6zel\u201d et \u201c 3 Mentions\u201d seront attribu\u00e9s. Toutes les caricatures finalistes dans cette cat\u00e9gorie seront situ\u00e9s dans le livre.<\/p><p><em><strong>Cat\u00e9gorie Jeunes Caricaturistes:<\/strong><\/em> Les caricaturistes ayant 16 ou moins de 16 ans peuvent envoyer leurs \u0153uvres \u00e0 cette cat\u00e9gorie. Il faut clairement marquer que les \u0153uvres sont envoy\u00e9es pour \u201cla Cat\u00e9gorie Jeunes Caricaturistes\u201d. Dans cette cat\u00e9gorie, \u201cle Premier Prix\u201d sera attribu\u00e9 \u00e0 une \u0153uvre et \u201cle Prix de R\u00e9ussite\u201d sera attribu\u00e9 \u00e0 deux\u00a0\u0153uvres. Toutes les caricatures finalistes dans cette cat\u00e9gorie seront situ\u00e9s dans le livre.<\/p>\t\t\t\t\t<\/div>\n\t\t\t\t\t\t<\/div>\n\t\t\t\t<\/div>\n\t\t\t\t\t\t<\/div>\n\t\t\t\t\t<\/div>\n\t\t<\/div>\n\t\t\t\t\t\t\t\t<\/div>\n\t\t\t\t\t<\/div>\n\t\t<\/section>\n\t\t\t\t\t\t\t\t\t<\/div>\n\t\t\t<\/div>\n\t\t\t\t\t<\/div>\n\t\t","protected":false},"excerpt":{"rendered":"<p>Dans le cadre du concours, des \u0153uvres dans deux cat\u00e9gories diff\u00e9rentes seront accept\u00e9es. Cat\u00e9gorie Adultes Caricaturistes: cette cat\u00e9gorie est ouverte pour les caricaturistes ayant 17 ou plus de 17 ans. Dans cette cat\u00e9gorie \u201cLe Premier Prix\u201d, \u201cLe Deuxi\u00e8me Prix\u201d, \u201cLe Troisi\u00e8me Prix\u201d, \u201c Le Prix Sp\u00e9cial de Prof. Atila \u00d6zel\u201d et \u201c 3 Mentions\u201d seront&hellip;&nbsp;<a href=\"https:\/\/www.tourismcartoon.org\/fr\/simdiki-yarisma\/kategoriler\/\" class=\"\" rel=\"bookmark\">Lire la suite &raquo;<span class=\"screen-reader-text\">Cat\u00e9gories<\/span><\/a><\/p>\n","protected":false},"author":1,"featured_media":0,"parent":155,"menu_order":0,"comment_status":"closed","ping_status":"closed","template":"","meta":{"neve_meta_sidebar":"full-width","neve_meta_container":"","neve_meta_enable_content_width":"on","neve_meta_content_width":100,"neve_meta_title_alignment":"","neve_meta_author_avatar":"","neve_post_elements_order":"","neve_meta_disable_header":"","neve_meta_disable_footer":"","neve_meta_disable_title":"","footnotes":""},"class_list":["post-171","page","type-page","status-publish","hentry"],"_links":{"self":[{"href":"https:\/\/www.tourismcartoon.org\/fr\/wp-json\/wp\/v2\/pages\/171","targetHints":{"allow":["GET"]}}],"collection":[{"href":"https:\/\/www.tourismcartoon.org\/fr\/wp-json\/wp\/v2\/pages"}],"about":[{"href":"https:\/\/www.tourismcartoon.org\/fr\/wp-json\/wp\/v2\/types\/page"}],"author":[{"embeddable":true,"href":"https:\/\/www.tourismcartoon.org\/fr\/wp-json\/wp\/v2\/users\/1"}],"replies":[{"embeddable":true,"href":"https:\/\/www.tourismcartoon.org\/fr\/wp-json\/wp\/v2\/comments?post=171"}],"version-history":[{"count":17,"href":"https:\/\/www.tourismcartoon.org\/fr\/wp-json\/wp\/v2\/pages\/171\/revisions"}],"predecessor-version":[{"id":2877,"href":"https:\/\/www.tourismcartoon.org\/fr\/wp-json\/wp\/v2\/pages\/171\/revisions\/2877"}],"up":[{"embeddable":true,"href":"https:\/\/www.tourismcartoon.org\/fr\/wp-json\/wp\/v2\/pages\/155"}],"wp:attachment":[{"href":"https:\/\/www.tourismcartoon.org\/fr\/wp-json\/wp\/v2\/media?parent=171"}],"curies":[{"name":"wp","href":"https:\/\/api.w.org\/{rel}","templated":true}]}}