{"id":177,"date":"2020-03-31T13:12:06","date_gmt":"2020-03-31T13:12:06","guid":{"rendered":"http:\/\/www.tourismcartoon.org\/?page_id=177"},"modified":"2025-08-02T07:12:59","modified_gmt":"2025-08-02T07:12:59","slug":"degerlendirme-bilgileri","status":"publish","type":"page","link":"https:\/\/www.tourismcartoon.org\/fr\/simdiki-yarisma\/degerlendirme-bilgileri\/","title":{"rendered":"\u00c9valuation"},"content":{"rendered":"<p><\/p>\n<ol>\n<li>Les \u0153uvres envoy\u00e9es au concours seront \u00e9valu\u00e9es en deux \u00e9tapes.<\/li>\n<li>Dans la premi\u00e8re \u00e9tape, toutes les \u0153uvres envoy\u00e9es au concours seront \u00e9valu\u00e9es dans une r\u00e9union avec la participation des <em>Membres du Comit\u00e9 de S\u00e9lection de l\u2019\u00c9valuation Pr\u00e9liminaire<\/em>. \u00c0 la suite de cette r\u00e9union, les \u0153uvres finalistes seront d\u00e9termin\u00e9es. Dans cette \u00e9valuation,\u00a0au maximum 1\/5 des \u0153uvres envoy\u00e9es au concours seront finalistes<\/li>\n<li>Dans la deuxi\u00e8me \u00e9tape, avant de passer \u00e0 l\u2019\u00e9valuation, les \u0153uvres finalistes seront affich\u00e9es sur Internet entre <strong>24-31 Janvier <\/strong>et s\u2019il existe parmi celles-ci des travaux similaires, le vol, le plagiat, des \u0153uvres d\u00e9j\u00e0 r\u00e9compens\u00e9es et les autres objections,<em> les Membres du Comit\u00e9 de S\u00e9lection de l\u2019\u00c9valuation Pr\u00e9liminaire<\/em> prendront la d\u00e9cision. Selon les objections appropri\u00e9es, les caricatures en question seront \u00e9cart\u00e9es de l\u2019\u00e9valuation.<\/li>\n<li>Les \u0153uvres finalistes de la deuxi\u00e8me \u00e9tape seront \u00e9valu\u00e9es par <em>les Membres du Comit\u00e9 de S\u00e9lection de l\u2019\u00c9valuation Final<\/em>e. L\u2019\u00e9valuation sera faite en deux sous-\u00e9tapes. Dans la premi\u00e8re \u00e9tape le nombre des \u0153uvres finalistes sera r\u00e9duit \u00e0 45-50 et dans la derni\u00e8re \u00e9tape les \u0153uvres gagnantes seront d\u00e9termin\u00e9es.<\/li>\n<li>L\u2019\u00e9valuation des \u0153uvres envoy\u00e9es au concours sera bas\u00e9e sur les trois sujets suivants.<\/li>\n<\/ol>\n<ul>\n<li>Choix du sujet et ad\u00e9quation du sujet,<\/li>\n<li>Qualit\u00e9 de l\u2019humour,<\/li>\n<li>Originalit\u00e9 du dessin.<\/li>\n<\/ul>\n<p><\/p>","protected":false},"excerpt":{"rendered":"<p>Les \u0153uvres envoy\u00e9es au concours seront \u00e9valu\u00e9es en deux \u00e9tapes. Dans la premi\u00e8re \u00e9tape, toutes les \u0153uvres envoy\u00e9es au concours seront \u00e9valu\u00e9es dans une r\u00e9union avec la participation des Membres du Comit\u00e9 de S\u00e9lection de l\u2019\u00c9valuation Pr\u00e9liminaire. \u00c0 la suite de cette r\u00e9union, les \u0153uvres finalistes seront d\u00e9termin\u00e9es. Dans cette \u00e9valuation,\u00a0au maximum 1\/5 des \u0153uvres&hellip;&nbsp;<a href=\"https:\/\/www.tourismcartoon.org\/fr\/simdiki-yarisma\/degerlendirme-bilgileri\/\" class=\"\" rel=\"bookmark\">Lire la suite &raquo;<span class=\"screen-reader-text\">\u00c9valuation<\/span><\/a><\/p>\n","protected":false},"author":1,"featured_media":0,"parent":155,"menu_order":0,"comment_status":"closed","ping_status":"closed","template":"","meta":{"neve_meta_sidebar":"full-width","neve_meta_container":"","neve_meta_enable_content_width":"on","neve_meta_content_width":100,"neve_meta_title_alignment":"","neve_meta_author_avatar":"","neve_post_elements_order":"","neve_meta_disable_header":"","neve_meta_disable_footer":"","neve_meta_disable_title":"","footnotes":""},"class_list":["post-177","page","type-page","status-publish","hentry"],"_links":{"self":[{"href":"https:\/\/www.tourismcartoon.org\/fr\/wp-json\/wp\/v2\/pages\/177","targetHints":{"allow":["GET"]}}],"collection":[{"href":"https:\/\/www.tourismcartoon.org\/fr\/wp-json\/wp\/v2\/pages"}],"about":[{"href":"https:\/\/www.tourismcartoon.org\/fr\/wp-json\/wp\/v2\/types\/page"}],"author":[{"embeddable":true,"href":"https:\/\/www.tourismcartoon.org\/fr\/wp-json\/wp\/v2\/users\/1"}],"replies":[{"embeddable":true,"href":"https:\/\/www.tourismcartoon.org\/fr\/wp-json\/wp\/v2\/comments?post=177"}],"version-history":[{"count":16,"href":"https:\/\/www.tourismcartoon.org\/fr\/wp-json\/wp\/v2\/pages\/177\/revisions"}],"predecessor-version":[{"id":3830,"href":"https:\/\/www.tourismcartoon.org\/fr\/wp-json\/wp\/v2\/pages\/177\/revisions\/3830"}],"up":[{"embeddable":true,"href":"https:\/\/www.tourismcartoon.org\/fr\/wp-json\/wp\/v2\/pages\/155"}],"wp:attachment":[{"href":"https:\/\/www.tourismcartoon.org\/fr\/wp-json\/wp\/v2\/media?parent=177"}],"curies":[{"name":"wp","href":"https:\/\/api.w.org\/{rel}","templated":true}]}}