{"id":181,"date":"2020-03-31T13:12:45","date_gmt":"2020-03-31T13:12:45","guid":{"rendered":"http:\/\/www.tourismcartoon.org\/?page_id=181"},"modified":"2025-08-16T08:58:17","modified_gmt":"2025-08-16T08:58:17","slug":"katilim-kosullari","status":"publish","type":"page","link":"https:\/\/www.tourismcartoon.org\/fr\/simdiki-yarisma\/katilim-kosullari\/","title":{"rendered":"Les Conditions de Participation"},"content":{"rendered":"<p><\/p>\n<ul>\n<li>Le concours est ouvert aux tous les caricaturistes, amateurs et professionnels. Chaque artiste peut participer aux concours avec \u00a0trois \u0153uvres au maximum.<\/li>\n<li>Les ouvrages envoy\u00e9s \u00e0 la comp\u00e9tition peut \u00eatre le dessin originale, impression num\u00e9rique ou sortie d\u02bcordinateur. La technique de dessin est ind\u00e9pendant. Peuvent \u00eatre noir et blanc mais les signatures des artistes sont n\u00e9cessaires<\/li>\n<li><strong>Les \u0153uvres produites \u00e0 l&rsquo;aide d&rsquo;une intelligence artificielle ne sont pas accept\u00e9es pour le concours.<\/strong><\/li>\n<li>Les caricatures peut \u00eatre publi\u00e9es quelque part pr\u00e9c\u00e9demment mais ne doivent pas avoir d\u00e9j\u00e0 remporte un prix.<\/li>\n<li>Apr\u00e8s la premi\u00e8re \u00e9limination, les finalistes seront annonc\u00e9s sur le site web entre le <strong>24 et le 31 janvier 2026<\/strong> et les objections seront accept\u00e9es entre ces dates.<\/li>\n<li>Les caricatures qui participent au concours peuvent \u00eatre publier dans des livres, catalogues, brochures, cartes postales, pages de l&rsquo;internet et affiches de cette organisation de L&rsquo;Academie du Tourisme d&rsquo;Anatolia. Toutes les autres droits de transmission appartiennent a l&rsquo;auteur.<\/li>\n<li>Parmi les \u0153uvres participant au concours, les finalistes et les laur\u00e9ats seront inclus dans le livre qui sera publi\u00e9 en ligne.<\/li>\n<li>Que les \u0153uvres soient gagnantes ou pas, dans l\u02bcalbum ou pas, ne seront pas retourn\u00e9s.<\/li>\n<li>Tous les artistes participants \u00e0 la comp\u00e9tition, doivent accepter les conditions de participation.<\/li>\n<li>Le derni\u00e8re date d\u02bcinscription du concours est le<strong> 31 d\u00e9cembre 2025.<\/strong><\/li>\n<li>Les caricatures peuvent \u00eatre envoy\u00e9es a l\u2019adresse suivante par courrier.<\/li>\n<\/ul>\n<div style=\"text-align: center;\">Nazmi KOZAK<br \/>\nP.O. Box 87, 06444<br \/>\nYenisehir, Ankara \/ Turkey<br \/>\nE-mail: tourismcartoon@gmail.com<\/div>\n<p><\/p>","protected":false},"excerpt":{"rendered":"<p>Le concours est ouvert aux tous les caricaturistes, amateurs et professionnels. Chaque artiste peut participer aux concours avec \u00a0trois \u0153uvres au maximum. Les ouvrages envoy\u00e9s \u00e0 la comp\u00e9tition peut \u00eatre le dessin originale, impression num\u00e9rique ou sortie d\u02bcordinateur. La technique de dessin est ind\u00e9pendant. Peuvent \u00eatre noir et blanc mais les signatures des artistes sont&hellip;&nbsp;<a href=\"https:\/\/www.tourismcartoon.org\/fr\/simdiki-yarisma\/katilim-kosullari\/\" class=\"\" rel=\"bookmark\">Lire la suite &raquo;<span class=\"screen-reader-text\">Les Conditions de Participation<\/span><\/a><\/p>\n","protected":false},"author":1,"featured_media":0,"parent":155,"menu_order":0,"comment_status":"closed","ping_status":"closed","template":"","meta":{"neve_meta_sidebar":"full-width","neve_meta_container":"","neve_meta_enable_content_width":"on","neve_meta_content_width":100,"neve_meta_title_alignment":"","neve_meta_author_avatar":"","neve_post_elements_order":"","neve_meta_disable_header":"","neve_meta_disable_footer":"","neve_meta_disable_title":"","footnotes":""},"class_list":["post-181","page","type-page","status-publish","hentry"],"_links":{"self":[{"href":"https:\/\/www.tourismcartoon.org\/fr\/wp-json\/wp\/v2\/pages\/181","targetHints":{"allow":["GET"]}}],"collection":[{"href":"https:\/\/www.tourismcartoon.org\/fr\/wp-json\/wp\/v2\/pages"}],"about":[{"href":"https:\/\/www.tourismcartoon.org\/fr\/wp-json\/wp\/v2\/types\/page"}],"author":[{"embeddable":true,"href":"https:\/\/www.tourismcartoon.org\/fr\/wp-json\/wp\/v2\/users\/1"}],"replies":[{"embeddable":true,"href":"https:\/\/www.tourismcartoon.org\/fr\/wp-json\/wp\/v2\/comments?post=181"}],"version-history":[{"count":41,"href":"https:\/\/www.tourismcartoon.org\/fr\/wp-json\/wp\/v2\/pages\/181\/revisions"}],"predecessor-version":[{"id":4101,"href":"https:\/\/www.tourismcartoon.org\/fr\/wp-json\/wp\/v2\/pages\/181\/revisions\/4101"}],"up":[{"embeddable":true,"href":"https:\/\/www.tourismcartoon.org\/fr\/wp-json\/wp\/v2\/pages\/155"}],"wp:attachment":[{"href":"https:\/\/www.tourismcartoon.org\/fr\/wp-json\/wp\/v2\/media?parent=181"}],"curies":[{"name":"wp","href":"https:\/\/api.w.org\/{rel}","templated":true}]}}