{"id":3381,"date":"2024-05-03T11:26:55","date_gmt":"2024-05-03T11:26:55","guid":{"rendered":"https:\/\/www.tourismcartoon.org\/?page_id=3381"},"modified":"2025-07-12T12:11:33","modified_gmt":"2025-07-12T12:11:33","slug":"english-fifteenth-competition","status":"publish","type":"page","link":"https:\/\/www.tourismcartoon.org\/fr\/english-fifteenth-competition\/","title":{"rendered":"Quinzi\u00e8me concours-2023"},"content":{"rendered":"<p><strong>Nombre de comp\u00e9titions:<\/strong> 15<br \/>\n<strong>Ann\u00e9e:<\/strong> 2023<br \/>\n<strong>Th\u00e8me:<\/strong> \u00ab Relations entre les touristes et les populations locales vivant dans les destinations de vacances \u00bb<br \/>\n<strong>Cat\u00e9gories:<\/strong> Cat\u00e9gorie Adultes et Cat\u00e9gorie Jeunes<\/p>\n<p><strong>Informations sur les dessins anim\u00e9s soumis:<br \/>\n<\/strong>Nombre de dessins anim\u00e9s soumis: 684<br \/>\nNombre de pays: 46<br \/>\nNombre de dessinateurs: 359<\/p>\n<p><strong>Listes des dessins anim\u00e9s soumis:<\/strong><br \/>\nAdulte (<a href=\"https:\/\/www.anatoliajournal.com\/cartoon\/2023adult.pdf\" target=\"_blank\" rel=\"noopener\"><span style=\"color: #993300;\">cliquez ici<\/span>)<\/a><br \/>\nJeunesse<a href=\"https:\/\/anatoliajournal.com\/cartoon\/2023youth.pdf\" target=\"_blank\" rel=\"noopener\"> <span style=\"color: #993300;\">(cliquez ici)<\/span><\/a><\/p>\n<p><strong>Lieu de remise des prix:<\/strong>26 avril 2023, <a href=\"https:\/\/www.askahotels.com\/aska-lara-resort-spa\/?gad_source=1&amp;gclid=Cj0KCQjwltKxBhDMARIsAG8KnqVndzz_y_4ZmG72B1vQxk8VY3wETs1MCxMCrlGSdhRFU-InE96DcMcaArj5EALw_wcB\" target=\"_blank\" rel=\"noopener\"><span style=\"color: #993300;\">ASKA Lara Resort &amp;Spa<\/span><\/a>, Antalya, Turquie<\/p>\n<p><strong>Membres du Comit\u00e9 de s\u00e9lection:<\/strong>Ahmet Aykanat (la Turquie), Akda\u011f Saydut (la Turquie), Andrea Lacher-Bryk (Autriche), Anne Drenne (France), Fehmi K\u00f6fteo\u011flu, (la Turquie), Halit Kurtulmu\u015f (la Turquie), Irien Trendafilov (France), Marco De Angel\u0131s (Italie), Marilena Nard\u0131 (Italie), Mehmet Kahraman (la Turquie), Mehmet Zeber, (la Turquie), Michael Kountouris (Gr\u00e8ce), Muhittin K\u00f6ro\u011flu (la Turquie), Musa G\u00fcm\u00fc\u015f, (la Turquie), Ra\u015fit Yakal\u0131 (la Turquie), Shirin Gholipour (iranien), Vicdan Bulunmaz \u00d6zer (T\u00fcrkiye) ve Yasemin G\u00fcler (T\u00fcrkiye).<\/p>\n<p><strong>Livre de comp\u00e9tition<\/strong><a href=\"https:\/\/anatoliajournal.com\/cartoon\/book2023.pdf\" target=\"_blank\" rel=\"noopener\"> <span style=\"color: #993300;\">(cliquez ici)<\/span><\/a><br \/>\n<strong>Nouvelles publi\u00e9es sur le concours<\/strong> <a href=\"https:\/\/photos.app.goo.gl\/HAXmEA4FY2Uq35rw6\" target=\"_blank\" rel=\"noopener\"><span style=\"color: #993300;\">(cliquez ici)<\/span><\/a><br \/>\n<strong>Photos de la c\u00e9r\u00e9monie de remise des prix<\/strong><a href=\"https:\/\/photos.google.com\/share\/AF1QipNclvS4_lUTuRAH05qbwY4cfwvuhbnjnbbFV2QUzkhP9r3oek3ZPiPRMGxRKPebbg?key=X2dTMzdWZDlxQThXdDhfaU1fdHhtalFqWXAwOEVR\" target=\"_blank\" rel=\"noopener\"> <span style=\"color: #993300;\">(cliquez ici)<\/span><\/a><\/p>\n<p>&nbsp;<\/p>\n<hr \/>\n<h3 style=\"text-align: center;\"><strong>GAGNER DES DESSINS ANIM\u00c9S<\/strong><\/h3>\n<h5 style=\"text-align: center;\"><span style=\"color: #0000ff;\"><strong>Cat\u00e9gorie Adultes<\/strong><\/span><\/h5>\n<table style=\"border-collapse: collapse; width: 100%; height: 551px;\">\n<tbody>\n<tr style=\"height: 24px;\">\n<td style=\"width: 33.3333%; text-align: center; height: 24px;\"><strong>Le premier prix<\/strong><\/td>\n<td style=\"width: 33.3333%; text-align: center; height: 24px;\"><strong>Le deuxi\u00e8me prix<\/strong><\/td>\n<td style=\"width: 33.3333%; text-align: center; height: 24px;\"><strong>Le troisi\u00e8me prix<\/strong><\/td>\n<\/tr>\n<tr style=\"height: 262px;\">\n<td style=\"width: 33.3333%; text-align: center; height: 262px;\"><a href=\"http:\/\/www.tourismcartoon.org\/wp-content\/uploads\/2024\/05\/Birinci-Luc-Vernimmen.jpg\"><img loading=\"lazy\" decoding=\"async\" class=\"aligncenter wp-image-3402 \" src=\"http:\/\/www.tourismcartoon.org\/wp-content\/uploads\/2024\/05\/Birinci-Luc-Vernimmen-300x296.jpg\" alt=\"\" width=\"200\" height=\"198\" srcset=\"https:\/\/www.tourismcartoon.org\/wp-content\/uploads\/2024\/05\/Birinci-Luc-Vernimmen-300x296.jpg 300w, https:\/\/www.tourismcartoon.org\/wp-content\/uploads\/2024\/05\/Birinci-Luc-Vernimmen-1024x1011.jpg 1024w, https:\/\/www.tourismcartoon.org\/wp-content\/uploads\/2024\/05\/Birinci-Luc-Vernimmen-150x150.jpg 150w, https:\/\/www.tourismcartoon.org\/wp-content\/uploads\/2024\/05\/Birinci-Luc-Vernimmen-768x758.jpg 768w, https:\/\/www.tourismcartoon.org\/wp-content\/uploads\/2024\/05\/Birinci-Luc-Vernimmen-1536x1517.jpg 1536w, https:\/\/www.tourismcartoon.org\/wp-content\/uploads\/2024\/05\/Birinci-Luc-Vernimmen-2048x2022.jpg 2048w\" sizes=\"auto, (max-width: 200px) 100vw, 200px\" \/><\/a><\/p>\n<p><span style=\"color: #008080;\"><strong>Luc Vernimmen<\/strong><\/span><\/p>\n<p>Belgique<\/td>\n<td style=\"width: 33.3333%; text-align: center; height: 262px;\"><a href=\"http:\/\/www.tourismcartoon.org\/wp-content\/uploads\/2024\/05\/Ikinci-Alla-Chavdar-Ikincilik-odulu.jpg\"><img loading=\"lazy\" decoding=\"async\" class=\"aligncenter wp-image-3403 size-medium\" src=\"http:\/\/www.tourismcartoon.org\/wp-content\/uploads\/2024\/05\/Ikinci-Alla-Chavdar-Ikincilik-odulu-300x211.jpg\" alt=\"\" width=\"300\" height=\"211\" srcset=\"https:\/\/www.tourismcartoon.org\/wp-content\/uploads\/2024\/05\/Ikinci-Alla-Chavdar-Ikincilik-odulu-300x211.jpg 300w, https:\/\/www.tourismcartoon.org\/wp-content\/uploads\/2024\/05\/Ikinci-Alla-Chavdar-Ikincilik-odulu-1024x722.jpg 1024w, https:\/\/www.tourismcartoon.org\/wp-content\/uploads\/2024\/05\/Ikinci-Alla-Chavdar-Ikincilik-odulu-768x541.jpg 768w, https:\/\/www.tourismcartoon.org\/wp-content\/uploads\/2024\/05\/Ikinci-Alla-Chavdar-Ikincilik-odulu.jpg 1145w\" sizes=\"auto, (max-width: 300px) 100vw, 300px\" \/><\/a><\/p>\n<p><span style=\"color: #008080;\"><strong style=\"font-family: inherit; font-size: inherit;\">Alla &amp; Chavdar <\/strong><strong><span class=\"qu\" tabindex=\"-1\" role=\"gridcell\" translate=\"no\"><span class=\"gD\" data-hovercard-id=\"darigeorgiev@gmail.com\" data-hovercard-owner-id=\"33\">Georgiev<\/span><\/span><\/strong><\/span><\/p>\n<p>Bulgarien<\/td>\n<td style=\"width: 33.3333%; text-align: center; height: 262px;\"><a href=\"http:\/\/www.tourismcartoon.org\/wp-content\/uploads\/2024\/05\/Ucunculuk-odulu-Evzen-DAVID.jpg\"><img loading=\"lazy\" decoding=\"async\" class=\"aligncenter wp-image-3404 size-medium\" src=\"http:\/\/www.tourismcartoon.org\/wp-content\/uploads\/2024\/05\/Ucunculuk-odulu-Evzen-DAVID-300x213.jpg\" alt=\"\" width=\"300\" height=\"213\" srcset=\"https:\/\/www.tourismcartoon.org\/wp-content\/uploads\/2024\/05\/Ucunculuk-odulu-Evzen-DAVID-300x213.jpg 300w, https:\/\/www.tourismcartoon.org\/wp-content\/uploads\/2024\/05\/Ucunculuk-odulu-Evzen-DAVID-1024x727.jpg 1024w, https:\/\/www.tourismcartoon.org\/wp-content\/uploads\/2024\/05\/Ucunculuk-odulu-Evzen-DAVID-768x545.jpg 768w, https:\/\/www.tourismcartoon.org\/wp-content\/uploads\/2024\/05\/Ucunculuk-odulu-Evzen-DAVID.jpg 1155w\" sizes=\"auto, (max-width: 300px) 100vw, 300px\" \/><\/a><\/p>\n<p><span style=\"color: #008080;\"><strong style=\"font-family: inherit; font-size: inherit;\"><strong>Ev\u017een David<\/strong><\/strong><\/span><\/p>\n<p>R\u00e9publique tch\u00e8que<\/td>\n<\/tr>\n<tr style=\"height: 24px;\">\n<td style=\"width: 33.3333%; text-align: center; height: 24px;\"><\/td>\n<td style=\"width: 33.3333%; text-align: center; height: 24px;\"><strong>Prix special de<br \/>\nProf. Atila \u00d6zer<\/strong><\/td>\n<td style=\"width: 33.3333%; text-align: center; height: 24px;\"><\/td>\n<\/tr>\n<tr style=\"height: 241px;\">\n<td style=\"width: 33.3333%; text-align: center; height: 241px;\">&nbsp;<\/p>\n<p>&nbsp;<\/td>\n<td style=\"width: 33.3333%; text-align: center; height: 241px;\"><a href=\"http:\/\/www.tourismcartoon.org\/wp-content\/uploads\/2024\/05\/Ozel-odul-Doru-Axinte-Romania-1.jpg\"><img loading=\"lazy\" decoding=\"async\" class=\"aligncenter wp-image-3406 size-medium\" src=\"http:\/\/www.tourismcartoon.org\/wp-content\/uploads\/2024\/05\/Ozel-odul-Doru-Axinte-Romania-1-300x212.jpg\" alt=\"\" width=\"300\" height=\"212\" srcset=\"https:\/\/www.tourismcartoon.org\/wp-content\/uploads\/2024\/05\/Ozel-odul-Doru-Axinte-Romania-1-300x212.jpg 300w, https:\/\/www.tourismcartoon.org\/wp-content\/uploads\/2024\/05\/Ozel-odul-Doru-Axinte-Romania-1-768x543.jpg 768w, https:\/\/www.tourismcartoon.org\/wp-content\/uploads\/2024\/05\/Ozel-odul-Doru-Axinte-Romania-1.jpg 956w\" sizes=\"auto, (max-width: 300px) 100vw, 300px\" \/><\/a><\/p>\n<p><span style=\"color: #008080;\"><strong style=\"font-family: inherit; font-size: inherit;\"><strong>Doru Axinte<\/strong><\/strong><\/span><\/p>\n<p>Romania<\/td>\n<td style=\"width: 33.3333%; text-align: center; height: 241px;\"><\/td>\n<\/tr>\n<\/tbody>\n<\/table>\n<h5 style=\"text-align: center;\"><span style=\"color: #0000ff;\"><strong>Cat\u00e9gorie Jeunes Caricaturistes<\/strong><\/span><\/h5>\n<table style=\"border-collapse: collapse; width: 100%;\">\n<tbody>\n<tr>\n<td style=\"width: 33.3333%; text-align: center;\"><strong>Le premier prix<\/strong><\/td>\n<td style=\"width: 33.3333%; text-align: center;\"><strong>Le deuxi\u00e8me prix<\/strong><\/td>\n<td style=\"width: 33.3333%; text-align: center;\"><strong>Le troisi\u00e8me prix<\/strong><\/td>\n<\/tr>\n<tr>\n<td style=\"width: 33.3333%; text-align: center;\"><a href=\"http:\/\/www.tourismcartoon.org\/wp-content\/uploads\/2024\/05\/Birinci-Zeynep-Akyurek-Bursa.jpg\"><img loading=\"lazy\" decoding=\"async\" class=\"aligncenter wp-image-3407 size-medium\" src=\"http:\/\/www.tourismcartoon.org\/wp-content\/uploads\/2024\/05\/Birinci-Zeynep-Akyurek-Bursa-300x218.jpg\" alt=\"\" width=\"300\" height=\"218\" srcset=\"https:\/\/www.tourismcartoon.org\/wp-content\/uploads\/2024\/05\/Birinci-Zeynep-Akyurek-Bursa-300x218.jpg 300w, https:\/\/www.tourismcartoon.org\/wp-content\/uploads\/2024\/05\/Birinci-Zeynep-Akyurek-Bursa-1024x743.jpg 1024w, https:\/\/www.tourismcartoon.org\/wp-content\/uploads\/2024\/05\/Birinci-Zeynep-Akyurek-Bursa-768x558.jpg 768w, https:\/\/www.tourismcartoon.org\/wp-content\/uploads\/2024\/05\/Birinci-Zeynep-Akyurek-Bursa.jpg 1157w\" sizes=\"auto, (max-width: 300px) 100vw, 300px\" \/><\/a><\/p>\n<p><span style=\"color: #008080;\"><strong style=\"font-family: inherit; font-size: inherit;\">Zeynep Aky\u00fcrek<\/strong><\/span><\/p>\n<p>(\u00e2ge: 16)<\/p>\n<p>Turquie<\/td>\n<td style=\"width: 33.3333%; text-align: center;\"><a href=\"http:\/\/www.tourismcartoon.org\/wp-content\/uploads\/2024\/05\/Ikinci-Sudenur-Kucukbas-Sinop.jpg\"><img loading=\"lazy\" decoding=\"async\" class=\"aligncenter wp-image-3408 size-medium\" src=\"http:\/\/www.tourismcartoon.org\/wp-content\/uploads\/2024\/05\/Ikinci-Sudenur-Kucukbas-Sinop-300x214.jpg\" alt=\"\" width=\"300\" height=\"214\" srcset=\"https:\/\/www.tourismcartoon.org\/wp-content\/uploads\/2024\/05\/Ikinci-Sudenur-Kucukbas-Sinop-300x214.jpg 300w, https:\/\/www.tourismcartoon.org\/wp-content\/uploads\/2024\/05\/Ikinci-Sudenur-Kucukbas-Sinop-1024x732.jpg 1024w, https:\/\/www.tourismcartoon.org\/wp-content\/uploads\/2024\/05\/Ikinci-Sudenur-Kucukbas-Sinop-768x549.jpg 768w, https:\/\/www.tourismcartoon.org\/wp-content\/uploads\/2024\/05\/Ikinci-Sudenur-Kucukbas-Sinop.jpg 1361w\" sizes=\"auto, (max-width: 300px) 100vw, 300px\" \/><\/a><\/p>\n<p><span style=\"color: #008080;\"><strong>Sudenur K\u00fc\u00e7\u00fckba\u015f<\/strong><\/span><\/p>\n<p>(\u00e2ge: 16)<\/p>\n<p>Turquie<\/td>\n<td style=\"width: 33.3333%; text-align: center;\"><a href=\"http:\/\/www.tourismcartoon.org\/wp-content\/uploads\/2024\/05\/Third-Award-Isil-Efe-Bursa.jpg\"><img loading=\"lazy\" decoding=\"async\" class=\"aligncenter wp-image-3409 size-medium\" src=\"http:\/\/www.tourismcartoon.org\/wp-content\/uploads\/2024\/05\/Third-Award-Isil-Efe-Bursa-300x212.jpg\" alt=\"\" width=\"300\" height=\"212\" srcset=\"https:\/\/www.tourismcartoon.org\/wp-content\/uploads\/2024\/05\/Third-Award-Isil-Efe-Bursa-300x212.jpg 300w, https:\/\/www.tourismcartoon.org\/wp-content\/uploads\/2024\/05\/Third-Award-Isil-Efe-Bursa-1024x724.jpg 1024w, https:\/\/www.tourismcartoon.org\/wp-content\/uploads\/2024\/05\/Third-Award-Isil-Efe-Bursa-768x543.jpg 768w, https:\/\/www.tourismcartoon.org\/wp-content\/uploads\/2024\/05\/Third-Award-Isil-Efe-Bursa.jpg 1158w\" sizes=\"auto, (max-width: 300px) 100vw, 300px\" \/><\/a><\/p>\n<p><span style=\"color: #008080;\"><strong>I\u015f\u0131l Efe<\/strong><\/span><\/p>\n<p>(\u00e2ge: 15)<\/p>\n<p>Turquie<\/td>\n<\/tr>\n<\/tbody>\n<\/table>\n<hr \/>\n<p>&nbsp;<\/p>","protected":false},"excerpt":{"rendered":"<p>Nombre de comp\u00e9titions: 15 Ann\u00e9e: 2023 Th\u00e8me: \u00ab Relations entre les touristes et les populations locales vivant dans les destinations de vacances \u00bb Cat\u00e9gories: Cat\u00e9gorie Adultes et Cat\u00e9gorie Jeunes Informations sur les dessins anim\u00e9s soumis: Nombre de dessins anim\u00e9s soumis: 684 Nombre de pays: 46 Nombre de dessinateurs: 359 Listes des dessins anim\u00e9s soumis: Adulte&hellip;&nbsp;<a href=\"https:\/\/www.tourismcartoon.org\/fr\/english-fifteenth-competition\/\" class=\"\" rel=\"bookmark\">Lire la suite &raquo;<span class=\"screen-reader-text\">Quinzi\u00e8me concours-2023<\/span><\/a><\/p>\n","protected":false},"author":1,"featured_media":0,"parent":0,"menu_order":0,"comment_status":"closed","ping_status":"closed","template":"","meta":{"neve_meta_sidebar":"full-width","neve_meta_container":"","neve_meta_enable_content_width":"on","neve_meta_content_width":100,"neve_meta_title_alignment":"","neve_meta_author_avatar":"","neve_post_elements_order":"","neve_meta_disable_header":"","neve_meta_disable_footer":"","neve_meta_disable_title":"","footnotes":""},"class_list":["post-3381","page","type-page","status-publish","hentry"],"_links":{"self":[{"href":"https:\/\/www.tourismcartoon.org\/fr\/wp-json\/wp\/v2\/pages\/3381","targetHints":{"allow":["GET"]}}],"collection":[{"href":"https:\/\/www.tourismcartoon.org\/fr\/wp-json\/wp\/v2\/pages"}],"about":[{"href":"https:\/\/www.tourismcartoon.org\/fr\/wp-json\/wp\/v2\/types\/page"}],"author":[{"embeddable":true,"href":"https:\/\/www.tourismcartoon.org\/fr\/wp-json\/wp\/v2\/users\/1"}],"replies":[{"embeddable":true,"href":"https:\/\/www.tourismcartoon.org\/fr\/wp-json\/wp\/v2\/comments?post=3381"}],"version-history":[{"count":44,"href":"https:\/\/www.tourismcartoon.org\/fr\/wp-json\/wp\/v2\/pages\/3381\/revisions"}],"predecessor-version":[{"id":3758,"href":"https:\/\/www.tourismcartoon.org\/fr\/wp-json\/wp\/v2\/pages\/3381\/revisions\/3758"}],"wp:attachment":[{"href":"https:\/\/www.tourismcartoon.org\/fr\/wp-json\/wp\/v2\/media?parent=3381"}],"curies":[{"name":"wp","href":"https:\/\/api.w.org\/{rel}","templated":true}]}}