{"id":2505,"date":"2022-06-12T12:40:51","date_gmt":"2022-06-12T12:40:51","guid":{"rendered":"http:\/\/www.tourismcartoon.org\/?page_id=2505"},"modified":"2025-08-04T13:59:53","modified_gmt":"2025-08-04T13:59:53","slug":"francais-on-ucuncu-uluslararasi-turizm-karikaturleri-yarismasi-2021","status":"publish","type":"page","link":"https:\/\/www.tourismcartoon.org\/zh\/francais-on-ucuncu-uluslararasi-turizm-karikaturleri-yarismasi-2021\/","title":{"rendered":"2021\u7b2c\u5341\u4e09\u5c4a\u56fd\u9645\u65c5\u6e38\u6f2b\u753b\u5927\u8d5b"},"content":{"rendered":"<p><strong>\u6bd4\u8d5b\u6570\u91cf: <\/strong>13<br \/>\n<strong>\u5e74:<\/strong> 2021<br \/>\n<strong>\u4e3b\u9898:<\/strong> \u201c\u65c5\u6e38\u5f9e\u696d\u8005\u201d<br \/>\n<strong>\u5206\u7c7b<\/strong>\uff1a\u6210\u4eba\u7c7b\u522b\u548c\u9752\u5e74\u4eba\u7c7b\u522b<\/p>\n<p><strong>\u6709\u5173\u63d0\u4ea4\u7684\u6f2b\u753b\u7684\u4fe1\u606f:<br \/>\n<\/strong>\u63d0\u4ea4\u7684\u6f2b\u753b\u6570\u91cf: 1324<br \/>\n\u56fd\u5bb6\u6570\u91cf: 64<br \/>\n\u6f2b\u753b\u5bb6\u4eba\u6570: 704<\/p>\n<p><strong>\u63d0\u4ea4\u7684\u6f2b\u753b\u6e05\u5355<\/strong><br \/>\n\u6210\u5e74\u4eba<span style=\"color: #993300;\"><a style=\"color: #993300;\" href=\"https:\/\/anatoliajournal.com\/cartoon\/2021adult.pdf\" target=\"_blank\" rel=\"noopener noreferrer\">\uff08\u70b9\u51fb\u8fd9\u91cc\uff09<\/a><\/span><br \/>\n\u9752\u5e74\u4eba<a href=\"https:\/\/anatoliajournal.com\/cartoon\/2021youth.pdf\" target=\"_blank\" rel=\"noopener noreferrer\"><span style=\"color: #993300;\">\uff08\u70b9\u51fb\u8fd9\u91cc\uff09<\/span><\/a><\/p>\n<p><strong>\u9881\u5956\u5178\u793c\u5730\u70b9: <\/strong>2022 \u5e74 5 \u6708 13 \u65e5, Titanic Beach Lara, Antalya, Turkey<strong><br \/>\n<\/strong><\/p>\n<p><strong>\u8bc4\u9009\u59d4\u5458\u4f1a\u6210\u5458\uff1a<\/strong>Ahmet AYKANAT (\u571f\u8033\u5176), Akda\u011f SAYDUT (\u571f\u8033\u5176), Ali MIRAEE (\u4f0a\u6717), C\u00fcneyt MENG\u00dc (\u571f\u8033\u5176), Fehmi K\u00d6FTEO\u011eLU (\u571f\u8033\u5176), Halit KURTULMU\u015e (\u571f\u8033\u5176), Leila ALAIY (\u4f0a\u6717), Lubomir MIHAILOV (Bulgaria), Marilena NARDI (\u610f\u5927\u5229), Mehmet KAHRAMAN (\u571f\u8033\u5176), Mehmet ZEBER (\u571f\u8033\u5176), Muhittin K\u00d6RO\u011eLU (\u571f\u8033\u5176), Musa AL\u0130O\u011eLU (\u571f\u8033\u5176), Musa G\u00dcM\u00dc\u015e (\u571f\u8033\u5176), Ra\u015fit YAKALI (\u571f\u8033\u5176), Valeriu KURTU (\u5fb7\u56fd), Vicdan BULUNMAZ \u00d6ZER (\u571f\u8033\u5176), Vladimir KAZANEVSKY (\u4e4c\u514b\u5170)<\/p>\n<p>\u6bd4\u8d5b\u4e66<span style=\"color: #993300;\">\uff08<a style=\"color: #993300;\" href=\"http:\/\/www.anatoliajournal.com\/cartoon\/book2021.pdf\" target=\"_blank\" rel=\"noopener noreferrer\">\u70b9\u51fb\u8fd9\u91cc\uff09<\/a><\/span><br \/>\n\u5173\u4e8e\u6bd4\u8d5b\u7684\u65b0\u95fb\u53d1\u5e03<a href=\"https:\/\/photos.google.com\/share\/AF1QipMurUc7l1O2mEvQsoeD_J1Nd7npjUHiWKFx90O9v4v0yfN1kBNxLHJkpHt_wG0ELQ?key=U3FvaGxCNF8wNjlEMFVLUGZVYnBFcUNVZE16dlB3\" target=\"_blank\" rel=\"noopener noreferrer\"><span style=\"color: #993300;\">\uff08\u70b9\u51fb\u8fd9\u91cc\uff09<\/span><\/a><br \/>\n\u9881\u5956\u5178\u793c\u7167\u7247<span style=\"color: #993300;\">\uff08<a href=\"https:\/\/photos.google.com\/share\/AF1QipMzlS7QYaXSIceUERbRgO20DsBzFuMseRAmtGNaOplyEEjo5I8cUATQO-yJgOUnRA?key=NDBGVDBqRFNuM190RkIyUXNiT0g2WWdJUEJlWXZn\" target=\"_blank\" rel=\"noopener\">\u70b9\u51fb\u8fd9\u91cc\uff09<\/a><br \/>\n<a href=\"https:\/\/www.youtube.com\/watch?v=tSHn-fHHGv8\" target=\"_blank\" rel=\"noopener noreferrer\"><span style=\"color: #000000;\">\u89c6\u9891<\/span><\/a>\uff08\u70b9\u51fb\u8fd9\u91cc\uff09<br \/>\n<\/span><\/p>\n<hr \/>\n<h3 style=\"text-align: center;\"><strong>\u83b7\u5956\u7684\u6f2b\u753b<\/strong><\/h3>\n<h5 style=\"text-align: center;\"><span style=\"background-color: #ffffff; color: #0000ff;\"><strong>\u6210\u4eba\u5206\u7c7b<\/strong><\/span><\/h5>\n<table style=\"border-collapse: collapse; width: 100%; height: 551px;\">\n<tbody>\n<tr style=\"height: 24px;\">\n<td style=\"width: 33.3333%; text-align: center; height: 24px;\"><strong>\u5927\u5956<\/strong><\/td>\n<td style=\"width: 33.3333%; text-align: center; height: 24px;\"><strong>\u00a0\u7b2c\u4e8c\u5956<\/strong><\/td>\n<td style=\"width: 33.3333%; text-align: center; height: 24px;\"><strong>\u00a0\u7b2c\u4e09\u5956<\/strong><\/td>\n<\/tr>\n<tr style=\"height: 262px;\">\n<td style=\"width: 33.3333%; text-align: center; height: 262px;\"><a href=\"http:\/\/www.tourismcartoon.org\/wp-content\/uploads\/2022\/04\/Birinci-Nikola-Listes-2-scaled.jpg\"><img loading=\"lazy\" decoding=\"async\" class=\"aligncenter wp-image-2333 \" src=\"http:\/\/www.tourismcartoon.org\/wp-content\/uploads\/2022\/04\/Birinci-Nikola-Listes-2-209x300.jpg\" alt=\"\" width=\"160\" height=\"230\" srcset=\"https:\/\/www.tourismcartoon.org\/wp-content\/uploads\/2022\/04\/Birinci-Nikola-Listes-2-209x300.jpg 209w, https:\/\/www.tourismcartoon.org\/wp-content\/uploads\/2022\/04\/Birinci-Nikola-Listes-2-713x1024.jpg 713w, https:\/\/www.tourismcartoon.org\/wp-content\/uploads\/2022\/04\/Birinci-Nikola-Listes-2-768x1103.jpg 768w, https:\/\/www.tourismcartoon.org\/wp-content\/uploads\/2022\/04\/Birinci-Nikola-Listes-2-1070x1536.jpg 1070w, https:\/\/www.tourismcartoon.org\/wp-content\/uploads\/2022\/04\/Birinci-Nikola-Listes-2-1427x2048.jpg 1427w, https:\/\/www.tourismcartoon.org\/wp-content\/uploads\/2022\/04\/Birinci-Nikola-Listes-2-scaled.jpg 1783w\" sizes=\"auto, (max-width: 160px) 100vw, 160px\" \/><\/a><\/p>\n<p><span style=\"color: #008080;\"><strong>Nikola Listes<\/strong><\/span><\/p>\n<p>\u514b\u7f57\u5730\u4e9a<\/td>\n<td style=\"width: 33.3333%; text-align: center; height: 262px;\"><a href=\"http:\/\/www.tourismcartoon.org\/wp-content\/uploads\/2022\/04\/\u0130kinci-Alla-Chavdar-2021-1-scaled.jpg\"><img loading=\"lazy\" decoding=\"async\" class=\"aligncenter wp-image-2334 size-medium\" src=\"http:\/\/www.tourismcartoon.org\/wp-content\/uploads\/2022\/04\/\u0130kinci-Alla-Chavdar-2021-1-300x212.jpg\" alt=\"\" width=\"300\" height=\"212\" srcset=\"https:\/\/www.tourismcartoon.org\/wp-content\/uploads\/2022\/04\/\u0130kinci-Alla-Chavdar-2021-1-300x212.jpg 300w, https:\/\/www.tourismcartoon.org\/wp-content\/uploads\/2022\/04\/\u0130kinci-Alla-Chavdar-2021-1-1024x724.jpg 1024w, https:\/\/www.tourismcartoon.org\/wp-content\/uploads\/2022\/04\/\u0130kinci-Alla-Chavdar-2021-1-768x543.jpg 768w, https:\/\/www.tourismcartoon.org\/wp-content\/uploads\/2022\/04\/\u0130kinci-Alla-Chavdar-2021-1-1536x1086.jpg 1536w, https:\/\/www.tourismcartoon.org\/wp-content\/uploads\/2022\/04\/\u0130kinci-Alla-Chavdar-2021-1-2048x1448.jpg 2048w\" sizes=\"auto, (max-width: 300px) 100vw, 300px\" \/><\/a><\/p>\n<p><span style=\"color: #008080;\"><strong>Alla &amp; Chavdar <\/strong><\/span><\/p>\n<p>\u4fdd\u52a0\u5229\u4e9a<\/td>\n<td style=\"width: 33.3333%; text-align: center; height: 262px;\"><a href=\"http:\/\/www.tourismcartoon.org\/wp-content\/uploads\/2022\/04\/\u00dc\u00e7\u00fcnc\u00fc-Engin-Sel\u00e7uk-scaled.jpg\"><img loading=\"lazy\" decoding=\"async\" class=\"aligncenter wp-image-2335 \" src=\"http:\/\/www.tourismcartoon.org\/wp-content\/uploads\/2022\/04\/\u00dc\u00e7\u00fcnc\u00fc-Engin-Sel\u00e7uk-214x300.jpg\" alt=\"\" width=\"175\" height=\"245\" srcset=\"https:\/\/www.tourismcartoon.org\/wp-content\/uploads\/2022\/04\/\u00dc\u00e7\u00fcnc\u00fc-Engin-Sel\u00e7uk-214x300.jpg 214w, https:\/\/www.tourismcartoon.org\/wp-content\/uploads\/2022\/04\/\u00dc\u00e7\u00fcnc\u00fc-Engin-Sel\u00e7uk-729x1024.jpg 729w, https:\/\/www.tourismcartoon.org\/wp-content\/uploads\/2022\/04\/\u00dc\u00e7\u00fcnc\u00fc-Engin-Sel\u00e7uk-768x1078.jpg 768w, https:\/\/www.tourismcartoon.org\/wp-content\/uploads\/2022\/04\/\u00dc\u00e7\u00fcnc\u00fc-Engin-Sel\u00e7uk-1094x1536.jpg 1094w, https:\/\/www.tourismcartoon.org\/wp-content\/uploads\/2022\/04\/\u00dc\u00e7\u00fcnc\u00fc-Engin-Sel\u00e7uk-1459x2048.jpg 1459w, https:\/\/www.tourismcartoon.org\/wp-content\/uploads\/2022\/04\/\u00dc\u00e7\u00fcnc\u00fc-Engin-Sel\u00e7uk-scaled.jpg 1824w\" sizes=\"auto, (max-width: 175px) 100vw, 175px\" \/><\/a><\/p>\n<p><span style=\"color: #008080;\"><strong style=\"font-family: inherit; font-size: inherit;\">Engin Sel\u00e7uk<\/strong><\/span><\/p>\n<p>\u706b\u9e21<\/td>\n<\/tr>\n<tr style=\"height: 24px;\">\n<td style=\"width: 33.3333%; text-align: center; height: 24px;\"><\/td>\n<td style=\"width: 33.3333%; text-align: center; height: 24px;\">Atila\u00d6zer\u6559\u6388\u8868\u5f70\u5956<\/td>\n<td style=\"width: 33.3333%; text-align: center; height: 24px;\"><\/td>\n<\/tr>\n<tr style=\"height: 241px;\">\n<td style=\"width: 33.3333%; text-align: center; height: 241px;\">&nbsp;<\/p>\n<p>&nbsp;<\/td>\n<td style=\"width: 33.3333%; text-align: center; height: 241px;\"><a href=\"http:\/\/www.tourismcartoon.org\/wp-content\/uploads\/2022\/04\/\u00d6zel-\u00f6d\u00fcl-Marco-De-Angelis-Italy-Reception-scaled.jpg\"><img loading=\"lazy\" decoding=\"async\" class=\"aligncenter wp-image-2336\" src=\"http:\/\/www.tourismcartoon.org\/wp-content\/uploads\/2022\/04\/\u00d6zel-\u00f6d\u00fcl-Marco-De-Angelis-Italy-Reception-208x300.jpg\" alt=\"\" width=\"174\" height=\"251\" srcset=\"https:\/\/www.tourismcartoon.org\/wp-content\/uploads\/2022\/04\/\u00d6zel-\u00f6d\u00fcl-Marco-De-Angelis-Italy-Reception-208x300.jpg 208w, https:\/\/www.tourismcartoon.org\/wp-content\/uploads\/2022\/04\/\u00d6zel-\u00f6d\u00fcl-Marco-De-Angelis-Italy-Reception-710x1024.jpg 710w, https:\/\/www.tourismcartoon.org\/wp-content\/uploads\/2022\/04\/\u00d6zel-\u00f6d\u00fcl-Marco-De-Angelis-Italy-Reception-768x1107.jpg 768w, https:\/\/www.tourismcartoon.org\/wp-content\/uploads\/2022\/04\/\u00d6zel-\u00f6d\u00fcl-Marco-De-Angelis-Italy-Reception-1066x1536.jpg 1066w, https:\/\/www.tourismcartoon.org\/wp-content\/uploads\/2022\/04\/\u00d6zel-\u00f6d\u00fcl-Marco-De-Angelis-Italy-Reception-1421x2048.jpg 1421w, https:\/\/www.tourismcartoon.org\/wp-content\/uploads\/2022\/04\/\u00d6zel-\u00f6d\u00fcl-Marco-De-Angelis-Italy-Reception-scaled.jpg 1776w\" sizes=\"auto, (max-width: 174px) 100vw, 174px\" \/><\/a><\/p>\n<p><span style=\"color: #008080;\"><strong style=\"font-family: inherit; font-size: inherit;\"><strong>Marco De Angelis<\/strong><\/strong><\/span><\/p>\n<p>\u610f\u5927\u5229<\/td>\n<td style=\"width: 33.3333%; text-align: center; height: 241px;\"><\/td>\n<\/tr>\n<\/tbody>\n<\/table>\n<h5 style=\"text-align: center;\"><span style=\"color: #0000ff;\"><strong>\u9752\u5e74\u7ec4<\/strong><\/span><\/h5>\n<table style=\"border-collapse: collapse; width: 100%;\">\n<tbody>\n<tr>\n<td style=\"width: 33.3333%; text-align: center;\"><strong>\u5927\u5956<\/strong><\/td>\n<td style=\"width: 33.3333%; text-align: center;\"><strong>\u00a0\u7b2c\u4e8c\u5956<\/strong><\/td>\n<td style=\"width: 33.3333%; text-align: center;\"><strong>\u00a0\u7b2c\u4e09\u5956<\/strong><\/td>\n<\/tr>\n<tr>\n<td style=\"width: 33.3333%; text-align: center;\"><a href=\"http:\/\/www.tourismcartoon.org\/wp-content\/uploads\/2022\/04\/Birinci-Hasti-Soltani-scaled.jpg\"><img loading=\"lazy\" decoding=\"async\" class=\"aligncenter wp-image-2341 \" src=\"http:\/\/www.tourismcartoon.org\/wp-content\/uploads\/2022\/04\/Birinci-Hasti-Soltani-207x300.jpg\" alt=\"\" width=\"147\" height=\"213\" srcset=\"https:\/\/www.tourismcartoon.org\/wp-content\/uploads\/2022\/04\/Birinci-Hasti-Soltani-207x300.jpg 207w, https:\/\/www.tourismcartoon.org\/wp-content\/uploads\/2022\/04\/Birinci-Hasti-Soltani-706x1024.jpg 706w, https:\/\/www.tourismcartoon.org\/wp-content\/uploads\/2022\/04\/Birinci-Hasti-Soltani-768x1114.jpg 768w, https:\/\/www.tourismcartoon.org\/wp-content\/uploads\/2022\/04\/Birinci-Hasti-Soltani-1059x1536.jpg 1059w, https:\/\/www.tourismcartoon.org\/wp-content\/uploads\/2022\/04\/Birinci-Hasti-Soltani-1412x2048.jpg 1412w, https:\/\/www.tourismcartoon.org\/wp-content\/uploads\/2022\/04\/Birinci-Hasti-Soltani-scaled.jpg 1765w\" sizes=\"auto, (max-width: 147px) 100vw, 147px\" \/><\/a><\/p>\n<p><span style=\"color: #008080;\"><strong style=\"font-family: inherit; font-size: inherit;\">Hassti Soltani<\/strong><\/span><\/p>\n<p>(\u5e74\u9f84: 10)<\/p>\n<p>\u706b\u9e21<\/td>\n<td style=\"width: 33.3333%; text-align: center;\"><a href=\"http:\/\/www.tourismcartoon.org\/wp-content\/uploads\/2022\/04\/\u0130kinci-\u00dcmm\u00fchan-Zeynep-Aky\u00fcrek-1-scaled.jpg\"><img loading=\"lazy\" decoding=\"async\" class=\"aligncenter wp-image-2345 size-medium\" src=\"http:\/\/www.tourismcartoon.org\/wp-content\/uploads\/2022\/04\/\u0130kinci-\u00dcmm\u00fchan-Zeynep-Aky\u00fcrek-1-300x211.jpg\" alt=\"\" width=\"300\" height=\"211\" srcset=\"https:\/\/www.tourismcartoon.org\/wp-content\/uploads\/2022\/04\/\u0130kinci-\u00dcmm\u00fchan-Zeynep-Aky\u00fcrek-1-300x211.jpg 300w, https:\/\/www.tourismcartoon.org\/wp-content\/uploads\/2022\/04\/\u0130kinci-\u00dcmm\u00fchan-Zeynep-Aky\u00fcrek-1-1024x719.jpg 1024w, https:\/\/www.tourismcartoon.org\/wp-content\/uploads\/2022\/04\/\u0130kinci-\u00dcmm\u00fchan-Zeynep-Aky\u00fcrek-1-768x540.jpg 768w, https:\/\/www.tourismcartoon.org\/wp-content\/uploads\/2022\/04\/\u0130kinci-\u00dcmm\u00fchan-Zeynep-Aky\u00fcrek-1-1536x1079.jpg 1536w, https:\/\/www.tourismcartoon.org\/wp-content\/uploads\/2022\/04\/\u0130kinci-\u00dcmm\u00fchan-Zeynep-Aky\u00fcrek-1-2048x1439.jpg 2048w\" sizes=\"auto, (max-width: 300px) 100vw, 300px\" \/><\/a><\/p>\n<p><span style=\"color: #008080;\"><strong>\u00dcmm\u00fchan Zeynep Aky\u00fcrek<\/strong><\/span><\/p>\n<p>(\u5e74\u9f84: 14)<\/p>\n<p>\u706b\u9e21<\/td>\n<td style=\"width: 33.3333%; text-align: center;\"><a href=\"http:\/\/www.tourismcartoon.org\/wp-content\/uploads\/2022\/04\/\u00dc\u00e7\u00fcnc\u00fc-Poyraz-Din-1-scaled.jpg\"><img loading=\"lazy\" decoding=\"async\" class=\"aligncenter wp-image-2346 size-medium\" src=\"http:\/\/www.tourismcartoon.org\/wp-content\/uploads\/2022\/04\/\u00dc\u00e7\u00fcnc\u00fc-Poyraz-Din-1-300x212.jpg\" alt=\"\" width=\"300\" height=\"212\" srcset=\"https:\/\/www.tourismcartoon.org\/wp-content\/uploads\/2022\/04\/\u00dc\u00e7\u00fcnc\u00fc-Poyraz-Din-1-300x212.jpg 300w, https:\/\/www.tourismcartoon.org\/wp-content\/uploads\/2022\/04\/\u00dc\u00e7\u00fcnc\u00fc-Poyraz-Din-1-1024x725.jpg 1024w, https:\/\/www.tourismcartoon.org\/wp-content\/uploads\/2022\/04\/\u00dc\u00e7\u00fcnc\u00fc-Poyraz-Din-1-768x543.jpg 768w, https:\/\/www.tourismcartoon.org\/wp-content\/uploads\/2022\/04\/\u00dc\u00e7\u00fcnc\u00fc-Poyraz-Din-1-1536x1087.jpg 1536w, https:\/\/www.tourismcartoon.org\/wp-content\/uploads\/2022\/04\/\u00dc\u00e7\u00fcnc\u00fc-Poyraz-Din-1-2048x1449.jpg 2048w\" sizes=\"auto, (max-width: 300px) 100vw, 300px\" \/><\/a><\/p>\n<p><span style=\"color: #008080;\"><strong>Poyraz Din<\/strong><\/span><\/p>\n<p>(\u5e74\u9f84: 12)<\/p>\n<p>\u706b\u9e21<\/td>\n<\/tr>\n<\/tbody>\n<\/table>\n<p><\/p>","protected":false},"excerpt":{"rendered":"<p>\u6bd4\u8d5b\u6570\u91cf: 13 \u5e74: 2021 \u4e3b\u9898: \u201c\u65c5\u6e38\u5f9e\u696d\u8005\u201d \u5206\u7c7b\uff1a\u6210\u4eba\u7c7b\u522b\u548c\u9752\u5e74\u4eba\u7c7b\u522b \u6709\u5173\u63d0\u4ea4\u7684\u6f2b\u753b\u7684\u4fe1\u606f: &hellip;&nbsp;<a href=\"https:\/\/www.tourismcartoon.org\/zh\/francais-on-ucuncu-uluslararasi-turizm-karikaturleri-yarismasi-2021\/\" class=\"\" rel=\"bookmark\">\u9605\u8bfb\u66f4\u591a &raquo;<span class=\"screen-reader-text\">2021\u7b2c\u5341\u4e09\u5c4a\u56fd\u9645\u65c5\u6e38\u6f2b\u753b\u5927\u8d5b<\/span><\/a><\/p>\n","protected":false},"author":1,"featured_media":0,"parent":0,"menu_order":0,"comment_status":"closed","ping_status":"closed","template":"","meta":{"neve_meta_sidebar":"full-width","neve_meta_container":"","neve_meta_enable_content_width":"on","neve_meta_content_width":100,"neve_meta_title_alignment":"","neve_meta_author_avatar":"","neve_post_elements_order":"","neve_meta_disable_header":"","neve_meta_disable_footer":"","neve_meta_disable_title":"","footnotes":""},"class_list":["post-2505","page","type-page","status-publish","hentry"],"_links":{"self":[{"href":"https:\/\/www.tourismcartoon.org\/zh\/wp-json\/wp\/v2\/pages\/2505","targetHints":{"allow":["GET"]}}],"collection":[{"href":"https:\/\/www.tourismcartoon.org\/zh\/wp-json\/wp\/v2\/pages"}],"about":[{"href":"https:\/\/www.tourismcartoon.org\/zh\/wp-json\/wp\/v2\/types\/page"}],"author":[{"embeddable":true,"href":"https:\/\/www.tourismcartoon.org\/zh\/wp-json\/wp\/v2\/users\/1"}],"replies":[{"embeddable":true,"href":"https:\/\/www.tourismcartoon.org\/zh\/wp-json\/wp\/v2\/comments?post=2505"}],"version-history":[{"count":15,"href":"https:\/\/www.tourismcartoon.org\/zh\/wp-json\/wp\/v2\/pages\/2505\/revisions"}],"predecessor-version":[{"id":3902,"href":"https:\/\/www.tourismcartoon.org\/zh\/wp-json\/wp\/v2\/pages\/2505\/revisions\/3902"}],"wp:attachment":[{"href":"https:\/\/www.tourismcartoon.org\/zh\/wp-json\/wp\/v2\/media?parent=2505"}],"curies":[{"name":"wp","href":"https:\/\/api.w.org\/{rel}","templated":true}]}}